{"id":5337,"date":"2024-07-24T12:24:45","date_gmt":"2024-07-24T10:24:45","guid":{"rendered":"https:\/\/www.corsobori.com\/privacy-policy\/"},"modified":"2025-04-29T12:50:30","modified_gmt":"2025-04-29T10:50:30","slug":"privacy-policy","status":"publish","type":"page","link":"https:\/\/www.corsobori.com\/en\/privacy-policy\/","title":{"rendered":"Privacy Policy"},"content":{"rendered":"<section class=\"l-section wpb_row height_auto\"><div class=\"l-section-h i-cf\"><div class=\"g-cols vc_row via_grid cols_1 laptops-cols_inherit tablets-cols_inherit mobiles-cols_1 valign_top type_default stacking_default\"><div class=\"wpb_column vc_column_container\"><div class=\"vc_column-inner\"><div class=\"wpb_text_column us_custom_d2120c1a\"><div class=\"wpb_wrapper\"><p>&#13;<\/p>\n<h2 class=\"wp-block-heading\" style=\"font-family: 'Work Sans';\">Who We Are<\/h2>\n<p>&#13;<\/p>\n<p style=\"font-family: 'Work Sans';\">\nLa direcci\u00f3n de nuestra web es: https:\/\/www.corsobori.com.<\/p>\n<p>&nbsp;<\/p>\n<p>&#13;<\/p>\n<h2 class=\"wp-block-heading\" style=\"font-family: 'Work Sans';\">Comments<\/h2>\n<p>&#13;<\/p>\n<p style=\"font-family: 'Work Sans';\">\nCuando los visitantes dejan comentarios en la web, recopilamos los datos que se muestran en el formulario de comentarios, as\u00ed como la direcci\u00f3n IP del visitante y la cadena de agentes de usuario del navegador para ayudar a la detecci\u00f3n de spam.<\/p>\n<p style=\"font-family: 'Work Sans';\">\nUna cadena an\u00f3nima creada a partir de tu direcci\u00f3n de correo electr\u00f3nico (tambi\u00e9n llamada hash) puede ser proporcionada al servicio de Gravatar para ver si la est\u00e1s usando. La pol\u00edtica de privacidad del servicio Gravatar est\u00e1 disponible aqu\u00ed: http:\/\/automattic.com\/privacy\/. Despu\u00e9s de la aprobaci\u00f3n de tu comentario, la imagen de tu perfil es visible para el p\u00fablico en el contexto de tu comentario.<\/p>\n<p>&nbsp;<\/p>\n<p>&#13;<\/p>\n<h2 class=\"wp-block-heading\" style=\"font-family: 'Work Sans';\">Media<\/h2>\n<p>&#13;<\/p>\n<p style=\"font-family: 'Work Sans';\">\nSi subes im\u00e1genes a la web, deber\u00edas evitar subir im\u00e1genes con datos de ubicaci\u00f3n (GPS EXIF) incluidos. Los visitantes de la web pueden descargar y extraer cualquier dato de ubicaci\u00f3n de las im\u00e1genes de la web.<\/p>\n<p>&nbsp;<\/p>\n<p>&#13;<\/p>\n<h2 class=\"wp-block-heading\" style=\"font-family: 'Work Sans';\">Cookies<\/h2>\n<p>&#13;<\/p>\n<p style=\"font-family: 'Work Sans';\">\nSi dejas un comentario en nuestro sitio puedes elegir guardar tu nombre, direcci\u00f3n de correo electr\u00f3nico y web en cookies. Esto es para tu comodidad, para que no tengas que volver a rellenar tus datos cuando dejes otro comentario. Estas cookies tendr\u00e1n una duraci\u00f3n de un a\u00f1o.<\/p>\n<p style=\"font-family: 'Work Sans';\">\nSi tienes una cuenta y te conectas a este sitio, instalaremos una cookie temporal para determinar si tu navegador acepta cookies. Esta cookie no contiene datos personales y se elimina al cerrar el navegador.<\/p>\n<p style=\"font-family: 'Work Sans';\">\nCuando accedas, tambi\u00e9n instalaremos varias cookies para guardar tu informaci\u00f3n de acceso y tus opciones de visualizaci\u00f3n de pantalla. Las cookies de acceso duran dos d\u00edas, y las cookies de opciones de pantalla duran un a\u00f1o. Si seleccionas \u00abRecu\u00e9rdarme\u00bb, tu acceso perdurar\u00e1 durante dos semanas. Si sales de tu cuenta, las cookies de acceso se eliminar\u00e1n.<\/p>\n<p style=\"font-family: 'Work Sans';\">\nSi editas o publicas un art\u00edculo se guardar\u00e1 una cookie adicional en tu navegador. Esta cookie no incluye datos personales y simplemente indica el ID del art\u00edculo que acabas de editar. Caduca despu\u00e9s de 1 d\u00eda.<\/p>\n<p>&nbsp;<\/p>\n<p>&#13;<\/p>\n<h2 class=\"wp-block-heading\" style=\"font-family: 'Work Sans';\">Embedded Content from Other Websites<\/h2>\n<p>&#13;<\/p>\n<p style=\"font-family: 'Work Sans';\">\nLos art\u00edculos de este sitio pueden incluir contenido incrustado (por ejemplo, v\u00eddeos, im\u00e1genes, art\u00edculos, etc.). El contenido incrustado de otras webs se comporta exactamente de la misma manera que si el visitante hubiera visitado la otra web.<\/p>\n<p style=\"font-family: 'Work Sans';\">\nEstas web pueden recopilar datos sobre ti, utilizar cookies, incrustar un seguimiento adicional de terceros, y supervisar tu interacci\u00f3n con ese contenido incrustado, incluido el seguimiento de tu interacci\u00f3n con el contenido incrustado si tienes una cuenta y est\u00e1s conectado a esa web.<\/p>\n<p>&nbsp;<\/p>\n<p>&#13;<\/p>\n<h2 class=\"wp-block-heading\" style=\"font-family: 'Work Sans';\">Who We Share Your Data With<\/h2>\n<p>&#13;<\/p>\n<p style=\"font-family: 'Work Sans';\">\nSi solicitas un restablecimiento de contrase\u00f1a, tu direcci\u00f3n IP ser\u00e1 incluida en el correo electr\u00f3nico de restablecimiento.<\/p>\n<p>&nbsp;<\/p>\n<p>&#13;<\/p>\n<h2 class=\"wp-block-heading\" style=\"font-family: 'Work Sans';\">How Long We Retain Your Data<\/h2>\n<p>&#13;<\/p>\n<p style=\"font-family: 'Work Sans';\">\nSi dejas un comentario, el comentario y sus metadatos se conservan indefinidamente. Esto es para que podamos reconocer y aprobar comentarios sucesivos autom\u00e1ticamente, en lugar de mantenerlos en una cola de moderaci\u00f3n.<\/p>\n<p style=\"font-family: 'Work Sans';\">\nDe los usuarios que se registran en nuestra web (si los hay), tambi\u00e9n almacenamos la informaci\u00f3n personal que proporcionan en su perfil de usuario. Todos los usuarios pueden ver, editar o eliminar su informaci\u00f3n personal en cualquier momento (excepto que no pueden cambiar su nombre de usuario). Los administradores de la web tambi\u00e9n pueden ver y editar esa informaci\u00f3n.<\/p>\n<p>&nbsp;<\/p>\n<p>&#13;<\/p>\n<h2 class=\"wp-block-heading\" style=\"font-family: 'Work Sans';\">What Rights You Have Over Your Data<\/h2>\n<p>&#13;<\/p>\n<p style=\"font-family: 'Work Sans';\">\nSi tienes una cuenta o has dejado comentarios en esta web, puedes solicitar recibir un archivo de exportaci\u00f3n de los datos personales que tenemos sobre ti, incluyendo cualquier dato que nos hayas proporcionado. Tambi\u00e9n puedes solicitar que eliminemos cualquier dato personal que tengamos sobre ti. Esto no incluye ning\u00fan dato que estemos obligados a conservar con fines administrativos, legales o de seguridad.<\/p>\n<p>&nbsp;<\/p>\n<p>&#13;<\/p>\n<h2 class=\"wp-block-heading\" style=\"font-family: 'Work Sans';\">Where We Send Your Data<\/h2>\n<p>&#13;<\/p>\n<p style=\"font-family: 'Work Sans';\">\nLos comentarios de los visitantes puede que los revise un servicio de detecci\u00f3n autom\u00e1tica de spam.&#13;<\/p>\n<\/div><\/div><\/div><\/div><\/div><\/div><\/section>\n","protected":false},"excerpt":{"rendered":"&#13; Who We Are &#13; La direcci\u00f3n de nuestra web es: https:\/\/www.corsobori.com. &nbsp; &#13; Comments &#13; Cuando los visitantes dejan comentarios en la web, recopilamos los datos que se muestran en el formulario de comentarios, as\u00ed como la direcci\u00f3n IP del visitante y la cadena de agentes de usuario del navegador para ayudar a la...","protected":false},"author":1,"featured_media":0,"parent":0,"menu_order":0,"comment_status":"closed","ping_status":"open","template":"","meta":{"_acf_changed":false,"footnotes":""},"class_list":["post-5337","page","type-page","status-publish","hentry"],"acf":[],"yoast_head":"<!-- This site is optimized with the Yoast SEO plugin v27.2 - https:\/\/yoast.com\/product\/yoast-seo-wordpress\/ -->\n<title>Privacy Policy - corsobori.com<\/title>\n<meta name=\"robots\" content=\"noindex, nofollow\" \/>\n<meta property=\"og:locale\" content=\"en_US\" \/>\n<meta property=\"og:type\" content=\"article\" \/>\n<meta property=\"og:title\" content=\"Privacy Policy - corsobori.com\" \/>\n<meta property=\"og:url\" content=\"https:\/\/www.corsobori.com\/en\/privacy-policy\/\" \/>\n<meta property=\"og:site_name\" content=\"corsobori.com\" \/>\n<meta property=\"article:modified_time\" content=\"2025-04-29T10:50:30+00:00\" \/>\n<meta name=\"twitter:card\" content=\"summary_large_image\" \/>\n<meta name=\"twitter:label1\" content=\"Est. reading time\" \/>\n\t<meta name=\"twitter:data1\" content=\"4 minutes\" \/>\n<!-- \/ Yoast SEO plugin. -->","yoast_head_json":{"title":"Privacy Policy - corsobori.com","robots":{"index":"noindex","follow":"nofollow"},"og_locale":"en_US","og_type":"article","og_title":"Privacy Policy - corsobori.com","og_url":"https:\/\/www.corsobori.com\/en\/privacy-policy\/","og_site_name":"corsobori.com","article_modified_time":"2025-04-29T10:50:30+00:00","twitter_card":"summary_large_image","twitter_misc":{"Est. reading time":"4 minutes"},"schema":{"@context":"https:\/\/schema.org","@graph":[{"@type":"WebPage","@id":"https:\/\/www.corsobori.com\/en\/privacy-policy\/","url":"https:\/\/www.corsobori.com\/en\/privacy-policy\/","name":"Privacy Policy - corsobori.com","isPartOf":{"@id":"https:\/\/www.corsobori.com\/en\/#website"},"datePublished":"2024-07-24T10:24:45+00:00","dateModified":"2025-04-29T10:50:30+00:00","breadcrumb":{"@id":"https:\/\/www.corsobori.com\/en\/privacy-policy\/#breadcrumb"},"inLanguage":"en-US","potentialAction":[{"@type":"ReadAction","target":["https:\/\/www.corsobori.com\/en\/privacy-policy\/"]}]},{"@type":"BreadcrumbList","@id":"https:\/\/www.corsobori.com\/en\/privacy-policy\/#breadcrumb","itemListElement":[{"@type":"ListItem","position":1,"name":"Portada","item":"https:\/\/www.corsobori.com\/en\/home\/"},{"@type":"ListItem","position":2,"name":"Privacy Policy"}]},{"@type":"WebSite","@id":"https:\/\/www.corsobori.com\/en\/#website","url":"https:\/\/www.corsobori.com\/en\/","name":"Corsobori","description":"","publisher":{"@id":"https:\/\/www.corsobori.com\/en\/#organization"},"potentialAction":[{"@type":"SearchAction","target":{"@type":"EntryPoint","urlTemplate":"https:\/\/www.corsobori.com\/en\/?s={search_term_string}"},"query-input":{"@type":"PropertyValueSpecification","valueRequired":true,"valueName":"search_term_string"}}],"inLanguage":"en-US"},{"@type":"Organization","@id":"https:\/\/www.corsobori.com\/en\/#organization","name":"Corsobori","url":"https:\/\/www.corsobori.com\/en\/","logo":{"@type":"ImageObject","inLanguage":"en-US","@id":"https:\/\/www.corsobori.com\/en\/#\/schema\/logo\/image\/","url":"https:\/\/www.corsobori.com\/wp-content\/uploads\/2024\/08\/logo-corsobori.png","contentUrl":"https:\/\/www.corsobori.com\/wp-content\/uploads\/2024\/08\/logo-corsobori.png","width":1210,"height":146,"caption":"Corsobori"},"image":{"@id":"https:\/\/www.corsobori.com\/en\/#\/schema\/logo\/image\/"}}]}},"_links":{"self":[{"href":"https:\/\/www.corsobori.com\/en\/wp-json\/wp\/v2\/pages\/5337","targetHints":{"allow":["GET"]}}],"collection":[{"href":"https:\/\/www.corsobori.com\/en\/wp-json\/wp\/v2\/pages"}],"about":[{"href":"https:\/\/www.corsobori.com\/en\/wp-json\/wp\/v2\/types\/page"}],"author":[{"embeddable":true,"href":"https:\/\/www.corsobori.com\/en\/wp-json\/wp\/v2\/users\/1"}],"replies":[{"embeddable":true,"href":"https:\/\/www.corsobori.com\/en\/wp-json\/wp\/v2\/comments?post=5337"}],"version-history":[{"count":1,"href":"https:\/\/www.corsobori.com\/en\/wp-json\/wp\/v2\/pages\/5337\/revisions"}],"predecessor-version":[{"id":5338,"href":"https:\/\/www.corsobori.com\/en\/wp-json\/wp\/v2\/pages\/5337\/revisions\/5338"}],"wp:attachment":[{"href":"https:\/\/www.corsobori.com\/en\/wp-json\/wp\/v2\/media?parent=5337"}],"curies":[{"name":"wp","href":"https:\/\/api.w.org\/{rel}","templated":true}]}}