{"id":6750,"date":"2025-09-10T13:58:05","date_gmt":"2025-09-10T11:58:05","guid":{"rendered":"https:\/\/www.corsobori.com\/tienda\/p\/llit-theo\/"},"modified":"2025-09-10T13:58:05","modified_gmt":"2025-09-10T11:58:05","slug":"llit-theo","status":"publish","type":"product","link":"https:\/\/www.corsobori.com\/ca\/tienda\/p\/llit-theo\/","title":{"rendered":"Llit Theo de Molteni&#038;C"},"content":{"rendered":"<p>El llit Theo, creada per Yabu Pushelberg, \u00e9s una oda al confort i al disseny envolvent. Amb formes suaus i arrodonides, juntament amb proporcions generoses, convida a gaudir d&#8217;una experi\u00e8ncia de descans luxosa i acollidora. Totalment entapissat, en ressalta la suavitat escultural i ofereix un tacte inigualable gr\u00e0cies al cur\u00f3s encoixinat i a les costures meticuloses que reflecteixen la mestria artesanal de Molteni&amp;C. Amb un estil que equilibra tradici\u00f3 i innovaci\u00f3, Theo es converteix en el centre natural de qualsevol dormitori ampli, aportant eleg\u00e0ncia sofisticada i redefinint el descans com una aut\u00e8ntica forma d&#8217;art.   <\/p>\n","protected":false},"excerpt":{"rendered":"<p>El llit Theo, creada per Yabu Pushelberg, \u00e9s una oda al confort i al disseny envolvent. Amb formes suaus i arrodonides, juntament amb proporcions generoses, convida a gaudir d&#8217;una experi\u00e8ncia de descans luxosa i acollidora. Totalment entapissat, en ressalta la suavitat escultural i ofereix un tacte inigualable gr\u00e0cies al cur\u00f3s encoixinat i a les costures&#8230;<\/p>\n","protected":false},"featured_media":6747,"comment_status":"closed","ping_status":"closed","template":"","meta":{"_acf_changed":false},"product_brand":[],"product_cat":[208,172],"product_tag":[],"class_list":{"0":"post-6750","1":"product","2":"type-product","3":"status-publish","4":"has-post-thumbnail","6":"product_cat-llits","7":"product_cat-mobles-dinterior","9":"first","10":"instock","11":"shipping-taxable","12":"purchasable","13":"product-type-simple"},"acf":[],"yoast_head":"<!-- This site is optimized with the Yoast SEO plugin v27.2 - https:\/\/yoast.com\/product\/yoast-seo-wordpress\/ -->\n<title>Llit Theo de Molteni&amp;C de Molteni&amp;C | Corsobori<\/title>\n<meta name=\"robots\" content=\"index, follow, max-snippet:-1, max-image-preview:large, max-video-preview:-1\" \/>\n<link rel=\"canonical\" href=\"https:\/\/www.corsobori.com\/ca\/tienda\/p\/llit-theo\/\" \/>\n<meta property=\"og:locale\" content=\"ca_ES\" \/>\n<meta property=\"og:type\" content=\"article\" \/>\n<meta property=\"og:title\" content=\"Llit Theo de Molteni&amp;C de Molteni&amp;C | Corsobori\" \/>\n<meta property=\"og:description\" content=\"El llit Theo, creada per Yabu Pushelberg, \u00e9s una oda al confort i al disseny envolvent. Amb formes suaus i arrodonides, juntament amb proporcions generoses, convida a gaudir d&#8217;una experi\u00e8ncia de descans luxosa i acollidora. Totalment entapissat, en ressalta la suavitat escultural i ofereix un tacte inigualable gr\u00e0cies al cur\u00f3s encoixinat i a les costures...\" \/>\n<meta property=\"og:url\" content=\"https:\/\/www.corsobori.com\/ca\/tienda\/p\/llit-theo\/\" \/>\n<meta property=\"og:site_name\" content=\"corsobori.com\" \/>\n<meta property=\"og:image\" content=\"https:\/\/www.corsobori.com\/wp-content\/uploads\/2025\/09\/Theo_1440x1080.jpg\" \/>\n\t<meta property=\"og:image:width\" content=\"1440\" \/>\n\t<meta property=\"og:image:height\" content=\"1080\" \/>\n\t<meta property=\"og:image:type\" content=\"image\/jpeg\" \/>\n<meta name=\"twitter:card\" content=\"summary_large_image\" \/>\n<meta name=\"twitter:label1\" content=\"Temps estimat de lectura\" \/>\n\t<meta name=\"twitter:data1\" content=\"1 minut\" \/>\n<!-- \/ Yoast SEO plugin. -->","yoast_head_json":{"title":"Llit Theo de Molteni&C de Molteni&C | Corsobori","robots":{"index":"index","follow":"follow","max-snippet":"max-snippet:-1","max-image-preview":"max-image-preview:large","max-video-preview":"max-video-preview:-1"},"canonical":"https:\/\/www.corsobori.com\/ca\/tienda\/p\/llit-theo\/","og_locale":"ca_ES","og_type":"article","og_title":"Llit Theo de Molteni&C de Molteni&C | Corsobori","og_description":"El llit Theo, creada per Yabu Pushelberg, \u00e9s una oda al confort i al disseny envolvent. Amb formes suaus i arrodonides, juntament amb proporcions generoses, convida a gaudir d&#8217;una experi\u00e8ncia de descans luxosa i acollidora. Totalment entapissat, en ressalta la suavitat escultural i ofereix un tacte inigualable gr\u00e0cies al cur\u00f3s encoixinat i a les costures...","og_url":"https:\/\/www.corsobori.com\/ca\/tienda\/p\/llit-theo\/","og_site_name":"corsobori.com","og_image":[{"width":1440,"height":1080,"url":"https:\/\/www.corsobori.com\/wp-content\/uploads\/2025\/09\/Theo_1440x1080.jpg","type":"image\/jpeg"}],"twitter_card":"summary_large_image","twitter_misc":{"Temps estimat de lectura":"1 minut"},"schema":{"@context":"https:\/\/schema.org","@graph":[{"@type":"WebPage","@id":"https:\/\/www.corsobori.com\/ca\/tienda\/p\/llit-theo\/","url":"https:\/\/www.corsobori.com\/ca\/tienda\/p\/llit-theo\/","name":"Llit Theo de Molteni&C de Molteni&C | Corsobori","isPartOf":{"@id":"https:\/\/www.corsobori.com\/ca\/#website"},"primaryImageOfPage":{"@id":"https:\/\/www.corsobori.com\/ca\/tienda\/p\/llit-theo\/#primaryimage"},"image":{"@id":"https:\/\/www.corsobori.com\/ca\/tienda\/p\/llit-theo\/#primaryimage"},"thumbnailUrl":"https:\/\/www.corsobori.com\/wp-content\/uploads\/2025\/09\/Theo_1440x1080.jpg","datePublished":"2025-09-10T11:58:05+00:00","breadcrumb":{"@id":"https:\/\/www.corsobori.com\/ca\/tienda\/p\/llit-theo\/#breadcrumb"},"inLanguage":"ca","potentialAction":[{"@type":"ReadAction","target":["https:\/\/www.corsobori.com\/ca\/tienda\/p\/llit-theo\/"]}]},{"@type":"ImageObject","inLanguage":"ca","@id":"https:\/\/www.corsobori.com\/ca\/tienda\/p\/llit-theo\/#primaryimage","url":"https:\/\/www.corsobori.com\/wp-content\/uploads\/2025\/09\/Theo_1440x1080.jpg","contentUrl":"https:\/\/www.corsobori.com\/wp-content\/uploads\/2025\/09\/Theo_1440x1080.jpg","width":1440,"height":1080},{"@type":"BreadcrumbList","@id":"https:\/\/www.corsobori.com\/ca\/tienda\/p\/llit-theo\/#breadcrumb","itemListElement":[{"@type":"ListItem","position":1,"name":"Portada","item":"https:\/\/www.corsobori.com\/ca\/inici\/"},{"@type":"ListItem","position":2,"name":"Botiga","item":"https:\/\/www.corsobori.com\/ca\/botiga\/"},{"@type":"ListItem","position":3,"name":"Llit Theo"}]},{"@type":"WebSite","@id":"https:\/\/www.corsobori.com\/ca\/#website","url":"https:\/\/www.corsobori.com\/ca\/","name":"Corsobori","description":"","publisher":{"@id":"https:\/\/www.corsobori.com\/ca\/#organization"},"potentialAction":[{"@type":"SearchAction","target":{"@type":"EntryPoint","urlTemplate":"https:\/\/www.corsobori.com\/ca\/?s={search_term_string}"},"query-input":{"@type":"PropertyValueSpecification","valueRequired":true,"valueName":"search_term_string"}}],"inLanguage":"ca"},{"@type":"Organization","@id":"https:\/\/www.corsobori.com\/ca\/#organization","name":"Corsobori","url":"https:\/\/www.corsobori.com\/ca\/","logo":{"@type":"ImageObject","inLanguage":"ca","@id":"https:\/\/www.corsobori.com\/ca\/#\/schema\/logo\/image\/","url":"https:\/\/www.corsobori.com\/wp-content\/uploads\/2024\/08\/logo-corsobori.png","contentUrl":"https:\/\/www.corsobori.com\/wp-content\/uploads\/2024\/08\/logo-corsobori.png","width":1210,"height":146,"caption":"Corsobori"},"image":{"@id":"https:\/\/www.corsobori.com\/ca\/#\/schema\/logo\/image\/"}}]}},"_links":{"self":[{"href":"https:\/\/www.corsobori.com\/ca\/wp-json\/wp\/v2\/product\/6750","targetHints":{"allow":["GET"]}}],"collection":[{"href":"https:\/\/www.corsobori.com\/ca\/wp-json\/wp\/v2\/product"}],"about":[{"href":"https:\/\/www.corsobori.com\/ca\/wp-json\/wp\/v2\/types\/product"}],"replies":[{"embeddable":true,"href":"https:\/\/www.corsobori.com\/ca\/wp-json\/wp\/v2\/comments?post=6750"}],"wp:featuredmedia":[{"embeddable":true,"href":"https:\/\/www.corsobori.com\/ca\/wp-json\/wp\/v2\/media\/6747"}],"wp:attachment":[{"href":"https:\/\/www.corsobori.com\/ca\/wp-json\/wp\/v2\/media?parent=6750"}],"wp:term":[{"taxonomy":"product_brand","embeddable":true,"href":"https:\/\/www.corsobori.com\/ca\/wp-json\/wp\/v2\/product_brand?post=6750"},{"taxonomy":"product_cat","embeddable":true,"href":"https:\/\/www.corsobori.com\/ca\/wp-json\/wp\/v2\/product_cat?post=6750"},{"taxonomy":"product_tag","embeddable":true,"href":"https:\/\/www.corsobori.com\/ca\/wp-json\/wp\/v2\/product_tag?post=6750"}],"curies":[{"name":"wp","href":"https:\/\/api.w.org\/{rel}","templated":true}]}}