{"id":6553,"date":"2025-09-10T12:46:22","date_gmt":"2025-09-10T10:46:22","guid":{"rendered":"https:\/\/www.corsobori.com\/tienda\/p\/tauleta-odile\/"},"modified":"2025-09-10T12:46:22","modified_gmt":"2025-09-10T10:46:22","slug":"tauleta-odile","status":"publish","type":"product","link":"https:\/\/www.corsobori.com\/ca\/tienda\/p\/tauleta-odile\/","title":{"rendered":"Tauleta Odile de Molteni&#038;C"},"content":{"rendered":"<p>La taula de centre Odile, dissenyada per Christophe Delcourt, combina un estil impactant amb una gran funcionalitat, convertint-se en el complement perfecte per a salons contemporanis. Les seves l\u00ednies gr\u00e0fiques i forma din\u00e0mica permeten integrar-la en la composici\u00f3 del sof\u00e0 Emile o destacar-la com a pe\u00e7a independent. El seu disseny modular ofereix configuracions flexibles, adaptant-se a diferents necessitats d&#8217;espai. La part superior hexagonal est\u00e0 disponible en lacat brillant o marbre, amb una vora d&#8217;acer que afegeix sofisticaci\u00f3, mentre que la base en roure caf\u00e8 o negre crea un elegant contrast. Odile aporta versatilitat i una pres\u00e8ncia escult\u00f2rica a qualsevol ambient.    <\/p>\n","protected":false},"excerpt":{"rendered":"<p>La taula de centre Odile, dissenyada per Christophe Delcourt, combina un estil impactant amb una gran funcionalitat, convertint-se en el complement perfecte per a salons contemporanis. Les seves l\u00ednies gr\u00e0fiques i forma din\u00e0mica permeten integrar-la en la composici\u00f3 del sof\u00e0 Emile o destacar-la com a pe\u00e7a independent. El seu disseny modular ofereix configuracions flexibles, adaptant-se&#8230;<\/p>\n","protected":false},"featured_media":6550,"comment_status":"closed","ping_status":"closed","template":"","meta":{"_acf_changed":false},"product_brand":[],"product_cat":[172,201],"product_tag":[],"class_list":{"0":"post-6553","1":"product","2":"type-product","3":"status-publish","4":"has-post-thumbnail","6":"product_cat-mobles-dinterior","7":"product_cat-tauletes","9":"first","10":"instock","11":"shipping-taxable","12":"purchasable","13":"product-type-simple"},"acf":[],"yoast_head":"<!-- This site is optimized with the Yoast SEO plugin v27.2 - https:\/\/yoast.com\/product\/yoast-seo-wordpress\/ -->\n<title>Tauleta Odile de Molteni&amp;C de Molteni&amp;C | Corsobori<\/title>\n<meta name=\"robots\" content=\"index, follow, max-snippet:-1, max-image-preview:large, max-video-preview:-1\" \/>\n<link rel=\"canonical\" href=\"https:\/\/www.corsobori.com\/ca\/tienda\/p\/tauleta-odile\/\" \/>\n<meta property=\"og:locale\" content=\"ca_ES\" \/>\n<meta property=\"og:type\" content=\"article\" \/>\n<meta property=\"og:title\" content=\"Tauleta Odile de Molteni&amp;C de Molteni&amp;C | Corsobori\" \/>\n<meta property=\"og:description\" content=\"La taula de centre Odile, dissenyada per Christophe Delcourt, combina un estil impactant amb una gran funcionalitat, convertint-se en el complement perfecte per a salons contemporanis. Les seves l\u00ednies gr\u00e0fiques i forma din\u00e0mica permeten integrar-la en la composici\u00f3 del sof\u00e0 Emile o destacar-la com a pe\u00e7a independent. El seu disseny modular ofereix configuracions flexibles, adaptant-se...\" \/>\n<meta property=\"og:url\" content=\"https:\/\/www.corsobori.com\/ca\/tienda\/p\/tauleta-odile\/\" \/>\n<meta property=\"og:site_name\" content=\"corsobori.com\" \/>\n<meta property=\"og:image\" content=\"https:\/\/www.corsobori.com\/wp-content\/uploads\/2025\/09\/4_3_Odile_v2.jpg\" \/>\n\t<meta property=\"og:image:width\" content=\"1440\" \/>\n\t<meta property=\"og:image:height\" content=\"1080\" \/>\n\t<meta property=\"og:image:type\" content=\"image\/jpeg\" \/>\n<meta name=\"twitter:card\" content=\"summary_large_image\" \/>\n<meta name=\"twitter:label1\" content=\"Temps estimat de lectura\" \/>\n\t<meta name=\"twitter:data1\" content=\"1 minut\" \/>\n<!-- \/ Yoast SEO plugin. -->","yoast_head_json":{"title":"Tauleta Odile de Molteni&C de Molteni&C | Corsobori","robots":{"index":"index","follow":"follow","max-snippet":"max-snippet:-1","max-image-preview":"max-image-preview:large","max-video-preview":"max-video-preview:-1"},"canonical":"https:\/\/www.corsobori.com\/ca\/tienda\/p\/tauleta-odile\/","og_locale":"ca_ES","og_type":"article","og_title":"Tauleta Odile de Molteni&C de Molteni&C | Corsobori","og_description":"La taula de centre Odile, dissenyada per Christophe Delcourt, combina un estil impactant amb una gran funcionalitat, convertint-se en el complement perfecte per a salons contemporanis. Les seves l\u00ednies gr\u00e0fiques i forma din\u00e0mica permeten integrar-la en la composici\u00f3 del sof\u00e0 Emile o destacar-la com a pe\u00e7a independent. El seu disseny modular ofereix configuracions flexibles, adaptant-se...","og_url":"https:\/\/www.corsobori.com\/ca\/tienda\/p\/tauleta-odile\/","og_site_name":"corsobori.com","og_image":[{"width":1440,"height":1080,"url":"https:\/\/www.corsobori.com\/wp-content\/uploads\/2025\/09\/4_3_Odile_v2.jpg","type":"image\/jpeg"}],"twitter_card":"summary_large_image","twitter_misc":{"Temps estimat de lectura":"1 minut"},"schema":{"@context":"https:\/\/schema.org","@graph":[{"@type":"WebPage","@id":"https:\/\/www.corsobori.com\/ca\/tienda\/p\/tauleta-odile\/","url":"https:\/\/www.corsobori.com\/ca\/tienda\/p\/tauleta-odile\/","name":"Tauleta Odile de Molteni&C de Molteni&C | Corsobori","isPartOf":{"@id":"https:\/\/www.corsobori.com\/ca\/#website"},"primaryImageOfPage":{"@id":"https:\/\/www.corsobori.com\/ca\/tienda\/p\/tauleta-odile\/#primaryimage"},"image":{"@id":"https:\/\/www.corsobori.com\/ca\/tienda\/p\/tauleta-odile\/#primaryimage"},"thumbnailUrl":"https:\/\/www.corsobori.com\/wp-content\/uploads\/2025\/09\/4_3_Odile_v2.jpg","datePublished":"2025-09-10T10:46:22+00:00","breadcrumb":{"@id":"https:\/\/www.corsobori.com\/ca\/tienda\/p\/tauleta-odile\/#breadcrumb"},"inLanguage":"ca","potentialAction":[{"@type":"ReadAction","target":["https:\/\/www.corsobori.com\/ca\/tienda\/p\/tauleta-odile\/"]}]},{"@type":"ImageObject","inLanguage":"ca","@id":"https:\/\/www.corsobori.com\/ca\/tienda\/p\/tauleta-odile\/#primaryimage","url":"https:\/\/www.corsobori.com\/wp-content\/uploads\/2025\/09\/4_3_Odile_v2.jpg","contentUrl":"https:\/\/www.corsobori.com\/wp-content\/uploads\/2025\/09\/4_3_Odile_v2.jpg","width":1440,"height":1080},{"@type":"BreadcrumbList","@id":"https:\/\/www.corsobori.com\/ca\/tienda\/p\/tauleta-odile\/#breadcrumb","itemListElement":[{"@type":"ListItem","position":1,"name":"Portada","item":"https:\/\/www.corsobori.com\/ca\/inici\/"},{"@type":"ListItem","position":2,"name":"Botiga","item":"https:\/\/www.corsobori.com\/ca\/botiga\/"},{"@type":"ListItem","position":3,"name":"Tauleta Odile"}]},{"@type":"WebSite","@id":"https:\/\/www.corsobori.com\/ca\/#website","url":"https:\/\/www.corsobori.com\/ca\/","name":"Corsobori","description":"","publisher":{"@id":"https:\/\/www.corsobori.com\/ca\/#organization"},"potentialAction":[{"@type":"SearchAction","target":{"@type":"EntryPoint","urlTemplate":"https:\/\/www.corsobori.com\/ca\/?s={search_term_string}"},"query-input":{"@type":"PropertyValueSpecification","valueRequired":true,"valueName":"search_term_string"}}],"inLanguage":"ca"},{"@type":"Organization","@id":"https:\/\/www.corsobori.com\/ca\/#organization","name":"Corsobori","url":"https:\/\/www.corsobori.com\/ca\/","logo":{"@type":"ImageObject","inLanguage":"ca","@id":"https:\/\/www.corsobori.com\/ca\/#\/schema\/logo\/image\/","url":"https:\/\/www.corsobori.com\/wp-content\/uploads\/2024\/08\/logo-corsobori.png","contentUrl":"https:\/\/www.corsobori.com\/wp-content\/uploads\/2024\/08\/logo-corsobori.png","width":1210,"height":146,"caption":"Corsobori"},"image":{"@id":"https:\/\/www.corsobori.com\/ca\/#\/schema\/logo\/image\/"}}]}},"_links":{"self":[{"href":"https:\/\/www.corsobori.com\/ca\/wp-json\/wp\/v2\/product\/6553","targetHints":{"allow":["GET"]}}],"collection":[{"href":"https:\/\/www.corsobori.com\/ca\/wp-json\/wp\/v2\/product"}],"about":[{"href":"https:\/\/www.corsobori.com\/ca\/wp-json\/wp\/v2\/types\/product"}],"replies":[{"embeddable":true,"href":"https:\/\/www.corsobori.com\/ca\/wp-json\/wp\/v2\/comments?post=6553"}],"wp:featuredmedia":[{"embeddable":true,"href":"https:\/\/www.corsobori.com\/ca\/wp-json\/wp\/v2\/media\/6550"}],"wp:attachment":[{"href":"https:\/\/www.corsobori.com\/ca\/wp-json\/wp\/v2\/media?parent=6553"}],"wp:term":[{"taxonomy":"product_brand","embeddable":true,"href":"https:\/\/www.corsobori.com\/ca\/wp-json\/wp\/v2\/product_brand?post=6553"},{"taxonomy":"product_cat","embeddable":true,"href":"https:\/\/www.corsobori.com\/ca\/wp-json\/wp\/v2\/product_cat?post=6553"},{"taxonomy":"product_tag","embeddable":true,"href":"https:\/\/www.corsobori.com\/ca\/wp-json\/wp\/v2\/product_tag?post=6553"}],"curies":[{"name":"wp","href":"https:\/\/api.w.org\/{rel}","templated":true}]}}