{"id":6373,"date":"2025-08-18T12:58:48","date_gmt":"2025-08-18T10:58:48","guid":{"rendered":"https:\/\/www.corsobori.com\/tienda\/p\/boiserie-doors-arial-2\/"},"modified":"2025-08-18T12:58:48","modified_gmt":"2025-08-18T10:58:48","slug":"boiserie-doors-arial-2","status":"publish","type":"product","link":"https:\/\/www.corsobori.com\/ca\/tienda\/p\/boiserie-doors-arial-2\/","title":{"rendered":"Boiserie &amp; Doors Arial de Molteni&#038;C"},"content":{"rendered":"<p>Studio Klass, conegut pel seu meticul\u00f3s concepte del disseny, transforma els interiors amb el sistema de boiserie i porta Arial. Amb els seus distintius panells decoratius i vers\u00e0tils configuracions de portes, Arial supera els l\u00edmits de la boiserie tradicional, oferint solucions a mida adaptades a cada espai. L&#8217;acabat cer\u00e0mic MDI (Mineral Design Innovation) d&#8217;Inalco, disponible en Merino White i Gray Brown, aporta una superf\u00edcie d&#8217;alt valor ecosostenible. A m\u00e9s, s&#8217;ofereix una selecci\u00f3 ampliada d&#8217;acabats en mirall i tela. Inspirat en la tipografia Arial, el sistema de boiserie s&#8217;adapta perfectament a qualsevol espai, proporcionant un fons vers\u00e0til per a la vida di\u00e0ria. Des de frontisses patentades fins a opcions totalment electrificades, Arial est\u00e0 dissenyat per evolucionar amb els estils de vida moderns. Amb acabats com roure ess\u00e8ncia, roure alba i roure negre, ofereix personalitzaci\u00f3 il\u00b7limitada, real\u00e7ant la bellesa de la llar amb senzillesa i confort.      <\/p>\n","protected":false},"excerpt":{"rendered":"<p>Studio Klass, conegut pel seu meticul\u00f3s concepte del disseny, transforma els interiors amb el sistema de boiserie i porta Arial. Amb els seus distintius panells decoratius i vers\u00e0tils configuracions de portes, Arial supera els l\u00edmits de la boiserie tradicional, oferint solucions a mida adaptades a cada espai. L&#8217;acabat cer\u00e0mic MDI (Mineral Design Innovation) d&#8217;Inalco, disponible&#8230;<\/p>\n","protected":false},"featured_media":6370,"comment_status":"closed","ping_status":"closed","template":"","meta":{"_acf_changed":false},"product_brand":[],"product_cat":[194,172],"product_tag":[],"class_list":{"0":"post-6373","1":"product","2":"type-product","3":"status-publish","4":"has-post-thumbnail","6":"product_cat-boiserie-and-doors","7":"product_cat-mobles-dinterior","9":"first","10":"instock","11":"shipping-taxable","12":"product-type-simple"},"acf":[],"yoast_head":"<!-- This site is optimized with the Yoast SEO plugin v27.2 - https:\/\/yoast.com\/product\/yoast-seo-wordpress\/ -->\n<title>Boiserie &amp; Doors Arial de Molteni&amp;C de Molteni&amp;C | Corsobori<\/title>\n<meta name=\"robots\" content=\"index, follow, max-snippet:-1, max-image-preview:large, max-video-preview:-1\" \/>\n<link rel=\"canonical\" href=\"https:\/\/www.corsobori.com\/ca\/tienda\/p\/boiserie-doors-arial-2\/\" \/>\n<meta property=\"og:locale\" content=\"ca_ES\" \/>\n<meta property=\"og:type\" content=\"article\" \/>\n<meta property=\"og:title\" content=\"Boiserie &amp; Doors Arial de Molteni&amp;C de Molteni&amp;C | Corsobori\" \/>\n<meta property=\"og:description\" content=\"Studio Klass, conegut pel seu meticul\u00f3s concepte del disseny, transforma els interiors amb el sistema de boiserie i porta Arial. Amb els seus distintius panells decoratius i vers\u00e0tils configuracions de portes, Arial supera els l\u00edmits de la boiserie tradicional, oferint solucions a mida adaptades a cada espai. L&#8217;acabat cer\u00e0mic MDI (Mineral Design Innovation) d&#8217;Inalco, disponible...\" \/>\n<meta property=\"og:url\" content=\"https:\/\/www.corsobori.com\/ca\/tienda\/p\/boiserie-doors-arial-2\/\" \/>\n<meta property=\"og:site_name\" content=\"corsobori.com\" \/>\n<meta property=\"og:image\" content=\"https:\/\/www.corsobori.com\/wp-content\/uploads\/2025\/08\/4_3_Arial.jpg\" \/>\n\t<meta property=\"og:image:width\" content=\"1440\" \/>\n\t<meta property=\"og:image:height\" content=\"1080\" \/>\n\t<meta property=\"og:image:type\" content=\"image\/jpeg\" \/>\n<meta name=\"twitter:card\" content=\"summary_large_image\" \/>\n<meta name=\"twitter:label1\" content=\"Temps estimat de lectura\" \/>\n\t<meta name=\"twitter:data1\" content=\"1 minut\" \/>\n<!-- \/ Yoast SEO plugin. -->","yoast_head_json":{"title":"Boiserie &amp; Doors Arial de Molteni&C de Molteni&C | Corsobori","robots":{"index":"index","follow":"follow","max-snippet":"max-snippet:-1","max-image-preview":"max-image-preview:large","max-video-preview":"max-video-preview:-1"},"canonical":"https:\/\/www.corsobori.com\/ca\/tienda\/p\/boiserie-doors-arial-2\/","og_locale":"ca_ES","og_type":"article","og_title":"Boiserie &amp; Doors Arial de Molteni&C de Molteni&C | Corsobori","og_description":"Studio Klass, conegut pel seu meticul\u00f3s concepte del disseny, transforma els interiors amb el sistema de boiserie i porta Arial. Amb els seus distintius panells decoratius i vers\u00e0tils configuracions de portes, Arial supera els l\u00edmits de la boiserie tradicional, oferint solucions a mida adaptades a cada espai. L&#8217;acabat cer\u00e0mic MDI (Mineral Design Innovation) d&#8217;Inalco, disponible...","og_url":"https:\/\/www.corsobori.com\/ca\/tienda\/p\/boiserie-doors-arial-2\/","og_site_name":"corsobori.com","og_image":[{"width":1440,"height":1080,"url":"https:\/\/www.corsobori.com\/wp-content\/uploads\/2025\/08\/4_3_Arial.jpg","type":"image\/jpeg"}],"twitter_card":"summary_large_image","twitter_misc":{"Temps estimat de lectura":"1 minut"},"schema":{"@context":"https:\/\/schema.org","@graph":[{"@type":"WebPage","@id":"https:\/\/www.corsobori.com\/ca\/tienda\/p\/boiserie-doors-arial-2\/","url":"https:\/\/www.corsobori.com\/ca\/tienda\/p\/boiserie-doors-arial-2\/","name":"Boiserie &amp; Doors Arial de Molteni&C de Molteni&C | Corsobori","isPartOf":{"@id":"https:\/\/www.corsobori.com\/ca\/#website"},"primaryImageOfPage":{"@id":"https:\/\/www.corsobori.com\/ca\/tienda\/p\/boiserie-doors-arial-2\/#primaryimage"},"image":{"@id":"https:\/\/www.corsobori.com\/ca\/tienda\/p\/boiserie-doors-arial-2\/#primaryimage"},"thumbnailUrl":"https:\/\/www.corsobori.com\/wp-content\/uploads\/2025\/08\/4_3_Arial.jpg","datePublished":"2025-08-18T10:58:48+00:00","breadcrumb":{"@id":"https:\/\/www.corsobori.com\/ca\/tienda\/p\/boiserie-doors-arial-2\/#breadcrumb"},"inLanguage":"ca","potentialAction":[{"@type":"ReadAction","target":["https:\/\/www.corsobori.com\/ca\/tienda\/p\/boiserie-doors-arial-2\/"]}]},{"@type":"ImageObject","inLanguage":"ca","@id":"https:\/\/www.corsobori.com\/ca\/tienda\/p\/boiserie-doors-arial-2\/#primaryimage","url":"https:\/\/www.corsobori.com\/wp-content\/uploads\/2025\/08\/4_3_Arial.jpg","contentUrl":"https:\/\/www.corsobori.com\/wp-content\/uploads\/2025\/08\/4_3_Arial.jpg","width":1440,"height":1080},{"@type":"BreadcrumbList","@id":"https:\/\/www.corsobori.com\/ca\/tienda\/p\/boiserie-doors-arial-2\/#breadcrumb","itemListElement":[{"@type":"ListItem","position":1,"name":"Portada","item":"https:\/\/www.corsobori.com\/ca\/inici\/"},{"@type":"ListItem","position":2,"name":"Botiga","item":"https:\/\/www.corsobori.com\/ca\/botiga\/"},{"@type":"ListItem","position":3,"name":"Boiserie &amp; Doors Arial"}]},{"@type":"WebSite","@id":"https:\/\/www.corsobori.com\/ca\/#website","url":"https:\/\/www.corsobori.com\/ca\/","name":"Corsobori","description":"","publisher":{"@id":"https:\/\/www.corsobori.com\/ca\/#organization"},"potentialAction":[{"@type":"SearchAction","target":{"@type":"EntryPoint","urlTemplate":"https:\/\/www.corsobori.com\/ca\/?s={search_term_string}"},"query-input":{"@type":"PropertyValueSpecification","valueRequired":true,"valueName":"search_term_string"}}],"inLanguage":"ca"},{"@type":"Organization","@id":"https:\/\/www.corsobori.com\/ca\/#organization","name":"Corsobori","url":"https:\/\/www.corsobori.com\/ca\/","logo":{"@type":"ImageObject","inLanguage":"ca","@id":"https:\/\/www.corsobori.com\/ca\/#\/schema\/logo\/image\/","url":"https:\/\/www.corsobori.com\/wp-content\/uploads\/2024\/08\/logo-corsobori.png","contentUrl":"https:\/\/www.corsobori.com\/wp-content\/uploads\/2024\/08\/logo-corsobori.png","width":1210,"height":146,"caption":"Corsobori"},"image":{"@id":"https:\/\/www.corsobori.com\/ca\/#\/schema\/logo\/image\/"}}]}},"_links":{"self":[{"href":"https:\/\/www.corsobori.com\/ca\/wp-json\/wp\/v2\/product\/6373","targetHints":{"allow":["GET"]}}],"collection":[{"href":"https:\/\/www.corsobori.com\/ca\/wp-json\/wp\/v2\/product"}],"about":[{"href":"https:\/\/www.corsobori.com\/ca\/wp-json\/wp\/v2\/types\/product"}],"replies":[{"embeddable":true,"href":"https:\/\/www.corsobori.com\/ca\/wp-json\/wp\/v2\/comments?post=6373"}],"wp:featuredmedia":[{"embeddable":true,"href":"https:\/\/www.corsobori.com\/ca\/wp-json\/wp\/v2\/media\/6370"}],"wp:attachment":[{"href":"https:\/\/www.corsobori.com\/ca\/wp-json\/wp\/v2\/media?parent=6373"}],"wp:term":[{"taxonomy":"product_brand","embeddable":true,"href":"https:\/\/www.corsobori.com\/ca\/wp-json\/wp\/v2\/product_brand?post=6373"},{"taxonomy":"product_cat","embeddable":true,"href":"https:\/\/www.corsobori.com\/ca\/wp-json\/wp\/v2\/product_cat?post=6373"},{"taxonomy":"product_tag","embeddable":true,"href":"https:\/\/www.corsobori.com\/ca\/wp-json\/wp\/v2\/product_tag?post=6373"}],"curies":[{"name":"wp","href":"https:\/\/api.w.org\/{rel}","templated":true}]}}