{"id":6113,"date":"2024-12-18T16:18:22","date_gmt":"2024-12-18T15:18:22","guid":{"rendered":"https:\/\/www.corsobori.com\/tienda\/p\/tauleta-exterior-picea\/"},"modified":"2024-12-18T16:18:22","modified_gmt":"2024-12-18T15:18:22","slug":"tauleta-exterior-picea","status":"publish","type":"product","link":"https:\/\/www.corsobori.com\/ca\/tienda\/p\/tauleta-exterior-picea\/","title":{"rendered":"Tauleta Exterior Picea de Molteni&#038;C"},"content":{"rendered":"<p>La taula de centre Picea, dissenyada per Vincent Van Duysen, \u00e9s una pe\u00e7a que combina eleg\u00e0ncia i funcionalitat, ideal per a la col\u00b7lecci\u00f3 Outdoor Timeout. Fabricada completament en cer\u00e0mica, presenta un disseny harmoni\u00f3s amb l\u00ednies arrodonides que evoquen la bellesa de l&#8217;avet de fulla perenne de l&#8217;\u00c0rtic. La seva forma de rellotge de sorra proporciona una base \u00e0mplia i una superf\u00edcie de suport c\u00f2moda, mantenint un llenguatge de disseny sofisticat i robust. Disponible en tres colors atemporals (Cru, Antracita i Rojo Merlot), les seves dimensions s\u00f3n de 34,5 cm de di\u00e0metre i 45 cm d&#8217;al\u00e7ada, fet que la converteix en un s\u00edmbol d&#8217;eleg\u00e0ncia discreta. Les taules Picea permeten diverses configuracions, elevant qualsevol espai exterior amb el seu encant atemporal.    <\/p>\n","protected":false},"excerpt":{"rendered":"<p>La taula de centre Picea, dissenyada per Vincent Van Duysen, \u00e9s una pe\u00e7a que combina eleg\u00e0ncia i funcionalitat, ideal per a la col\u00b7lecci\u00f3 Outdoor Timeout. Fabricada completament en cer\u00e0mica, presenta un disseny harmoni\u00f3s amb l\u00ednies arrodonides que evoquen la bellesa de l&#8217;avet de fulla perenne de l&#8217;\u00c0rtic. La seva forma de rellotge de sorra proporciona&#8230;<\/p>\n","protected":false},"featured_media":3638,"comment_status":"open","ping_status":"closed","template":"","meta":{"_acf_changed":false},"product_brand":[],"product_cat":[169,233],"product_tag":[],"class_list":{"0":"post-6113","1":"product","2":"type-product","3":"status-publish","4":"has-post-thumbnail","6":"product_cat-mobles-exterior","7":"product_cat-tauletes-dexterior","9":"first","10":"instock","11":"sold-individually","12":"shipping-taxable","13":"purchasable","14":"product-type-simple"},"acf":[],"yoast_head":"<!-- This site is optimized with the Yoast SEO plugin v27.2 - https:\/\/yoast.com\/product\/yoast-seo-wordpress\/ -->\n<title>Tauleta Exterior Picea de Molteni&amp;C | Corsobori<\/title>\n<meta name=\"robots\" content=\"index, follow, max-snippet:-1, max-image-preview:large, max-video-preview:-1\" \/>\n<link rel=\"canonical\" href=\"https:\/\/www.corsobori.com\/ca\/tienda\/p\/tauleta-exterior-picea\/\" \/>\n<meta property=\"og:locale\" content=\"ca_ES\" \/>\n<meta property=\"og:type\" content=\"article\" \/>\n<meta property=\"og:title\" content=\"Tauleta Exterior Picea de Molteni&amp;C | Corsobori\" \/>\n<meta property=\"og:description\" content=\"La taula de centre Picea, dissenyada per Vincent Van Duysen, \u00e9s una pe\u00e7a que combina eleg\u00e0ncia i funcionalitat, ideal per a la col\u00b7lecci\u00f3 Outdoor Timeout. Fabricada completament en cer\u00e0mica, presenta un disseny harmoni\u00f3s amb l\u00ednies arrodonides que evoquen la bellesa de l&#8217;avet de fulla perenne de l&#8217;\u00c0rtic. La seva forma de rellotge de sorra proporciona...\" \/>\n<meta property=\"og:url\" content=\"https:\/\/www.corsobori.com\/ca\/tienda\/p\/tauleta-exterior-picea\/\" \/>\n<meta property=\"og:site_name\" content=\"corsobori.com\" \/>\n<meta property=\"og:image\" content=\"https:\/\/www.corsobori.com\/wp-content\/uploads\/2024\/12\/4_3_Picea_01.jpg\" \/>\n\t<meta property=\"og:image:width\" content=\"1440\" \/>\n\t<meta property=\"og:image:height\" content=\"1080\" \/>\n\t<meta property=\"og:image:type\" content=\"image\/jpeg\" \/>\n<meta name=\"twitter:card\" content=\"summary_large_image\" \/>\n<meta name=\"twitter:label1\" content=\"Temps estimat de lectura\" \/>\n\t<meta name=\"twitter:data1\" content=\"1 minut\" \/>\n<!-- \/ Yoast SEO plugin. -->","yoast_head_json":{"title":"Tauleta Exterior Picea de Molteni&C | Corsobori","robots":{"index":"index","follow":"follow","max-snippet":"max-snippet:-1","max-image-preview":"max-image-preview:large","max-video-preview":"max-video-preview:-1"},"canonical":"https:\/\/www.corsobori.com\/ca\/tienda\/p\/tauleta-exterior-picea\/","og_locale":"ca_ES","og_type":"article","og_title":"Tauleta Exterior Picea de Molteni&C | Corsobori","og_description":"La taula de centre Picea, dissenyada per Vincent Van Duysen, \u00e9s una pe\u00e7a que combina eleg\u00e0ncia i funcionalitat, ideal per a la col\u00b7lecci\u00f3 Outdoor Timeout. Fabricada completament en cer\u00e0mica, presenta un disseny harmoni\u00f3s amb l\u00ednies arrodonides que evoquen la bellesa de l&#8217;avet de fulla perenne de l&#8217;\u00c0rtic. La seva forma de rellotge de sorra proporciona...","og_url":"https:\/\/www.corsobori.com\/ca\/tienda\/p\/tauleta-exterior-picea\/","og_site_name":"corsobori.com","og_image":[{"width":1440,"height":1080,"url":"https:\/\/www.corsobori.com\/wp-content\/uploads\/2024\/12\/4_3_Picea_01.jpg","type":"image\/jpeg"}],"twitter_card":"summary_large_image","twitter_misc":{"Temps estimat de lectura":"1 minut"},"schema":{"@context":"https:\/\/schema.org","@graph":[{"@type":"WebPage","@id":"https:\/\/www.corsobori.com\/ca\/tienda\/p\/tauleta-exterior-picea\/","url":"https:\/\/www.corsobori.com\/ca\/tienda\/p\/tauleta-exterior-picea\/","name":"Tauleta Exterior Picea de Molteni&C | Corsobori","isPartOf":{"@id":"https:\/\/www.corsobori.com\/ca\/#website"},"primaryImageOfPage":{"@id":"https:\/\/www.corsobori.com\/ca\/tienda\/p\/tauleta-exterior-picea\/#primaryimage"},"image":{"@id":"https:\/\/www.corsobori.com\/ca\/tienda\/p\/tauleta-exterior-picea\/#primaryimage"},"thumbnailUrl":"https:\/\/www.corsobori.com\/wp-content\/uploads\/2024\/12\/4_3_Picea_01.jpg","datePublished":"2024-12-18T15:18:22+00:00","breadcrumb":{"@id":"https:\/\/www.corsobori.com\/ca\/tienda\/p\/tauleta-exterior-picea\/#breadcrumb"},"inLanguage":"ca","potentialAction":[{"@type":"ReadAction","target":["https:\/\/www.corsobori.com\/ca\/tienda\/p\/tauleta-exterior-picea\/"]}]},{"@type":"ImageObject","inLanguage":"ca","@id":"https:\/\/www.corsobori.com\/ca\/tienda\/p\/tauleta-exterior-picea\/#primaryimage","url":"https:\/\/www.corsobori.com\/wp-content\/uploads\/2024\/12\/4_3_Picea_01.jpg","contentUrl":"https:\/\/www.corsobori.com\/wp-content\/uploads\/2024\/12\/4_3_Picea_01.jpg","width":1440,"height":1080},{"@type":"BreadcrumbList","@id":"https:\/\/www.corsobori.com\/ca\/tienda\/p\/tauleta-exterior-picea\/#breadcrumb","itemListElement":[{"@type":"ListItem","position":1,"name":"Portada","item":"https:\/\/www.corsobori.com\/ca\/inici\/"},{"@type":"ListItem","position":2,"name":"Botiga","item":"https:\/\/www.corsobori.com\/ca\/botiga\/"},{"@type":"ListItem","position":3,"name":"Tauleta Exterior Picea"}]},{"@type":"WebSite","@id":"https:\/\/www.corsobori.com\/ca\/#website","url":"https:\/\/www.corsobori.com\/ca\/","name":"Corsobori","description":"","publisher":{"@id":"https:\/\/www.corsobori.com\/ca\/#organization"},"potentialAction":[{"@type":"SearchAction","target":{"@type":"EntryPoint","urlTemplate":"https:\/\/www.corsobori.com\/ca\/?s={search_term_string}"},"query-input":{"@type":"PropertyValueSpecification","valueRequired":true,"valueName":"search_term_string"}}],"inLanguage":"ca"},{"@type":"Organization","@id":"https:\/\/www.corsobori.com\/ca\/#organization","name":"Corsobori","url":"https:\/\/www.corsobori.com\/ca\/","logo":{"@type":"ImageObject","inLanguage":"ca","@id":"https:\/\/www.corsobori.com\/ca\/#\/schema\/logo\/image\/","url":"https:\/\/www.corsobori.com\/wp-content\/uploads\/2024\/08\/logo-corsobori.png","contentUrl":"https:\/\/www.corsobori.com\/wp-content\/uploads\/2024\/08\/logo-corsobori.png","width":1210,"height":146,"caption":"Corsobori"},"image":{"@id":"https:\/\/www.corsobori.com\/ca\/#\/schema\/logo\/image\/"}}]}},"_links":{"self":[{"href":"https:\/\/www.corsobori.com\/ca\/wp-json\/wp\/v2\/product\/6113","targetHints":{"allow":["GET"]}}],"collection":[{"href":"https:\/\/www.corsobori.com\/ca\/wp-json\/wp\/v2\/product"}],"about":[{"href":"https:\/\/www.corsobori.com\/ca\/wp-json\/wp\/v2\/types\/product"}],"replies":[{"embeddable":true,"href":"https:\/\/www.corsobori.com\/ca\/wp-json\/wp\/v2\/comments?post=6113"}],"wp:featuredmedia":[{"embeddable":true,"href":"https:\/\/www.corsobori.com\/ca\/wp-json\/wp\/v2\/media\/3638"}],"wp:attachment":[{"href":"https:\/\/www.corsobori.com\/ca\/wp-json\/wp\/v2\/media?parent=6113"}],"wp:term":[{"taxonomy":"product_brand","embeddable":true,"href":"https:\/\/www.corsobori.com\/ca\/wp-json\/wp\/v2\/product_brand?post=6113"},{"taxonomy":"product_cat","embeddable":true,"href":"https:\/\/www.corsobori.com\/ca\/wp-json\/wp\/v2\/product_cat?post=6113"},{"taxonomy":"product_tag","embeddable":true,"href":"https:\/\/www.corsobori.com\/ca\/wp-json\/wp\/v2\/product_tag?post=6113"}],"curies":[{"name":"wp","href":"https:\/\/api.w.org\/{rel}","templated":true}]}}