{"id":6112,"date":"2024-12-18T16:18:19","date_gmt":"2024-12-18T15:18:19","guid":{"rendered":"https:\/\/www.corsobori.com\/tienda\/p\/taula-filigree\/"},"modified":"2024-12-18T16:18:19","modified_gmt":"2024-12-18T15:18:19","slug":"taula-filigree","status":"publish","type":"product","link":"https:\/\/www.corsobori.com\/ca\/tienda\/p\/taula-filigree\/","title":{"rendered":"Taula Filigree de Molteni&#038;C"},"content":{"rendered":"<p>Filigree \u00e9s una elegant s\u00e8rie de taules fixes i extensibles, dissenyades per Rodolfo Dordoni, que destaquen per la sinuosa forma de les potes d&#8217;alumini fos a pressi\u00f3 i els seus fins taulers. gruix m\u00ednim de tan sols 38 mm, l&#8217;estructura alberga el mecanisme i les ales de manera discreta. Disponible en diversos materials i acabats, la taula Filigree \u00e9s un exemple de sofisticaci\u00f3 i funcionalitat, ideal per satisfer les necessitats m\u00e9s exigents al sector del mobiliari de luxe. A m\u00e9s, la col\u00b7laboraci\u00f3 de Dordoni amb Molteni&amp;C reflecteix una visi\u00f3    <\/p>\n","protected":false},"excerpt":{"rendered":"<p>Filigree \u00e9s una elegant s\u00e8rie de taules fixes i extensibles, dissenyades per Rodolfo Dordoni, que destaquen per la sinuosa forma de les potes d&#8217;alumini fos a pressi\u00f3 i els seus fins taulers. gruix m\u00ednim de tan sols 38 mm, l&#8217;estructura alberga el mecanisme i les ales de manera discreta. Disponible en diversos materials i acabats,&#8230;<\/p>\n","protected":false},"featured_media":3570,"comment_status":"open","ping_status":"closed","template":"","meta":{"_acf_changed":false},"product_brand":[],"product_cat":[172,234],"product_tag":[],"class_list":{"0":"post-6112","1":"product","2":"type-product","3":"status-publish","4":"has-post-thumbnail","6":"product_cat-mobles-dinterior","7":"product_cat-taules","9":"first","10":"instock","11":"sold-individually","12":"shipping-taxable","13":"purchasable","14":"product-type-simple"},"acf":[],"yoast_head":"<!-- This site is optimized with the Yoast SEO plugin v27.2 - https:\/\/yoast.com\/product\/yoast-seo-wordpress\/ -->\n<title>Taula Filigree de Molteni&amp;C | Corsobori<\/title>\n<meta name=\"robots\" content=\"index, follow, max-snippet:-1, max-image-preview:large, max-video-preview:-1\" \/>\n<link rel=\"canonical\" href=\"https:\/\/www.corsobori.com\/ca\/tienda\/p\/taula-filigree\/\" \/>\n<meta property=\"og:locale\" content=\"ca_ES\" \/>\n<meta property=\"og:type\" content=\"article\" \/>\n<meta property=\"og:title\" content=\"Taula Filigree de Molteni&amp;C | Corsobori\" \/>\n<meta property=\"og:description\" content=\"Filigree \u00e9s una elegant s\u00e8rie de taules fixes i extensibles, dissenyades per Rodolfo Dordoni, que destaquen per la sinuosa forma de les potes d&#8217;alumini fos a pressi\u00f3 i els seus fins taulers. gruix m\u00ednim de tan sols 38 mm, l&#8217;estructura alberga el mecanisme i les ales de manera discreta. Disponible en diversos materials i acabats,...\" \/>\n<meta property=\"og:url\" content=\"https:\/\/www.corsobori.com\/ca\/tienda\/p\/taula-filigree\/\" \/>\n<meta property=\"og:site_name\" content=\"corsobori.com\" \/>\n<meta property=\"og:image\" content=\"https:\/\/www.corsobori.com\/wp-content\/uploads\/2024\/12\/5aa7f86fe8c70.jpg\" \/>\n\t<meta property=\"og:image:width\" content=\"1440\" \/>\n\t<meta property=\"og:image:height\" content=\"1080\" \/>\n\t<meta property=\"og:image:type\" content=\"image\/jpeg\" \/>\n<meta name=\"twitter:card\" content=\"summary_large_image\" \/>\n<!-- \/ Yoast SEO plugin. -->","yoast_head_json":{"title":"Taula Filigree de Molteni&C | Corsobori","robots":{"index":"index","follow":"follow","max-snippet":"max-snippet:-1","max-image-preview":"max-image-preview:large","max-video-preview":"max-video-preview:-1"},"canonical":"https:\/\/www.corsobori.com\/ca\/tienda\/p\/taula-filigree\/","og_locale":"ca_ES","og_type":"article","og_title":"Taula Filigree de Molteni&C | Corsobori","og_description":"Filigree \u00e9s una elegant s\u00e8rie de taules fixes i extensibles, dissenyades per Rodolfo Dordoni, que destaquen per la sinuosa forma de les potes d&#8217;alumini fos a pressi\u00f3 i els seus fins taulers. gruix m\u00ednim de tan sols 38 mm, l&#8217;estructura alberga el mecanisme i les ales de manera discreta. Disponible en diversos materials i acabats,...","og_url":"https:\/\/www.corsobori.com\/ca\/tienda\/p\/taula-filigree\/","og_site_name":"corsobori.com","og_image":[{"width":1440,"height":1080,"url":"https:\/\/www.corsobori.com\/wp-content\/uploads\/2024\/12\/5aa7f86fe8c70.jpg","type":"image\/jpeg"}],"twitter_card":"summary_large_image","schema":{"@context":"https:\/\/schema.org","@graph":[{"@type":"WebPage","@id":"https:\/\/www.corsobori.com\/ca\/tienda\/p\/taula-filigree\/","url":"https:\/\/www.corsobori.com\/ca\/tienda\/p\/taula-filigree\/","name":"Taula Filigree de Molteni&C | Corsobori","isPartOf":{"@id":"https:\/\/www.corsobori.com\/ca\/#website"},"primaryImageOfPage":{"@id":"https:\/\/www.corsobori.com\/ca\/tienda\/p\/taula-filigree\/#primaryimage"},"image":{"@id":"https:\/\/www.corsobori.com\/ca\/tienda\/p\/taula-filigree\/#primaryimage"},"thumbnailUrl":"https:\/\/www.corsobori.com\/wp-content\/uploads\/2024\/12\/5aa7f86fe8c70.jpg","datePublished":"2024-12-18T15:18:19+00:00","breadcrumb":{"@id":"https:\/\/www.corsobori.com\/ca\/tienda\/p\/taula-filigree\/#breadcrumb"},"inLanguage":"ca","potentialAction":[{"@type":"ReadAction","target":["https:\/\/www.corsobori.com\/ca\/tienda\/p\/taula-filigree\/"]}]},{"@type":"ImageObject","inLanguage":"ca","@id":"https:\/\/www.corsobori.com\/ca\/tienda\/p\/taula-filigree\/#primaryimage","url":"https:\/\/www.corsobori.com\/wp-content\/uploads\/2024\/12\/5aa7f86fe8c70.jpg","contentUrl":"https:\/\/www.corsobori.com\/wp-content\/uploads\/2024\/12\/5aa7f86fe8c70.jpg","width":1440,"height":1080},{"@type":"BreadcrumbList","@id":"https:\/\/www.corsobori.com\/ca\/tienda\/p\/taula-filigree\/#breadcrumb","itemListElement":[{"@type":"ListItem","position":1,"name":"Portada","item":"https:\/\/www.corsobori.com\/ca\/inici\/"},{"@type":"ListItem","position":2,"name":"Botiga","item":"https:\/\/www.corsobori.com\/ca\/botiga\/"},{"@type":"ListItem","position":3,"name":"Taula Filigree"}]},{"@type":"WebSite","@id":"https:\/\/www.corsobori.com\/ca\/#website","url":"https:\/\/www.corsobori.com\/ca\/","name":"Corsobori","description":"","publisher":{"@id":"https:\/\/www.corsobori.com\/ca\/#organization"},"potentialAction":[{"@type":"SearchAction","target":{"@type":"EntryPoint","urlTemplate":"https:\/\/www.corsobori.com\/ca\/?s={search_term_string}"},"query-input":{"@type":"PropertyValueSpecification","valueRequired":true,"valueName":"search_term_string"}}],"inLanguage":"ca"},{"@type":"Organization","@id":"https:\/\/www.corsobori.com\/ca\/#organization","name":"Corsobori","url":"https:\/\/www.corsobori.com\/ca\/","logo":{"@type":"ImageObject","inLanguage":"ca","@id":"https:\/\/www.corsobori.com\/ca\/#\/schema\/logo\/image\/","url":"https:\/\/www.corsobori.com\/wp-content\/uploads\/2024\/08\/logo-corsobori.png","contentUrl":"https:\/\/www.corsobori.com\/wp-content\/uploads\/2024\/08\/logo-corsobori.png","width":1210,"height":146,"caption":"Corsobori"},"image":{"@id":"https:\/\/www.corsobori.com\/ca\/#\/schema\/logo\/image\/"}}]}},"_links":{"self":[{"href":"https:\/\/www.corsobori.com\/ca\/wp-json\/wp\/v2\/product\/6112","targetHints":{"allow":["GET"]}}],"collection":[{"href":"https:\/\/www.corsobori.com\/ca\/wp-json\/wp\/v2\/product"}],"about":[{"href":"https:\/\/www.corsobori.com\/ca\/wp-json\/wp\/v2\/types\/product"}],"replies":[{"embeddable":true,"href":"https:\/\/www.corsobori.com\/ca\/wp-json\/wp\/v2\/comments?post=6112"}],"wp:featuredmedia":[{"embeddable":true,"href":"https:\/\/www.corsobori.com\/ca\/wp-json\/wp\/v2\/media\/3570"}],"wp:attachment":[{"href":"https:\/\/www.corsobori.com\/ca\/wp-json\/wp\/v2\/media?parent=6112"}],"wp:term":[{"taxonomy":"product_brand","embeddable":true,"href":"https:\/\/www.corsobori.com\/ca\/wp-json\/wp\/v2\/product_brand?post=6112"},{"taxonomy":"product_cat","embeddable":true,"href":"https:\/\/www.corsobori.com\/ca\/wp-json\/wp\/v2\/product_cat?post=6112"},{"taxonomy":"product_tag","embeddable":true,"href":"https:\/\/www.corsobori.com\/ca\/wp-json\/wp\/v2\/product_tag?post=6112"}],"curies":[{"name":"wp","href":"https:\/\/api.w.org\/{rel}","templated":true}]}}