{"id":6100,"date":"2024-12-18T16:18:19","date_gmt":"2024-12-18T15:18:19","guid":{"rendered":"https:\/\/www.corsobori.com\/tienda\/p\/taula-lessless\/"},"modified":"2024-12-18T16:18:19","modified_gmt":"2024-12-18T15:18:19","slug":"taula-lessless","status":"publish","type":"product","link":"https:\/\/www.corsobori.com\/ca\/tienda\/p\/taula-lessless\/","title":{"rendered":"Taula LessLess de Molteni&#038;C"},"content":{"rendered":"<p>La taula LessLess, dissenyada per Jean Nouvel per a la Fondation Cartier de Par\u00eds, combina eleg\u00e0ncia i funcionalitat mitjan\u00e7ant un enginy\u00f3s \u00fas de la resist\u00e8ncia de l&#8217;alumini. El seu disseny es basa en un perfil extern del tauler horitzontal extremadament prim, refor\u00e7at mitjan\u00e7ant un sistema de cantells i duplicitats que aporta rigidesa. Disponible en versions altes i baixes, aix\u00ed com en formats rectangulars i quadrats, la taula s&#8217;ofereix en diversos colors lacats i permet adaptar-se a diferents ambients. L&#8217;obra de Nouvel reflecteix la seva filosofia de crear objectes que complementin les seves arquitectures, destacant l&#8217;ess\u00e8ncia d&#8217;un &#8220;disseny d&#8217;arquitectura&#8221; que transcendeix all\u00f2 convencional al m\u00f3n del mobiliari de luxe.   <\/p>\n","protected":false},"excerpt":{"rendered":"<p>La taula LessLess, dissenyada per Jean Nouvel per a la Fondation Cartier de Par\u00eds, combina eleg\u00e0ncia i funcionalitat mitjan\u00e7ant un enginy\u00f3s \u00fas de la resist\u00e8ncia de l&#8217;alumini. El seu disseny es basa en un perfil extern del tauler horitzontal extremadament prim, refor\u00e7at mitjan\u00e7ant un sistema de cantells i duplicitats que aporta rigidesa. Disponible en versions&#8230;<\/p>\n","protected":false},"featured_media":3550,"comment_status":"open","ping_status":"closed","template":"","meta":{"_acf_changed":false},"product_brand":[],"product_cat":[172,210,211,234,212],"product_tag":[],"class_list":{"0":"post-6100","1":"product","2":"type-product","3":"status-publish","4":"has-post-thumbnail","6":"product_cat-mobles-dinterior","7":"product_cat-oficina-a-casa","8":"product_cat-oficines-corporate","9":"product_cat-taules","10":"product_cat-zones-de-treball","12":"first","13":"instock","14":"sold-individually","15":"shipping-taxable","16":"purchasable","17":"product-type-simple"},"acf":[],"yoast_head":"<!-- This site is optimized with the Yoast SEO plugin v27.2 - https:\/\/yoast.com\/product\/yoast-seo-wordpress\/ -->\n<title>Taula LessLess de Molteni&amp;C | Corsobori<\/title>\n<meta name=\"robots\" content=\"index, follow, max-snippet:-1, max-image-preview:large, max-video-preview:-1\" \/>\n<link rel=\"canonical\" href=\"https:\/\/www.corsobori.com\/ca\/tienda\/p\/taula-lessless\/\" \/>\n<meta property=\"og:locale\" content=\"ca_ES\" \/>\n<meta property=\"og:type\" content=\"article\" \/>\n<meta property=\"og:title\" content=\"Taula LessLess de Molteni&amp;C | Corsobori\" \/>\n<meta property=\"og:description\" content=\"La taula LessLess, dissenyada per Jean Nouvel per a la Fondation Cartier de Par\u00eds, combina eleg\u00e0ncia i funcionalitat mitjan\u00e7ant un enginy\u00f3s \u00fas de la resist\u00e8ncia de l&#8217;alumini. El seu disseny es basa en un perfil extern del tauler horitzontal extremadament prim, refor\u00e7at mitjan\u00e7ant un sistema de cantells i duplicitats que aporta rigidesa. Disponible en versions...\" \/>\n<meta property=\"og:url\" content=\"https:\/\/www.corsobori.com\/ca\/tienda\/p\/taula-lessless\/\" \/>\n<meta property=\"og:site_name\" content=\"corsobori.com\" \/>\n<meta property=\"og:image\" content=\"https:\/\/www.corsobori.com\/wp-content\/uploads\/2024\/12\/4_3-LessLess.jpg\" \/>\n\t<meta property=\"og:image:width\" content=\"1440\" \/>\n\t<meta property=\"og:image:height\" content=\"1080\" \/>\n\t<meta property=\"og:image:type\" content=\"image\/jpeg\" \/>\n<meta name=\"twitter:card\" content=\"summary_large_image\" \/>\n<meta name=\"twitter:label1\" content=\"Temps estimat de lectura\" \/>\n\t<meta name=\"twitter:data1\" content=\"1 minut\" \/>\n<!-- \/ Yoast SEO plugin. -->","yoast_head_json":{"title":"Taula LessLess de Molteni&C | Corsobori","robots":{"index":"index","follow":"follow","max-snippet":"max-snippet:-1","max-image-preview":"max-image-preview:large","max-video-preview":"max-video-preview:-1"},"canonical":"https:\/\/www.corsobori.com\/ca\/tienda\/p\/taula-lessless\/","og_locale":"ca_ES","og_type":"article","og_title":"Taula LessLess de Molteni&C | Corsobori","og_description":"La taula LessLess, dissenyada per Jean Nouvel per a la Fondation Cartier de Par\u00eds, combina eleg\u00e0ncia i funcionalitat mitjan\u00e7ant un enginy\u00f3s \u00fas de la resist\u00e8ncia de l&#8217;alumini. El seu disseny es basa en un perfil extern del tauler horitzontal extremadament prim, refor\u00e7at mitjan\u00e7ant un sistema de cantells i duplicitats que aporta rigidesa. Disponible en versions...","og_url":"https:\/\/www.corsobori.com\/ca\/tienda\/p\/taula-lessless\/","og_site_name":"corsobori.com","og_image":[{"width":1440,"height":1080,"url":"https:\/\/www.corsobori.com\/wp-content\/uploads\/2024\/12\/4_3-LessLess.jpg","type":"image\/jpeg"}],"twitter_card":"summary_large_image","twitter_misc":{"Temps estimat de lectura":"1 minut"},"schema":{"@context":"https:\/\/schema.org","@graph":[{"@type":"WebPage","@id":"https:\/\/www.corsobori.com\/ca\/tienda\/p\/taula-lessless\/","url":"https:\/\/www.corsobori.com\/ca\/tienda\/p\/taula-lessless\/","name":"Taula LessLess de Molteni&C | Corsobori","isPartOf":{"@id":"https:\/\/www.corsobori.com\/ca\/#website"},"primaryImageOfPage":{"@id":"https:\/\/www.corsobori.com\/ca\/tienda\/p\/taula-lessless\/#primaryimage"},"image":{"@id":"https:\/\/www.corsobori.com\/ca\/tienda\/p\/taula-lessless\/#primaryimage"},"thumbnailUrl":"https:\/\/www.corsobori.com\/wp-content\/uploads\/2024\/12\/4_3-LessLess.jpg","datePublished":"2024-12-18T15:18:19+00:00","breadcrumb":{"@id":"https:\/\/www.corsobori.com\/ca\/tienda\/p\/taula-lessless\/#breadcrumb"},"inLanguage":"ca","potentialAction":[{"@type":"ReadAction","target":["https:\/\/www.corsobori.com\/ca\/tienda\/p\/taula-lessless\/"]}]},{"@type":"ImageObject","inLanguage":"ca","@id":"https:\/\/www.corsobori.com\/ca\/tienda\/p\/taula-lessless\/#primaryimage","url":"https:\/\/www.corsobori.com\/wp-content\/uploads\/2024\/12\/4_3-LessLess.jpg","contentUrl":"https:\/\/www.corsobori.com\/wp-content\/uploads\/2024\/12\/4_3-LessLess.jpg","width":1440,"height":1080},{"@type":"BreadcrumbList","@id":"https:\/\/www.corsobori.com\/ca\/tienda\/p\/taula-lessless\/#breadcrumb","itemListElement":[{"@type":"ListItem","position":1,"name":"Portada","item":"https:\/\/www.corsobori.com\/ca\/inici\/"},{"@type":"ListItem","position":2,"name":"Botiga","item":"https:\/\/www.corsobori.com\/ca\/botiga\/"},{"@type":"ListItem","position":3,"name":"Taula LessLess"}]},{"@type":"WebSite","@id":"https:\/\/www.corsobori.com\/ca\/#website","url":"https:\/\/www.corsobori.com\/ca\/","name":"Corsobori","description":"","publisher":{"@id":"https:\/\/www.corsobori.com\/ca\/#organization"},"potentialAction":[{"@type":"SearchAction","target":{"@type":"EntryPoint","urlTemplate":"https:\/\/www.corsobori.com\/ca\/?s={search_term_string}"},"query-input":{"@type":"PropertyValueSpecification","valueRequired":true,"valueName":"search_term_string"}}],"inLanguage":"ca"},{"@type":"Organization","@id":"https:\/\/www.corsobori.com\/ca\/#organization","name":"Corsobori","url":"https:\/\/www.corsobori.com\/ca\/","logo":{"@type":"ImageObject","inLanguage":"ca","@id":"https:\/\/www.corsobori.com\/ca\/#\/schema\/logo\/image\/","url":"https:\/\/www.corsobori.com\/wp-content\/uploads\/2024\/08\/logo-corsobori.png","contentUrl":"https:\/\/www.corsobori.com\/wp-content\/uploads\/2024\/08\/logo-corsobori.png","width":1210,"height":146,"caption":"Corsobori"},"image":{"@id":"https:\/\/www.corsobori.com\/ca\/#\/schema\/logo\/image\/"}}]}},"_links":{"self":[{"href":"https:\/\/www.corsobori.com\/ca\/wp-json\/wp\/v2\/product\/6100","targetHints":{"allow":["GET"]}}],"collection":[{"href":"https:\/\/www.corsobori.com\/ca\/wp-json\/wp\/v2\/product"}],"about":[{"href":"https:\/\/www.corsobori.com\/ca\/wp-json\/wp\/v2\/types\/product"}],"replies":[{"embeddable":true,"href":"https:\/\/www.corsobori.com\/ca\/wp-json\/wp\/v2\/comments?post=6100"}],"wp:featuredmedia":[{"embeddable":true,"href":"https:\/\/www.corsobori.com\/ca\/wp-json\/wp\/v2\/media\/3550"}],"wp:attachment":[{"href":"https:\/\/www.corsobori.com\/ca\/wp-json\/wp\/v2\/media?parent=6100"}],"wp:term":[{"taxonomy":"product_brand","embeddable":true,"href":"https:\/\/www.corsobori.com\/ca\/wp-json\/wp\/v2\/product_brand?post=6100"},{"taxonomy":"product_cat","embeddable":true,"href":"https:\/\/www.corsobori.com\/ca\/wp-json\/wp\/v2\/product_cat?post=6100"},{"taxonomy":"product_tag","embeddable":true,"href":"https:\/\/www.corsobori.com\/ca\/wp-json\/wp\/v2\/product_tag?post=6100"}],"curies":[{"name":"wp","href":"https:\/\/api.w.org\/{rel}","templated":true}]}}