{"id":6090,"date":"2024-12-18T16:18:18","date_gmt":"2024-12-18T15:18:18","guid":{"rendered":"https:\/\/www.corsobori.com\/tienda\/p\/taula-d-859-1\/"},"modified":"2024-12-18T16:18:18","modified_gmt":"2024-12-18T15:18:18","slug":"taula-d-859-1","status":"publish","type":"product","link":"https:\/\/www.corsobori.com\/ca\/tienda\/p\/taula-d-859-1\/","title":{"rendered":"Taula D.859.1 de Molteni&#038;C"},"content":{"rendered":"<p>La taula D.859.1, de m\u00e9s de 3,60 metres de longitud, destaca pel seu imponent disseny i refinament. La seva base trapezo\u00efdal presenta una lleugeresa moderna, mentre que el sobre afusat ressalta la seva aerodinamicitat. Originalment realitzada en freixe mass\u00eds amb puntals de llaut\u00f3, est\u00e0 disponible en versions renovades que inclouen freixe tenyit negre. A m\u00e9s de la mida original, ofereix dues dimensions m\u00e9s redu\u00efdes que mantenen lharmonia del disseny original. Aquesta taula reflecteix el mestratge de Gio Ponti, un destacat arquitecte i dissenyador itali\u00e0 del segle XX, les obres del qual abasten tant l&#8217;arquitectura com la decoraci\u00f3, representades a les seves resid\u00e8ncies ic\u00f2niques a Mil\u00e0.    <\/p>\n","protected":false},"excerpt":{"rendered":"<p>La taula D.859.1, de m\u00e9s de 3,60 metres de longitud, destaca pel seu imponent disseny i refinament. La seva base trapezo\u00efdal presenta una lleugeresa moderna, mentre que el sobre afusat ressalta la seva aerodinamicitat. Originalment realitzada en freixe mass\u00eds amb puntals de llaut\u00f3, est\u00e0 disponible en versions renovades que inclouen freixe tenyit negre. A m\u00e9s&#8230;<\/p>\n","protected":false},"featured_media":3542,"comment_status":"open","ping_status":"closed","template":"","meta":{"_acf_changed":false},"product_brand":[],"product_cat":[172,234],"product_tag":[],"class_list":{"0":"post-6090","1":"product","2":"type-product","3":"status-publish","4":"has-post-thumbnail","6":"product_cat-mobles-dinterior","7":"product_cat-taules","9":"first","10":"instock","11":"sold-individually","12":"shipping-taxable","13":"purchasable","14":"product-type-simple"},"acf":[],"yoast_head":"<!-- This site is optimized with the Yoast SEO plugin v27.2 - https:\/\/yoast.com\/product\/yoast-seo-wordpress\/ -->\n<title>Taula D.859.1 de Molteni&amp;C | Corsobori<\/title>\n<meta name=\"robots\" content=\"index, follow, max-snippet:-1, max-image-preview:large, max-video-preview:-1\" \/>\n<link rel=\"canonical\" href=\"https:\/\/www.corsobori.com\/ca\/tienda\/p\/taula-d-859-1\/\" \/>\n<meta property=\"og:locale\" content=\"ca_ES\" \/>\n<meta property=\"og:type\" content=\"article\" \/>\n<meta property=\"og:title\" content=\"Taula D.859.1 de Molteni&amp;C | Corsobori\" \/>\n<meta property=\"og:description\" content=\"La taula D.859.1, de m\u00e9s de 3,60 metres de longitud, destaca pel seu imponent disseny i refinament. La seva base trapezo\u00efdal presenta una lleugeresa moderna, mentre que el sobre afusat ressalta la seva aerodinamicitat. Originalment realitzada en freixe mass\u00eds amb puntals de llaut\u00f3, est\u00e0 disponible en versions renovades que inclouen freixe tenyit negre. A m\u00e9s...\" \/>\n<meta property=\"og:url\" content=\"https:\/\/www.corsobori.com\/ca\/tienda\/p\/taula-d-859-1\/\" \/>\n<meta property=\"og:site_name\" content=\"corsobori.com\" \/>\n<meta property=\"og:image\" content=\"https:\/\/www.corsobori.com\/wp-content\/uploads\/2024\/12\/5aeb069d941a1.jpg\" \/>\n\t<meta property=\"og:image:width\" content=\"1440\" \/>\n\t<meta property=\"og:image:height\" content=\"1080\" \/>\n\t<meta property=\"og:image:type\" content=\"image\/jpeg\" \/>\n<meta name=\"twitter:card\" content=\"summary_large_image\" \/>\n<meta name=\"twitter:label1\" content=\"Temps estimat de lectura\" \/>\n\t<meta name=\"twitter:data1\" content=\"1 minut\" \/>\n<!-- \/ Yoast SEO plugin. -->","yoast_head_json":{"title":"Taula D.859.1 de Molteni&C | Corsobori","robots":{"index":"index","follow":"follow","max-snippet":"max-snippet:-1","max-image-preview":"max-image-preview:large","max-video-preview":"max-video-preview:-1"},"canonical":"https:\/\/www.corsobori.com\/ca\/tienda\/p\/taula-d-859-1\/","og_locale":"ca_ES","og_type":"article","og_title":"Taula D.859.1 de Molteni&C | Corsobori","og_description":"La taula D.859.1, de m\u00e9s de 3,60 metres de longitud, destaca pel seu imponent disseny i refinament. La seva base trapezo\u00efdal presenta una lleugeresa moderna, mentre que el sobre afusat ressalta la seva aerodinamicitat. Originalment realitzada en freixe mass\u00eds amb puntals de llaut\u00f3, est\u00e0 disponible en versions renovades que inclouen freixe tenyit negre. A m\u00e9s...","og_url":"https:\/\/www.corsobori.com\/ca\/tienda\/p\/taula-d-859-1\/","og_site_name":"corsobori.com","og_image":[{"width":1440,"height":1080,"url":"https:\/\/www.corsobori.com\/wp-content\/uploads\/2024\/12\/5aeb069d941a1.jpg","type":"image\/jpeg"}],"twitter_card":"summary_large_image","twitter_misc":{"Temps estimat de lectura":"1 minut"},"schema":{"@context":"https:\/\/schema.org","@graph":[{"@type":"WebPage","@id":"https:\/\/www.corsobori.com\/ca\/tienda\/p\/taula-d-859-1\/","url":"https:\/\/www.corsobori.com\/ca\/tienda\/p\/taula-d-859-1\/","name":"Taula D.859.1 de Molteni&C | Corsobori","isPartOf":{"@id":"https:\/\/www.corsobori.com\/ca\/#website"},"primaryImageOfPage":{"@id":"https:\/\/www.corsobori.com\/ca\/tienda\/p\/taula-d-859-1\/#primaryimage"},"image":{"@id":"https:\/\/www.corsobori.com\/ca\/tienda\/p\/taula-d-859-1\/#primaryimage"},"thumbnailUrl":"https:\/\/www.corsobori.com\/wp-content\/uploads\/2024\/12\/5aeb069d941a1.jpg","datePublished":"2024-12-18T15:18:18+00:00","breadcrumb":{"@id":"https:\/\/www.corsobori.com\/ca\/tienda\/p\/taula-d-859-1\/#breadcrumb"},"inLanguage":"ca","potentialAction":[{"@type":"ReadAction","target":["https:\/\/www.corsobori.com\/ca\/tienda\/p\/taula-d-859-1\/"]}]},{"@type":"ImageObject","inLanguage":"ca","@id":"https:\/\/www.corsobori.com\/ca\/tienda\/p\/taula-d-859-1\/#primaryimage","url":"https:\/\/www.corsobori.com\/wp-content\/uploads\/2024\/12\/5aeb069d941a1.jpg","contentUrl":"https:\/\/www.corsobori.com\/wp-content\/uploads\/2024\/12\/5aeb069d941a1.jpg","width":1440,"height":1080},{"@type":"BreadcrumbList","@id":"https:\/\/www.corsobori.com\/ca\/tienda\/p\/taula-d-859-1\/#breadcrumb","itemListElement":[{"@type":"ListItem","position":1,"name":"Portada","item":"https:\/\/www.corsobori.com\/ca\/inici\/"},{"@type":"ListItem","position":2,"name":"Botiga","item":"https:\/\/www.corsobori.com\/ca\/botiga\/"},{"@type":"ListItem","position":3,"name":"Taula D.859.1"}]},{"@type":"WebSite","@id":"https:\/\/www.corsobori.com\/ca\/#website","url":"https:\/\/www.corsobori.com\/ca\/","name":"Corsobori","description":"","publisher":{"@id":"https:\/\/www.corsobori.com\/ca\/#organization"},"potentialAction":[{"@type":"SearchAction","target":{"@type":"EntryPoint","urlTemplate":"https:\/\/www.corsobori.com\/ca\/?s={search_term_string}"},"query-input":{"@type":"PropertyValueSpecification","valueRequired":true,"valueName":"search_term_string"}}],"inLanguage":"ca"},{"@type":"Organization","@id":"https:\/\/www.corsobori.com\/ca\/#organization","name":"Corsobori","url":"https:\/\/www.corsobori.com\/ca\/","logo":{"@type":"ImageObject","inLanguage":"ca","@id":"https:\/\/www.corsobori.com\/ca\/#\/schema\/logo\/image\/","url":"https:\/\/www.corsobori.com\/wp-content\/uploads\/2024\/08\/logo-corsobori.png","contentUrl":"https:\/\/www.corsobori.com\/wp-content\/uploads\/2024\/08\/logo-corsobori.png","width":1210,"height":146,"caption":"Corsobori"},"image":{"@id":"https:\/\/www.corsobori.com\/ca\/#\/schema\/logo\/image\/"}}]}},"_links":{"self":[{"href":"https:\/\/www.corsobori.com\/ca\/wp-json\/wp\/v2\/product\/6090","targetHints":{"allow":["GET"]}}],"collection":[{"href":"https:\/\/www.corsobori.com\/ca\/wp-json\/wp\/v2\/product"}],"about":[{"href":"https:\/\/www.corsobori.com\/ca\/wp-json\/wp\/v2\/types\/product"}],"replies":[{"embeddable":true,"href":"https:\/\/www.corsobori.com\/ca\/wp-json\/wp\/v2\/comments?post=6090"}],"wp:featuredmedia":[{"embeddable":true,"href":"https:\/\/www.corsobori.com\/ca\/wp-json\/wp\/v2\/media\/3542"}],"wp:attachment":[{"href":"https:\/\/www.corsobori.com\/ca\/wp-json\/wp\/v2\/media?parent=6090"}],"wp:term":[{"taxonomy":"product_brand","embeddable":true,"href":"https:\/\/www.corsobori.com\/ca\/wp-json\/wp\/v2\/product_brand?post=6090"},{"taxonomy":"product_cat","embeddable":true,"href":"https:\/\/www.corsobori.com\/ca\/wp-json\/wp\/v2\/product_cat?post=6090"},{"taxonomy":"product_tag","embeddable":true,"href":"https:\/\/www.corsobori.com\/ca\/wp-json\/wp\/v2\/product_tag?post=6090"}],"curies":[{"name":"wp","href":"https:\/\/api.w.org\/{rel}","templated":true}]}}