{"id":6087,"date":"2024-12-18T16:18:15","date_gmt":"2024-12-18T15:18:15","guid":{"rendered":"https:\/\/www.corsobori.com\/tienda\/p\/llibreria-hector\/"},"modified":"2024-12-18T16:18:15","modified_gmt":"2024-12-18T15:18:15","slug":"llibreria-hector","status":"publish","type":"product","link":"https:\/\/www.corsobori.com\/ca\/tienda\/p\/llibreria-hector\/","title":{"rendered":"Llibreria Hector de Molteni&#038;C"},"content":{"rendered":"<p>Vincent Van Duysen presenta el sistema de llibreries H\u00e9ctor, un innovador i vers\u00e0til conjunt de m\u00f2duls componibles que ofereix solucions est\u00e8tiques i funcionals per a l&#8217;emmagatzematge. Aquest sistema es caracteritza per la seva obertura abatible amortida, afegint funcionalitat amb calaixos al m\u00f2dul inferior. Solucions en acabats Iris i Roble Sunrise amplien les opcions est\u00e8tiques.    <\/p>\n","protected":false},"excerpt":{"rendered":"<p>Vincent Van Duysen presenta el sistema de llibreries H\u00e9ctor, un innovador i vers\u00e0til conjunt de m\u00f2duls componibles que ofereix solucions est\u00e8tiques i funcionals per a l&#8217;emmagatzematge. Aquest sistema es caracteritza per la seva obertura abatible amortida, afegint funcionalitat amb calaixos al m\u00f2dul inferior. Solucions en acabats Iris i Roble Sunrise amplien les opcions est\u00e8tiques.<\/p>\n","protected":false},"featured_media":3872,"comment_status":"open","ping_status":"closed","template":"","meta":{"_acf_changed":false},"product_brand":[],"product_cat":[193,172],"product_tag":[],"class_list":{"0":"post-6087","1":"product","2":"type-product","3":"status-publish","4":"has-post-thumbnail","6":"product_cat-llibreries","7":"product_cat-mobles-dinterior","9":"first","10":"instock","11":"sold-individually","12":"shipping-taxable","13":"purchasable","14":"product-type-simple"},"acf":[],"yoast_head":"<!-- This site is optimized with the Yoast SEO plugin v27.2 - https:\/\/yoast.com\/product\/yoast-seo-wordpress\/ -->\n<title>Llibreria Hector de Molteni&amp;C | Corsobori<\/title>\n<meta name=\"robots\" content=\"index, follow, max-snippet:-1, max-image-preview:large, max-video-preview:-1\" \/>\n<link rel=\"canonical\" href=\"https:\/\/www.corsobori.com\/ca\/tienda\/p\/llibreria-hector\/\" \/>\n<meta property=\"og:locale\" content=\"ca_ES\" \/>\n<meta property=\"og:type\" content=\"article\" \/>\n<meta property=\"og:title\" content=\"Llibreria Hector de Molteni&amp;C | Corsobori\" \/>\n<meta property=\"og:description\" content=\"Vincent Van Duysen presenta el sistema de llibreries H\u00e9ctor, un innovador i vers\u00e0til conjunt de m\u00f2duls componibles que ofereix solucions est\u00e8tiques i funcionals per a l&#8217;emmagatzematge. Aquest sistema es caracteritza per la seva obertura abatible amortida, afegint funcionalitat amb calaixos al m\u00f2dul inferior. Solucions en acabats Iris i Roble Sunrise amplien les opcions est\u00e8tiques.\" \/>\n<meta property=\"og:url\" content=\"https:\/\/www.corsobori.com\/ca\/tienda\/p\/llibreria-hector\/\" \/>\n<meta property=\"og:site_name\" content=\"corsobori.com\" \/>\n<meta property=\"og:image\" content=\"https:\/\/www.corsobori.com\/wp-content\/uploads\/2024\/12\/4_5_hector.jpg\" \/>\n\t<meta property=\"og:image:width\" content=\"1440\" \/>\n\t<meta property=\"og:image:height\" content=\"1080\" \/>\n\t<meta property=\"og:image:type\" content=\"image\/jpeg\" \/>\n<meta name=\"twitter:card\" content=\"summary_large_image\" \/>\n<!-- \/ Yoast SEO plugin. -->","yoast_head_json":{"title":"Llibreria Hector de Molteni&C | Corsobori","robots":{"index":"index","follow":"follow","max-snippet":"max-snippet:-1","max-image-preview":"max-image-preview:large","max-video-preview":"max-video-preview:-1"},"canonical":"https:\/\/www.corsobori.com\/ca\/tienda\/p\/llibreria-hector\/","og_locale":"ca_ES","og_type":"article","og_title":"Llibreria Hector de Molteni&C | Corsobori","og_description":"Vincent Van Duysen presenta el sistema de llibreries H\u00e9ctor, un innovador i vers\u00e0til conjunt de m\u00f2duls componibles que ofereix solucions est\u00e8tiques i funcionals per a l&#8217;emmagatzematge. Aquest sistema es caracteritza per la seva obertura abatible amortida, afegint funcionalitat amb calaixos al m\u00f2dul inferior. Solucions en acabats Iris i Roble Sunrise amplien les opcions est\u00e8tiques.","og_url":"https:\/\/www.corsobori.com\/ca\/tienda\/p\/llibreria-hector\/","og_site_name":"corsobori.com","og_image":[{"width":1440,"height":1080,"url":"https:\/\/www.corsobori.com\/wp-content\/uploads\/2024\/12\/4_5_hector.jpg","type":"image\/jpeg"}],"twitter_card":"summary_large_image","schema":{"@context":"https:\/\/schema.org","@graph":[{"@type":"WebPage","@id":"https:\/\/www.corsobori.com\/ca\/tienda\/p\/llibreria-hector\/","url":"https:\/\/www.corsobori.com\/ca\/tienda\/p\/llibreria-hector\/","name":"Llibreria Hector de Molteni&C | Corsobori","isPartOf":{"@id":"https:\/\/www.corsobori.com\/ca\/#website"},"primaryImageOfPage":{"@id":"https:\/\/www.corsobori.com\/ca\/tienda\/p\/llibreria-hector\/#primaryimage"},"image":{"@id":"https:\/\/www.corsobori.com\/ca\/tienda\/p\/llibreria-hector\/#primaryimage"},"thumbnailUrl":"https:\/\/www.corsobori.com\/wp-content\/uploads\/2024\/12\/4_5_hector.jpg","datePublished":"2024-12-18T15:18:15+00:00","breadcrumb":{"@id":"https:\/\/www.corsobori.com\/ca\/tienda\/p\/llibreria-hector\/#breadcrumb"},"inLanguage":"ca","potentialAction":[{"@type":"ReadAction","target":["https:\/\/www.corsobori.com\/ca\/tienda\/p\/llibreria-hector\/"]}]},{"@type":"ImageObject","inLanguage":"ca","@id":"https:\/\/www.corsobori.com\/ca\/tienda\/p\/llibreria-hector\/#primaryimage","url":"https:\/\/www.corsobori.com\/wp-content\/uploads\/2024\/12\/4_5_hector.jpg","contentUrl":"https:\/\/www.corsobori.com\/wp-content\/uploads\/2024\/12\/4_5_hector.jpg","width":1440,"height":1080},{"@type":"BreadcrumbList","@id":"https:\/\/www.corsobori.com\/ca\/tienda\/p\/llibreria-hector\/#breadcrumb","itemListElement":[{"@type":"ListItem","position":1,"name":"Portada","item":"https:\/\/www.corsobori.com\/ca\/inici\/"},{"@type":"ListItem","position":2,"name":"Botiga","item":"https:\/\/www.corsobori.com\/ca\/botiga\/"},{"@type":"ListItem","position":3,"name":"Llibreria Hector"}]},{"@type":"WebSite","@id":"https:\/\/www.corsobori.com\/ca\/#website","url":"https:\/\/www.corsobori.com\/ca\/","name":"Corsobori","description":"","publisher":{"@id":"https:\/\/www.corsobori.com\/ca\/#organization"},"potentialAction":[{"@type":"SearchAction","target":{"@type":"EntryPoint","urlTemplate":"https:\/\/www.corsobori.com\/ca\/?s={search_term_string}"},"query-input":{"@type":"PropertyValueSpecification","valueRequired":true,"valueName":"search_term_string"}}],"inLanguage":"ca"},{"@type":"Organization","@id":"https:\/\/www.corsobori.com\/ca\/#organization","name":"Corsobori","url":"https:\/\/www.corsobori.com\/ca\/","logo":{"@type":"ImageObject","inLanguage":"ca","@id":"https:\/\/www.corsobori.com\/ca\/#\/schema\/logo\/image\/","url":"https:\/\/www.corsobori.com\/wp-content\/uploads\/2024\/08\/logo-corsobori.png","contentUrl":"https:\/\/www.corsobori.com\/wp-content\/uploads\/2024\/08\/logo-corsobori.png","width":1210,"height":146,"caption":"Corsobori"},"image":{"@id":"https:\/\/www.corsobori.com\/ca\/#\/schema\/logo\/image\/"}}]}},"_links":{"self":[{"href":"https:\/\/www.corsobori.com\/ca\/wp-json\/wp\/v2\/product\/6087","targetHints":{"allow":["GET"]}}],"collection":[{"href":"https:\/\/www.corsobori.com\/ca\/wp-json\/wp\/v2\/product"}],"about":[{"href":"https:\/\/www.corsobori.com\/ca\/wp-json\/wp\/v2\/types\/product"}],"replies":[{"embeddable":true,"href":"https:\/\/www.corsobori.com\/ca\/wp-json\/wp\/v2\/comments?post=6087"}],"wp:featuredmedia":[{"embeddable":true,"href":"https:\/\/www.corsobori.com\/ca\/wp-json\/wp\/v2\/media\/3872"}],"wp:attachment":[{"href":"https:\/\/www.corsobori.com\/ca\/wp-json\/wp\/v2\/media?parent=6087"}],"wp:term":[{"taxonomy":"product_brand","embeddable":true,"href":"https:\/\/www.corsobori.com\/ca\/wp-json\/wp\/v2\/product_brand?post=6087"},{"taxonomy":"product_cat","embeddable":true,"href":"https:\/\/www.corsobori.com\/ca\/wp-json\/wp\/v2\/product_cat?post=6087"},{"taxonomy":"product_tag","embeddable":true,"href":"https:\/\/www.corsobori.com\/ca\/wp-json\/wp\/v2\/product_tag?post=6087"}],"curies":[{"name":"wp","href":"https:\/\/api.w.org\/{rel}","templated":true}]}}