{"id":5976,"date":"2024-12-18T16:18:26","date_gmt":"2024-12-18T15:18:26","guid":{"rendered":"https:\/\/www.corsobori.com\/tienda\/p\/tauleta-hubert\/"},"modified":"2024-12-18T16:18:26","modified_gmt":"2024-12-18T15:18:26","slug":"tauleta-hubert","status":"publish","type":"product","link":"https:\/\/www.corsobori.com\/ca\/tienda\/p\/tauleta-hubert\/","title":{"rendered":"Tauleta Hubert de Molteni&#038;C"},"content":{"rendered":"<p>La s\u00e8rie de tauletes dissenyada per Vincent Van Duysen complementa elegantment el sof\u00e0 Gregor, destacant pels angles arrodonits que creen un conjunt harmoni\u00f3s. Disponibles en formes quadrades i rectangulars, aquestes tauletes presenten dos sobres horitzontals de fusta, sostinguts per elements verticals corbs folrats en cuir. Aquest disseny enginy\u00f3s permet un espai parcialment tancat entre els sobres, ideal per emmagatzemar objectes quotidians. Vincent Van Duysen, arquitecte belga amb una visi\u00f3 que fusiona interiorisme i arquitectura, ha creat peces que reflecteixen puresa i essencialitat, mantenint una s\u00f2lida base formal.   <\/p>\n","protected":false},"excerpt":{"rendered":"<p>La s\u00e8rie de tauletes dissenyada per Vincent Van Duysen complementa elegantment el sof\u00e0 Gregor, destacant pels angles arrodonits que creen un conjunt harmoni\u00f3s. Disponibles en formes quadrades i rectangulars, aquestes tauletes presenten dos sobres horitzontals de fusta, sostinguts per elements verticals corbs folrats en cuir. Aquest disseny enginy\u00f3s permet un espai parcialment tancat entre els&#8230;<\/p>\n","protected":false},"featured_media":3730,"comment_status":"open","ping_status":"closed","template":"","meta":{"_acf_changed":false},"product_brand":[],"product_cat":[172,201],"product_tag":[],"class_list":{"0":"post-5976","1":"product","2":"type-product","3":"status-publish","4":"has-post-thumbnail","6":"product_cat-mobles-dinterior","7":"product_cat-tauletes","9":"first","10":"instock","11":"sold-individually","12":"shipping-taxable","13":"purchasable","14":"product-type-simple"},"acf":[],"yoast_head":"<!-- This site is optimized with the Yoast SEO plugin v27.2 - https:\/\/yoast.com\/product\/yoast-seo-wordpress\/ -->\n<title>Tauleta Hubert de Molteni&amp;C | Corsobori<\/title>\n<meta name=\"robots\" content=\"index, follow, max-snippet:-1, max-image-preview:large, max-video-preview:-1\" \/>\n<link rel=\"canonical\" href=\"https:\/\/www.corsobori.com\/ca\/tienda\/p\/tauleta-hubert\/\" \/>\n<meta property=\"og:locale\" content=\"ca_ES\" \/>\n<meta property=\"og:type\" content=\"article\" \/>\n<meta property=\"og:title\" content=\"Tauleta Hubert de Molteni&amp;C | Corsobori\" \/>\n<meta property=\"og:description\" content=\"La s\u00e8rie de tauletes dissenyada per Vincent Van Duysen complementa elegantment el sof\u00e0 Gregor, destacant pels angles arrodonits que creen un conjunt harmoni\u00f3s. Disponibles en formes quadrades i rectangulars, aquestes tauletes presenten dos sobres horitzontals de fusta, sostinguts per elements verticals corbs folrats en cuir. Aquest disseny enginy\u00f3s permet un espai parcialment tancat entre els...\" \/>\n<meta property=\"og:url\" content=\"https:\/\/www.corsobori.com\/ca\/tienda\/p\/tauleta-hubert\/\" \/>\n<meta property=\"og:site_name\" content=\"corsobori.com\" \/>\n<meta property=\"og:image\" content=\"https:\/\/www.corsobori.com\/wp-content\/uploads\/2024\/12\/1_4-Hubert_Famiglia.jpg\" \/>\n\t<meta property=\"og:image:width\" content=\"1440\" \/>\n\t<meta property=\"og:image:height\" content=\"1080\" \/>\n\t<meta property=\"og:image:type\" content=\"image\/jpeg\" \/>\n<meta name=\"twitter:card\" content=\"summary_large_image\" \/>\n<!-- \/ Yoast SEO plugin. -->","yoast_head_json":{"title":"Tauleta Hubert de Molteni&C | Corsobori","robots":{"index":"index","follow":"follow","max-snippet":"max-snippet:-1","max-image-preview":"max-image-preview:large","max-video-preview":"max-video-preview:-1"},"canonical":"https:\/\/www.corsobori.com\/ca\/tienda\/p\/tauleta-hubert\/","og_locale":"ca_ES","og_type":"article","og_title":"Tauleta Hubert de Molteni&C | Corsobori","og_description":"La s\u00e8rie de tauletes dissenyada per Vincent Van Duysen complementa elegantment el sof\u00e0 Gregor, destacant pels angles arrodonits que creen un conjunt harmoni\u00f3s. Disponibles en formes quadrades i rectangulars, aquestes tauletes presenten dos sobres horitzontals de fusta, sostinguts per elements verticals corbs folrats en cuir. Aquest disseny enginy\u00f3s permet un espai parcialment tancat entre els...","og_url":"https:\/\/www.corsobori.com\/ca\/tienda\/p\/tauleta-hubert\/","og_site_name":"corsobori.com","og_image":[{"width":1440,"height":1080,"url":"https:\/\/www.corsobori.com\/wp-content\/uploads\/2024\/12\/1_4-Hubert_Famiglia.jpg","type":"image\/jpeg"}],"twitter_card":"summary_large_image","schema":{"@context":"https:\/\/schema.org","@graph":[{"@type":"WebPage","@id":"https:\/\/www.corsobori.com\/ca\/tienda\/p\/tauleta-hubert\/","url":"https:\/\/www.corsobori.com\/ca\/tienda\/p\/tauleta-hubert\/","name":"Tauleta Hubert de Molteni&C | Corsobori","isPartOf":{"@id":"https:\/\/www.corsobori.com\/ca\/#website"},"primaryImageOfPage":{"@id":"https:\/\/www.corsobori.com\/ca\/tienda\/p\/tauleta-hubert\/#primaryimage"},"image":{"@id":"https:\/\/www.corsobori.com\/ca\/tienda\/p\/tauleta-hubert\/#primaryimage"},"thumbnailUrl":"https:\/\/www.corsobori.com\/wp-content\/uploads\/2024\/12\/1_4-Hubert_Famiglia.jpg","datePublished":"2024-12-18T15:18:26+00:00","breadcrumb":{"@id":"https:\/\/www.corsobori.com\/ca\/tienda\/p\/tauleta-hubert\/#breadcrumb"},"inLanguage":"ca","potentialAction":[{"@type":"ReadAction","target":["https:\/\/www.corsobori.com\/ca\/tienda\/p\/tauleta-hubert\/"]}]},{"@type":"ImageObject","inLanguage":"ca","@id":"https:\/\/www.corsobori.com\/ca\/tienda\/p\/tauleta-hubert\/#primaryimage","url":"https:\/\/www.corsobori.com\/wp-content\/uploads\/2024\/12\/1_4-Hubert_Famiglia.jpg","contentUrl":"https:\/\/www.corsobori.com\/wp-content\/uploads\/2024\/12\/1_4-Hubert_Famiglia.jpg","width":1440,"height":1080},{"@type":"BreadcrumbList","@id":"https:\/\/www.corsobori.com\/ca\/tienda\/p\/tauleta-hubert\/#breadcrumb","itemListElement":[{"@type":"ListItem","position":1,"name":"Portada","item":"https:\/\/www.corsobori.com\/ca\/inici\/"},{"@type":"ListItem","position":2,"name":"Botiga","item":"https:\/\/www.corsobori.com\/ca\/botiga\/"},{"@type":"ListItem","position":3,"name":"Tauleta Hubert"}]},{"@type":"WebSite","@id":"https:\/\/www.corsobori.com\/ca\/#website","url":"https:\/\/www.corsobori.com\/ca\/","name":"Corsobori","description":"","publisher":{"@id":"https:\/\/www.corsobori.com\/ca\/#organization"},"potentialAction":[{"@type":"SearchAction","target":{"@type":"EntryPoint","urlTemplate":"https:\/\/www.corsobori.com\/ca\/?s={search_term_string}"},"query-input":{"@type":"PropertyValueSpecification","valueRequired":true,"valueName":"search_term_string"}}],"inLanguage":"ca"},{"@type":"Organization","@id":"https:\/\/www.corsobori.com\/ca\/#organization","name":"Corsobori","url":"https:\/\/www.corsobori.com\/ca\/","logo":{"@type":"ImageObject","inLanguage":"ca","@id":"https:\/\/www.corsobori.com\/ca\/#\/schema\/logo\/image\/","url":"https:\/\/www.corsobori.com\/wp-content\/uploads\/2024\/08\/logo-corsobori.png","contentUrl":"https:\/\/www.corsobori.com\/wp-content\/uploads\/2024\/08\/logo-corsobori.png","width":1210,"height":146,"caption":"Corsobori"},"image":{"@id":"https:\/\/www.corsobori.com\/ca\/#\/schema\/logo\/image\/"}}]}},"_links":{"self":[{"href":"https:\/\/www.corsobori.com\/ca\/wp-json\/wp\/v2\/product\/5976","targetHints":{"allow":["GET"]}}],"collection":[{"href":"https:\/\/www.corsobori.com\/ca\/wp-json\/wp\/v2\/product"}],"about":[{"href":"https:\/\/www.corsobori.com\/ca\/wp-json\/wp\/v2\/types\/product"}],"replies":[{"embeddable":true,"href":"https:\/\/www.corsobori.com\/ca\/wp-json\/wp\/v2\/comments?post=5976"}],"wp:featuredmedia":[{"embeddable":true,"href":"https:\/\/www.corsobori.com\/ca\/wp-json\/wp\/v2\/media\/3730"}],"wp:attachment":[{"href":"https:\/\/www.corsobori.com\/ca\/wp-json\/wp\/v2\/media?parent=5976"}],"wp:term":[{"taxonomy":"product_brand","embeddable":true,"href":"https:\/\/www.corsobori.com\/ca\/wp-json\/wp\/v2\/product_brand?post=5976"},{"taxonomy":"product_cat","embeddable":true,"href":"https:\/\/www.corsobori.com\/ca\/wp-json\/wp\/v2\/product_cat?post=5976"},{"taxonomy":"product_tag","embeddable":true,"href":"https:\/\/www.corsobori.com\/ca\/wp-json\/wp\/v2\/product_tag?post=5976"}],"curies":[{"name":"wp","href":"https:\/\/api.w.org\/{rel}","templated":true}]}}