{"id":5970,"date":"2024-12-18T16:18:24","date_gmt":"2024-12-18T15:18:24","guid":{"rendered":"https:\/\/www.corsobori.com\/tienda\/p\/tauleta-aster\/"},"modified":"2024-12-18T16:18:24","modified_gmt":"2024-12-18T15:18:24","slug":"tauleta-aster","status":"publish","type":"product","link":"https:\/\/www.corsobori.com\/ca\/tienda\/p\/tauleta-aster\/","title":{"rendered":"Tauleta Aster de Molteni&#038;C"},"content":{"rendered":"<p>La taula de centre Aster, dissenyada per Vincent Van Duysen, \u00e9s una obra mestra d?artesania i funcionalitat. Fabricada a m\u00e0, cada pe\u00e7a \u00e9s \u00fanica i presenta lleugeres variacions que reflecteixen la seva naturalesa artesanal. La base de bronze fos, amb un acabat sofisticat i una est\u00e8tica aconseguida mitjan\u00e7ant soldadura, es complementa amb una superf\u00edcie de vidre recuit d&#8217;1,9 cm de gruix, que incorpora una ondulaci\u00f3 que li confereix car\u00e0cter. Disponible en dues mides i acabats de bronze polit o patinat negre, la taula Aster es pot personalitzar amb vidre fumat o verd. Aquesta pe\u00e7a no nom\u00e9s \u00e9s funcional, sin\u00f3 que tamb\u00e9 aporta un valu\u00f3s sentit escultural a qualsevol espai.    <\/p>\n","protected":false},"excerpt":{"rendered":"<p>La taula de centre Aster, dissenyada per Vincent Van Duysen, \u00e9s una obra mestra d?artesania i funcionalitat. Fabricada a m\u00e0, cada pe\u00e7a \u00e9s \u00fanica i presenta lleugeres variacions que reflecteixen la seva naturalesa artesanal. La base de bronze fos, amb un acabat sofisticat i una est\u00e8tica aconseguida mitjan\u00e7ant soldadura, es complementa amb una superf\u00edcie de&#8230;<\/p>\n","protected":false},"featured_media":3680,"comment_status":"open","ping_status":"closed","template":"","meta":{"_acf_changed":false},"product_brand":[],"product_cat":[172,201],"product_tag":[],"class_list":{"0":"post-5970","1":"product","2":"type-product","3":"status-publish","4":"has-post-thumbnail","6":"product_cat-mobles-dinterior","7":"product_cat-tauletes","9":"first","10":"instock","11":"sold-individually","12":"shipping-taxable","13":"purchasable","14":"product-type-simple"},"acf":[],"yoast_head":"<!-- This site is optimized with the Yoast SEO plugin v27.2 - https:\/\/yoast.com\/product\/yoast-seo-wordpress\/ -->\n<title>Tauleta Aster de Molteni&amp;C | Corsobori<\/title>\n<meta name=\"robots\" content=\"index, follow, max-snippet:-1, max-image-preview:large, max-video-preview:-1\" \/>\n<link rel=\"canonical\" href=\"https:\/\/www.corsobori.com\/ca\/tienda\/p\/tauleta-aster\/\" \/>\n<meta property=\"og:locale\" content=\"ca_ES\" \/>\n<meta property=\"og:type\" content=\"article\" \/>\n<meta property=\"og:title\" content=\"Tauleta Aster de Molteni&amp;C | Corsobori\" \/>\n<meta property=\"og:description\" content=\"La taula de centre Aster, dissenyada per Vincent Van Duysen, \u00e9s una obra mestra d?artesania i funcionalitat. Fabricada a m\u00e0, cada pe\u00e7a \u00e9s \u00fanica i presenta lleugeres variacions que reflecteixen la seva naturalesa artesanal. La base de bronze fos, amb un acabat sofisticat i una est\u00e8tica aconseguida mitjan\u00e7ant soldadura, es complementa amb una superf\u00edcie de...\" \/>\n<meta property=\"og:url\" content=\"https:\/\/www.corsobori.com\/ca\/tienda\/p\/tauleta-aster\/\" \/>\n<meta property=\"og:site_name\" content=\"corsobori.com\" \/>\n<meta property=\"og:image\" content=\"https:\/\/www.corsobori.com\/wp-content\/uploads\/2024\/12\/4_3_ster_01.jpg\" \/>\n\t<meta property=\"og:image:width\" content=\"1440\" \/>\n\t<meta property=\"og:image:height\" content=\"1080\" \/>\n\t<meta property=\"og:image:type\" content=\"image\/jpeg\" \/>\n<meta name=\"twitter:card\" content=\"summary_large_image\" \/>\n<meta name=\"twitter:label1\" content=\"Temps estimat de lectura\" \/>\n\t<meta name=\"twitter:data1\" content=\"1 minut\" \/>\n<!-- \/ Yoast SEO plugin. -->","yoast_head_json":{"title":"Tauleta Aster de Molteni&C | Corsobori","robots":{"index":"index","follow":"follow","max-snippet":"max-snippet:-1","max-image-preview":"max-image-preview:large","max-video-preview":"max-video-preview:-1"},"canonical":"https:\/\/www.corsobori.com\/ca\/tienda\/p\/tauleta-aster\/","og_locale":"ca_ES","og_type":"article","og_title":"Tauleta Aster de Molteni&C | Corsobori","og_description":"La taula de centre Aster, dissenyada per Vincent Van Duysen, \u00e9s una obra mestra d?artesania i funcionalitat. Fabricada a m\u00e0, cada pe\u00e7a \u00e9s \u00fanica i presenta lleugeres variacions que reflecteixen la seva naturalesa artesanal. La base de bronze fos, amb un acabat sofisticat i una est\u00e8tica aconseguida mitjan\u00e7ant soldadura, es complementa amb una superf\u00edcie de...","og_url":"https:\/\/www.corsobori.com\/ca\/tienda\/p\/tauleta-aster\/","og_site_name":"corsobori.com","og_image":[{"width":1440,"height":1080,"url":"https:\/\/www.corsobori.com\/wp-content\/uploads\/2024\/12\/4_3_ster_01.jpg","type":"image\/jpeg"}],"twitter_card":"summary_large_image","twitter_misc":{"Temps estimat de lectura":"1 minut"},"schema":{"@context":"https:\/\/schema.org","@graph":[{"@type":"WebPage","@id":"https:\/\/www.corsobori.com\/ca\/tienda\/p\/tauleta-aster\/","url":"https:\/\/www.corsobori.com\/ca\/tienda\/p\/tauleta-aster\/","name":"Tauleta Aster de Molteni&C | Corsobori","isPartOf":{"@id":"https:\/\/www.corsobori.com\/ca\/#website"},"primaryImageOfPage":{"@id":"https:\/\/www.corsobori.com\/ca\/tienda\/p\/tauleta-aster\/#primaryimage"},"image":{"@id":"https:\/\/www.corsobori.com\/ca\/tienda\/p\/tauleta-aster\/#primaryimage"},"thumbnailUrl":"https:\/\/www.corsobori.com\/wp-content\/uploads\/2024\/12\/4_3_ster_01.jpg","datePublished":"2024-12-18T15:18:24+00:00","breadcrumb":{"@id":"https:\/\/www.corsobori.com\/ca\/tienda\/p\/tauleta-aster\/#breadcrumb"},"inLanguage":"ca","potentialAction":[{"@type":"ReadAction","target":["https:\/\/www.corsobori.com\/ca\/tienda\/p\/tauleta-aster\/"]}]},{"@type":"ImageObject","inLanguage":"ca","@id":"https:\/\/www.corsobori.com\/ca\/tienda\/p\/tauleta-aster\/#primaryimage","url":"https:\/\/www.corsobori.com\/wp-content\/uploads\/2024\/12\/4_3_ster_01.jpg","contentUrl":"https:\/\/www.corsobori.com\/wp-content\/uploads\/2024\/12\/4_3_ster_01.jpg","width":1440,"height":1080},{"@type":"BreadcrumbList","@id":"https:\/\/www.corsobori.com\/ca\/tienda\/p\/tauleta-aster\/#breadcrumb","itemListElement":[{"@type":"ListItem","position":1,"name":"Portada","item":"https:\/\/www.corsobori.com\/ca\/inici\/"},{"@type":"ListItem","position":2,"name":"Botiga","item":"https:\/\/www.corsobori.com\/ca\/botiga\/"},{"@type":"ListItem","position":3,"name":"Tauleta Aster"}]},{"@type":"WebSite","@id":"https:\/\/www.corsobori.com\/ca\/#website","url":"https:\/\/www.corsobori.com\/ca\/","name":"Corsobori","description":"","publisher":{"@id":"https:\/\/www.corsobori.com\/ca\/#organization"},"potentialAction":[{"@type":"SearchAction","target":{"@type":"EntryPoint","urlTemplate":"https:\/\/www.corsobori.com\/ca\/?s={search_term_string}"},"query-input":{"@type":"PropertyValueSpecification","valueRequired":true,"valueName":"search_term_string"}}],"inLanguage":"ca"},{"@type":"Organization","@id":"https:\/\/www.corsobori.com\/ca\/#organization","name":"Corsobori","url":"https:\/\/www.corsobori.com\/ca\/","logo":{"@type":"ImageObject","inLanguage":"ca","@id":"https:\/\/www.corsobori.com\/ca\/#\/schema\/logo\/image\/","url":"https:\/\/www.corsobori.com\/wp-content\/uploads\/2024\/08\/logo-corsobori.png","contentUrl":"https:\/\/www.corsobori.com\/wp-content\/uploads\/2024\/08\/logo-corsobori.png","width":1210,"height":146,"caption":"Corsobori"},"image":{"@id":"https:\/\/www.corsobori.com\/ca\/#\/schema\/logo\/image\/"}}]}},"_links":{"self":[{"href":"https:\/\/www.corsobori.com\/ca\/wp-json\/wp\/v2\/product\/5970","targetHints":{"allow":["GET"]}}],"collection":[{"href":"https:\/\/www.corsobori.com\/ca\/wp-json\/wp\/v2\/product"}],"about":[{"href":"https:\/\/www.corsobori.com\/ca\/wp-json\/wp\/v2\/types\/product"}],"replies":[{"embeddable":true,"href":"https:\/\/www.corsobori.com\/ca\/wp-json\/wp\/v2\/comments?post=5970"}],"wp:featuredmedia":[{"embeddable":true,"href":"https:\/\/www.corsobori.com\/ca\/wp-json\/wp\/v2\/media\/3680"}],"wp:attachment":[{"href":"https:\/\/www.corsobori.com\/ca\/wp-json\/wp\/v2\/media?parent=5970"}],"wp:term":[{"taxonomy":"product_brand","embeddable":true,"href":"https:\/\/www.corsobori.com\/ca\/wp-json\/wp\/v2\/product_brand?post=5970"},{"taxonomy":"product_cat","embeddable":true,"href":"https:\/\/www.corsobori.com\/ca\/wp-json\/wp\/v2\/product_cat?post=5970"},{"taxonomy":"product_tag","embeddable":true,"href":"https:\/\/www.corsobori.com\/ca\/wp-json\/wp\/v2\/product_tag?post=5970"}],"curies":[{"name":"wp","href":"https:\/\/api.w.org\/{rel}","templated":true}]}}