{"id":5960,"date":"2024-12-18T16:18:22","date_gmt":"2024-12-18T15:18:22","guid":{"rendered":"https:\/\/www.corsobori.com\/tienda\/p\/taula-old-ford\/"},"modified":"2024-12-18T16:18:22","modified_gmt":"2024-12-18T15:18:22","slug":"taula-old-ford","status":"publish","type":"product","link":"https:\/\/www.corsobori.com\/ca\/tienda\/p\/taula-old-ford\/","title":{"rendered":"Taula Old Ford de Molteni&#038;C"},"content":{"rendered":"<p>La taula Old Ford, dissenyada pel prestigi\u00f3s Rodolfo Dordoni per a Molteni&amp;C, \u00e9s un exemple d&#8217;est\u00e8tica, funcionalitat i innovaci\u00f3 t\u00e8cnica. Amb un tauler de vores arrodonides, disponible en limba, roure caf\u00e8 o marbre emperador, calacatta o sahara noir, i una base elegant en to antracita, la taula combina sofisticaci\u00f3 i modernitat. Les potes personalitzables en acabats lacats borgonya, verd pi o n\u00edquel negre, juntament amb una carcassa fabricada mitjan\u00e7ant hidroconformat, garanteixen la seva lleugeresa i resist\u00e8ncia. Amb mides de 250&#215;120 cm o 290&#215;130 cm i una al\u00e7ada de 74 cm, l&#8217;Old Ford es presenta com una opci\u00f3 vers\u00e0til i escult\u00f2rica per a qualsevol espai, reflectint el comprom\u00eds de Molteni&amp;C amb l&#8217;originalitat i la durabilitat.   <\/p>\n","protected":false},"excerpt":{"rendered":"<p>La taula Old Ford, dissenyada pel prestigi\u00f3s Rodolfo Dordoni per a Molteni&amp;C, \u00e9s un exemple d&#8217;est\u00e8tica, funcionalitat i innovaci\u00f3 t\u00e8cnica. Amb un tauler de vores arrodonides, disponible en limba, roure caf\u00e8 o marbre emperador, calacatta o sahara noir, i una base elegant en to antracita, la taula combina sofisticaci\u00f3 i modernitat. Les potes personalitzables en&#8230;<\/p>\n","protected":false},"featured_media":3612,"comment_status":"open","ping_status":"closed","template":"","meta":{"_acf_changed":false},"product_brand":[],"product_cat":[172,234],"product_tag":[],"class_list":{"0":"post-5960","1":"product","2":"type-product","3":"status-publish","4":"has-post-thumbnail","6":"product_cat-mobles-dinterior","7":"product_cat-taules","9":"first","10":"instock","11":"sold-individually","12":"shipping-taxable","13":"purchasable","14":"product-type-simple"},"acf":[],"yoast_head":"<!-- This site is optimized with the Yoast SEO plugin v27.2 - https:\/\/yoast.com\/product\/yoast-seo-wordpress\/ -->\n<title>Taula Old Ford de Molteni&amp;C | Corsobori<\/title>\n<meta name=\"robots\" content=\"index, follow, max-snippet:-1, max-image-preview:large, max-video-preview:-1\" \/>\n<link rel=\"canonical\" href=\"https:\/\/www.corsobori.com\/ca\/tienda\/p\/taula-old-ford\/\" \/>\n<meta property=\"og:locale\" content=\"ca_ES\" \/>\n<meta property=\"og:type\" content=\"article\" \/>\n<meta property=\"og:title\" content=\"Taula Old Ford de Molteni&amp;C | Corsobori\" \/>\n<meta property=\"og:description\" content=\"La taula Old Ford, dissenyada pel prestigi\u00f3s Rodolfo Dordoni per a Molteni&amp;C, \u00e9s un exemple d&#8217;est\u00e8tica, funcionalitat i innovaci\u00f3 t\u00e8cnica. Amb un tauler de vores arrodonides, disponible en limba, roure caf\u00e8 o marbre emperador, calacatta o sahara noir, i una base elegant en to antracita, la taula combina sofisticaci\u00f3 i modernitat. Les potes personalitzables en...\" \/>\n<meta property=\"og:url\" content=\"https:\/\/www.corsobori.com\/ca\/tienda\/p\/taula-old-ford\/\" \/>\n<meta property=\"og:site_name\" content=\"corsobori.com\" \/>\n<meta property=\"og:image\" content=\"https:\/\/www.corsobori.com\/wp-content\/uploads\/2024\/12\/4_3_OldFord_01_NEW.jpg\" \/>\n\t<meta property=\"og:image:width\" content=\"1440\" \/>\n\t<meta property=\"og:image:height\" content=\"1080\" \/>\n\t<meta property=\"og:image:type\" content=\"image\/jpeg\" \/>\n<meta name=\"twitter:card\" content=\"summary_large_image\" \/>\n<meta name=\"twitter:label1\" content=\"Temps estimat de lectura\" \/>\n\t<meta name=\"twitter:data1\" content=\"1 minut\" \/>\n<!-- \/ Yoast SEO plugin. -->","yoast_head_json":{"title":"Taula Old Ford de Molteni&C | Corsobori","robots":{"index":"index","follow":"follow","max-snippet":"max-snippet:-1","max-image-preview":"max-image-preview:large","max-video-preview":"max-video-preview:-1"},"canonical":"https:\/\/www.corsobori.com\/ca\/tienda\/p\/taula-old-ford\/","og_locale":"ca_ES","og_type":"article","og_title":"Taula Old Ford de Molteni&C | Corsobori","og_description":"La taula Old Ford, dissenyada pel prestigi\u00f3s Rodolfo Dordoni per a Molteni&amp;C, \u00e9s un exemple d&#8217;est\u00e8tica, funcionalitat i innovaci\u00f3 t\u00e8cnica. Amb un tauler de vores arrodonides, disponible en limba, roure caf\u00e8 o marbre emperador, calacatta o sahara noir, i una base elegant en to antracita, la taula combina sofisticaci\u00f3 i modernitat. Les potes personalitzables en...","og_url":"https:\/\/www.corsobori.com\/ca\/tienda\/p\/taula-old-ford\/","og_site_name":"corsobori.com","og_image":[{"width":1440,"height":1080,"url":"https:\/\/www.corsobori.com\/wp-content\/uploads\/2024\/12\/4_3_OldFord_01_NEW.jpg","type":"image\/jpeg"}],"twitter_card":"summary_large_image","twitter_misc":{"Temps estimat de lectura":"1 minut"},"schema":{"@context":"https:\/\/schema.org","@graph":[{"@type":"WebPage","@id":"https:\/\/www.corsobori.com\/ca\/tienda\/p\/taula-old-ford\/","url":"https:\/\/www.corsobori.com\/ca\/tienda\/p\/taula-old-ford\/","name":"Taula Old Ford de Molteni&C | Corsobori","isPartOf":{"@id":"https:\/\/www.corsobori.com\/ca\/#website"},"primaryImageOfPage":{"@id":"https:\/\/www.corsobori.com\/ca\/tienda\/p\/taula-old-ford\/#primaryimage"},"image":{"@id":"https:\/\/www.corsobori.com\/ca\/tienda\/p\/taula-old-ford\/#primaryimage"},"thumbnailUrl":"https:\/\/www.corsobori.com\/wp-content\/uploads\/2024\/12\/4_3_OldFord_01_NEW.jpg","datePublished":"2024-12-18T15:18:22+00:00","breadcrumb":{"@id":"https:\/\/www.corsobori.com\/ca\/tienda\/p\/taula-old-ford\/#breadcrumb"},"inLanguage":"ca","potentialAction":[{"@type":"ReadAction","target":["https:\/\/www.corsobori.com\/ca\/tienda\/p\/taula-old-ford\/"]}]},{"@type":"ImageObject","inLanguage":"ca","@id":"https:\/\/www.corsobori.com\/ca\/tienda\/p\/taula-old-ford\/#primaryimage","url":"https:\/\/www.corsobori.com\/wp-content\/uploads\/2024\/12\/4_3_OldFord_01_NEW.jpg","contentUrl":"https:\/\/www.corsobori.com\/wp-content\/uploads\/2024\/12\/4_3_OldFord_01_NEW.jpg","width":1440,"height":1080},{"@type":"BreadcrumbList","@id":"https:\/\/www.corsobori.com\/ca\/tienda\/p\/taula-old-ford\/#breadcrumb","itemListElement":[{"@type":"ListItem","position":1,"name":"Portada","item":"https:\/\/www.corsobori.com\/ca\/inici\/"},{"@type":"ListItem","position":2,"name":"Botiga","item":"https:\/\/www.corsobori.com\/ca\/botiga\/"},{"@type":"ListItem","position":3,"name":"Taula Old Ford"}]},{"@type":"WebSite","@id":"https:\/\/www.corsobori.com\/ca\/#website","url":"https:\/\/www.corsobori.com\/ca\/","name":"Corsobori","description":"","publisher":{"@id":"https:\/\/www.corsobori.com\/ca\/#organization"},"potentialAction":[{"@type":"SearchAction","target":{"@type":"EntryPoint","urlTemplate":"https:\/\/www.corsobori.com\/ca\/?s={search_term_string}"},"query-input":{"@type":"PropertyValueSpecification","valueRequired":true,"valueName":"search_term_string"}}],"inLanguage":"ca"},{"@type":"Organization","@id":"https:\/\/www.corsobori.com\/ca\/#organization","name":"Corsobori","url":"https:\/\/www.corsobori.com\/ca\/","logo":{"@type":"ImageObject","inLanguage":"ca","@id":"https:\/\/www.corsobori.com\/ca\/#\/schema\/logo\/image\/","url":"https:\/\/www.corsobori.com\/wp-content\/uploads\/2024\/08\/logo-corsobori.png","contentUrl":"https:\/\/www.corsobori.com\/wp-content\/uploads\/2024\/08\/logo-corsobori.png","width":1210,"height":146,"caption":"Corsobori"},"image":{"@id":"https:\/\/www.corsobori.com\/ca\/#\/schema\/logo\/image\/"}}]}},"_links":{"self":[{"href":"https:\/\/www.corsobori.com\/ca\/wp-json\/wp\/v2\/product\/5960","targetHints":{"allow":["GET"]}}],"collection":[{"href":"https:\/\/www.corsobori.com\/ca\/wp-json\/wp\/v2\/product"}],"about":[{"href":"https:\/\/www.corsobori.com\/ca\/wp-json\/wp\/v2\/types\/product"}],"replies":[{"embeddable":true,"href":"https:\/\/www.corsobori.com\/ca\/wp-json\/wp\/v2\/comments?post=5960"}],"wp:featuredmedia":[{"embeddable":true,"href":"https:\/\/www.corsobori.com\/ca\/wp-json\/wp\/v2\/media\/3612"}],"wp:attachment":[{"href":"https:\/\/www.corsobori.com\/ca\/wp-json\/wp\/v2\/media?parent=5960"}],"wp:term":[{"taxonomy":"product_brand","embeddable":true,"href":"https:\/\/www.corsobori.com\/ca\/wp-json\/wp\/v2\/product_brand?post=5960"},{"taxonomy":"product_cat","embeddable":true,"href":"https:\/\/www.corsobori.com\/ca\/wp-json\/wp\/v2\/product_cat?post=5960"},{"taxonomy":"product_tag","embeddable":true,"href":"https:\/\/www.corsobori.com\/ca\/wp-json\/wp\/v2\/product_tag?post=5960"}],"curies":[{"name":"wp","href":"https:\/\/api.w.org\/{rel}","templated":true}]}}