{"id":5871,"date":"2025-01-22T16:18:39","date_gmt":"2025-01-22T15:18:39","guid":{"rendered":"https:\/\/www.corsobori.com\/tienda\/p\/sofa-chelsea-2\/"},"modified":"2025-01-22T16:18:39","modified_gmt":"2025-01-22T15:18:39","slug":"sofa-chelsea-2","status":"publish","type":"product","link":"https:\/\/www.corsobori.com\/ca\/tienda\/p\/sofa-chelsea-2\/","title":{"rendered":"Sof\u00e0 Chelsea de Molteni&#038;C"},"content":{"rendered":"<p>La col\u00b7lecci\u00f3 Chelsea, creada per Rodolfo Dordoni el 2014, s&#8217;amplia amb un sof\u00e0, una butaca de respatllers envoltants i un banc, dissenyats per generar un rac\u00f3 acollidor dins d&#8217;espais amplis, afavorint la conversa i el relax. La seva estructura de fusta, de l\u00ednies essencials, s&#8217;equilibra amb la flu\u00efdesa dels respatllers, aconseguint un seient elegant i confortable. Cada pe\u00e7a reflecteix el mestratge artesanal mitjan\u00e7ant l&#8217;\u00fas de materials d&#8217;alta qualitat com la fusta, el t\u00e8xtil i la pell, treballats amb precisi\u00f3 i dedicaci\u00f3. Els detalls acuradament elaborats aporten un atractiu especial, convertint la col\u00b7lecci\u00f3 en una opci\u00f3 vers\u00e0til i sofisticada per a qualsevol ambient.   <\/p>\n","protected":false},"excerpt":{"rendered":"<p>La col\u00b7lecci\u00f3 Chelsea, creada per Rodolfo Dordoni el 2014, s&#8217;amplia amb un sof\u00e0, una butaca de respatllers envoltants i un banc, dissenyats per generar un rac\u00f3 acollidor dins d&#8217;espais amplis, afavorint la conversa i el relax. La seva estructura de fusta, de l\u00ednies essencials, s&#8217;equilibra amb la flu\u00efdesa dels respatllers, aconseguint un seient elegant i&#8230;<\/p>\n","protected":false},"featured_media":4370,"comment_status":"open","ping_status":"closed","template":"","meta":{"_acf_changed":false},"product_brand":[],"product_cat":[172,215],"product_tag":[],"class_list":{"0":"post-5871","1":"product","2":"type-product","3":"status-publish","4":"has-post-thumbnail","6":"product_cat-mobles-dinterior","7":"product_cat-sofas-ca","9":"first","10":"instock","11":"sold-individually","12":"shipping-taxable","13":"purchasable","14":"product-type-simple"},"acf":[],"yoast_head":"<!-- This site is optimized with the Yoast SEO plugin v27.2 - https:\/\/yoast.com\/product\/yoast-seo-wordpress\/ -->\n<title>Sof\u00e0 Chelsea de Molteni&amp;C | Corsobori<\/title>\n<meta name=\"robots\" content=\"index, follow, max-snippet:-1, max-image-preview:large, max-video-preview:-1\" \/>\n<link rel=\"canonical\" href=\"https:\/\/www.corsobori.com\/ca\/tienda\/p\/sofa-chelsea-2\/\" \/>\n<meta property=\"og:locale\" content=\"ca_ES\" \/>\n<meta property=\"og:type\" content=\"article\" \/>\n<meta property=\"og:title\" content=\"Sof\u00e0 Chelsea de Molteni&amp;C | Corsobori\" \/>\n<meta property=\"og:description\" content=\"La col\u00b7lecci\u00f3 Chelsea, creada per Rodolfo Dordoni el 2014, s&#8217;amplia amb un sof\u00e0, una butaca de respatllers envoltants i un banc, dissenyats per generar un rac\u00f3 acollidor dins d&#8217;espais amplis, afavorint la conversa i el relax. La seva estructura de fusta, de l\u00ednies essencials, s&#8217;equilibra amb la flu\u00efdesa dels respatllers, aconseguint un seient elegant i...\" \/>\n<meta property=\"og:url\" content=\"https:\/\/www.corsobori.com\/ca\/tienda\/p\/sofa-chelsea-2\/\" \/>\n<meta property=\"og:site_name\" content=\"corsobori.com\" \/>\n<meta property=\"og:image\" content=\"https:\/\/www.corsobori.com\/wp-content\/uploads\/2025\/01\/576b959d1a874.jpg\" \/>\n\t<meta property=\"og:image:width\" content=\"1440\" \/>\n\t<meta property=\"og:image:height\" content=\"1080\" \/>\n\t<meta property=\"og:image:type\" content=\"image\/jpeg\" \/>\n<meta name=\"twitter:card\" content=\"summary_large_image\" \/>\n<meta name=\"twitter:label1\" content=\"Temps estimat de lectura\" \/>\n\t<meta name=\"twitter:data1\" content=\"1 minut\" \/>\n<!-- \/ Yoast SEO plugin. -->","yoast_head_json":{"title":"Sof\u00e0 Chelsea de Molteni&C | Corsobori","robots":{"index":"index","follow":"follow","max-snippet":"max-snippet:-1","max-image-preview":"max-image-preview:large","max-video-preview":"max-video-preview:-1"},"canonical":"https:\/\/www.corsobori.com\/ca\/tienda\/p\/sofa-chelsea-2\/","og_locale":"ca_ES","og_type":"article","og_title":"Sof\u00e0 Chelsea de Molteni&C | Corsobori","og_description":"La col\u00b7lecci\u00f3 Chelsea, creada per Rodolfo Dordoni el 2014, s&#8217;amplia amb un sof\u00e0, una butaca de respatllers envoltants i un banc, dissenyats per generar un rac\u00f3 acollidor dins d&#8217;espais amplis, afavorint la conversa i el relax. La seva estructura de fusta, de l\u00ednies essencials, s&#8217;equilibra amb la flu\u00efdesa dels respatllers, aconseguint un seient elegant i...","og_url":"https:\/\/www.corsobori.com\/ca\/tienda\/p\/sofa-chelsea-2\/","og_site_name":"corsobori.com","og_image":[{"width":1440,"height":1080,"url":"https:\/\/www.corsobori.com\/wp-content\/uploads\/2025\/01\/576b959d1a874.jpg","type":"image\/jpeg"}],"twitter_card":"summary_large_image","twitter_misc":{"Temps estimat de lectura":"1 minut"},"schema":{"@context":"https:\/\/schema.org","@graph":[{"@type":"WebPage","@id":"https:\/\/www.corsobori.com\/ca\/tienda\/p\/sofa-chelsea-2\/","url":"https:\/\/www.corsobori.com\/ca\/tienda\/p\/sofa-chelsea-2\/","name":"Sof\u00e0 Chelsea de Molteni&C | Corsobori","isPartOf":{"@id":"https:\/\/www.corsobori.com\/ca\/#website"},"primaryImageOfPage":{"@id":"https:\/\/www.corsobori.com\/ca\/tienda\/p\/sofa-chelsea-2\/#primaryimage"},"image":{"@id":"https:\/\/www.corsobori.com\/ca\/tienda\/p\/sofa-chelsea-2\/#primaryimage"},"thumbnailUrl":"https:\/\/www.corsobori.com\/wp-content\/uploads\/2025\/01\/576b959d1a874.jpg","datePublished":"2025-01-22T15:18:39+00:00","breadcrumb":{"@id":"https:\/\/www.corsobori.com\/ca\/tienda\/p\/sofa-chelsea-2\/#breadcrumb"},"inLanguage":"ca","potentialAction":[{"@type":"ReadAction","target":["https:\/\/www.corsobori.com\/ca\/tienda\/p\/sofa-chelsea-2\/"]}]},{"@type":"ImageObject","inLanguage":"ca","@id":"https:\/\/www.corsobori.com\/ca\/tienda\/p\/sofa-chelsea-2\/#primaryimage","url":"https:\/\/www.corsobori.com\/wp-content\/uploads\/2025\/01\/576b959d1a874.jpg","contentUrl":"https:\/\/www.corsobori.com\/wp-content\/uploads\/2025\/01\/576b959d1a874.jpg","width":1440,"height":1080},{"@type":"BreadcrumbList","@id":"https:\/\/www.corsobori.com\/ca\/tienda\/p\/sofa-chelsea-2\/#breadcrumb","itemListElement":[{"@type":"ListItem","position":1,"name":"Portada","item":"https:\/\/www.corsobori.com\/ca\/inici\/"},{"@type":"ListItem","position":2,"name":"Botiga","item":"https:\/\/www.corsobori.com\/ca\/botiga\/"},{"@type":"ListItem","position":3,"name":"Sof\u00e0 Chelsea"}]},{"@type":"WebSite","@id":"https:\/\/www.corsobori.com\/ca\/#website","url":"https:\/\/www.corsobori.com\/ca\/","name":"Corsobori","description":"","publisher":{"@id":"https:\/\/www.corsobori.com\/ca\/#organization"},"potentialAction":[{"@type":"SearchAction","target":{"@type":"EntryPoint","urlTemplate":"https:\/\/www.corsobori.com\/ca\/?s={search_term_string}"},"query-input":{"@type":"PropertyValueSpecification","valueRequired":true,"valueName":"search_term_string"}}],"inLanguage":"ca"},{"@type":"Organization","@id":"https:\/\/www.corsobori.com\/ca\/#organization","name":"Corsobori","url":"https:\/\/www.corsobori.com\/ca\/","logo":{"@type":"ImageObject","inLanguage":"ca","@id":"https:\/\/www.corsobori.com\/ca\/#\/schema\/logo\/image\/","url":"https:\/\/www.corsobori.com\/wp-content\/uploads\/2024\/08\/logo-corsobori.png","contentUrl":"https:\/\/www.corsobori.com\/wp-content\/uploads\/2024\/08\/logo-corsobori.png","width":1210,"height":146,"caption":"Corsobori"},"image":{"@id":"https:\/\/www.corsobori.com\/ca\/#\/schema\/logo\/image\/"}}]}},"_links":{"self":[{"href":"https:\/\/www.corsobori.com\/ca\/wp-json\/wp\/v2\/product\/5871","targetHints":{"allow":["GET"]}}],"collection":[{"href":"https:\/\/www.corsobori.com\/ca\/wp-json\/wp\/v2\/product"}],"about":[{"href":"https:\/\/www.corsobori.com\/ca\/wp-json\/wp\/v2\/types\/product"}],"replies":[{"embeddable":true,"href":"https:\/\/www.corsobori.com\/ca\/wp-json\/wp\/v2\/comments?post=5871"}],"wp:featuredmedia":[{"embeddable":true,"href":"https:\/\/www.corsobori.com\/ca\/wp-json\/wp\/v2\/media\/4370"}],"wp:attachment":[{"href":"https:\/\/www.corsobori.com\/ca\/wp-json\/wp\/v2\/media?parent=5871"}],"wp:term":[{"taxonomy":"product_brand","embeddable":true,"href":"https:\/\/www.corsobori.com\/ca\/wp-json\/wp\/v2\/product_brand?post=5871"},{"taxonomy":"product_cat","embeddable":true,"href":"https:\/\/www.corsobori.com\/ca\/wp-json\/wp\/v2\/product_cat?post=5871"},{"taxonomy":"product_tag","embeddable":true,"href":"https:\/\/www.corsobori.com\/ca\/wp-json\/wp\/v2\/product_tag?post=5871"}],"curies":[{"name":"wp","href":"https:\/\/api.w.org\/{rel}","templated":true}]}}