{"id":5870,"date":"2025-01-22T16:37:44","date_gmt":"2025-01-22T15:37:44","guid":{"rendered":"https:\/\/www.corsobori.com\/tienda\/p\/tauleta-fonte\/"},"modified":"2025-01-22T16:37:44","modified_gmt":"2025-01-22T15:37:44","slug":"tauleta-fonte","status":"publish","type":"product","link":"https:\/\/www.corsobori.com\/ca\/tienda\/p\/tauleta-fonte\/","title":{"rendered":"Tauleta Fonte de Molteni&#038;C"},"content":{"rendered":"<div class=\"flex max-w-full flex-col flex-grow\">\n<div class=\"min-h-8 text-message flex w-full flex-col items-end gap-2 whitespace-normal break-words text-start [.text-message+&amp;]:mt-5\" dir=\"auto\" data-message-author-role=\"assistant\" data-message-id=\"c77c46a7-8872-4692-a5c1-8d822e324e2e\" data-message-model-slug=\"gpt-4o\">\n<div class=\"flex w-full flex-col gap-1 empty:hidden first:pt-[3px]\">\n<div class=\"markdown prose w-full break-words dark:prose-invert light\">\n<div class=\"flex max-w-full flex-col flex-grow\">\n<div class=\"min-h-8 text-message flex w-full flex-col items-end gap-2 whitespace-normal break-words text-start [.text-message+&amp;]:mt-5\" dir=\"auto\" data-message-author-role=\"assistant\" data-message-id=\"9dc06c13-1d72-474a-abeb-02c0e1688733\" data-message-model-slug=\"gpt-4o\">\n<div class=\"flex w-full flex-col gap-1 empty:hidden first:pt-[3px]\">\n<div class=\"markdown prose w-full break-words dark:prose-invert light\">\n<div class=\"flex max-w-full flex-col flex-grow\">\n<div class=\"min-h-8 text-message flex w-full flex-col items-end gap-2 whitespace-normal break-words text-start [.text-message+&amp;]:mt-5\" dir=\"auto\" data-message-author-role=\"assistant\" data-message-id=\"50ab531c-02e5-4936-9208-06494ae01f49\" data-message-model-slug=\"gpt-4o\">\n<div class=\"flex w-full flex-col gap-1 empty:hidden first:pt-[3px]\">\n<div class=\"markdown prose w-full break-words dark:prose-invert light\">\n<p>La s\u00e8rie Fonte, dissenyada per Vincent Van Duysen, combina artesania refinada i innovaci\u00f3 en tres elegants taules dissenyades per a diferents usos: taula de centre, taula de sal\u00f3 i tauleta de nit. Cada pe\u00e7a descansa sobre potes robustes de roure en acabats negre i caf\u00e8, que sostenen taulers en vidre lacat negre, ess\u00e8ncia o marbre, creant un equilibri entre solidesa i flu\u00efdesa visual. La tauleta de nit inclou un pr\u00e0ctic calaix i un c\u00e8rcol superior amb un elegant acabat brunyit, mentre que la taula de sal\u00f3 ofereix una \u00e0mplia superf\u00edcie amb opci\u00f3 de marqueteria. Aquestes taules vers\u00e0tils, descrites per Van Duysen com a \u00abpeces clau de gust exquisit\u00bb, aporten estil i funcionalitat a qualsevol espai, ja sigui al costat d&#8217;un sof\u00e0, com a element central o complement de dormitori. La s\u00e8rie Fonte s&#8217;integra harmoniosament amb el llit Ovidi de la col\u00b7lecci\u00f3 2023, reflectint una visi\u00f3 contempor\u00e0nia i sofisticada del disseny d&#8217;interiors.    <\/p>\n<\/div>\n<\/div>\n<\/div>\n<\/div>\n<\/div>\n<\/div>\n<\/div>\n<\/div>\n<\/div>\n<\/div>\n<\/div>\n<\/div>\n","protected":false},"excerpt":{"rendered":"<p>La s\u00e8rie Fonte, dissenyada per Vincent Van Duysen, combina artesania refinada i innovaci\u00f3 en tres elegants taules dissenyades per a diferents usos: taula de centre, taula de sal\u00f3 i tauleta de nit. Cada pe\u00e7a descansa sobre potes robustes de roure en acabats negre i caf\u00e8, que sostenen taulers en vidre lacat negre, ess\u00e8ncia o marbre,&#8230;<\/p>\n","protected":false},"featured_media":4448,"comment_status":"open","ping_status":"closed","template":"","meta":{"_acf_changed":false},"product_brand":[],"product_cat":[172,201],"product_tag":[],"class_list":{"0":"post-5870","1":"product","2":"type-product","3":"status-publish","4":"has-post-thumbnail","6":"product_cat-mobles-dinterior","7":"product_cat-tauletes","9":"first","10":"instock","11":"sold-individually","12":"shipping-taxable","13":"purchasable","14":"product-type-simple"},"acf":[],"yoast_head":"<!-- This site is optimized with the Yoast SEO plugin v27.2 - https:\/\/yoast.com\/product\/yoast-seo-wordpress\/ -->\n<title>Tauleta Font de Molteni&amp;C | Corsobori<\/title>\n<meta name=\"robots\" content=\"index, follow, max-snippet:-1, max-image-preview:large, max-video-preview:-1\" \/>\n<link rel=\"canonical\" href=\"https:\/\/www.corsobori.com\/ca\/tienda\/p\/tauleta-fonte\/\" \/>\n<meta property=\"og:locale\" content=\"ca_ES\" \/>\n<meta property=\"og:type\" content=\"article\" \/>\n<meta property=\"og:title\" content=\"Tauleta Font de Molteni&amp;C | Corsobori\" \/>\n<meta property=\"og:description\" content=\"La s\u00e8rie Fonte, dissenyada per Vincent Van Duysen, combina artesania refinada i innovaci\u00f3 en tres elegants taules dissenyades per a diferents usos: taula de centre, taula de sal\u00f3 i tauleta de nit. Cada pe\u00e7a descansa sobre potes robustes de roure en acabats negre i caf\u00e8, que sostenen taulers en vidre lacat negre, ess\u00e8ncia o marbre,...\" \/>\n<meta property=\"og:url\" content=\"https:\/\/www.corsobori.com\/ca\/tienda\/p\/tauleta-fonte\/\" \/>\n<meta property=\"og:site_name\" content=\"corsobori.com\" \/>\n<meta property=\"og:image\" content=\"https:\/\/www.corsobori.com\/wp-content\/uploads\/2025\/01\/4_5_Fonte.jpg\" \/>\n\t<meta property=\"og:image:width\" content=\"1440\" \/>\n\t<meta property=\"og:image:height\" content=\"1080\" \/>\n\t<meta property=\"og:image:type\" content=\"image\/jpeg\" \/>\n<meta name=\"twitter:card\" content=\"summary_large_image\" \/>\n<meta name=\"twitter:label1\" content=\"Temps estimat de lectura\" \/>\n\t<meta name=\"twitter:data1\" content=\"1 minut\" \/>\n<!-- \/ Yoast SEO plugin. -->","yoast_head_json":{"title":"Tauleta Font de Molteni&C | Corsobori","robots":{"index":"index","follow":"follow","max-snippet":"max-snippet:-1","max-image-preview":"max-image-preview:large","max-video-preview":"max-video-preview:-1"},"canonical":"https:\/\/www.corsobori.com\/ca\/tienda\/p\/tauleta-fonte\/","og_locale":"ca_ES","og_type":"article","og_title":"Tauleta Font de Molteni&C | Corsobori","og_description":"La s\u00e8rie Fonte, dissenyada per Vincent Van Duysen, combina artesania refinada i innovaci\u00f3 en tres elegants taules dissenyades per a diferents usos: taula de centre, taula de sal\u00f3 i tauleta de nit. Cada pe\u00e7a descansa sobre potes robustes de roure en acabats negre i caf\u00e8, que sostenen taulers en vidre lacat negre, ess\u00e8ncia o marbre,...","og_url":"https:\/\/www.corsobori.com\/ca\/tienda\/p\/tauleta-fonte\/","og_site_name":"corsobori.com","og_image":[{"width":1440,"height":1080,"url":"https:\/\/www.corsobori.com\/wp-content\/uploads\/2025\/01\/4_5_Fonte.jpg","type":"image\/jpeg"}],"twitter_card":"summary_large_image","twitter_misc":{"Temps estimat de lectura":"1 minut"},"schema":{"@context":"https:\/\/schema.org","@graph":[{"@type":"WebPage","@id":"https:\/\/www.corsobori.com\/ca\/tienda\/p\/tauleta-fonte\/","url":"https:\/\/www.corsobori.com\/ca\/tienda\/p\/tauleta-fonte\/","name":"Tauleta Font de Molteni&C | Corsobori","isPartOf":{"@id":"https:\/\/www.corsobori.com\/ca\/#website"},"primaryImageOfPage":{"@id":"https:\/\/www.corsobori.com\/ca\/tienda\/p\/tauleta-fonte\/#primaryimage"},"image":{"@id":"https:\/\/www.corsobori.com\/ca\/tienda\/p\/tauleta-fonte\/#primaryimage"},"thumbnailUrl":"https:\/\/www.corsobori.com\/wp-content\/uploads\/2025\/01\/4_5_Fonte.jpg","datePublished":"2025-01-22T15:37:44+00:00","breadcrumb":{"@id":"https:\/\/www.corsobori.com\/ca\/tienda\/p\/tauleta-fonte\/#breadcrumb"},"inLanguage":"ca","potentialAction":[{"@type":"ReadAction","target":["https:\/\/www.corsobori.com\/ca\/tienda\/p\/tauleta-fonte\/"]}]},{"@type":"ImageObject","inLanguage":"ca","@id":"https:\/\/www.corsobori.com\/ca\/tienda\/p\/tauleta-fonte\/#primaryimage","url":"https:\/\/www.corsobori.com\/wp-content\/uploads\/2025\/01\/4_5_Fonte.jpg","contentUrl":"https:\/\/www.corsobori.com\/wp-content\/uploads\/2025\/01\/4_5_Fonte.jpg","width":1440,"height":1080},{"@type":"BreadcrumbList","@id":"https:\/\/www.corsobori.com\/ca\/tienda\/p\/tauleta-fonte\/#breadcrumb","itemListElement":[{"@type":"ListItem","position":1,"name":"Portada","item":"https:\/\/www.corsobori.com\/ca\/inici\/"},{"@type":"ListItem","position":2,"name":"Botiga","item":"https:\/\/www.corsobori.com\/ca\/botiga\/"},{"@type":"ListItem","position":3,"name":"Tauleta Fonte"}]},{"@type":"WebSite","@id":"https:\/\/www.corsobori.com\/ca\/#website","url":"https:\/\/www.corsobori.com\/ca\/","name":"Corsobori","description":"","publisher":{"@id":"https:\/\/www.corsobori.com\/ca\/#organization"},"potentialAction":[{"@type":"SearchAction","target":{"@type":"EntryPoint","urlTemplate":"https:\/\/www.corsobori.com\/ca\/?s={search_term_string}"},"query-input":{"@type":"PropertyValueSpecification","valueRequired":true,"valueName":"search_term_string"}}],"inLanguage":"ca"},{"@type":"Organization","@id":"https:\/\/www.corsobori.com\/ca\/#organization","name":"Corsobori","url":"https:\/\/www.corsobori.com\/ca\/","logo":{"@type":"ImageObject","inLanguage":"ca","@id":"https:\/\/www.corsobori.com\/ca\/#\/schema\/logo\/image\/","url":"https:\/\/www.corsobori.com\/wp-content\/uploads\/2024\/08\/logo-corsobori.png","contentUrl":"https:\/\/www.corsobori.com\/wp-content\/uploads\/2024\/08\/logo-corsobori.png","width":1210,"height":146,"caption":"Corsobori"},"image":{"@id":"https:\/\/www.corsobori.com\/ca\/#\/schema\/logo\/image\/"}}]}},"_links":{"self":[{"href":"https:\/\/www.corsobori.com\/ca\/wp-json\/wp\/v2\/product\/5870","targetHints":{"allow":["GET"]}}],"collection":[{"href":"https:\/\/www.corsobori.com\/ca\/wp-json\/wp\/v2\/product"}],"about":[{"href":"https:\/\/www.corsobori.com\/ca\/wp-json\/wp\/v2\/types\/product"}],"replies":[{"embeddable":true,"href":"https:\/\/www.corsobori.com\/ca\/wp-json\/wp\/v2\/comments?post=5870"}],"wp:featuredmedia":[{"embeddable":true,"href":"https:\/\/www.corsobori.com\/ca\/wp-json\/wp\/v2\/media\/4448"}],"wp:attachment":[{"href":"https:\/\/www.corsobori.com\/ca\/wp-json\/wp\/v2\/media?parent=5870"}],"wp:term":[{"taxonomy":"product_brand","embeddable":true,"href":"https:\/\/www.corsobori.com\/ca\/wp-json\/wp\/v2\/product_brand?post=5870"},{"taxonomy":"product_cat","embeddable":true,"href":"https:\/\/www.corsobori.com\/ca\/wp-json\/wp\/v2\/product_cat?post=5870"},{"taxonomy":"product_tag","embeddable":true,"href":"https:\/\/www.corsobori.com\/ca\/wp-json\/wp\/v2\/product_tag?post=5870"}],"curies":[{"name":"wp","href":"https:\/\/api.w.org\/{rel}","templated":true}]}}