{"id":5864,"date":"2024-12-18T16:18:44","date_gmt":"2024-12-18T15:18:44","guid":{"rendered":"https:\/\/www.corsobori.com\/tienda\/p\/sofa-octave\/"},"modified":"2024-12-18T16:18:44","modified_gmt":"2024-12-18T15:18:44","slug":"sofa-octave","status":"publish","type":"product","link":"https:\/\/www.corsobori.com\/ca\/tienda\/p\/sofa-octave\/","title":{"rendered":"Sof\u00e0 Octave de Molteni&#038;C"},"content":{"rendered":"<p>El sistema de sof\u00e0s Octave, dissenyat per Vincent Van Duysen, es caracteritza pel seu disseny componible i formes rigoroses, inspirant-se en les vidrieres dels gratacels. Amb cames d&#8217;acer fos a pressi\u00f3, la base sost\u00e9 respatllers baixos de forma rectangular, disponibles en t\u00e8xtil o pell, que es complementen amb c\u00f2modes coixins de seient. Octave ofereix elements oberts que permeten crear chaise-longues o pufs, adaptant-se a diverses configuracions a l&#8217;espai. El disseny, basat en l\u00ednies geom\u00e8triques essencials, permet combinacions lineals i angles atractius, aportant una est\u00e8tica contempor\u00e0nia i sofisticada. Vincent Van Duysen, arquitecte belga de renom, fusiona l&#8217;arquitectura amb l&#8217;interiorisme i crea peces de gran puresa i solidesa estructural.    <\/p>\n","protected":false},"excerpt":{"rendered":"<p>El sistema de sof\u00e0s Octave, dissenyat per Vincent Van Duysen, es caracteritza pel seu disseny componible i formes rigoroses, inspirant-se en les vidrieres dels gratacels. Amb cames d&#8217;acer fos a pressi\u00f3, la base sost\u00e9 respatllers baixos de forma rectangular, disponibles en t\u00e8xtil o pell, que es complementen amb c\u00f2modes coixins de seient. Octave ofereix elements&#8230;<\/p>\n","protected":false},"featured_media":3348,"comment_status":"open","ping_status":"closed","template":"","meta":{"_acf_changed":false},"product_brand":[],"product_cat":[172,215],"product_tag":[],"class_list":{"0":"post-5864","1":"product","2":"type-product","3":"status-publish","4":"has-post-thumbnail","6":"product_cat-mobles-dinterior","7":"product_cat-sofas-ca","9":"first","10":"instock","11":"sold-individually","12":"shipping-taxable","13":"purchasable","14":"product-type-simple"},"acf":[],"yoast_head":"<!-- This site is optimized with the Yoast SEO plugin v27.2 - https:\/\/yoast.com\/product\/yoast-seo-wordpress\/ -->\n<title>Sof\u00e0 Octave de Molteni&amp;C | Corsobori<\/title>\n<meta name=\"robots\" content=\"index, follow, max-snippet:-1, max-image-preview:large, max-video-preview:-1\" \/>\n<link rel=\"canonical\" href=\"https:\/\/www.corsobori.com\/ca\/tienda\/p\/sofa-octave\/\" \/>\n<meta property=\"og:locale\" content=\"ca_ES\" \/>\n<meta property=\"og:type\" content=\"article\" \/>\n<meta property=\"og:title\" content=\"Sof\u00e0 Octave de Molteni&amp;C | Corsobori\" \/>\n<meta property=\"og:description\" content=\"El sistema de sof\u00e0s Octave, dissenyat per Vincent Van Duysen, es caracteritza pel seu disseny componible i formes rigoroses, inspirant-se en les vidrieres dels gratacels. Amb cames d&#8217;acer fos a pressi\u00f3, la base sost\u00e9 respatllers baixos de forma rectangular, disponibles en t\u00e8xtil o pell, que es complementen amb c\u00f2modes coixins de seient. Octave ofereix elements...\" \/>\n<meta property=\"og:url\" content=\"https:\/\/www.corsobori.com\/ca\/tienda\/p\/sofa-octave\/\" \/>\n<meta property=\"og:site_name\" content=\"corsobori.com\" \/>\n<meta property=\"og:image\" content=\"https:\/\/www.corsobori.com\/wp-content\/uploads\/2024\/12\/Octave-1440x1080_50.jpg\" \/>\n\t<meta property=\"og:image:width\" content=\"1440\" \/>\n\t<meta property=\"og:image:height\" content=\"1080\" \/>\n\t<meta property=\"og:image:type\" content=\"image\/jpeg\" \/>\n<meta name=\"twitter:card\" content=\"summary_large_image\" \/>\n<meta name=\"twitter:label1\" content=\"Temps estimat de lectura\" \/>\n\t<meta name=\"twitter:data1\" content=\"1 minut\" \/>\n<!-- \/ Yoast SEO plugin. -->","yoast_head_json":{"title":"Sof\u00e0 Octave de Molteni&C | Corsobori","robots":{"index":"index","follow":"follow","max-snippet":"max-snippet:-1","max-image-preview":"max-image-preview:large","max-video-preview":"max-video-preview:-1"},"canonical":"https:\/\/www.corsobori.com\/ca\/tienda\/p\/sofa-octave\/","og_locale":"ca_ES","og_type":"article","og_title":"Sof\u00e0 Octave de Molteni&C | Corsobori","og_description":"El sistema de sof\u00e0s Octave, dissenyat per Vincent Van Duysen, es caracteritza pel seu disseny componible i formes rigoroses, inspirant-se en les vidrieres dels gratacels. Amb cames d&#8217;acer fos a pressi\u00f3, la base sost\u00e9 respatllers baixos de forma rectangular, disponibles en t\u00e8xtil o pell, que es complementen amb c\u00f2modes coixins de seient. Octave ofereix elements...","og_url":"https:\/\/www.corsobori.com\/ca\/tienda\/p\/sofa-octave\/","og_site_name":"corsobori.com","og_image":[{"width":1440,"height":1080,"url":"https:\/\/www.corsobori.com\/wp-content\/uploads\/2024\/12\/Octave-1440x1080_50.jpg","type":"image\/jpeg"}],"twitter_card":"summary_large_image","twitter_misc":{"Temps estimat de lectura":"1 minut"},"schema":{"@context":"https:\/\/schema.org","@graph":[{"@type":"WebPage","@id":"https:\/\/www.corsobori.com\/ca\/tienda\/p\/sofa-octave\/","url":"https:\/\/www.corsobori.com\/ca\/tienda\/p\/sofa-octave\/","name":"Sof\u00e0 Octave de Molteni&C | Corsobori","isPartOf":{"@id":"https:\/\/www.corsobori.com\/ca\/#website"},"primaryImageOfPage":{"@id":"https:\/\/www.corsobori.com\/ca\/tienda\/p\/sofa-octave\/#primaryimage"},"image":{"@id":"https:\/\/www.corsobori.com\/ca\/tienda\/p\/sofa-octave\/#primaryimage"},"thumbnailUrl":"https:\/\/www.corsobori.com\/wp-content\/uploads\/2024\/12\/Octave-1440x1080_50.jpg","datePublished":"2024-12-18T15:18:44+00:00","breadcrumb":{"@id":"https:\/\/www.corsobori.com\/ca\/tienda\/p\/sofa-octave\/#breadcrumb"},"inLanguage":"ca","potentialAction":[{"@type":"ReadAction","target":["https:\/\/www.corsobori.com\/ca\/tienda\/p\/sofa-octave\/"]}]},{"@type":"ImageObject","inLanguage":"ca","@id":"https:\/\/www.corsobori.com\/ca\/tienda\/p\/sofa-octave\/#primaryimage","url":"https:\/\/www.corsobori.com\/wp-content\/uploads\/2024\/12\/Octave-1440x1080_50.jpg","contentUrl":"https:\/\/www.corsobori.com\/wp-content\/uploads\/2024\/12\/Octave-1440x1080_50.jpg","width":1440,"height":1080},{"@type":"BreadcrumbList","@id":"https:\/\/www.corsobori.com\/ca\/tienda\/p\/sofa-octave\/#breadcrumb","itemListElement":[{"@type":"ListItem","position":1,"name":"Portada","item":"https:\/\/www.corsobori.com\/ca\/inici\/"},{"@type":"ListItem","position":2,"name":"Botiga","item":"https:\/\/www.corsobori.com\/ca\/botiga\/"},{"@type":"ListItem","position":3,"name":"Sof\u00e0 Octave"}]},{"@type":"WebSite","@id":"https:\/\/www.corsobori.com\/ca\/#website","url":"https:\/\/www.corsobori.com\/ca\/","name":"Corsobori","description":"","publisher":{"@id":"https:\/\/www.corsobori.com\/ca\/#organization"},"potentialAction":[{"@type":"SearchAction","target":{"@type":"EntryPoint","urlTemplate":"https:\/\/www.corsobori.com\/ca\/?s={search_term_string}"},"query-input":{"@type":"PropertyValueSpecification","valueRequired":true,"valueName":"search_term_string"}}],"inLanguage":"ca"},{"@type":"Organization","@id":"https:\/\/www.corsobori.com\/ca\/#organization","name":"Corsobori","url":"https:\/\/www.corsobori.com\/ca\/","logo":{"@type":"ImageObject","inLanguage":"ca","@id":"https:\/\/www.corsobori.com\/ca\/#\/schema\/logo\/image\/","url":"https:\/\/www.corsobori.com\/wp-content\/uploads\/2024\/08\/logo-corsobori.png","contentUrl":"https:\/\/www.corsobori.com\/wp-content\/uploads\/2024\/08\/logo-corsobori.png","width":1210,"height":146,"caption":"Corsobori"},"image":{"@id":"https:\/\/www.corsobori.com\/ca\/#\/schema\/logo\/image\/"}}]}},"_links":{"self":[{"href":"https:\/\/www.corsobori.com\/ca\/wp-json\/wp\/v2\/product\/5864","targetHints":{"allow":["GET"]}}],"collection":[{"href":"https:\/\/www.corsobori.com\/ca\/wp-json\/wp\/v2\/product"}],"about":[{"href":"https:\/\/www.corsobori.com\/ca\/wp-json\/wp\/v2\/types\/product"}],"replies":[{"embeddable":true,"href":"https:\/\/www.corsobori.com\/ca\/wp-json\/wp\/v2\/comments?post=5864"}],"wp:featuredmedia":[{"embeddable":true,"href":"https:\/\/www.corsobori.com\/ca\/wp-json\/wp\/v2\/media\/3348"}],"wp:attachment":[{"href":"https:\/\/www.corsobori.com\/ca\/wp-json\/wp\/v2\/media?parent=5864"}],"wp:term":[{"taxonomy":"product_brand","embeddable":true,"href":"https:\/\/www.corsobori.com\/ca\/wp-json\/wp\/v2\/product_brand?post=5864"},{"taxonomy":"product_cat","embeddable":true,"href":"https:\/\/www.corsobori.com\/ca\/wp-json\/wp\/v2\/product_cat?post=5864"},{"taxonomy":"product_tag","embeddable":true,"href":"https:\/\/www.corsobori.com\/ca\/wp-json\/wp\/v2\/product_tag?post=5864"}],"curies":[{"name":"wp","href":"https:\/\/api.w.org\/{rel}","templated":true}]}}