{"id":5857,"date":"2024-12-18T16:18:43","date_gmt":"2024-12-18T15:18:43","guid":{"rendered":"https:\/\/www.corsobori.com\/tienda\/p\/sofa-exterior-sway\/"},"modified":"2024-12-18T16:18:43","modified_gmt":"2024-12-18T15:18:43","slug":"sofa-exterior-sway","status":"publish","type":"product","link":"https:\/\/www.corsobori.com\/ca\/tienda\/p\/sofa-exterior-sway\/","title":{"rendered":"Sof\u00e0 Exterior Sway de Molteni&#038;C"},"content":{"rendered":"<p>El sof\u00e0 modular Sway, dissenyat per Yabu Pushelberg, redefineix els espais exteriors amb un enfocament en la versatilitat i l&#8217;est\u00e8tica fluida. Fabricat amb teca massissa, aquest sistema garanteix durabilitat i un acabat natural. El seu disseny combina l\u00ednies corbes i angulars i ofereix m\u00faltiples configuracions per a una experi\u00e8ncia a l&#8217;aire lliure din\u00e0mica. La singularitat del respatller, disponible en teca o poliuret\u00e0 EVA verda oliva, destaca per la seva resist\u00e8ncia a la intemp\u00e8rie. Els coixins, modelats en poliuret\u00e0 de densitats variables, asseguren un confort durador, mentre que les fundes s\u00f3n f\u00e0cilment extra\u00efbles. Sway compr\u00e8n onze elements modulars i es complementa amb pufs i taules de centre harmonioses, tot dissenyat per un equip de creatius de renom amb un enfocament a l&#8217;experi\u00e8ncia humana.     <\/p>\n","protected":false},"excerpt":{"rendered":"<p>El sof\u00e0 modular Sway, dissenyat per Yabu Pushelberg, redefineix els espais exteriors amb un enfocament en la versatilitat i l&#8217;est\u00e8tica fluida. Fabricat amb teca massissa, aquest sistema garanteix durabilitat i un acabat natural. El seu disseny combina l\u00ednies corbes i angulars i ofereix m\u00faltiples configuracions per a una experi\u00e8ncia a l&#8217;aire lliure din\u00e0mica. La singularitat&#8230;<\/p>\n","protected":false},"featured_media":3316,"comment_status":"open","ping_status":"closed","template":"","meta":{"_acf_changed":false},"product_brand":[],"product_cat":[169,170],"product_tag":[],"class_list":{"0":"post-5857","1":"product","2":"type-product","3":"status-publish","4":"has-post-thumbnail","6":"product_cat-mobles-exterior","7":"product_cat-sofas-dexterior","9":"first","10":"instock","11":"sold-individually","12":"shipping-taxable","13":"purchasable","14":"product-type-simple"},"acf":[],"yoast_head":"<!-- This site is optimized with the Yoast SEO plugin v27.2 - https:\/\/yoast.com\/product\/yoast-seo-wordpress\/ -->\n<title>Sof\u00e0 Exterior Sway de Molteni&amp;C | Corsobori<\/title>\n<meta name=\"robots\" content=\"index, follow, max-snippet:-1, max-image-preview:large, max-video-preview:-1\" \/>\n<link rel=\"canonical\" href=\"https:\/\/www.corsobori.com\/ca\/tienda\/p\/sofa-exterior-sway\/\" \/>\n<meta property=\"og:locale\" content=\"ca_ES\" \/>\n<meta property=\"og:type\" content=\"article\" \/>\n<meta property=\"og:title\" content=\"Sof\u00e0 Exterior Sway de Molteni&amp;C | Corsobori\" \/>\n<meta property=\"og:description\" content=\"El sof\u00e0 modular Sway, dissenyat per Yabu Pushelberg, redefineix els espais exteriors amb un enfocament en la versatilitat i l&#8217;est\u00e8tica fluida. Fabricat amb teca massissa, aquest sistema garanteix durabilitat i un acabat natural. El seu disseny combina l\u00ednies corbes i angulars i ofereix m\u00faltiples configuracions per a una experi\u00e8ncia a l&#8217;aire lliure din\u00e0mica. La singularitat...\" \/>\n<meta property=\"og:url\" content=\"https:\/\/www.corsobori.com\/ca\/tienda\/p\/sofa-exterior-sway\/\" \/>\n<meta property=\"og:site_name\" content=\"corsobori.com\" \/>\n<meta property=\"og:image\" content=\"https:\/\/www.corsobori.com\/wp-content\/uploads\/2024\/12\/4_3_Sway_new.jpg\" \/>\n\t<meta property=\"og:image:width\" content=\"1440\" \/>\n\t<meta property=\"og:image:height\" content=\"1080\" \/>\n\t<meta property=\"og:image:type\" content=\"image\/jpeg\" \/>\n<meta name=\"twitter:card\" content=\"summary_large_image\" \/>\n<meta name=\"twitter:label1\" content=\"Temps estimat de lectura\" \/>\n\t<meta name=\"twitter:data1\" content=\"1 minut\" \/>\n<!-- \/ Yoast SEO plugin. -->","yoast_head_json":{"title":"Sof\u00e0 Exterior Sway de Molteni&C | Corsobori","robots":{"index":"index","follow":"follow","max-snippet":"max-snippet:-1","max-image-preview":"max-image-preview:large","max-video-preview":"max-video-preview:-1"},"canonical":"https:\/\/www.corsobori.com\/ca\/tienda\/p\/sofa-exterior-sway\/","og_locale":"ca_ES","og_type":"article","og_title":"Sof\u00e0 Exterior Sway de Molteni&C | Corsobori","og_description":"El sof\u00e0 modular Sway, dissenyat per Yabu Pushelberg, redefineix els espais exteriors amb un enfocament en la versatilitat i l&#8217;est\u00e8tica fluida. Fabricat amb teca massissa, aquest sistema garanteix durabilitat i un acabat natural. El seu disseny combina l\u00ednies corbes i angulars i ofereix m\u00faltiples configuracions per a una experi\u00e8ncia a l&#8217;aire lliure din\u00e0mica. La singularitat...","og_url":"https:\/\/www.corsobori.com\/ca\/tienda\/p\/sofa-exterior-sway\/","og_site_name":"corsobori.com","og_image":[{"width":1440,"height":1080,"url":"https:\/\/www.corsobori.com\/wp-content\/uploads\/2024\/12\/4_3_Sway_new.jpg","type":"image\/jpeg"}],"twitter_card":"summary_large_image","twitter_misc":{"Temps estimat de lectura":"1 minut"},"schema":{"@context":"https:\/\/schema.org","@graph":[{"@type":"WebPage","@id":"https:\/\/www.corsobori.com\/ca\/tienda\/p\/sofa-exterior-sway\/","url":"https:\/\/www.corsobori.com\/ca\/tienda\/p\/sofa-exterior-sway\/","name":"Sof\u00e0 Exterior Sway de Molteni&C | Corsobori","isPartOf":{"@id":"https:\/\/www.corsobori.com\/ca\/#website"},"primaryImageOfPage":{"@id":"https:\/\/www.corsobori.com\/ca\/tienda\/p\/sofa-exterior-sway\/#primaryimage"},"image":{"@id":"https:\/\/www.corsobori.com\/ca\/tienda\/p\/sofa-exterior-sway\/#primaryimage"},"thumbnailUrl":"https:\/\/www.corsobori.com\/wp-content\/uploads\/2024\/12\/4_3_Sway_new.jpg","datePublished":"2024-12-18T15:18:43+00:00","breadcrumb":{"@id":"https:\/\/www.corsobori.com\/ca\/tienda\/p\/sofa-exterior-sway\/#breadcrumb"},"inLanguage":"ca","potentialAction":[{"@type":"ReadAction","target":["https:\/\/www.corsobori.com\/ca\/tienda\/p\/sofa-exterior-sway\/"]}]},{"@type":"ImageObject","inLanguage":"ca","@id":"https:\/\/www.corsobori.com\/ca\/tienda\/p\/sofa-exterior-sway\/#primaryimage","url":"https:\/\/www.corsobori.com\/wp-content\/uploads\/2024\/12\/4_3_Sway_new.jpg","contentUrl":"https:\/\/www.corsobori.com\/wp-content\/uploads\/2024\/12\/4_3_Sway_new.jpg","width":1440,"height":1080},{"@type":"BreadcrumbList","@id":"https:\/\/www.corsobori.com\/ca\/tienda\/p\/sofa-exterior-sway\/#breadcrumb","itemListElement":[{"@type":"ListItem","position":1,"name":"Portada","item":"https:\/\/www.corsobori.com\/ca\/inici\/"},{"@type":"ListItem","position":2,"name":"Botiga","item":"https:\/\/www.corsobori.com\/ca\/botiga\/"},{"@type":"ListItem","position":3,"name":"Sof\u00e0 Exterior Sway"}]},{"@type":"WebSite","@id":"https:\/\/www.corsobori.com\/ca\/#website","url":"https:\/\/www.corsobori.com\/ca\/","name":"Corsobori","description":"","publisher":{"@id":"https:\/\/www.corsobori.com\/ca\/#organization"},"potentialAction":[{"@type":"SearchAction","target":{"@type":"EntryPoint","urlTemplate":"https:\/\/www.corsobori.com\/ca\/?s={search_term_string}"},"query-input":{"@type":"PropertyValueSpecification","valueRequired":true,"valueName":"search_term_string"}}],"inLanguage":"ca"},{"@type":"Organization","@id":"https:\/\/www.corsobori.com\/ca\/#organization","name":"Corsobori","url":"https:\/\/www.corsobori.com\/ca\/","logo":{"@type":"ImageObject","inLanguage":"ca","@id":"https:\/\/www.corsobori.com\/ca\/#\/schema\/logo\/image\/","url":"https:\/\/www.corsobori.com\/wp-content\/uploads\/2024\/08\/logo-corsobori.png","contentUrl":"https:\/\/www.corsobori.com\/wp-content\/uploads\/2024\/08\/logo-corsobori.png","width":1210,"height":146,"caption":"Corsobori"},"image":{"@id":"https:\/\/www.corsobori.com\/ca\/#\/schema\/logo\/image\/"}}]}},"_links":{"self":[{"href":"https:\/\/www.corsobori.com\/ca\/wp-json\/wp\/v2\/product\/5857","targetHints":{"allow":["GET"]}}],"collection":[{"href":"https:\/\/www.corsobori.com\/ca\/wp-json\/wp\/v2\/product"}],"about":[{"href":"https:\/\/www.corsobori.com\/ca\/wp-json\/wp\/v2\/types\/product"}],"replies":[{"embeddable":true,"href":"https:\/\/www.corsobori.com\/ca\/wp-json\/wp\/v2\/comments?post=5857"}],"wp:featuredmedia":[{"embeddable":true,"href":"https:\/\/www.corsobori.com\/ca\/wp-json\/wp\/v2\/media\/3316"}],"wp:attachment":[{"href":"https:\/\/www.corsobori.com\/ca\/wp-json\/wp\/v2\/media?parent=5857"}],"wp:term":[{"taxonomy":"product_brand","embeddable":true,"href":"https:\/\/www.corsobori.com\/ca\/wp-json\/wp\/v2\/product_brand?post=5857"},{"taxonomy":"product_cat","embeddable":true,"href":"https:\/\/www.corsobori.com\/ca\/wp-json\/wp\/v2\/product_cat?post=5857"},{"taxonomy":"product_tag","embeddable":true,"href":"https:\/\/www.corsobori.com\/ca\/wp-json\/wp\/v2\/product_tag?post=5857"}],"curies":[{"name":"wp","href":"https:\/\/api.w.org\/{rel}","templated":true}]}}