{"id":5856,"date":"2024-12-18T16:18:43","date_gmt":"2024-12-18T15:18:43","guid":{"rendered":"https:\/\/www.corsobori.com\/tienda\/p\/sofa-gregor\/"},"modified":"2024-12-18T16:18:43","modified_gmt":"2024-12-18T15:18:43","slug":"sofa-gregor","status":"publish","type":"product","link":"https:\/\/www.corsobori.com\/ca\/tienda\/p\/sofa-gregor\/","title":{"rendered":"Sof\u00e0 Gregor de Molteni&#038;C"},"content":{"rendered":"<p>El sistema modular Gregor, dissenyat per Vincent van Duysen per a Molteni&amp;C, explora les possibilitats de l&#8217;espai contemporani Aquest sof\u00e0 vers\u00e0til inclou unitats rectes, de cantonada i peninsulars, permetent m\u00faltiples combinacions ideals per a la conversa, la lectura i l&#8217;entreteniment. convida a la comoditat. Innovador en la seva forma, el suport compta amb un disseny ampli i costures amb relleu, mentre que els racons arrodonits aporten continu\u00eftat est\u00e8tica. L&#8217;obra de Van Duysen es caracteritza per la seva profunda relaci\u00f3 entre interiorisme i arquitectura, creant peces de gran puresa i formalitat.    <\/p>\n","protected":false},"excerpt":{"rendered":"<p>El sistema modular Gregor, dissenyat per Vincent van Duysen per a Molteni&amp;C, explora les possibilitats de l&#8217;espai contemporani Aquest sof\u00e0 vers\u00e0til inclou unitats rectes, de cantonada i peninsulars, permetent m\u00faltiples combinacions ideals per a la conversa, la lectura i l&#8217;entreteniment. convida a la comoditat. Innovador en la seva forma, el suport compta amb un disseny&#8230;<\/p>\n","protected":false},"featured_media":3324,"comment_status":"open","ping_status":"closed","template":"","meta":{"_acf_changed":false},"product_brand":[],"product_cat":[172,215],"product_tag":[],"class_list":{"0":"post-5856","1":"product","2":"type-product","3":"status-publish","4":"has-post-thumbnail","6":"product_cat-mobles-dinterior","7":"product_cat-sofas-ca","9":"first","10":"instock","11":"sold-individually","12":"shipping-taxable","13":"purchasable","14":"product-type-simple"},"acf":[],"yoast_head":"<!-- This site is optimized with the Yoast SEO plugin v27.2 - https:\/\/yoast.com\/product\/yoast-seo-wordpress\/ -->\n<title>Sof\u00e0 Gregor de Molteni&amp;C | Corsobori<\/title>\n<meta name=\"robots\" content=\"index, follow, max-snippet:-1, max-image-preview:large, max-video-preview:-1\" \/>\n<link rel=\"canonical\" href=\"https:\/\/www.corsobori.com\/ca\/tienda\/p\/sofa-gregor\/\" \/>\n<meta property=\"og:locale\" content=\"ca_ES\" \/>\n<meta property=\"og:type\" content=\"article\" \/>\n<meta property=\"og:title\" content=\"Sof\u00e0 Gregor de Molteni&amp;C | Corsobori\" \/>\n<meta property=\"og:description\" content=\"El sistema modular Gregor, dissenyat per Vincent van Duysen per a Molteni&amp;C, explora les possibilitats de l&#8217;espai contemporani Aquest sof\u00e0 vers\u00e0til inclou unitats rectes, de cantonada i peninsulars, permetent m\u00faltiples combinacions ideals per a la conversa, la lectura i l&#8217;entreteniment. convida a la comoditat. Innovador en la seva forma, el suport compta amb un disseny...\" \/>\n<meta property=\"og:url\" content=\"https:\/\/www.corsobori.com\/ca\/tienda\/p\/sofa-gregor\/\" \/>\n<meta property=\"og:site_name\" content=\"corsobori.com\" \/>\n<meta property=\"og:image\" content=\"https:\/\/www.corsobori.com\/wp-content\/uploads\/2024\/12\/gregor-16-9.jpg\" \/>\n\t<meta property=\"og:image:width\" content=\"1440\" \/>\n\t<meta property=\"og:image:height\" content=\"1080\" \/>\n\t<meta property=\"og:image:type\" content=\"image\/jpeg\" \/>\n<meta name=\"twitter:card\" content=\"summary_large_image\" \/>\n<!-- \/ Yoast SEO plugin. -->","yoast_head_json":{"title":"Sof\u00e0 Gregor de Molteni&C | Corsobori","robots":{"index":"index","follow":"follow","max-snippet":"max-snippet:-1","max-image-preview":"max-image-preview:large","max-video-preview":"max-video-preview:-1"},"canonical":"https:\/\/www.corsobori.com\/ca\/tienda\/p\/sofa-gregor\/","og_locale":"ca_ES","og_type":"article","og_title":"Sof\u00e0 Gregor de Molteni&C | Corsobori","og_description":"El sistema modular Gregor, dissenyat per Vincent van Duysen per a Molteni&amp;C, explora les possibilitats de l&#8217;espai contemporani Aquest sof\u00e0 vers\u00e0til inclou unitats rectes, de cantonada i peninsulars, permetent m\u00faltiples combinacions ideals per a la conversa, la lectura i l&#8217;entreteniment. convida a la comoditat. Innovador en la seva forma, el suport compta amb un disseny...","og_url":"https:\/\/www.corsobori.com\/ca\/tienda\/p\/sofa-gregor\/","og_site_name":"corsobori.com","og_image":[{"width":1440,"height":1080,"url":"https:\/\/www.corsobori.com\/wp-content\/uploads\/2024\/12\/gregor-16-9.jpg","type":"image\/jpeg"}],"twitter_card":"summary_large_image","schema":{"@context":"https:\/\/schema.org","@graph":[{"@type":"WebPage","@id":"https:\/\/www.corsobori.com\/ca\/tienda\/p\/sofa-gregor\/","url":"https:\/\/www.corsobori.com\/ca\/tienda\/p\/sofa-gregor\/","name":"Sof\u00e0 Gregor de Molteni&C | Corsobori","isPartOf":{"@id":"https:\/\/www.corsobori.com\/ca\/#website"},"primaryImageOfPage":{"@id":"https:\/\/www.corsobori.com\/ca\/tienda\/p\/sofa-gregor\/#primaryimage"},"image":{"@id":"https:\/\/www.corsobori.com\/ca\/tienda\/p\/sofa-gregor\/#primaryimage"},"thumbnailUrl":"https:\/\/www.corsobori.com\/wp-content\/uploads\/2024\/12\/gregor-16-9.jpg","datePublished":"2024-12-18T15:18:43+00:00","breadcrumb":{"@id":"https:\/\/www.corsobori.com\/ca\/tienda\/p\/sofa-gregor\/#breadcrumb"},"inLanguage":"ca","potentialAction":[{"@type":"ReadAction","target":["https:\/\/www.corsobori.com\/ca\/tienda\/p\/sofa-gregor\/"]}]},{"@type":"ImageObject","inLanguage":"ca","@id":"https:\/\/www.corsobori.com\/ca\/tienda\/p\/sofa-gregor\/#primaryimage","url":"https:\/\/www.corsobori.com\/wp-content\/uploads\/2024\/12\/gregor-16-9.jpg","contentUrl":"https:\/\/www.corsobori.com\/wp-content\/uploads\/2024\/12\/gregor-16-9.jpg","width":1440,"height":1080},{"@type":"BreadcrumbList","@id":"https:\/\/www.corsobori.com\/ca\/tienda\/p\/sofa-gregor\/#breadcrumb","itemListElement":[{"@type":"ListItem","position":1,"name":"Portada","item":"https:\/\/www.corsobori.com\/ca\/inici\/"},{"@type":"ListItem","position":2,"name":"Botiga","item":"https:\/\/www.corsobori.com\/ca\/botiga\/"},{"@type":"ListItem","position":3,"name":"Sof\u00e0 Gregor"}]},{"@type":"WebSite","@id":"https:\/\/www.corsobori.com\/ca\/#website","url":"https:\/\/www.corsobori.com\/ca\/","name":"Corsobori","description":"","publisher":{"@id":"https:\/\/www.corsobori.com\/ca\/#organization"},"potentialAction":[{"@type":"SearchAction","target":{"@type":"EntryPoint","urlTemplate":"https:\/\/www.corsobori.com\/ca\/?s={search_term_string}"},"query-input":{"@type":"PropertyValueSpecification","valueRequired":true,"valueName":"search_term_string"}}],"inLanguage":"ca"},{"@type":"Organization","@id":"https:\/\/www.corsobori.com\/ca\/#organization","name":"Corsobori","url":"https:\/\/www.corsobori.com\/ca\/","logo":{"@type":"ImageObject","inLanguage":"ca","@id":"https:\/\/www.corsobori.com\/ca\/#\/schema\/logo\/image\/","url":"https:\/\/www.corsobori.com\/wp-content\/uploads\/2024\/08\/logo-corsobori.png","contentUrl":"https:\/\/www.corsobori.com\/wp-content\/uploads\/2024\/08\/logo-corsobori.png","width":1210,"height":146,"caption":"Corsobori"},"image":{"@id":"https:\/\/www.corsobori.com\/ca\/#\/schema\/logo\/image\/"}}]}},"_links":{"self":[{"href":"https:\/\/www.corsobori.com\/ca\/wp-json\/wp\/v2\/product\/5856","targetHints":{"allow":["GET"]}}],"collection":[{"href":"https:\/\/www.corsobori.com\/ca\/wp-json\/wp\/v2\/product"}],"about":[{"href":"https:\/\/www.corsobori.com\/ca\/wp-json\/wp\/v2\/types\/product"}],"replies":[{"embeddable":true,"href":"https:\/\/www.corsobori.com\/ca\/wp-json\/wp\/v2\/comments?post=5856"}],"wp:featuredmedia":[{"embeddable":true,"href":"https:\/\/www.corsobori.com\/ca\/wp-json\/wp\/v2\/media\/3324"}],"wp:attachment":[{"href":"https:\/\/www.corsobori.com\/ca\/wp-json\/wp\/v2\/media?parent=5856"}],"wp:term":[{"taxonomy":"product_brand","embeddable":true,"href":"https:\/\/www.corsobori.com\/ca\/wp-json\/wp\/v2\/product_brand?post=5856"},{"taxonomy":"product_cat","embeddable":true,"href":"https:\/\/www.corsobori.com\/ca\/wp-json\/wp\/v2\/product_cat?post=5856"},{"taxonomy":"product_tag","embeddable":true,"href":"https:\/\/www.corsobori.com\/ca\/wp-json\/wp\/v2\/product_tag?post=5856"}],"curies":[{"name":"wp","href":"https:\/\/api.w.org\/{rel}","templated":true}]}}