{"id":5855,"date":"2024-12-18T16:18:40","date_gmt":"2024-12-18T15:18:40","guid":{"rendered":"https:\/\/www.corsobori.com\/tienda\/p\/sofa-august\/"},"modified":"2024-12-18T16:18:40","modified_gmt":"2024-12-18T15:18:40","slug":"sofa-august","status":"publish","type":"product","link":"https:\/\/www.corsobori.com\/ca\/tienda\/p\/sofa-august\/","title":{"rendered":"Sof\u00e0 August de Molteni&#038;C"},"content":{"rendered":"<p>El sof\u00e0 Augusto, dissenyat per Vincent Van Duysen per a Molteni&amp;C, fusiona atemporalitat i modernitat en un sistema modular vers\u00e0til. Aquest nou model destaca per la seva estructura met\u00e0l\u00b7lica elegant i encoixinat d&#8217;alta densitat, proporcionant un confort excepcional. Disponible en profunditats de 100 cm i 116 cm, amb composicions de 185 a 270 cm. August s&#8217;adapta a qualsevol espai. Incorpora elements laterals, centrals i curvilinis, aix\u00ed com opcions de chaise longue, fomentant la interacci\u00f3 i la relaxaci\u00f3. La base de fusta massissa i alumini amb peus antilliscants garanteixen estabilitat i durabilitat. A m\u00e9s, s&#8217;ofereix a diverses teles i pells d&#8217;alta qualitat, permetent personalitzar cada detall amb opcions de rivet. L&#8217;est\u00e8tica i l&#8217;ergonomia es combinen per crear un refugi contemporani i acollidor a qualsevol llar.      <\/p>\n","protected":false},"excerpt":{"rendered":"<p>El sof\u00e0 Augusto, dissenyat per Vincent Van Duysen per a Molteni&amp;C, fusiona atemporalitat i modernitat en un sistema modular vers\u00e0til. Aquest nou model destaca per la seva estructura met\u00e0l\u00b7lica elegant i encoixinat d&#8217;alta densitat, proporcionant un confort excepcional. Disponible en profunditats de 100 cm i 116 cm, amb composicions de 185 a 270 cm. August&#8230;<\/p>\n","protected":false},"featured_media":3246,"comment_status":"open","ping_status":"closed","template":"","meta":{"_acf_changed":false},"product_brand":[],"product_cat":[172,215],"product_tag":[],"class_list":{"0":"post-5855","1":"product","2":"type-product","3":"status-publish","4":"has-post-thumbnail","6":"product_cat-mobles-dinterior","7":"product_cat-sofas-ca","9":"first","10":"instock","11":"sold-individually","12":"shipping-taxable","13":"purchasable","14":"product-type-simple"},"acf":[],"yoast_head":"<!-- This site is optimized with the Yoast SEO plugin v27.2 - https:\/\/yoast.com\/product\/yoast-seo-wordpress\/ -->\n<title>Sof\u00e0 August de Molteni&amp;C |<\/title>\n<meta name=\"robots\" content=\"index, follow, max-snippet:-1, max-image-preview:large, max-video-preview:-1\" \/>\n<link rel=\"canonical\" href=\"https:\/\/www.corsobori.com\/ca\/tienda\/p\/sofa-august\/\" \/>\n<meta property=\"og:locale\" content=\"ca_ES\" \/>\n<meta property=\"og:type\" content=\"article\" \/>\n<meta property=\"og:title\" content=\"Sof\u00e0 August de Molteni&amp;C |\" \/>\n<meta property=\"og:description\" content=\"El sof\u00e0 Augusto, dissenyat per Vincent Van Duysen per a Molteni&amp;C, fusiona atemporalitat i modernitat en un sistema modular vers\u00e0til. Aquest nou model destaca per la seva estructura met\u00e0l\u00b7lica elegant i encoixinat d&#8217;alta densitat, proporcionant un confort excepcional. Disponible en profunditats de 100 cm i 116 cm, amb composicions de 185 a 270 cm. August...\" \/>\n<meta property=\"og:url\" content=\"https:\/\/www.corsobori.com\/ca\/tienda\/p\/sofa-august\/\" \/>\n<meta property=\"og:site_name\" content=\"corsobori.com\" \/>\n<meta property=\"og:image\" content=\"https:\/\/www.corsobori.com\/wp-content\/uploads\/2024\/12\/4_3_Augusto_Blue-1.jpg\" \/>\n\t<meta property=\"og:image:width\" content=\"1440\" \/>\n\t<meta property=\"og:image:height\" content=\"1080\" \/>\n\t<meta property=\"og:image:type\" content=\"image\/jpeg\" \/>\n<meta name=\"twitter:card\" content=\"summary_large_image\" \/>\n<meta name=\"twitter:label1\" content=\"Temps estimat de lectura\" \/>\n\t<meta name=\"twitter:data1\" content=\"1 minut\" \/>\n<!-- \/ Yoast SEO plugin. -->","yoast_head_json":{"title":"Sof\u00e0 August de Molteni&C |","robots":{"index":"index","follow":"follow","max-snippet":"max-snippet:-1","max-image-preview":"max-image-preview:large","max-video-preview":"max-video-preview:-1"},"canonical":"https:\/\/www.corsobori.com\/ca\/tienda\/p\/sofa-august\/","og_locale":"ca_ES","og_type":"article","og_title":"Sof\u00e0 August de Molteni&C |","og_description":"El sof\u00e0 Augusto, dissenyat per Vincent Van Duysen per a Molteni&amp;C, fusiona atemporalitat i modernitat en un sistema modular vers\u00e0til. Aquest nou model destaca per la seva estructura met\u00e0l\u00b7lica elegant i encoixinat d&#8217;alta densitat, proporcionant un confort excepcional. Disponible en profunditats de 100 cm i 116 cm, amb composicions de 185 a 270 cm. August...","og_url":"https:\/\/www.corsobori.com\/ca\/tienda\/p\/sofa-august\/","og_site_name":"corsobori.com","og_image":[{"width":1440,"height":1080,"url":"https:\/\/www.corsobori.com\/wp-content\/uploads\/2024\/12\/4_3_Augusto_Blue-1.jpg","type":"image\/jpeg"}],"twitter_card":"summary_large_image","twitter_misc":{"Temps estimat de lectura":"1 minut"},"schema":{"@context":"https:\/\/schema.org","@graph":[{"@type":"WebPage","@id":"https:\/\/www.corsobori.com\/ca\/tienda\/p\/sofa-august\/","url":"https:\/\/www.corsobori.com\/ca\/tienda\/p\/sofa-august\/","name":"Sof\u00e0 August de Molteni&C |","isPartOf":{"@id":"https:\/\/www.corsobori.com\/ca\/#website"},"primaryImageOfPage":{"@id":"https:\/\/www.corsobori.com\/ca\/tienda\/p\/sofa-august\/#primaryimage"},"image":{"@id":"https:\/\/www.corsobori.com\/ca\/tienda\/p\/sofa-august\/#primaryimage"},"thumbnailUrl":"https:\/\/www.corsobori.com\/wp-content\/uploads\/2024\/12\/4_3_Augusto_Blue-1.jpg","datePublished":"2024-12-18T15:18:40+00:00","breadcrumb":{"@id":"https:\/\/www.corsobori.com\/ca\/tienda\/p\/sofa-august\/#breadcrumb"},"inLanguage":"ca","potentialAction":[{"@type":"ReadAction","target":["https:\/\/www.corsobori.com\/ca\/tienda\/p\/sofa-august\/"]}]},{"@type":"ImageObject","inLanguage":"ca","@id":"https:\/\/www.corsobori.com\/ca\/tienda\/p\/sofa-august\/#primaryimage","url":"https:\/\/www.corsobori.com\/wp-content\/uploads\/2024\/12\/4_3_Augusto_Blue-1.jpg","contentUrl":"https:\/\/www.corsobori.com\/wp-content\/uploads\/2024\/12\/4_3_Augusto_Blue-1.jpg","width":1440,"height":1080},{"@type":"BreadcrumbList","@id":"https:\/\/www.corsobori.com\/ca\/tienda\/p\/sofa-august\/#breadcrumb","itemListElement":[{"@type":"ListItem","position":1,"name":"Portada","item":"https:\/\/www.corsobori.com\/ca\/inici\/"},{"@type":"ListItem","position":2,"name":"Botiga","item":"https:\/\/www.corsobori.com\/ca\/botiga\/"},{"@type":"ListItem","position":3,"name":"Sof\u00e0 August"}]},{"@type":"WebSite","@id":"https:\/\/www.corsobori.com\/ca\/#website","url":"https:\/\/www.corsobori.com\/ca\/","name":"Corsobori","description":"","publisher":{"@id":"https:\/\/www.corsobori.com\/ca\/#organization"},"potentialAction":[{"@type":"SearchAction","target":{"@type":"EntryPoint","urlTemplate":"https:\/\/www.corsobori.com\/ca\/?s={search_term_string}"},"query-input":{"@type":"PropertyValueSpecification","valueRequired":true,"valueName":"search_term_string"}}],"inLanguage":"ca"},{"@type":"Organization","@id":"https:\/\/www.corsobori.com\/ca\/#organization","name":"Corsobori","url":"https:\/\/www.corsobori.com\/ca\/","logo":{"@type":"ImageObject","inLanguage":"ca","@id":"https:\/\/www.corsobori.com\/ca\/#\/schema\/logo\/image\/","url":"https:\/\/www.corsobori.com\/wp-content\/uploads\/2024\/08\/logo-corsobori.png","contentUrl":"https:\/\/www.corsobori.com\/wp-content\/uploads\/2024\/08\/logo-corsobori.png","width":1210,"height":146,"caption":"Corsobori"},"image":{"@id":"https:\/\/www.corsobori.com\/ca\/#\/schema\/logo\/image\/"}}]}},"_links":{"self":[{"href":"https:\/\/www.corsobori.com\/ca\/wp-json\/wp\/v2\/product\/5855","targetHints":{"allow":["GET"]}}],"collection":[{"href":"https:\/\/www.corsobori.com\/ca\/wp-json\/wp\/v2\/product"}],"about":[{"href":"https:\/\/www.corsobori.com\/ca\/wp-json\/wp\/v2\/types\/product"}],"replies":[{"embeddable":true,"href":"https:\/\/www.corsobori.com\/ca\/wp-json\/wp\/v2\/comments?post=5855"}],"wp:featuredmedia":[{"embeddable":true,"href":"https:\/\/www.corsobori.com\/ca\/wp-json\/wp\/v2\/media\/3246"}],"wp:attachment":[{"href":"https:\/\/www.corsobori.com\/ca\/wp-json\/wp\/v2\/media?parent=5855"}],"wp:term":[{"taxonomy":"product_brand","embeddable":true,"href":"https:\/\/www.corsobori.com\/ca\/wp-json\/wp\/v2\/product_brand?post=5855"},{"taxonomy":"product_cat","embeddable":true,"href":"https:\/\/www.corsobori.com\/ca\/wp-json\/wp\/v2\/product_cat?post=5855"},{"taxonomy":"product_tag","embeddable":true,"href":"https:\/\/www.corsobori.com\/ca\/wp-json\/wp\/v2\/product_tag?post=5855"}],"curies":[{"name":"wp","href":"https:\/\/api.w.org\/{rel}","templated":true}]}}