{"id":5851,"date":"2024-12-18T16:18:40","date_gmt":"2024-12-18T15:18:40","guid":{"rendered":"https:\/\/www.corsobori.com\/tienda\/p\/sofa-breeze\/"},"modified":"2024-12-18T16:18:40","modified_gmt":"2024-12-18T15:18:40","slug":"sofa-breeze","status":"publish","type":"product","link":"https:\/\/www.corsobori.com\/ca\/tienda\/p\/sofa-breeze\/","title":{"rendered":"Sof\u00e0 Breeze de Molteni&#038;C"},"content":{"rendered":"<p>Breeze \u00e9s un sof\u00e0 minimalista dissenyat per Matteo Nunziati, ideal per a espais urbans redu\u00efts i \u00e0rees d&#8217;alt prestigi com a lobbys d&#8217;hotels internacionals. El seu disseny es caracteritza per un seient continu, bra\u00e7os sinuosos i potes d&#8217;estil essencial, cosa que li confereix una imatge distintiva i elegant. Matteo Nunziati, amb el seu estudi a Mil\u00e0 des del 2000, s&#8217;especialitza en arquitectura d&#8217;interiors i disseny de mobiliari, col\u00b7laborant amb marques reconegudes com Molteni&amp;C. El seu enfocament integral en el disseny, que uneix interiors, arquitectura i producte, es reflecteix en projectes emblem\u00e0tics, incloent-hi la primera Trump Tower a l&#8217;\u00cdndia el 2012.   <\/p>\n","protected":false},"excerpt":{"rendered":"<p>Breeze \u00e9s un sof\u00e0 minimalista dissenyat per Matteo Nunziati, ideal per a espais urbans redu\u00efts i \u00e0rees d&#8217;alt prestigi com a lobbys d&#8217;hotels internacionals. El seu disseny es caracteritza per un seient continu, bra\u00e7os sinuosos i potes d&#8217;estil essencial, cosa que li confereix una imatge distintiva i elegant. Matteo Nunziati, amb el seu estudi a&#8230;<\/p>\n","protected":false},"featured_media":3262,"comment_status":"open","ping_status":"closed","template":"","meta":{"_acf_changed":false},"product_brand":[],"product_cat":[172,215],"product_tag":[],"class_list":{"0":"post-5851","1":"product","2":"type-product","3":"status-publish","4":"has-post-thumbnail","6":"product_cat-mobles-dinterior","7":"product_cat-sofas-ca","9":"first","10":"instock","11":"sold-individually","12":"shipping-taxable","13":"purchasable","14":"product-type-simple"},"acf":[],"yoast_head":"<!-- This site is optimized with the Yoast SEO plugin v27.2 - https:\/\/yoast.com\/product\/yoast-seo-wordpress\/ -->\n<title>Sof\u00e0 Breeze de Molteni&amp;C | Corsobori<\/title>\n<meta name=\"robots\" content=\"index, follow, max-snippet:-1, max-image-preview:large, max-video-preview:-1\" \/>\n<link rel=\"canonical\" href=\"https:\/\/www.corsobori.com\/ca\/tienda\/p\/sofa-breeze\/\" \/>\n<meta property=\"og:locale\" content=\"ca_ES\" \/>\n<meta property=\"og:type\" content=\"article\" \/>\n<meta property=\"og:title\" content=\"Sof\u00e0 Breeze de Molteni&amp;C | Corsobori\" \/>\n<meta property=\"og:description\" content=\"Breeze \u00e9s un sof\u00e0 minimalista dissenyat per Matteo Nunziati, ideal per a espais urbans redu\u00efts i \u00e0rees d&#8217;alt prestigi com a lobbys d&#8217;hotels internacionals. El seu disseny es caracteritza per un seient continu, bra\u00e7os sinuosos i potes d&#8217;estil essencial, cosa que li confereix una imatge distintiva i elegant. Matteo Nunziati, amb el seu estudi a...\" \/>\n<meta property=\"og:url\" content=\"https:\/\/www.corsobori.com\/ca\/tienda\/p\/sofa-breeze\/\" \/>\n<meta property=\"og:site_name\" content=\"corsobori.com\" \/>\n<meta property=\"og:image\" content=\"https:\/\/www.corsobori.com\/wp-content\/uploads\/2024\/12\/576a8272150b7.jpg\" \/>\n\t<meta property=\"og:image:width\" content=\"1440\" \/>\n\t<meta property=\"og:image:height\" content=\"1080\" \/>\n\t<meta property=\"og:image:type\" content=\"image\/jpeg\" \/>\n<meta name=\"twitter:card\" content=\"summary_large_image\" \/>\n<meta name=\"twitter:label1\" content=\"Temps estimat de lectura\" \/>\n\t<meta name=\"twitter:data1\" content=\"1 minut\" \/>\n<!-- \/ Yoast SEO plugin. -->","yoast_head_json":{"title":"Sof\u00e0 Breeze de Molteni&C | Corsobori","robots":{"index":"index","follow":"follow","max-snippet":"max-snippet:-1","max-image-preview":"max-image-preview:large","max-video-preview":"max-video-preview:-1"},"canonical":"https:\/\/www.corsobori.com\/ca\/tienda\/p\/sofa-breeze\/","og_locale":"ca_ES","og_type":"article","og_title":"Sof\u00e0 Breeze de Molteni&C | Corsobori","og_description":"Breeze \u00e9s un sof\u00e0 minimalista dissenyat per Matteo Nunziati, ideal per a espais urbans redu\u00efts i \u00e0rees d&#8217;alt prestigi com a lobbys d&#8217;hotels internacionals. El seu disseny es caracteritza per un seient continu, bra\u00e7os sinuosos i potes d&#8217;estil essencial, cosa que li confereix una imatge distintiva i elegant. Matteo Nunziati, amb el seu estudi a...","og_url":"https:\/\/www.corsobori.com\/ca\/tienda\/p\/sofa-breeze\/","og_site_name":"corsobori.com","og_image":[{"width":1440,"height":1080,"url":"https:\/\/www.corsobori.com\/wp-content\/uploads\/2024\/12\/576a8272150b7.jpg","type":"image\/jpeg"}],"twitter_card":"summary_large_image","twitter_misc":{"Temps estimat de lectura":"1 minut"},"schema":{"@context":"https:\/\/schema.org","@graph":[{"@type":"WebPage","@id":"https:\/\/www.corsobori.com\/ca\/tienda\/p\/sofa-breeze\/","url":"https:\/\/www.corsobori.com\/ca\/tienda\/p\/sofa-breeze\/","name":"Sof\u00e0 Breeze de Molteni&C | Corsobori","isPartOf":{"@id":"https:\/\/www.corsobori.com\/ca\/#website"},"primaryImageOfPage":{"@id":"https:\/\/www.corsobori.com\/ca\/tienda\/p\/sofa-breeze\/#primaryimage"},"image":{"@id":"https:\/\/www.corsobori.com\/ca\/tienda\/p\/sofa-breeze\/#primaryimage"},"thumbnailUrl":"https:\/\/www.corsobori.com\/wp-content\/uploads\/2024\/12\/576a8272150b7.jpg","datePublished":"2024-12-18T15:18:40+00:00","breadcrumb":{"@id":"https:\/\/www.corsobori.com\/ca\/tienda\/p\/sofa-breeze\/#breadcrumb"},"inLanguage":"ca","potentialAction":[{"@type":"ReadAction","target":["https:\/\/www.corsobori.com\/ca\/tienda\/p\/sofa-breeze\/"]}]},{"@type":"ImageObject","inLanguage":"ca","@id":"https:\/\/www.corsobori.com\/ca\/tienda\/p\/sofa-breeze\/#primaryimage","url":"https:\/\/www.corsobori.com\/wp-content\/uploads\/2024\/12\/576a8272150b7.jpg","contentUrl":"https:\/\/www.corsobori.com\/wp-content\/uploads\/2024\/12\/576a8272150b7.jpg","width":1440,"height":1080},{"@type":"BreadcrumbList","@id":"https:\/\/www.corsobori.com\/ca\/tienda\/p\/sofa-breeze\/#breadcrumb","itemListElement":[{"@type":"ListItem","position":1,"name":"Portada","item":"https:\/\/www.corsobori.com\/ca\/inici\/"},{"@type":"ListItem","position":2,"name":"Botiga","item":"https:\/\/www.corsobori.com\/ca\/botiga\/"},{"@type":"ListItem","position":3,"name":"Sof\u00e0 Breeze"}]},{"@type":"WebSite","@id":"https:\/\/www.corsobori.com\/ca\/#website","url":"https:\/\/www.corsobori.com\/ca\/","name":"Corsobori","description":"","publisher":{"@id":"https:\/\/www.corsobori.com\/ca\/#organization"},"potentialAction":[{"@type":"SearchAction","target":{"@type":"EntryPoint","urlTemplate":"https:\/\/www.corsobori.com\/ca\/?s={search_term_string}"},"query-input":{"@type":"PropertyValueSpecification","valueRequired":true,"valueName":"search_term_string"}}],"inLanguage":"ca"},{"@type":"Organization","@id":"https:\/\/www.corsobori.com\/ca\/#organization","name":"Corsobori","url":"https:\/\/www.corsobori.com\/ca\/","logo":{"@type":"ImageObject","inLanguage":"ca","@id":"https:\/\/www.corsobori.com\/ca\/#\/schema\/logo\/image\/","url":"https:\/\/www.corsobori.com\/wp-content\/uploads\/2024\/08\/logo-corsobori.png","contentUrl":"https:\/\/www.corsobori.com\/wp-content\/uploads\/2024\/08\/logo-corsobori.png","width":1210,"height":146,"caption":"Corsobori"},"image":{"@id":"https:\/\/www.corsobori.com\/ca\/#\/schema\/logo\/image\/"}}]}},"_links":{"self":[{"href":"https:\/\/www.corsobori.com\/ca\/wp-json\/wp\/v2\/product\/5851","targetHints":{"allow":["GET"]}}],"collection":[{"href":"https:\/\/www.corsobori.com\/ca\/wp-json\/wp\/v2\/product"}],"about":[{"href":"https:\/\/www.corsobori.com\/ca\/wp-json\/wp\/v2\/types\/product"}],"replies":[{"embeddable":true,"href":"https:\/\/www.corsobori.com\/ca\/wp-json\/wp\/v2\/comments?post=5851"}],"wp:featuredmedia":[{"embeddable":true,"href":"https:\/\/www.corsobori.com\/ca\/wp-json\/wp\/v2\/media\/3262"}],"wp:attachment":[{"href":"https:\/\/www.corsobori.com\/ca\/wp-json\/wp\/v2\/media?parent=5851"}],"wp:term":[{"taxonomy":"product_brand","embeddable":true,"href":"https:\/\/www.corsobori.com\/ca\/wp-json\/wp\/v2\/product_brand?post=5851"},{"taxonomy":"product_cat","embeddable":true,"href":"https:\/\/www.corsobori.com\/ca\/wp-json\/wp\/v2\/product_cat?post=5851"},{"taxonomy":"product_tag","embeddable":true,"href":"https:\/\/www.corsobori.com\/ca\/wp-json\/wp\/v2\/product_tag?post=5851"}],"curies":[{"name":"wp","href":"https:\/\/api.w.org\/{rel}","templated":true}]}}