{"id":5843,"date":"2024-12-18T16:17:50","date_gmt":"2024-12-18T15:17:50","guid":{"rendered":"https:\/\/www.corsobori.com\/tienda\/p\/butaca-kensington\/"},"modified":"2024-12-18T16:17:50","modified_gmt":"2024-12-18T15:17:50","slug":"butaca-kensington","status":"publish","type":"product","link":"https:\/\/www.corsobori.com\/ca\/tienda\/p\/butaca-kensington\/","title":{"rendered":"Butaca Kensington de Molteni&#038;C"},"content":{"rendered":"<p>La butaca Kensington \u00e9s una pe\u00e7a de disseny que destaca per les l\u00ednies envoltants i proporcions equilibrades, ideal per a moments de relaxaci\u00f3 i conversa. El seu bastidor integrat compta amb bra\u00e7os amplis i un seient ergon\u00f2mic que garanteix comoditat. Disponible en dues versions (alta i baixa) i amb un reposapeus, el seu revestiment s&#8217;ofereix en t\u00e8xtil o pell, permetent combinacions personalitzades que en reforcen l&#8217;eleg\u00e0ncia. La base met\u00e0l\u00b7lica de quatre radis i el casc en poliuret\u00e0 estructural brinden un suport \u00f2ptim. Amb la firma de l&#8217;arquitecte Rodolfo Dordoni, la Kensington \u00e9s perfecta per crear espais \u00edntims tant en entorns dom\u00e8stics com en hospitalitat, com a salons i oficines.    <\/p>\n","protected":false},"excerpt":{"rendered":"<p>La butaca Kensington \u00e9s una pe\u00e7a de disseny que destaca per les l\u00ednies envoltants i proporcions equilibrades, ideal per a moments de relaxaci\u00f3 i conversa. El seu bastidor integrat compta amb bra\u00e7os amplis i un seient ergon\u00f2mic que garanteix comoditat. Disponible en dues versions (alta i baixa) i amb un reposapeus, el seu revestiment s&#8217;ofereix&#8230;<\/p>\n","protected":false},"featured_media":4268,"comment_status":"open","ping_status":"closed","template":"","meta":{"_acf_changed":false},"product_brand":[],"product_cat":[206,172],"product_tag":[],"class_list":{"0":"post-5843","1":"product","2":"type-product","3":"status-publish","4":"has-post-thumbnail","6":"product_cat-butaques","7":"product_cat-mobles-dinterior","9":"first","10":"instock","11":"sold-individually","12":"shipping-taxable","13":"purchasable","14":"product-type-simple"},"acf":[],"yoast_head":"<!-- This site is optimized with the Yoast SEO plugin v27.2 - https:\/\/yoast.com\/product\/yoast-seo-wordpress\/ -->\n<title>Butaca Kensington de Molteni&amp;C | Corsobori<\/title>\n<meta name=\"robots\" content=\"index, follow, max-snippet:-1, max-image-preview:large, max-video-preview:-1\" \/>\n<link rel=\"canonical\" href=\"https:\/\/www.corsobori.com\/ca\/tienda\/p\/butaca-kensington\/\" \/>\n<meta property=\"og:locale\" content=\"ca_ES\" \/>\n<meta property=\"og:type\" content=\"article\" \/>\n<meta property=\"og:title\" content=\"Butaca Kensington de Molteni&amp;C | Corsobori\" \/>\n<meta property=\"og:description\" content=\"La butaca Kensington \u00e9s una pe\u00e7a de disseny que destaca per les l\u00ednies envoltants i proporcions equilibrades, ideal per a moments de relaxaci\u00f3 i conversa. El seu bastidor integrat compta amb bra\u00e7os amplis i un seient ergon\u00f2mic que garanteix comoditat. Disponible en dues versions (alta i baixa) i amb un reposapeus, el seu revestiment s&#8217;ofereix...\" \/>\n<meta property=\"og:url\" content=\"https:\/\/www.corsobori.com\/ca\/tienda\/p\/butaca-kensington\/\" \/>\n<meta property=\"og:site_name\" content=\"corsobori.com\" \/>\n<meta property=\"og:image\" content=\"https:\/\/www.corsobori.com\/wp-content\/uploads\/2024\/12\/4_3_Kensington-2019-2.jpg\" \/>\n\t<meta property=\"og:image:width\" content=\"1440\" \/>\n\t<meta property=\"og:image:height\" content=\"1080\" \/>\n\t<meta property=\"og:image:type\" content=\"image\/jpeg\" \/>\n<meta name=\"twitter:card\" content=\"summary_large_image\" \/>\n<meta name=\"twitter:label1\" content=\"Temps estimat de lectura\" \/>\n\t<meta name=\"twitter:data1\" content=\"1 minut\" \/>\n<!-- \/ Yoast SEO plugin. -->","yoast_head_json":{"title":"Butaca Kensington de Molteni&C | Corsobori","robots":{"index":"index","follow":"follow","max-snippet":"max-snippet:-1","max-image-preview":"max-image-preview:large","max-video-preview":"max-video-preview:-1"},"canonical":"https:\/\/www.corsobori.com\/ca\/tienda\/p\/butaca-kensington\/","og_locale":"ca_ES","og_type":"article","og_title":"Butaca Kensington de Molteni&C | Corsobori","og_description":"La butaca Kensington \u00e9s una pe\u00e7a de disseny que destaca per les l\u00ednies envoltants i proporcions equilibrades, ideal per a moments de relaxaci\u00f3 i conversa. El seu bastidor integrat compta amb bra\u00e7os amplis i un seient ergon\u00f2mic que garanteix comoditat. Disponible en dues versions (alta i baixa) i amb un reposapeus, el seu revestiment s&#8217;ofereix...","og_url":"https:\/\/www.corsobori.com\/ca\/tienda\/p\/butaca-kensington\/","og_site_name":"corsobori.com","og_image":[{"width":1440,"height":1080,"url":"https:\/\/www.corsobori.com\/wp-content\/uploads\/2024\/12\/4_3_Kensington-2019-2.jpg","type":"image\/jpeg"}],"twitter_card":"summary_large_image","twitter_misc":{"Temps estimat de lectura":"1 minut"},"schema":{"@context":"https:\/\/schema.org","@graph":[{"@type":"WebPage","@id":"https:\/\/www.corsobori.com\/ca\/tienda\/p\/butaca-kensington\/","url":"https:\/\/www.corsobori.com\/ca\/tienda\/p\/butaca-kensington\/","name":"Butaca Kensington de Molteni&C | Corsobori","isPartOf":{"@id":"https:\/\/www.corsobori.com\/ca\/#website"},"primaryImageOfPage":{"@id":"https:\/\/www.corsobori.com\/ca\/tienda\/p\/butaca-kensington\/#primaryimage"},"image":{"@id":"https:\/\/www.corsobori.com\/ca\/tienda\/p\/butaca-kensington\/#primaryimage"},"thumbnailUrl":"https:\/\/www.corsobori.com\/wp-content\/uploads\/2024\/12\/4_3_Kensington-2019-2.jpg","datePublished":"2024-12-18T15:17:50+00:00","breadcrumb":{"@id":"https:\/\/www.corsobori.com\/ca\/tienda\/p\/butaca-kensington\/#breadcrumb"},"inLanguage":"ca","potentialAction":[{"@type":"ReadAction","target":["https:\/\/www.corsobori.com\/ca\/tienda\/p\/butaca-kensington\/"]}]},{"@type":"ImageObject","inLanguage":"ca","@id":"https:\/\/www.corsobori.com\/ca\/tienda\/p\/butaca-kensington\/#primaryimage","url":"https:\/\/www.corsobori.com\/wp-content\/uploads\/2024\/12\/4_3_Kensington-2019-2.jpg","contentUrl":"https:\/\/www.corsobori.com\/wp-content\/uploads\/2024\/12\/4_3_Kensington-2019-2.jpg","width":1440,"height":1080},{"@type":"BreadcrumbList","@id":"https:\/\/www.corsobori.com\/ca\/tienda\/p\/butaca-kensington\/#breadcrumb","itemListElement":[{"@type":"ListItem","position":1,"name":"Portada","item":"https:\/\/www.corsobori.com\/ca\/inici\/"},{"@type":"ListItem","position":2,"name":"Botiga","item":"https:\/\/www.corsobori.com\/ca\/botiga\/"},{"@type":"ListItem","position":3,"name":"Butaca Kensington"}]},{"@type":"WebSite","@id":"https:\/\/www.corsobori.com\/ca\/#website","url":"https:\/\/www.corsobori.com\/ca\/","name":"Corsobori","description":"","publisher":{"@id":"https:\/\/www.corsobori.com\/ca\/#organization"},"potentialAction":[{"@type":"SearchAction","target":{"@type":"EntryPoint","urlTemplate":"https:\/\/www.corsobori.com\/ca\/?s={search_term_string}"},"query-input":{"@type":"PropertyValueSpecification","valueRequired":true,"valueName":"search_term_string"}}],"inLanguage":"ca"},{"@type":"Organization","@id":"https:\/\/www.corsobori.com\/ca\/#organization","name":"Corsobori","url":"https:\/\/www.corsobori.com\/ca\/","logo":{"@type":"ImageObject","inLanguage":"ca","@id":"https:\/\/www.corsobori.com\/ca\/#\/schema\/logo\/image\/","url":"https:\/\/www.corsobori.com\/wp-content\/uploads\/2024\/08\/logo-corsobori.png","contentUrl":"https:\/\/www.corsobori.com\/wp-content\/uploads\/2024\/08\/logo-corsobori.png","width":1210,"height":146,"caption":"Corsobori"},"image":{"@id":"https:\/\/www.corsobori.com\/ca\/#\/schema\/logo\/image\/"}}]}},"_links":{"self":[{"href":"https:\/\/www.corsobori.com\/ca\/wp-json\/wp\/v2\/product\/5843","targetHints":{"allow":["GET"]}}],"collection":[{"href":"https:\/\/www.corsobori.com\/ca\/wp-json\/wp\/v2\/product"}],"about":[{"href":"https:\/\/www.corsobori.com\/ca\/wp-json\/wp\/v2\/types\/product"}],"replies":[{"embeddable":true,"href":"https:\/\/www.corsobori.com\/ca\/wp-json\/wp\/v2\/comments?post=5843"}],"wp:featuredmedia":[{"embeddable":true,"href":"https:\/\/www.corsobori.com\/ca\/wp-json\/wp\/v2\/media\/4268"}],"wp:attachment":[{"href":"https:\/\/www.corsobori.com\/ca\/wp-json\/wp\/v2\/media?parent=5843"}],"wp:term":[{"taxonomy":"product_brand","embeddable":true,"href":"https:\/\/www.corsobori.com\/ca\/wp-json\/wp\/v2\/product_brand?post=5843"},{"taxonomy":"product_cat","embeddable":true,"href":"https:\/\/www.corsobori.com\/ca\/wp-json\/wp\/v2\/product_cat?post=5843"},{"taxonomy":"product_tag","embeddable":true,"href":"https:\/\/www.corsobori.com\/ca\/wp-json\/wp\/v2\/product_tag?post=5843"}],"curies":[{"name":"wp","href":"https:\/\/api.w.org\/{rel}","templated":true}]}}