{"id":5828,"date":"2024-12-18T16:17:47","date_gmt":"2024-12-18T15:17:47","guid":{"rendered":"https:\/\/www.corsobori.com\/tienda\/p\/butaca-cinnamon\/"},"modified":"2024-12-18T16:17:47","modified_gmt":"2024-12-18T15:17:47","slug":"butaca-cinnamon","status":"publish","type":"product","link":"https:\/\/www.corsobori.com\/ca\/tienda\/p\/butaca-cinnamon\/","title":{"rendered":"Butaca Cinnamon de Molteni&#038;C"},"content":{"rendered":"<p>La butaca Cinnamon, dissenyada per Naoto Fukasawa, \u00e9s una obra mestra que fusiona forma, funci\u00f3 i confort. La seva estructura arrodonida i envoltant, amb una base en forma d&#8217;U, al costat d&#8217;un seient bombat i un coix\u00ed extra\u00efble, asseguren una experi\u00e8ncia excepcionalment c\u00f2moda. L&#8217;atenci\u00f3 al detall \u00e9s evident en les costures ocultes i l&#8217;entapissat de teixit de punt el\u00e0stic, disponible en 12 opcions de teles que aporten eleg\u00e0ncia a qualsevol espai. Ideal per a la sala d\u00b4estar, el dormitori o l\u00b4estudi, Cinnamon proporciona un ambient acollidor i l\u00fadic, perfecte per relaxar-se. Aquest disseny respecta la filosofia de Fukasawa, que cerca un disseny intu\u00eftiu i harmoni\u00f3s que realci la bellesa de l&#8217;entorn.    <\/p>\n","protected":false},"excerpt":{"rendered":"<p>La butaca Cinnamon, dissenyada per Naoto Fukasawa, \u00e9s una obra mestra que fusiona forma, funci\u00f3 i confort. La seva estructura arrodonida i envoltant, amb una base en forma d&#8217;U, al costat d&#8217;un seient bombat i un coix\u00ed extra\u00efble, asseguren una experi\u00e8ncia excepcionalment c\u00f2moda. L&#8217;atenci\u00f3 al detall \u00e9s evident en les costures ocultes i l&#8217;entapissat de&#8230;<\/p>\n","protected":false},"featured_media":4196,"comment_status":"open","ping_status":"closed","template":"","meta":{"_acf_changed":false},"product_brand":[],"product_cat":[206,172],"product_tag":[],"class_list":{"0":"post-5828","1":"product","2":"type-product","3":"status-publish","4":"has-post-thumbnail","6":"product_cat-butaques","7":"product_cat-mobles-dinterior","9":"first","10":"instock","11":"sold-individually","12":"shipping-taxable","13":"purchasable","14":"product-type-simple"},"acf":[],"yoast_head":"<!-- This site is optimized with the Yoast SEO plugin v27.2 - https:\/\/yoast.com\/product\/yoast-seo-wordpress\/ -->\n<title>Butaca Cinnamon de Molteni&amp;C | Corsobori<\/title>\n<meta name=\"robots\" content=\"index, follow, max-snippet:-1, max-image-preview:large, max-video-preview:-1\" \/>\n<link rel=\"canonical\" href=\"https:\/\/www.corsobori.com\/ca\/tienda\/p\/butaca-cinnamon\/\" \/>\n<meta property=\"og:locale\" content=\"ca_ES\" \/>\n<meta property=\"og:type\" content=\"article\" \/>\n<meta property=\"og:title\" content=\"Butaca Cinnamon de Molteni&amp;C | Corsobori\" \/>\n<meta property=\"og:description\" content=\"La butaca Cinnamon, dissenyada per Naoto Fukasawa, \u00e9s una obra mestra que fusiona forma, funci\u00f3 i confort. La seva estructura arrodonida i envoltant, amb una base en forma d&#8217;U, al costat d&#8217;un seient bombat i un coix\u00ed extra\u00efble, asseguren una experi\u00e8ncia excepcionalment c\u00f2moda. L&#8217;atenci\u00f3 al detall \u00e9s evident en les costures ocultes i l&#8217;entapissat de...\" \/>\n<meta property=\"og:url\" content=\"https:\/\/www.corsobori.com\/ca\/tienda\/p\/butaca-cinnamon\/\" \/>\n<meta property=\"og:site_name\" content=\"corsobori.com\" \/>\n<meta property=\"og:image\" content=\"https:\/\/www.corsobori.com\/wp-content\/uploads\/2024\/12\/4_3_cinnamon_01_new.jpg\" \/>\n\t<meta property=\"og:image:width\" content=\"1440\" \/>\n\t<meta property=\"og:image:height\" content=\"1080\" \/>\n\t<meta property=\"og:image:type\" content=\"image\/jpeg\" \/>\n<meta name=\"twitter:card\" content=\"summary_large_image\" \/>\n<meta name=\"twitter:label1\" content=\"Temps estimat de lectura\" \/>\n\t<meta name=\"twitter:data1\" content=\"1 minut\" \/>\n<!-- \/ Yoast SEO plugin. -->","yoast_head_json":{"title":"Butaca Cinnamon de Molteni&C | Corsobori","robots":{"index":"index","follow":"follow","max-snippet":"max-snippet:-1","max-image-preview":"max-image-preview:large","max-video-preview":"max-video-preview:-1"},"canonical":"https:\/\/www.corsobori.com\/ca\/tienda\/p\/butaca-cinnamon\/","og_locale":"ca_ES","og_type":"article","og_title":"Butaca Cinnamon de Molteni&C | Corsobori","og_description":"La butaca Cinnamon, dissenyada per Naoto Fukasawa, \u00e9s una obra mestra que fusiona forma, funci\u00f3 i confort. La seva estructura arrodonida i envoltant, amb una base en forma d&#8217;U, al costat d&#8217;un seient bombat i un coix\u00ed extra\u00efble, asseguren una experi\u00e8ncia excepcionalment c\u00f2moda. L&#8217;atenci\u00f3 al detall \u00e9s evident en les costures ocultes i l&#8217;entapissat de...","og_url":"https:\/\/www.corsobori.com\/ca\/tienda\/p\/butaca-cinnamon\/","og_site_name":"corsobori.com","og_image":[{"width":1440,"height":1080,"url":"https:\/\/www.corsobori.com\/wp-content\/uploads\/2024\/12\/4_3_cinnamon_01_new.jpg","type":"image\/jpeg"}],"twitter_card":"summary_large_image","twitter_misc":{"Temps estimat de lectura":"1 minut"},"schema":{"@context":"https:\/\/schema.org","@graph":[{"@type":"WebPage","@id":"https:\/\/www.corsobori.com\/ca\/tienda\/p\/butaca-cinnamon\/","url":"https:\/\/www.corsobori.com\/ca\/tienda\/p\/butaca-cinnamon\/","name":"Butaca Cinnamon de Molteni&C | Corsobori","isPartOf":{"@id":"https:\/\/www.corsobori.com\/ca\/#website"},"primaryImageOfPage":{"@id":"https:\/\/www.corsobori.com\/ca\/tienda\/p\/butaca-cinnamon\/#primaryimage"},"image":{"@id":"https:\/\/www.corsobori.com\/ca\/tienda\/p\/butaca-cinnamon\/#primaryimage"},"thumbnailUrl":"https:\/\/www.corsobori.com\/wp-content\/uploads\/2024\/12\/4_3_cinnamon_01_new.jpg","datePublished":"2024-12-18T15:17:47+00:00","breadcrumb":{"@id":"https:\/\/www.corsobori.com\/ca\/tienda\/p\/butaca-cinnamon\/#breadcrumb"},"inLanguage":"ca","potentialAction":[{"@type":"ReadAction","target":["https:\/\/www.corsobori.com\/ca\/tienda\/p\/butaca-cinnamon\/"]}]},{"@type":"ImageObject","inLanguage":"ca","@id":"https:\/\/www.corsobori.com\/ca\/tienda\/p\/butaca-cinnamon\/#primaryimage","url":"https:\/\/www.corsobori.com\/wp-content\/uploads\/2024\/12\/4_3_cinnamon_01_new.jpg","contentUrl":"https:\/\/www.corsobori.com\/wp-content\/uploads\/2024\/12\/4_3_cinnamon_01_new.jpg","width":1440,"height":1080},{"@type":"BreadcrumbList","@id":"https:\/\/www.corsobori.com\/ca\/tienda\/p\/butaca-cinnamon\/#breadcrumb","itemListElement":[{"@type":"ListItem","position":1,"name":"Portada","item":"https:\/\/www.corsobori.com\/ca\/inici\/"},{"@type":"ListItem","position":2,"name":"Botiga","item":"https:\/\/www.corsobori.com\/ca\/botiga\/"},{"@type":"ListItem","position":3,"name":"Butaca Cinnamon"}]},{"@type":"WebSite","@id":"https:\/\/www.corsobori.com\/ca\/#website","url":"https:\/\/www.corsobori.com\/ca\/","name":"Corsobori","description":"","publisher":{"@id":"https:\/\/www.corsobori.com\/ca\/#organization"},"potentialAction":[{"@type":"SearchAction","target":{"@type":"EntryPoint","urlTemplate":"https:\/\/www.corsobori.com\/ca\/?s={search_term_string}"},"query-input":{"@type":"PropertyValueSpecification","valueRequired":true,"valueName":"search_term_string"}}],"inLanguage":"ca"},{"@type":"Organization","@id":"https:\/\/www.corsobori.com\/ca\/#organization","name":"Corsobori","url":"https:\/\/www.corsobori.com\/ca\/","logo":{"@type":"ImageObject","inLanguage":"ca","@id":"https:\/\/www.corsobori.com\/ca\/#\/schema\/logo\/image\/","url":"https:\/\/www.corsobori.com\/wp-content\/uploads\/2024\/08\/logo-corsobori.png","contentUrl":"https:\/\/www.corsobori.com\/wp-content\/uploads\/2024\/08\/logo-corsobori.png","width":1210,"height":146,"caption":"Corsobori"},"image":{"@id":"https:\/\/www.corsobori.com\/ca\/#\/schema\/logo\/image\/"}}]}},"_links":{"self":[{"href":"https:\/\/www.corsobori.com\/ca\/wp-json\/wp\/v2\/product\/5828","targetHints":{"allow":["GET"]}}],"collection":[{"href":"https:\/\/www.corsobori.com\/ca\/wp-json\/wp\/v2\/product"}],"about":[{"href":"https:\/\/www.corsobori.com\/ca\/wp-json\/wp\/v2\/types\/product"}],"replies":[{"embeddable":true,"href":"https:\/\/www.corsobori.com\/ca\/wp-json\/wp\/v2\/comments?post=5828"}],"wp:featuredmedia":[{"embeddable":true,"href":"https:\/\/www.corsobori.com\/ca\/wp-json\/wp\/v2\/media\/4196"}],"wp:attachment":[{"href":"https:\/\/www.corsobori.com\/ca\/wp-json\/wp\/v2\/media?parent=5828"}],"wp:term":[{"taxonomy":"product_brand","embeddable":true,"href":"https:\/\/www.corsobori.com\/ca\/wp-json\/wp\/v2\/product_brand?post=5828"},{"taxonomy":"product_cat","embeddable":true,"href":"https:\/\/www.corsobori.com\/ca\/wp-json\/wp\/v2\/product_cat?post=5828"},{"taxonomy":"product_tag","embeddable":true,"href":"https:\/\/www.corsobori.com\/ca\/wp-json\/wp\/v2\/product_tag?post=5828"}],"curies":[{"name":"wp","href":"https:\/\/api.w.org\/{rel}","templated":true}]}}