{"id":5826,"date":"2024-12-18T16:18:40","date_gmt":"2024-12-18T15:18:40","guid":{"rendered":"https:\/\/www.corsobori.com\/tienda\/p\/sofa-albert\/"},"modified":"2024-12-18T16:18:40","modified_gmt":"2024-12-18T15:18:40","slug":"sofa-albert","status":"publish","type":"product","link":"https:\/\/www.corsobori.com\/ca\/tienda\/p\/sofa-albert\/","title":{"rendered":"Sof\u00e0 Albert de Molteni&#038;C"},"content":{"rendered":"<p>El nou sistema de seients Albert de Molteni&amp;C, dissenyat per Vincent Van Duysen, combina tradici\u00f3 i tecnologia amb un enfocament en l&#8217;ergonomia i la flexibilitat. Amb profunditats de 105 i 150 cm, els seients ofereixen personalitzaci\u00f3 a trav\u00e9s de coixins especials i un destacat \u201cefecte sastreria\u201d, evidenciat per costures dobles. L\u00b4estructura permet un disseny din\u00e0mic que s\u00b4adapta a la complexitat contempor\u00e0nia de l\u00b4espai habitable. Els pufs complementen la s\u00e8rie, mentre que la base de perfils arrodonits en acabat Peltro atorga un efecte flotant i de lleugeresa. Aquesta col\u00b7lecci\u00f3 es presenta com una opci\u00f3 refinada i vers\u00e0til, amb la possibilitat de personalitzaci\u00f3 en t\u00e8xtils i pells de la l\u00ednia exclusiva de Molteni&amp;C.    <\/p>\n","protected":false},"excerpt":{"rendered":"<p>El nou sistema de seients Albert de Molteni&amp;C, dissenyat per Vincent Van Duysen, combina tradici\u00f3 i tecnologia amb un enfocament en l&#8217;ergonomia i la flexibilitat. Amb profunditats de 105 i 150 cm, els seients ofereixen personalitzaci\u00f3 a trav\u00e9s de coixins especials i un destacat \u201cefecte sastreria\u201d, evidenciat per costures dobles. L\u00b4estructura permet un disseny din\u00e0mic&#8230;<\/p>\n","protected":false},"featured_media":3254,"comment_status":"open","ping_status":"closed","template":"","meta":{"_acf_changed":false},"product_brand":[],"product_cat":[172,215],"product_tag":[],"class_list":{"0":"post-5826","1":"product","2":"type-product","3":"status-publish","4":"has-post-thumbnail","6":"product_cat-mobles-dinterior","7":"product_cat-sofas-ca","9":"first","10":"instock","11":"sold-individually","12":"shipping-taxable","13":"purchasable","14":"product-type-simple"},"acf":[],"yoast_head":"<!-- This site is optimized with the Yoast SEO plugin v27.2 - https:\/\/yoast.com\/product\/yoast-seo-wordpress\/ -->\n<title>Sof\u00e0 Albert de Molteni&amp;C | Corsobori<\/title>\n<meta name=\"robots\" content=\"index, follow, max-snippet:-1, max-image-preview:large, max-video-preview:-1\" \/>\n<link rel=\"canonical\" href=\"https:\/\/www.corsobori.com\/ca\/tienda\/p\/sofa-albert\/\" \/>\n<meta property=\"og:locale\" content=\"ca_ES\" \/>\n<meta property=\"og:type\" content=\"article\" \/>\n<meta property=\"og:title\" content=\"Sof\u00e0 Albert de Molteni&amp;C | Corsobori\" \/>\n<meta property=\"og:description\" content=\"El nou sistema de seients Albert de Molteni&amp;C, dissenyat per Vincent Van Duysen, combina tradici\u00f3 i tecnologia amb un enfocament en l&#8217;ergonomia i la flexibilitat. Amb profunditats de 105 i 150 cm, els seients ofereixen personalitzaci\u00f3 a trav\u00e9s de coixins especials i un destacat \u201cefecte sastreria\u201d, evidenciat per costures dobles. L\u00b4estructura permet un disseny din\u00e0mic...\" \/>\n<meta property=\"og:url\" content=\"https:\/\/www.corsobori.com\/ca\/tienda\/p\/sofa-albert\/\" \/>\n<meta property=\"og:site_name\" content=\"corsobori.com\" \/>\n<meta property=\"og:image\" content=\"https:\/\/www.corsobori.com\/wp-content\/uploads\/2024\/12\/Albert_015_21_WR_1-1.jpg\" \/>\n\t<meta property=\"og:image:width\" content=\"1890\" \/>\n\t<meta property=\"og:image:height\" content=\"1890\" \/>\n\t<meta property=\"og:image:type\" content=\"image\/jpeg\" \/>\n<meta name=\"twitter:card\" content=\"summary_large_image\" \/>\n<meta name=\"twitter:label1\" content=\"Temps estimat de lectura\" \/>\n\t<meta name=\"twitter:data1\" content=\"1 minut\" \/>\n<!-- \/ Yoast SEO plugin. -->","yoast_head_json":{"title":"Sof\u00e0 Albert de Molteni&C | Corsobori","robots":{"index":"index","follow":"follow","max-snippet":"max-snippet:-1","max-image-preview":"max-image-preview:large","max-video-preview":"max-video-preview:-1"},"canonical":"https:\/\/www.corsobori.com\/ca\/tienda\/p\/sofa-albert\/","og_locale":"ca_ES","og_type":"article","og_title":"Sof\u00e0 Albert de Molteni&C | Corsobori","og_description":"El nou sistema de seients Albert de Molteni&amp;C, dissenyat per Vincent Van Duysen, combina tradici\u00f3 i tecnologia amb un enfocament en l&#8217;ergonomia i la flexibilitat. Amb profunditats de 105 i 150 cm, els seients ofereixen personalitzaci\u00f3 a trav\u00e9s de coixins especials i un destacat \u201cefecte sastreria\u201d, evidenciat per costures dobles. L\u00b4estructura permet un disseny din\u00e0mic...","og_url":"https:\/\/www.corsobori.com\/ca\/tienda\/p\/sofa-albert\/","og_site_name":"corsobori.com","og_image":[{"width":1890,"height":1890,"url":"https:\/\/www.corsobori.com\/wp-content\/uploads\/2024\/12\/Albert_015_21_WR_1-1.jpg","type":"image\/jpeg"}],"twitter_card":"summary_large_image","twitter_misc":{"Temps estimat de lectura":"1 minut"},"schema":{"@context":"https:\/\/schema.org","@graph":[{"@type":"WebPage","@id":"https:\/\/www.corsobori.com\/ca\/tienda\/p\/sofa-albert\/","url":"https:\/\/www.corsobori.com\/ca\/tienda\/p\/sofa-albert\/","name":"Sof\u00e0 Albert de Molteni&C | Corsobori","isPartOf":{"@id":"https:\/\/www.corsobori.com\/ca\/#website"},"primaryImageOfPage":{"@id":"https:\/\/www.corsobori.com\/ca\/tienda\/p\/sofa-albert\/#primaryimage"},"image":{"@id":"https:\/\/www.corsobori.com\/ca\/tienda\/p\/sofa-albert\/#primaryimage"},"thumbnailUrl":"https:\/\/www.corsobori.com\/wp-content\/uploads\/2024\/12\/Albert_015_21_WR_1-1.jpg","datePublished":"2024-12-18T15:18:40+00:00","breadcrumb":{"@id":"https:\/\/www.corsobori.com\/ca\/tienda\/p\/sofa-albert\/#breadcrumb"},"inLanguage":"ca","potentialAction":[{"@type":"ReadAction","target":["https:\/\/www.corsobori.com\/ca\/tienda\/p\/sofa-albert\/"]}]},{"@type":"ImageObject","inLanguage":"ca","@id":"https:\/\/www.corsobori.com\/ca\/tienda\/p\/sofa-albert\/#primaryimage","url":"https:\/\/www.corsobori.com\/wp-content\/uploads\/2024\/12\/Albert_015_21_WR_1-1.jpg","contentUrl":"https:\/\/www.corsobori.com\/wp-content\/uploads\/2024\/12\/Albert_015_21_WR_1-1.jpg","width":1890,"height":1890},{"@type":"BreadcrumbList","@id":"https:\/\/www.corsobori.com\/ca\/tienda\/p\/sofa-albert\/#breadcrumb","itemListElement":[{"@type":"ListItem","position":1,"name":"Portada","item":"https:\/\/www.corsobori.com\/ca\/inici\/"},{"@type":"ListItem","position":2,"name":"Botiga","item":"https:\/\/www.corsobori.com\/ca\/botiga\/"},{"@type":"ListItem","position":3,"name":"Sof\u00e0 Albert"}]},{"@type":"WebSite","@id":"https:\/\/www.corsobori.com\/ca\/#website","url":"https:\/\/www.corsobori.com\/ca\/","name":"Corsobori","description":"","publisher":{"@id":"https:\/\/www.corsobori.com\/ca\/#organization"},"potentialAction":[{"@type":"SearchAction","target":{"@type":"EntryPoint","urlTemplate":"https:\/\/www.corsobori.com\/ca\/?s={search_term_string}"},"query-input":{"@type":"PropertyValueSpecification","valueRequired":true,"valueName":"search_term_string"}}],"inLanguage":"ca"},{"@type":"Organization","@id":"https:\/\/www.corsobori.com\/ca\/#organization","name":"Corsobori","url":"https:\/\/www.corsobori.com\/ca\/","logo":{"@type":"ImageObject","inLanguage":"ca","@id":"https:\/\/www.corsobori.com\/ca\/#\/schema\/logo\/image\/","url":"https:\/\/www.corsobori.com\/wp-content\/uploads\/2024\/08\/logo-corsobori.png","contentUrl":"https:\/\/www.corsobori.com\/wp-content\/uploads\/2024\/08\/logo-corsobori.png","width":1210,"height":146,"caption":"Corsobori"},"image":{"@id":"https:\/\/www.corsobori.com\/ca\/#\/schema\/logo\/image\/"}}]}},"_links":{"self":[{"href":"https:\/\/www.corsobori.com\/ca\/wp-json\/wp\/v2\/product\/5826","targetHints":{"allow":["GET"]}}],"collection":[{"href":"https:\/\/www.corsobori.com\/ca\/wp-json\/wp\/v2\/product"}],"about":[{"href":"https:\/\/www.corsobori.com\/ca\/wp-json\/wp\/v2\/types\/product"}],"replies":[{"embeddable":true,"href":"https:\/\/www.corsobori.com\/ca\/wp-json\/wp\/v2\/comments?post=5826"}],"wp:featuredmedia":[{"embeddable":true,"href":"https:\/\/www.corsobori.com\/ca\/wp-json\/wp\/v2\/media\/3254"}],"wp:attachment":[{"href":"https:\/\/www.corsobori.com\/ca\/wp-json\/wp\/v2\/media?parent=5826"}],"wp:term":[{"taxonomy":"product_brand","embeddable":true,"href":"https:\/\/www.corsobori.com\/ca\/wp-json\/wp\/v2\/product_brand?post=5826"},{"taxonomy":"product_cat","embeddable":true,"href":"https:\/\/www.corsobori.com\/ca\/wp-json\/wp\/v2\/product_cat?post=5826"},{"taxonomy":"product_tag","embeddable":true,"href":"https:\/\/www.corsobori.com\/ca\/wp-json\/wp\/v2\/product_tag?post=5826"}],"curies":[{"name":"wp","href":"https:\/\/api.w.org\/{rel}","templated":true}]}}