{"id":5820,"date":"2024-12-18T16:18:36","date_gmt":"2024-12-18T15:18:36","guid":{"rendered":"https:\/\/www.corsobori.com\/tienda\/p\/cadira-mhc-3-miss\/"},"modified":"2024-12-18T16:18:36","modified_gmt":"2024-12-18T15:18:36","slug":"cadira-mhc-3-miss","status":"publish","type":"product","link":"https:\/\/www.corsobori.com\/ca\/tienda\/p\/cadira-mhc-3-miss\/","title":{"rendered":"Cadira MHC.3 Miss de Molteni&#038;C"},"content":{"rendered":"<p>La cadira Miss, dissenyada per Afra i Tobia Scarpa el 1986, destaca per la seva forma envolupant i harmoniosa, que s&#8217;estructura en un sistema de ritmes de l\u00ednies suaus. Les potes primes i separades proporcionen estabilitat, mentre que els bra\u00e7os, corbats, s&#8217;integren elegantment amb el respatller. L&#8217;\u00faltima revisi\u00f3 realitzada per Tobia Scarpa millora la uni\u00f3 dels bra\u00e7os, oferint m\u00e9s confort. Disponible en freixe natural o tenyit negre, i amb un seient de pell o corda trenada en tons cru i gris, la cadira Miss \u00e9s un s\u00edmbol de la tradici\u00f3 artesanal combinada amb la innovaci\u00f3, reflectint la quintes\u00e8ncia del disseny itali\u00e0.   <\/p>\n","protected":false},"excerpt":{"rendered":"<p>La cadira Miss, dissenyada per Afra i Tobia Scarpa el 1986, destaca per la seva forma envolupant i harmoniosa, que s&#8217;estructura en un sistema de ritmes de l\u00ednies suaus. Les potes primes i separades proporcionen estabilitat, mentre que els bra\u00e7os, corbats, s&#8217;integren elegantment amb el respatller. L&#8217;\u00faltima revisi\u00f3 realitzada per Tobia Scarpa millora la uni\u00f3&#8230;<\/p>\n","protected":false},"featured_media":3480,"comment_status":"open","ping_status":"closed","template":"","meta":{"_acf_changed":false},"product_brand":[],"product_cat":[199,172],"product_tag":[],"class_list":{"0":"post-5820","1":"product","2":"type-product","3":"status-publish","4":"has-post-thumbnail","6":"product_cat-cadires","7":"product_cat-mobles-dinterior","9":"first","10":"instock","11":"sold-individually","12":"shipping-taxable","13":"purchasable","14":"product-type-simple"},"acf":[],"yoast_head":"<!-- This site is optimized with the Yoast SEO plugin v27.2 - https:\/\/yoast.com\/product\/yoast-seo-wordpress\/ -->\n<title>Cadira MHC.3 Miss de Molteni&amp;C | Corsobori<\/title>\n<meta name=\"robots\" content=\"index, follow, max-snippet:-1, max-image-preview:large, max-video-preview:-1\" \/>\n<link rel=\"canonical\" href=\"https:\/\/www.corsobori.com\/ca\/tienda\/p\/cadira-mhc-3-miss\/\" \/>\n<meta property=\"og:locale\" content=\"ca_ES\" \/>\n<meta property=\"og:type\" content=\"article\" \/>\n<meta property=\"og:title\" content=\"Cadira MHC.3 Miss de Molteni&amp;C | Corsobori\" \/>\n<meta property=\"og:description\" content=\"La cadira Miss, dissenyada per Afra i Tobia Scarpa el 1986, destaca per la seva forma envolupant i harmoniosa, que s&#8217;estructura en un sistema de ritmes de l\u00ednies suaus. Les potes primes i separades proporcionen estabilitat, mentre que els bra\u00e7os, corbats, s&#8217;integren elegantment amb el respatller. L&#8217;\u00faltima revisi\u00f3 realitzada per Tobia Scarpa millora la uni\u00f3...\" \/>\n<meta property=\"og:url\" content=\"https:\/\/www.corsobori.com\/ca\/tienda\/p\/cadira-mhc-3-miss\/\" \/>\n<meta property=\"og:site_name\" content=\"corsobori.com\" \/>\n<meta property=\"og:image\" content=\"https:\/\/www.corsobori.com\/wp-content\/uploads\/2024\/12\/57d12b1a2511b.jpg\" \/>\n\t<meta property=\"og:image:width\" content=\"1440\" \/>\n\t<meta property=\"og:image:height\" content=\"1080\" \/>\n\t<meta property=\"og:image:type\" content=\"image\/jpeg\" \/>\n<meta name=\"twitter:card\" content=\"summary_large_image\" \/>\n<meta name=\"twitter:label1\" content=\"Temps estimat de lectura\" \/>\n\t<meta name=\"twitter:data1\" content=\"1 minut\" \/>\n<!-- \/ Yoast SEO plugin. -->","yoast_head_json":{"title":"Cadira MHC.3 Miss de Molteni&C | Corsobori","robots":{"index":"index","follow":"follow","max-snippet":"max-snippet:-1","max-image-preview":"max-image-preview:large","max-video-preview":"max-video-preview:-1"},"canonical":"https:\/\/www.corsobori.com\/ca\/tienda\/p\/cadira-mhc-3-miss\/","og_locale":"ca_ES","og_type":"article","og_title":"Cadira MHC.3 Miss de Molteni&C | Corsobori","og_description":"La cadira Miss, dissenyada per Afra i Tobia Scarpa el 1986, destaca per la seva forma envolupant i harmoniosa, que s&#8217;estructura en un sistema de ritmes de l\u00ednies suaus. Les potes primes i separades proporcionen estabilitat, mentre que els bra\u00e7os, corbats, s&#8217;integren elegantment amb el respatller. L&#8217;\u00faltima revisi\u00f3 realitzada per Tobia Scarpa millora la uni\u00f3...","og_url":"https:\/\/www.corsobori.com\/ca\/tienda\/p\/cadira-mhc-3-miss\/","og_site_name":"corsobori.com","og_image":[{"width":1440,"height":1080,"url":"https:\/\/www.corsobori.com\/wp-content\/uploads\/2024\/12\/57d12b1a2511b.jpg","type":"image\/jpeg"}],"twitter_card":"summary_large_image","twitter_misc":{"Temps estimat de lectura":"1 minut"},"schema":{"@context":"https:\/\/schema.org","@graph":[{"@type":"WebPage","@id":"https:\/\/www.corsobori.com\/ca\/tienda\/p\/cadira-mhc-3-miss\/","url":"https:\/\/www.corsobori.com\/ca\/tienda\/p\/cadira-mhc-3-miss\/","name":"Cadira MHC.3 Miss de Molteni&C | Corsobori","isPartOf":{"@id":"https:\/\/www.corsobori.com\/ca\/#website"},"primaryImageOfPage":{"@id":"https:\/\/www.corsobori.com\/ca\/tienda\/p\/cadira-mhc-3-miss\/#primaryimage"},"image":{"@id":"https:\/\/www.corsobori.com\/ca\/tienda\/p\/cadira-mhc-3-miss\/#primaryimage"},"thumbnailUrl":"https:\/\/www.corsobori.com\/wp-content\/uploads\/2024\/12\/57d12b1a2511b.jpg","datePublished":"2024-12-18T15:18:36+00:00","breadcrumb":{"@id":"https:\/\/www.corsobori.com\/ca\/tienda\/p\/cadira-mhc-3-miss\/#breadcrumb"},"inLanguage":"ca","potentialAction":[{"@type":"ReadAction","target":["https:\/\/www.corsobori.com\/ca\/tienda\/p\/cadira-mhc-3-miss\/"]}]},{"@type":"ImageObject","inLanguage":"ca","@id":"https:\/\/www.corsobori.com\/ca\/tienda\/p\/cadira-mhc-3-miss\/#primaryimage","url":"https:\/\/www.corsobori.com\/wp-content\/uploads\/2024\/12\/57d12b1a2511b.jpg","contentUrl":"https:\/\/www.corsobori.com\/wp-content\/uploads\/2024\/12\/57d12b1a2511b.jpg","width":1440,"height":1080},{"@type":"BreadcrumbList","@id":"https:\/\/www.corsobori.com\/ca\/tienda\/p\/cadira-mhc-3-miss\/#breadcrumb","itemListElement":[{"@type":"ListItem","position":1,"name":"Portada","item":"https:\/\/www.corsobori.com\/ca\/inici\/"},{"@type":"ListItem","position":2,"name":"Botiga","item":"https:\/\/www.corsobori.com\/ca\/botiga\/"},{"@type":"ListItem","position":3,"name":"Cadira MHC.3 Miss"}]},{"@type":"WebSite","@id":"https:\/\/www.corsobori.com\/ca\/#website","url":"https:\/\/www.corsobori.com\/ca\/","name":"Corsobori","description":"","publisher":{"@id":"https:\/\/www.corsobori.com\/ca\/#organization"},"potentialAction":[{"@type":"SearchAction","target":{"@type":"EntryPoint","urlTemplate":"https:\/\/www.corsobori.com\/ca\/?s={search_term_string}"},"query-input":{"@type":"PropertyValueSpecification","valueRequired":true,"valueName":"search_term_string"}}],"inLanguage":"ca"},{"@type":"Organization","@id":"https:\/\/www.corsobori.com\/ca\/#organization","name":"Corsobori","url":"https:\/\/www.corsobori.com\/ca\/","logo":{"@type":"ImageObject","inLanguage":"ca","@id":"https:\/\/www.corsobori.com\/ca\/#\/schema\/logo\/image\/","url":"https:\/\/www.corsobori.com\/wp-content\/uploads\/2024\/08\/logo-corsobori.png","contentUrl":"https:\/\/www.corsobori.com\/wp-content\/uploads\/2024\/08\/logo-corsobori.png","width":1210,"height":146,"caption":"Corsobori"},"image":{"@id":"https:\/\/www.corsobori.com\/ca\/#\/schema\/logo\/image\/"}}]}},"_links":{"self":[{"href":"https:\/\/www.corsobori.com\/ca\/wp-json\/wp\/v2\/product\/5820","targetHints":{"allow":["GET"]}}],"collection":[{"href":"https:\/\/www.corsobori.com\/ca\/wp-json\/wp\/v2\/product"}],"about":[{"href":"https:\/\/www.corsobori.com\/ca\/wp-json\/wp\/v2\/types\/product"}],"replies":[{"embeddable":true,"href":"https:\/\/www.corsobori.com\/ca\/wp-json\/wp\/v2\/comments?post=5820"}],"wp:featuredmedia":[{"embeddable":true,"href":"https:\/\/www.corsobori.com\/ca\/wp-json\/wp\/v2\/media\/3480"}],"wp:attachment":[{"href":"https:\/\/www.corsobori.com\/ca\/wp-json\/wp\/v2\/media?parent=5820"}],"wp:term":[{"taxonomy":"product_brand","embeddable":true,"href":"https:\/\/www.corsobori.com\/ca\/wp-json\/wp\/v2\/product_brand?post=5820"},{"taxonomy":"product_cat","embeddable":true,"href":"https:\/\/www.corsobori.com\/ca\/wp-json\/wp\/v2\/product_cat?post=5820"},{"taxonomy":"product_tag","embeddable":true,"href":"https:\/\/www.corsobori.com\/ca\/wp-json\/wp\/v2\/product_tag?post=5820"}],"curies":[{"name":"wp","href":"https:\/\/api.w.org\/{rel}","templated":true}]}}