{"id":5819,"date":"2024-12-18T16:18:37","date_gmt":"2024-12-18T15:18:37","guid":{"rendered":"https:\/\/www.corsobori.com\/tienda\/p\/butaca-exterior-d-150-5\/"},"modified":"2024-12-18T16:18:37","modified_gmt":"2024-12-18T15:18:37","slug":"butaca-exterior-d-150-5","status":"publish","type":"product","link":"https:\/\/www.corsobori.com\/ca\/tienda\/p\/butaca-exterior-d-150-5\/","title":{"rendered":"Butaca exterior D.150.5 de Molteni&#038;C"},"content":{"rendered":"<p>En col\u00b7laboraci\u00f3 amb els Gio Ponti Archives, Molteni&amp;C ha reconstru\u00eft la chaise longue D.150.5 dissenyada per Gio Ponti per al creuer Andrea Doria el 1952. Aquest moble singular ret homenatge a la capacitat creativa de Ponti, que va transformar espais no convencionals en ambients excepcionals. La chaise longue destaca pel seu disseny de l\u00ednies cont\u00ednues i un perfil allargat que uneix respatllers, seients i reposabra\u00e7os en un sol tra\u00e7. A m\u00e9s, el radi de l&#8217;angle entre el seient i el respatller es mant\u00e9 fidel a les notes de fabricaci\u00f3 de Ponti. Fabricada en teca massissa, aquesta pe\u00e7a representa l&#8217;alta qualitat de l&#8217;ebenisteria, reflectint l&#8217;est\u00e8tica i la funcionalitat del disseny modern. Gio Ponti \u00e9s reconegut com una de les figures m\u00e9s influents de l&#8217;arquitectura i el disseny itali\u00e0 del segle XX.     <\/p>\n","protected":false},"excerpt":{"rendered":"<p>En col\u00b7laboraci\u00f3 amb els Gio Ponti Archives, Molteni&amp;C ha reconstru\u00eft la chaise longue D.150.5 dissenyada per Gio Ponti per al creuer Andrea Doria el 1952. Aquest moble singular ret homenatge a la capacitat creativa de Ponti, que va transformar espais no convencionals en ambients excepcionals. La chaise longue destaca pel seu disseny de l\u00ednies cont\u00ednues&#8230;<\/p>\n","protected":false},"featured_media":3372,"comment_status":"open","ping_status":"closed","template":"","meta":{"_acf_changed":false},"product_brand":[],"product_cat":[187,191,169],"product_tag":[],"class_list":{"0":"post-5819","1":"product","2":"type-product","3":"status-publish","4":"has-post-thumbnail","6":"product_cat-butaques-dexterior","7":"product_cat-gio-ponti-ca","8":"product_cat-mobles-exterior","10":"first","11":"instock","12":"sold-individually","13":"shipping-taxable","14":"purchasable","15":"product-type-simple"},"acf":[],"yoast_head":"<!-- This site is optimized with the Yoast SEO plugin v27.2 - https:\/\/yoast.com\/product\/yoast-seo-wordpress\/ -->\n<title>Butaca Exterior D.150.5 de Molteni&amp;C | Corsobori<\/title>\n<meta name=\"robots\" content=\"index, follow, max-snippet:-1, max-image-preview:large, max-video-preview:-1\" \/>\n<link rel=\"canonical\" href=\"https:\/\/www.corsobori.com\/ca\/tienda\/p\/butaca-exterior-d-150-5\/\" \/>\n<meta property=\"og:locale\" content=\"ca_ES\" \/>\n<meta property=\"og:type\" content=\"article\" \/>\n<meta property=\"og:title\" content=\"Butaca Exterior D.150.5 de Molteni&amp;C | Corsobori\" \/>\n<meta property=\"og:description\" content=\"En col\u00b7laboraci\u00f3 amb els Gio Ponti Archives, Molteni&amp;C ha reconstru\u00eft la chaise longue D.150.5 dissenyada per Gio Ponti per al creuer Andrea Doria el 1952. Aquest moble singular ret homenatge a la capacitat creativa de Ponti, que va transformar espais no convencionals en ambients excepcionals. La chaise longue destaca pel seu disseny de l\u00ednies cont\u00ednues...\" \/>\n<meta property=\"og:url\" content=\"https:\/\/www.corsobori.com\/ca\/tienda\/p\/butaca-exterior-d-150-5\/\" \/>\n<meta property=\"og:site_name\" content=\"corsobori.com\" \/>\n<meta property=\"og:image\" content=\"https:\/\/www.corsobori.com\/wp-content\/uploads\/2024\/12\/4_3_d.150.5_01.jpg\" \/>\n\t<meta property=\"og:image:width\" content=\"1440\" \/>\n\t<meta property=\"og:image:height\" content=\"1080\" \/>\n\t<meta property=\"og:image:type\" content=\"image\/jpeg\" \/>\n<meta name=\"twitter:card\" content=\"summary_large_image\" \/>\n<meta name=\"twitter:label1\" content=\"Temps estimat de lectura\" \/>\n\t<meta name=\"twitter:data1\" content=\"1 minut\" \/>\n<!-- \/ Yoast SEO plugin. -->","yoast_head_json":{"title":"Butaca Exterior D.150.5 de Molteni&C | Corsobori","robots":{"index":"index","follow":"follow","max-snippet":"max-snippet:-1","max-image-preview":"max-image-preview:large","max-video-preview":"max-video-preview:-1"},"canonical":"https:\/\/www.corsobori.com\/ca\/tienda\/p\/butaca-exterior-d-150-5\/","og_locale":"ca_ES","og_type":"article","og_title":"Butaca Exterior D.150.5 de Molteni&C | Corsobori","og_description":"En col\u00b7laboraci\u00f3 amb els Gio Ponti Archives, Molteni&amp;C ha reconstru\u00eft la chaise longue D.150.5 dissenyada per Gio Ponti per al creuer Andrea Doria el 1952. Aquest moble singular ret homenatge a la capacitat creativa de Ponti, que va transformar espais no convencionals en ambients excepcionals. La chaise longue destaca pel seu disseny de l\u00ednies cont\u00ednues...","og_url":"https:\/\/www.corsobori.com\/ca\/tienda\/p\/butaca-exterior-d-150-5\/","og_site_name":"corsobori.com","og_image":[{"width":1440,"height":1080,"url":"https:\/\/www.corsobori.com\/wp-content\/uploads\/2024\/12\/4_3_d.150.5_01.jpg","type":"image\/jpeg"}],"twitter_card":"summary_large_image","twitter_misc":{"Temps estimat de lectura":"1 minut"},"schema":{"@context":"https:\/\/schema.org","@graph":[{"@type":"WebPage","@id":"https:\/\/www.corsobori.com\/ca\/tienda\/p\/butaca-exterior-d-150-5\/","url":"https:\/\/www.corsobori.com\/ca\/tienda\/p\/butaca-exterior-d-150-5\/","name":"Butaca Exterior D.150.5 de Molteni&C | Corsobori","isPartOf":{"@id":"https:\/\/www.corsobori.com\/ca\/#website"},"primaryImageOfPage":{"@id":"https:\/\/www.corsobori.com\/ca\/tienda\/p\/butaca-exterior-d-150-5\/#primaryimage"},"image":{"@id":"https:\/\/www.corsobori.com\/ca\/tienda\/p\/butaca-exterior-d-150-5\/#primaryimage"},"thumbnailUrl":"https:\/\/www.corsobori.com\/wp-content\/uploads\/2024\/12\/4_3_d.150.5_01.jpg","datePublished":"2024-12-18T15:18:37+00:00","breadcrumb":{"@id":"https:\/\/www.corsobori.com\/ca\/tienda\/p\/butaca-exterior-d-150-5\/#breadcrumb"},"inLanguage":"ca","potentialAction":[{"@type":"ReadAction","target":["https:\/\/www.corsobori.com\/ca\/tienda\/p\/butaca-exterior-d-150-5\/"]}]},{"@type":"ImageObject","inLanguage":"ca","@id":"https:\/\/www.corsobori.com\/ca\/tienda\/p\/butaca-exterior-d-150-5\/#primaryimage","url":"https:\/\/www.corsobori.com\/wp-content\/uploads\/2024\/12\/4_3_d.150.5_01.jpg","contentUrl":"https:\/\/www.corsobori.com\/wp-content\/uploads\/2024\/12\/4_3_d.150.5_01.jpg","width":1440,"height":1080},{"@type":"BreadcrumbList","@id":"https:\/\/www.corsobori.com\/ca\/tienda\/p\/butaca-exterior-d-150-5\/#breadcrumb","itemListElement":[{"@type":"ListItem","position":1,"name":"Portada","item":"https:\/\/www.corsobori.com\/ca\/inici\/"},{"@type":"ListItem","position":2,"name":"Botiga","item":"https:\/\/www.corsobori.com\/ca\/botiga\/"},{"@type":"ListItem","position":3,"name":"Butaca exterior D.150.5"}]},{"@type":"WebSite","@id":"https:\/\/www.corsobori.com\/ca\/#website","url":"https:\/\/www.corsobori.com\/ca\/","name":"Corsobori","description":"","publisher":{"@id":"https:\/\/www.corsobori.com\/ca\/#organization"},"potentialAction":[{"@type":"SearchAction","target":{"@type":"EntryPoint","urlTemplate":"https:\/\/www.corsobori.com\/ca\/?s={search_term_string}"},"query-input":{"@type":"PropertyValueSpecification","valueRequired":true,"valueName":"search_term_string"}}],"inLanguage":"ca"},{"@type":"Organization","@id":"https:\/\/www.corsobori.com\/ca\/#organization","name":"Corsobori","url":"https:\/\/www.corsobori.com\/ca\/","logo":{"@type":"ImageObject","inLanguage":"ca","@id":"https:\/\/www.corsobori.com\/ca\/#\/schema\/logo\/image\/","url":"https:\/\/www.corsobori.com\/wp-content\/uploads\/2024\/08\/logo-corsobori.png","contentUrl":"https:\/\/www.corsobori.com\/wp-content\/uploads\/2024\/08\/logo-corsobori.png","width":1210,"height":146,"caption":"Corsobori"},"image":{"@id":"https:\/\/www.corsobori.com\/ca\/#\/schema\/logo\/image\/"}}]}},"_links":{"self":[{"href":"https:\/\/www.corsobori.com\/ca\/wp-json\/wp\/v2\/product\/5819","targetHints":{"allow":["GET"]}}],"collection":[{"href":"https:\/\/www.corsobori.com\/ca\/wp-json\/wp\/v2\/product"}],"about":[{"href":"https:\/\/www.corsobori.com\/ca\/wp-json\/wp\/v2\/types\/product"}],"replies":[{"embeddable":true,"href":"https:\/\/www.corsobori.com\/ca\/wp-json\/wp\/v2\/comments?post=5819"}],"wp:featuredmedia":[{"embeddable":true,"href":"https:\/\/www.corsobori.com\/ca\/wp-json\/wp\/v2\/media\/3372"}],"wp:attachment":[{"href":"https:\/\/www.corsobori.com\/ca\/wp-json\/wp\/v2\/media?parent=5819"}],"wp:term":[{"taxonomy":"product_brand","embeddable":true,"href":"https:\/\/www.corsobori.com\/ca\/wp-json\/wp\/v2\/product_brand?post=5819"},{"taxonomy":"product_cat","embeddable":true,"href":"https:\/\/www.corsobori.com\/ca\/wp-json\/wp\/v2\/product_cat?post=5819"},{"taxonomy":"product_tag","embeddable":true,"href":"https:\/\/www.corsobori.com\/ca\/wp-json\/wp\/v2\/product_tag?post=5819"}],"curies":[{"name":"wp","href":"https:\/\/api.w.org\/{rel}","templated":true}]}}