{"id":5818,"date":"2024-12-18T16:18:36","date_gmt":"2024-12-18T15:18:36","guid":{"rendered":"https:\/\/www.corsobori.com\/tienda\/p\/cadira-tea\/"},"modified":"2024-12-18T16:18:36","modified_gmt":"2024-12-18T15:18:36","slug":"cadira-tea","status":"publish","type":"product","link":"https:\/\/www.corsobori.com\/ca\/tienda\/p\/cadira-tea\/","title":{"rendered":"Cadira Tea de Molteni&#038;C"},"content":{"rendered":"<p>La cadira Tea, dissenyada per Jasper Morrison, \u00e9s un tribut a la lleugeresa i l&#8217;eleg\u00e0ncia. La seva estructura completament de fusta destaca pel disseny contemporani, adaptant-se a diverses tipologies de decoraci\u00f3 amb un enfocament en la robustesa i la practicitat. Morrison, reconegut dissenyador londinenc nascut el 1959, opera des d&#8217;estudis a Londres, Par\u00eds i T\u00f2quio, creant una \u00e0mplia gamma de productes de luxe per a la llar i mobiliari urb\u00e0 en col\u00b7laboraci\u00f3 amb marques de prestigi internacional. La cadira Tea no nom\u00e9s redefineix el concepte de seient, sin\u00f3 que tamb\u00e9 s&#8217;integra perfectament en espais que demanen estil i funcionalitat.   <\/p>\n","protected":false},"excerpt":{"rendered":"<p>La cadira Tea, dissenyada per Jasper Morrison, \u00e9s un tribut a la lleugeresa i l&#8217;eleg\u00e0ncia. La seva estructura completament de fusta destaca pel disseny contemporani, adaptant-se a diverses tipologies de decoraci\u00f3 amb un enfocament en la robustesa i la practicitat. Morrison, reconegut dissenyador londinenc nascut el 1959, opera des d&#8217;estudis a Londres, Par\u00eds i T\u00f2quio,&#8230;<\/p>\n","protected":false},"featured_media":3498,"comment_status":"open","ping_status":"closed","template":"","meta":{"_acf_changed":false},"product_brand":[],"product_cat":[199,172],"product_tag":[],"class_list":{"0":"post-5818","1":"product","2":"type-product","3":"status-publish","4":"has-post-thumbnail","6":"product_cat-cadires","7":"product_cat-mobles-dinterior","9":"first","10":"instock","11":"sold-individually","12":"shipping-taxable","13":"purchasable","14":"product-type-simple"},"acf":[],"yoast_head":"<!-- This site is optimized with the Yoast SEO plugin v27.2 - https:\/\/yoast.com\/product\/yoast-seo-wordpress\/ -->\n<title>Cadira Tea de Molteni&amp;C | Corsobori<\/title>\n<meta name=\"robots\" content=\"index, follow, max-snippet:-1, max-image-preview:large, max-video-preview:-1\" \/>\n<link rel=\"canonical\" href=\"https:\/\/www.corsobori.com\/ca\/tienda\/p\/cadira-tea\/\" \/>\n<meta property=\"og:locale\" content=\"ca_ES\" \/>\n<meta property=\"og:type\" content=\"article\" \/>\n<meta property=\"og:title\" content=\"Cadira Tea de Molteni&amp;C | Corsobori\" \/>\n<meta property=\"og:description\" content=\"La cadira Tea, dissenyada per Jasper Morrison, \u00e9s un tribut a la lleugeresa i l&#8217;eleg\u00e0ncia. La seva estructura completament de fusta destaca pel disseny contemporani, adaptant-se a diverses tipologies de decoraci\u00f3 amb un enfocament en la robustesa i la practicitat. Morrison, reconegut dissenyador londinenc nascut el 1959, opera des d&#8217;estudis a Londres, Par\u00eds i T\u00f2quio,...\" \/>\n<meta property=\"og:url\" content=\"https:\/\/www.corsobori.com\/ca\/tienda\/p\/cadira-tea\/\" \/>\n<meta property=\"og:site_name\" content=\"corsobori.com\" \/>\n<meta property=\"og:image\" content=\"https:\/\/www.corsobori.com\/wp-content\/uploads\/2024\/12\/4_3_Tea_01.jpg\" \/>\n\t<meta property=\"og:image:width\" content=\"1440\" \/>\n\t<meta property=\"og:image:height\" content=\"1080\" \/>\n\t<meta property=\"og:image:type\" content=\"image\/jpeg\" \/>\n<meta name=\"twitter:card\" content=\"summary_large_image\" \/>\n<meta name=\"twitter:label1\" content=\"Temps estimat de lectura\" \/>\n\t<meta name=\"twitter:data1\" content=\"1 minut\" \/>\n<!-- \/ Yoast SEO plugin. -->","yoast_head_json":{"title":"Cadira Tea de Molteni&C | Corsobori","robots":{"index":"index","follow":"follow","max-snippet":"max-snippet:-1","max-image-preview":"max-image-preview:large","max-video-preview":"max-video-preview:-1"},"canonical":"https:\/\/www.corsobori.com\/ca\/tienda\/p\/cadira-tea\/","og_locale":"ca_ES","og_type":"article","og_title":"Cadira Tea de Molteni&C | Corsobori","og_description":"La cadira Tea, dissenyada per Jasper Morrison, \u00e9s un tribut a la lleugeresa i l&#8217;eleg\u00e0ncia. La seva estructura completament de fusta destaca pel disseny contemporani, adaptant-se a diverses tipologies de decoraci\u00f3 amb un enfocament en la robustesa i la practicitat. Morrison, reconegut dissenyador londinenc nascut el 1959, opera des d&#8217;estudis a Londres, Par\u00eds i T\u00f2quio,...","og_url":"https:\/\/www.corsobori.com\/ca\/tienda\/p\/cadira-tea\/","og_site_name":"corsobori.com","og_image":[{"width":1440,"height":1080,"url":"https:\/\/www.corsobori.com\/wp-content\/uploads\/2024\/12\/4_3_Tea_01.jpg","type":"image\/jpeg"}],"twitter_card":"summary_large_image","twitter_misc":{"Temps estimat de lectura":"1 minut"},"schema":{"@context":"https:\/\/schema.org","@graph":[{"@type":"WebPage","@id":"https:\/\/www.corsobori.com\/ca\/tienda\/p\/cadira-tea\/","url":"https:\/\/www.corsobori.com\/ca\/tienda\/p\/cadira-tea\/","name":"Cadira Tea de Molteni&C | Corsobori","isPartOf":{"@id":"https:\/\/www.corsobori.com\/ca\/#website"},"primaryImageOfPage":{"@id":"https:\/\/www.corsobori.com\/ca\/tienda\/p\/cadira-tea\/#primaryimage"},"image":{"@id":"https:\/\/www.corsobori.com\/ca\/tienda\/p\/cadira-tea\/#primaryimage"},"thumbnailUrl":"https:\/\/www.corsobori.com\/wp-content\/uploads\/2024\/12\/4_3_Tea_01.jpg","datePublished":"2024-12-18T15:18:36+00:00","breadcrumb":{"@id":"https:\/\/www.corsobori.com\/ca\/tienda\/p\/cadira-tea\/#breadcrumb"},"inLanguage":"ca","potentialAction":[{"@type":"ReadAction","target":["https:\/\/www.corsobori.com\/ca\/tienda\/p\/cadira-tea\/"]}]},{"@type":"ImageObject","inLanguage":"ca","@id":"https:\/\/www.corsobori.com\/ca\/tienda\/p\/cadira-tea\/#primaryimage","url":"https:\/\/www.corsobori.com\/wp-content\/uploads\/2024\/12\/4_3_Tea_01.jpg","contentUrl":"https:\/\/www.corsobori.com\/wp-content\/uploads\/2024\/12\/4_3_Tea_01.jpg","width":1440,"height":1080},{"@type":"BreadcrumbList","@id":"https:\/\/www.corsobori.com\/ca\/tienda\/p\/cadira-tea\/#breadcrumb","itemListElement":[{"@type":"ListItem","position":1,"name":"Portada","item":"https:\/\/www.corsobori.com\/ca\/inici\/"},{"@type":"ListItem","position":2,"name":"Botiga","item":"https:\/\/www.corsobori.com\/ca\/botiga\/"},{"@type":"ListItem","position":3,"name":"Cadira Tea"}]},{"@type":"WebSite","@id":"https:\/\/www.corsobori.com\/ca\/#website","url":"https:\/\/www.corsobori.com\/ca\/","name":"Corsobori","description":"","publisher":{"@id":"https:\/\/www.corsobori.com\/ca\/#organization"},"potentialAction":[{"@type":"SearchAction","target":{"@type":"EntryPoint","urlTemplate":"https:\/\/www.corsobori.com\/ca\/?s={search_term_string}"},"query-input":{"@type":"PropertyValueSpecification","valueRequired":true,"valueName":"search_term_string"}}],"inLanguage":"ca"},{"@type":"Organization","@id":"https:\/\/www.corsobori.com\/ca\/#organization","name":"Corsobori","url":"https:\/\/www.corsobori.com\/ca\/","logo":{"@type":"ImageObject","inLanguage":"ca","@id":"https:\/\/www.corsobori.com\/ca\/#\/schema\/logo\/image\/","url":"https:\/\/www.corsobori.com\/wp-content\/uploads\/2024\/08\/logo-corsobori.png","contentUrl":"https:\/\/www.corsobori.com\/wp-content\/uploads\/2024\/08\/logo-corsobori.png","width":1210,"height":146,"caption":"Corsobori"},"image":{"@id":"https:\/\/www.corsobori.com\/ca\/#\/schema\/logo\/image\/"}}]}},"_links":{"self":[{"href":"https:\/\/www.corsobori.com\/ca\/wp-json\/wp\/v2\/product\/5818","targetHints":{"allow":["GET"]}}],"collection":[{"href":"https:\/\/www.corsobori.com\/ca\/wp-json\/wp\/v2\/product"}],"about":[{"href":"https:\/\/www.corsobori.com\/ca\/wp-json\/wp\/v2\/types\/product"}],"replies":[{"embeddable":true,"href":"https:\/\/www.corsobori.com\/ca\/wp-json\/wp\/v2\/comments?post=5818"}],"wp:featuredmedia":[{"embeddable":true,"href":"https:\/\/www.corsobori.com\/ca\/wp-json\/wp\/v2\/media\/3498"}],"wp:attachment":[{"href":"https:\/\/www.corsobori.com\/ca\/wp-json\/wp\/v2\/media?parent=5818"}],"wp:term":[{"taxonomy":"product_brand","embeddable":true,"href":"https:\/\/www.corsobori.com\/ca\/wp-json\/wp\/v2\/product_brand?post=5818"},{"taxonomy":"product_cat","embeddable":true,"href":"https:\/\/www.corsobori.com\/ca\/wp-json\/wp\/v2\/product_cat?post=5818"},{"taxonomy":"product_tag","embeddable":true,"href":"https:\/\/www.corsobori.com\/ca\/wp-json\/wp\/v2\/product_tag?post=5818"}],"curies":[{"name":"wp","href":"https:\/\/api.w.org\/{rel}","templated":true}]}}