{"id":5814,"date":"2024-12-18T16:18:34","date_gmt":"2024-12-18T15:18:34","guid":{"rendered":"https:\/\/www.corsobori.com\/tienda\/p\/cadira-glove-up\/"},"modified":"2024-12-18T16:18:34","modified_gmt":"2024-12-18T15:18:34","slug":"cadira-glove-up","status":"publish","type":"product","link":"https:\/\/www.corsobori.com\/ca\/tienda\/p\/cadira-glove-up\/","title":{"rendered":"Cadira Glove-Up de Molteni&#038;C"},"content":{"rendered":"<p>Glove-Up \u00e9s una cadira dissenyada per Patricia Urquiola, que destaca pel seu disseny rigor\u00f3s i l\u00ednies sinuoses que combinen eleg\u00e0ncia i lleugeresa. La seva estructura, amb un respatller fluid i potes lleugeres, la converteix en una butaca vers\u00e0til i de confort captivador, apta per a diversos entorns, ja siguin cl\u00e0ssics o contemporanis. Disponible en una varietat de entapissats, incloent t\u00e8xtil i pell, Glove-Up afegeix un toc divertit a qualsevol espai. Patricia Urquiola, nascuda a Oviedo i formada a la Universitat Polit\u00e8cnica de Mil\u00e0, ha fusionat el rigor del disseny milan\u00e8s amb la seva visi\u00f3 \u00fanica, fet que l&#8217;ha portat a realitzar projectes destacats per a marques com Molteni&amp;C. La taula Diamond, tamb\u00e9 de la seva autoria, va ser reconeguda amb el Red Dot Award el 2005.    <\/p>\n","protected":false},"excerpt":{"rendered":"<p>Glove-Up \u00e9s una cadira dissenyada per Patricia Urquiola, que destaca pel seu disseny rigor\u00f3s i l\u00ednies sinuoses que combinen eleg\u00e0ncia i lleugeresa. La seva estructura, amb un respatller fluid i potes lleugeres, la converteix en una butaca vers\u00e0til i de confort captivador, apta per a diversos entorns, ja siguin cl\u00e0ssics o contemporanis. Disponible en una&#8230;<\/p>\n","protected":false},"featured_media":3462,"comment_status":"open","ping_status":"closed","template":"","meta":{"_acf_changed":false},"product_brand":[],"product_cat":[199,172],"product_tag":[],"class_list":{"0":"post-5814","1":"product","2":"type-product","3":"status-publish","4":"has-post-thumbnail","6":"product_cat-cadires","7":"product_cat-mobles-dinterior","9":"first","10":"instock","11":"sold-individually","12":"shipping-taxable","13":"purchasable","14":"product-type-simple"},"acf":[],"yoast_head":"<!-- This site is optimized with the Yoast SEO plugin v27.2 - https:\/\/yoast.com\/product\/yoast-seo-wordpress\/ -->\n<title>Cadira Glove-Up de Molteni&amp;C | Corsobori<\/title>\n<meta name=\"robots\" content=\"index, follow, max-snippet:-1, max-image-preview:large, max-video-preview:-1\" \/>\n<link rel=\"canonical\" href=\"https:\/\/www.corsobori.com\/ca\/tienda\/p\/cadira-glove-up\/\" \/>\n<meta property=\"og:locale\" content=\"ca_ES\" \/>\n<meta property=\"og:type\" content=\"article\" \/>\n<meta property=\"og:title\" content=\"Cadira Glove-Up de Molteni&amp;C | Corsobori\" \/>\n<meta property=\"og:description\" content=\"Glove-Up \u00e9s una cadira dissenyada per Patricia Urquiola, que destaca pel seu disseny rigor\u00f3s i l\u00ednies sinuoses que combinen eleg\u00e0ncia i lleugeresa. La seva estructura, amb un respatller fluid i potes lleugeres, la converteix en una butaca vers\u00e0til i de confort captivador, apta per a diversos entorns, ja siguin cl\u00e0ssics o contemporanis. Disponible en una...\" \/>\n<meta property=\"og:url\" content=\"https:\/\/www.corsobori.com\/ca\/tienda\/p\/cadira-glove-up\/\" \/>\n<meta property=\"og:site_name\" content=\"corsobori.com\" \/>\n<meta property=\"og:image\" content=\"https:\/\/www.corsobori.com\/wp-content\/uploads\/2024\/12\/4_3_glove_up_2024.jpg\" \/>\n\t<meta property=\"og:image:width\" content=\"1440\" \/>\n\t<meta property=\"og:image:height\" content=\"1080\" \/>\n\t<meta property=\"og:image:type\" content=\"image\/jpeg\" \/>\n<meta name=\"twitter:card\" content=\"summary_large_image\" \/>\n<meta name=\"twitter:label1\" content=\"Temps estimat de lectura\" \/>\n\t<meta name=\"twitter:data1\" content=\"1 minut\" \/>\n<!-- \/ Yoast SEO plugin. -->","yoast_head_json":{"title":"Cadira Glove-Up de Molteni&C | Corsobori","robots":{"index":"index","follow":"follow","max-snippet":"max-snippet:-1","max-image-preview":"max-image-preview:large","max-video-preview":"max-video-preview:-1"},"canonical":"https:\/\/www.corsobori.com\/ca\/tienda\/p\/cadira-glove-up\/","og_locale":"ca_ES","og_type":"article","og_title":"Cadira Glove-Up de Molteni&C | Corsobori","og_description":"Glove-Up \u00e9s una cadira dissenyada per Patricia Urquiola, que destaca pel seu disseny rigor\u00f3s i l\u00ednies sinuoses que combinen eleg\u00e0ncia i lleugeresa. La seva estructura, amb un respatller fluid i potes lleugeres, la converteix en una butaca vers\u00e0til i de confort captivador, apta per a diversos entorns, ja siguin cl\u00e0ssics o contemporanis. Disponible en una...","og_url":"https:\/\/www.corsobori.com\/ca\/tienda\/p\/cadira-glove-up\/","og_site_name":"corsobori.com","og_image":[{"width":1440,"height":1080,"url":"https:\/\/www.corsobori.com\/wp-content\/uploads\/2024\/12\/4_3_glove_up_2024.jpg","type":"image\/jpeg"}],"twitter_card":"summary_large_image","twitter_misc":{"Temps estimat de lectura":"1 minut"},"schema":{"@context":"https:\/\/schema.org","@graph":[{"@type":"WebPage","@id":"https:\/\/www.corsobori.com\/ca\/tienda\/p\/cadira-glove-up\/","url":"https:\/\/www.corsobori.com\/ca\/tienda\/p\/cadira-glove-up\/","name":"Cadira Glove-Up de Molteni&C | Corsobori","isPartOf":{"@id":"https:\/\/www.corsobori.com\/ca\/#website"},"primaryImageOfPage":{"@id":"https:\/\/www.corsobori.com\/ca\/tienda\/p\/cadira-glove-up\/#primaryimage"},"image":{"@id":"https:\/\/www.corsobori.com\/ca\/tienda\/p\/cadira-glove-up\/#primaryimage"},"thumbnailUrl":"https:\/\/www.corsobori.com\/wp-content\/uploads\/2024\/12\/4_3_glove_up_2024.jpg","datePublished":"2024-12-18T15:18:34+00:00","breadcrumb":{"@id":"https:\/\/www.corsobori.com\/ca\/tienda\/p\/cadira-glove-up\/#breadcrumb"},"inLanguage":"ca","potentialAction":[{"@type":"ReadAction","target":["https:\/\/www.corsobori.com\/ca\/tienda\/p\/cadira-glove-up\/"]}]},{"@type":"ImageObject","inLanguage":"ca","@id":"https:\/\/www.corsobori.com\/ca\/tienda\/p\/cadira-glove-up\/#primaryimage","url":"https:\/\/www.corsobori.com\/wp-content\/uploads\/2024\/12\/4_3_glove_up_2024.jpg","contentUrl":"https:\/\/www.corsobori.com\/wp-content\/uploads\/2024\/12\/4_3_glove_up_2024.jpg","width":1440,"height":1080},{"@type":"BreadcrumbList","@id":"https:\/\/www.corsobori.com\/ca\/tienda\/p\/cadira-glove-up\/#breadcrumb","itemListElement":[{"@type":"ListItem","position":1,"name":"Portada","item":"https:\/\/www.corsobori.com\/ca\/inici\/"},{"@type":"ListItem","position":2,"name":"Botiga","item":"https:\/\/www.corsobori.com\/ca\/botiga\/"},{"@type":"ListItem","position":3,"name":"Cadira Glove-Up"}]},{"@type":"WebSite","@id":"https:\/\/www.corsobori.com\/ca\/#website","url":"https:\/\/www.corsobori.com\/ca\/","name":"Corsobori","description":"","publisher":{"@id":"https:\/\/www.corsobori.com\/ca\/#organization"},"potentialAction":[{"@type":"SearchAction","target":{"@type":"EntryPoint","urlTemplate":"https:\/\/www.corsobori.com\/ca\/?s={search_term_string}"},"query-input":{"@type":"PropertyValueSpecification","valueRequired":true,"valueName":"search_term_string"}}],"inLanguage":"ca"},{"@type":"Organization","@id":"https:\/\/www.corsobori.com\/ca\/#organization","name":"Corsobori","url":"https:\/\/www.corsobori.com\/ca\/","logo":{"@type":"ImageObject","inLanguage":"ca","@id":"https:\/\/www.corsobori.com\/ca\/#\/schema\/logo\/image\/","url":"https:\/\/www.corsobori.com\/wp-content\/uploads\/2024\/08\/logo-corsobori.png","contentUrl":"https:\/\/www.corsobori.com\/wp-content\/uploads\/2024\/08\/logo-corsobori.png","width":1210,"height":146,"caption":"Corsobori"},"image":{"@id":"https:\/\/www.corsobori.com\/ca\/#\/schema\/logo\/image\/"}}]}},"_links":{"self":[{"href":"https:\/\/www.corsobori.com\/ca\/wp-json\/wp\/v2\/product\/5814","targetHints":{"allow":["GET"]}}],"collection":[{"href":"https:\/\/www.corsobori.com\/ca\/wp-json\/wp\/v2\/product"}],"about":[{"href":"https:\/\/www.corsobori.com\/ca\/wp-json\/wp\/v2\/types\/product"}],"replies":[{"embeddable":true,"href":"https:\/\/www.corsobori.com\/ca\/wp-json\/wp\/v2\/comments?post=5814"}],"wp:featuredmedia":[{"embeddable":true,"href":"https:\/\/www.corsobori.com\/ca\/wp-json\/wp\/v2\/media\/3462"}],"wp:attachment":[{"href":"https:\/\/www.corsobori.com\/ca\/wp-json\/wp\/v2\/media?parent=5814"}],"wp:term":[{"taxonomy":"product_brand","embeddable":true,"href":"https:\/\/www.corsobori.com\/ca\/wp-json\/wp\/v2\/product_brand?post=5814"},{"taxonomy":"product_cat","embeddable":true,"href":"https:\/\/www.corsobori.com\/ca\/wp-json\/wp\/v2\/product_cat?post=5814"},{"taxonomy":"product_tag","embeddable":true,"href":"https:\/\/www.corsobori.com\/ca\/wp-json\/wp\/v2\/product_tag?post=5814"}],"curies":[{"name":"wp","href":"https:\/\/api.w.org\/{rel}","templated":true}]}}