{"id":5813,"date":"2024-12-18T16:18:32","date_gmt":"2024-12-18T15:18:32","guid":{"rendered":"https:\/\/www.corsobori.com\/tienda\/p\/puf-exterior-sway\/"},"modified":"2024-12-18T16:18:32","modified_gmt":"2024-12-18T15:18:32","slug":"puf-exterior-sway","status":"publish","type":"product","link":"https:\/\/www.corsobori.com\/ca\/tienda\/p\/puf-exterior-sway\/","title":{"rendered":"Puf Exterior Sway de Molteni&#038;C"},"content":{"rendered":"<p>El puf exterior Sway, dissenyat per Yabu Pushelberg, destaca per la seva versatilitat i dimensions compactes, optimitzant el sistema de sof\u00e0 modular Sway. Aquesta pe\u00e7a, ja sigui de forma independent o en combinaci\u00f3 amb altres elements de la col\u00b7lecci\u00f3, aporta un toc d&#8217;eleg\u00e0ncia contempor\u00e0nia a espais exteriors, convidant a la relaxaci\u00f3 amb un estil sofisticat. Yabu Pushelberg, fundat el 1980 per George Yabu i Glenn Pushelberg, ha evolucionat fins a convertir-se en un estudi multidisciplinari amb oficines a Nova York i Toronto. El seu enfocament inclou el disseny d&#8217;edificis, interiors, mobiliari i m\u00e9s, prioritzant l&#8217;experi\u00e8ncia emocional de l&#8217;usuari per sobre de l&#8217;est\u00e8tica.   <\/p>\n","protected":false},"excerpt":{"rendered":"<p>El puf exterior Sway, dissenyat per Yabu Pushelberg, destaca per la seva versatilitat i dimensions compactes, optimitzant el sistema de sof\u00e0 modular Sway. Aquesta pe\u00e7a, ja sigui de forma independent o en combinaci\u00f3 amb altres elements de la col\u00b7lecci\u00f3, aporta un toc d&#8217;eleg\u00e0ncia contempor\u00e0nia a espais exteriors, convidant a la relaxaci\u00f3 amb un estil sofisticat&#8230;.<\/p>\n","protected":false},"featured_media":4808,"comment_status":"open","ping_status":"closed","template":"","meta":{"_acf_changed":false},"product_brand":[],"product_cat":[169,185],"product_tag":[],"class_list":{"0":"post-5813","1":"product","2":"type-product","3":"status-publish","4":"has-post-thumbnail","6":"product_cat-mobles-exterior","7":"product_cat-puf-dexterior","9":"first","10":"instock","11":"sold-individually","12":"shipping-taxable","13":"purchasable","14":"product-type-simple"},"acf":[],"yoast_head":"<!-- This site is optimized with the Yoast SEO plugin v27.2 - https:\/\/yoast.com\/product\/yoast-seo-wordpress\/ -->\n<title>Puf Exterior Sway de Molteni&amp;C | Corsobori<\/title>\n<meta name=\"robots\" content=\"index, follow, max-snippet:-1, max-image-preview:large, max-video-preview:-1\" \/>\n<link rel=\"canonical\" href=\"https:\/\/www.corsobori.com\/ca\/tienda\/p\/puf-exterior-sway\/\" \/>\n<meta property=\"og:locale\" content=\"ca_ES\" \/>\n<meta property=\"og:type\" content=\"article\" \/>\n<meta property=\"og:title\" content=\"Puf Exterior Sway de Molteni&amp;C | Corsobori\" \/>\n<meta property=\"og:description\" content=\"El puf exterior Sway, dissenyat per Yabu Pushelberg, destaca per la seva versatilitat i dimensions compactes, optimitzant el sistema de sof\u00e0 modular Sway. Aquesta pe\u00e7a, ja sigui de forma independent o en combinaci\u00f3 amb altres elements de la col\u00b7lecci\u00f3, aporta un toc d&#8217;eleg\u00e0ncia contempor\u00e0nia a espais exteriors, convidant a la relaxaci\u00f3 amb un estil sofisticat....\" \/>\n<meta property=\"og:url\" content=\"https:\/\/www.corsobori.com\/ca\/tienda\/p\/puf-exterior-sway\/\" \/>\n<meta property=\"og:site_name\" content=\"corsobori.com\" \/>\n<meta property=\"og:image\" content=\"https:\/\/www.corsobori.com\/wp-content\/uploads\/2024\/12\/4_3_SWAY_01-1.jpg\" \/>\n\t<meta property=\"og:image:width\" content=\"1440\" \/>\n\t<meta property=\"og:image:height\" content=\"1080\" \/>\n\t<meta property=\"og:image:type\" content=\"image\/jpeg\" \/>\n<meta name=\"twitter:card\" content=\"summary_large_image\" \/>\n<meta name=\"twitter:label1\" content=\"Temps estimat de lectura\" \/>\n\t<meta name=\"twitter:data1\" content=\"1 minut\" \/>\n<!-- \/ Yoast SEO plugin. -->","yoast_head_json":{"title":"Puf Exterior Sway de Molteni&C | Corsobori","robots":{"index":"index","follow":"follow","max-snippet":"max-snippet:-1","max-image-preview":"max-image-preview:large","max-video-preview":"max-video-preview:-1"},"canonical":"https:\/\/www.corsobori.com\/ca\/tienda\/p\/puf-exterior-sway\/","og_locale":"ca_ES","og_type":"article","og_title":"Puf Exterior Sway de Molteni&C | Corsobori","og_description":"El puf exterior Sway, dissenyat per Yabu Pushelberg, destaca per la seva versatilitat i dimensions compactes, optimitzant el sistema de sof\u00e0 modular Sway. Aquesta pe\u00e7a, ja sigui de forma independent o en combinaci\u00f3 amb altres elements de la col\u00b7lecci\u00f3, aporta un toc d&#8217;eleg\u00e0ncia contempor\u00e0nia a espais exteriors, convidant a la relaxaci\u00f3 amb un estil sofisticat....","og_url":"https:\/\/www.corsobori.com\/ca\/tienda\/p\/puf-exterior-sway\/","og_site_name":"corsobori.com","og_image":[{"width":1440,"height":1080,"url":"https:\/\/www.corsobori.com\/wp-content\/uploads\/2024\/12\/4_3_SWAY_01-1.jpg","type":"image\/jpeg"}],"twitter_card":"summary_large_image","twitter_misc":{"Temps estimat de lectura":"1 minut"},"schema":{"@context":"https:\/\/schema.org","@graph":[{"@type":"WebPage","@id":"https:\/\/www.corsobori.com\/ca\/tienda\/p\/puf-exterior-sway\/","url":"https:\/\/www.corsobori.com\/ca\/tienda\/p\/puf-exterior-sway\/","name":"Puf Exterior Sway de Molteni&C | Corsobori","isPartOf":{"@id":"https:\/\/www.corsobori.com\/ca\/#website"},"primaryImageOfPage":{"@id":"https:\/\/www.corsobori.com\/ca\/tienda\/p\/puf-exterior-sway\/#primaryimage"},"image":{"@id":"https:\/\/www.corsobori.com\/ca\/tienda\/p\/puf-exterior-sway\/#primaryimage"},"thumbnailUrl":"https:\/\/www.corsobori.com\/wp-content\/uploads\/2024\/12\/4_3_SWAY_01-1.jpg","datePublished":"2024-12-18T15:18:32+00:00","breadcrumb":{"@id":"https:\/\/www.corsobori.com\/ca\/tienda\/p\/puf-exterior-sway\/#breadcrumb"},"inLanguage":"ca","potentialAction":[{"@type":"ReadAction","target":["https:\/\/www.corsobori.com\/ca\/tienda\/p\/puf-exterior-sway\/"]}]},{"@type":"ImageObject","inLanguage":"ca","@id":"https:\/\/www.corsobori.com\/ca\/tienda\/p\/puf-exterior-sway\/#primaryimage","url":"https:\/\/www.corsobori.com\/wp-content\/uploads\/2024\/12\/4_3_SWAY_01-1.jpg","contentUrl":"https:\/\/www.corsobori.com\/wp-content\/uploads\/2024\/12\/4_3_SWAY_01-1.jpg","width":1440,"height":1080},{"@type":"BreadcrumbList","@id":"https:\/\/www.corsobori.com\/ca\/tienda\/p\/puf-exterior-sway\/#breadcrumb","itemListElement":[{"@type":"ListItem","position":1,"name":"Portada","item":"https:\/\/www.corsobori.com\/ca\/inici\/"},{"@type":"ListItem","position":2,"name":"Botiga","item":"https:\/\/www.corsobori.com\/ca\/botiga\/"},{"@type":"ListItem","position":3,"name":"Puf Exterior Sway"}]},{"@type":"WebSite","@id":"https:\/\/www.corsobori.com\/ca\/#website","url":"https:\/\/www.corsobori.com\/ca\/","name":"Corsobori","description":"","publisher":{"@id":"https:\/\/www.corsobori.com\/ca\/#organization"},"potentialAction":[{"@type":"SearchAction","target":{"@type":"EntryPoint","urlTemplate":"https:\/\/www.corsobori.com\/ca\/?s={search_term_string}"},"query-input":{"@type":"PropertyValueSpecification","valueRequired":true,"valueName":"search_term_string"}}],"inLanguage":"ca"},{"@type":"Organization","@id":"https:\/\/www.corsobori.com\/ca\/#organization","name":"Corsobori","url":"https:\/\/www.corsobori.com\/ca\/","logo":{"@type":"ImageObject","inLanguage":"ca","@id":"https:\/\/www.corsobori.com\/ca\/#\/schema\/logo\/image\/","url":"https:\/\/www.corsobori.com\/wp-content\/uploads\/2024\/08\/logo-corsobori.png","contentUrl":"https:\/\/www.corsobori.com\/wp-content\/uploads\/2024\/08\/logo-corsobori.png","width":1210,"height":146,"caption":"Corsobori"},"image":{"@id":"https:\/\/www.corsobori.com\/ca\/#\/schema\/logo\/image\/"}}]}},"_links":{"self":[{"href":"https:\/\/www.corsobori.com\/ca\/wp-json\/wp\/v2\/product\/5813","targetHints":{"allow":["GET"]}}],"collection":[{"href":"https:\/\/www.corsobori.com\/ca\/wp-json\/wp\/v2\/product"}],"about":[{"href":"https:\/\/www.corsobori.com\/ca\/wp-json\/wp\/v2\/types\/product"}],"replies":[{"embeddable":true,"href":"https:\/\/www.corsobori.com\/ca\/wp-json\/wp\/v2\/comments?post=5813"}],"wp:featuredmedia":[{"embeddable":true,"href":"https:\/\/www.corsobori.com\/ca\/wp-json\/wp\/v2\/media\/4808"}],"wp:attachment":[{"href":"https:\/\/www.corsobori.com\/ca\/wp-json\/wp\/v2\/media?parent=5813"}],"wp:term":[{"taxonomy":"product_brand","embeddable":true,"href":"https:\/\/www.corsobori.com\/ca\/wp-json\/wp\/v2\/product_brand?post=5813"},{"taxonomy":"product_cat","embeddable":true,"href":"https:\/\/www.corsobori.com\/ca\/wp-json\/wp\/v2\/product_cat?post=5813"},{"taxonomy":"product_tag","embeddable":true,"href":"https:\/\/www.corsobori.com\/ca\/wp-json\/wp\/v2\/product_tag?post=5813"}],"curies":[{"name":"wp","href":"https:\/\/api.w.org\/{rel}","templated":true}]}}