{"id":5812,"date":"2024-12-18T16:18:32","date_gmt":"2024-12-18T15:18:32","guid":{"rendered":"https:\/\/www.corsobori.com\/tienda\/p\/cadira-barbican\/"},"modified":"2024-12-18T16:18:32","modified_gmt":"2024-12-18T15:18:32","slug":"cadira-barbican","status":"publish","type":"product","link":"https:\/\/www.corsobori.com\/ca\/tienda\/p\/cadira-barbican\/","title":{"rendered":"Cadira Barbican de Molteni&#038;C"},"content":{"rendered":"<p>La cadira Barbican Centre, dissenyada per Rodolfo Dordoni per a Molteni&amp;C, \u00e9s una pe\u00e7a polifac\u00e8tica que combina un seient integrat, tou i envoltant, disponible en poliuret\u00e0 r\u00edgid i amb opcions de folrat en t\u00e8xtil o pell. El seu disseny permet la incorporaci\u00f3 de tres tipus de bases de fusta o metall, adaptant-se a diversos entorns, des de taules formals fins a escriptoris contemporanis. La base de fusta corba denota eleg\u00e0ncia, mentre que la met\u00e0l\u00b7lica aporta modernitat, convertint Barbican en una soluci\u00f3 vers\u00e0til i sofisticada. Aquest projecte destaca la fusi\u00f3 d\u02bbest\u00e8tica i tecnologia sense ostentaci\u00f3, reflectint el comprom\u00eds de Molteni&amp;C amb el disseny d\u02bbalta qualitat.   <\/p>\n","protected":false},"excerpt":{"rendered":"<p>La cadira Barbican Centre, dissenyada per Rodolfo Dordoni per a Molteni&amp;C, \u00e9s una pe\u00e7a polifac\u00e8tica que combina un seient integrat, tou i envoltant, disponible en poliuret\u00e0 r\u00edgid i amb opcions de folrat en t\u00e8xtil o pell. El seu disseny permet la incorporaci\u00f3 de tres tipus de bases de fusta o metall, adaptant-se a diversos entorns,&#8230;<\/p>\n","protected":false},"featured_media":3420,"comment_status":"open","ping_status":"closed","template":"","meta":{"_acf_changed":false},"product_brand":[],"product_cat":[199,172],"product_tag":[],"class_list":{"0":"post-5812","1":"product","2":"type-product","3":"status-publish","4":"has-post-thumbnail","6":"product_cat-cadires","7":"product_cat-mobles-dinterior","9":"first","10":"instock","11":"sold-individually","12":"shipping-taxable","13":"purchasable","14":"product-type-simple"},"acf":[],"yoast_head":"<!-- This site is optimized with the Yoast SEO plugin v27.2 - https:\/\/yoast.com\/product\/yoast-seo-wordpress\/ -->\n<title>Cadira Barbican de Molteni&amp;C |<\/title>\n<meta name=\"robots\" content=\"index, follow, max-snippet:-1, max-image-preview:large, max-video-preview:-1\" \/>\n<link rel=\"canonical\" href=\"https:\/\/www.corsobori.com\/ca\/tienda\/p\/cadira-barbican\/\" \/>\n<meta property=\"og:locale\" content=\"ca_ES\" \/>\n<meta property=\"og:type\" content=\"article\" \/>\n<meta property=\"og:title\" content=\"Cadira Barbican de Molteni&amp;C |\" \/>\n<meta property=\"og:description\" content=\"La cadira Barbican Centre, dissenyada per Rodolfo Dordoni per a Molteni&amp;C, \u00e9s una pe\u00e7a polifac\u00e8tica que combina un seient integrat, tou i envoltant, disponible en poliuret\u00e0 r\u00edgid i amb opcions de folrat en t\u00e8xtil o pell. El seu disseny permet la incorporaci\u00f3 de tres tipus de bases de fusta o metall, adaptant-se a diversos entorns,...\" \/>\n<meta property=\"og:url\" content=\"https:\/\/www.corsobori.com\/ca\/tienda\/p\/cadira-barbican\/\" \/>\n<meta property=\"og:site_name\" content=\"corsobori.com\" \/>\n<meta property=\"og:image\" content=\"https:\/\/www.corsobori.com\/wp-content\/uploads\/2024\/12\/4_3_Barbican_01_NEW.jpg\" \/>\n\t<meta property=\"og:image:width\" content=\"1440\" \/>\n\t<meta property=\"og:image:height\" content=\"1080\" \/>\n\t<meta property=\"og:image:type\" content=\"image\/jpeg\" \/>\n<meta name=\"twitter:card\" content=\"summary_large_image\" \/>\n<meta name=\"twitter:label1\" content=\"Temps estimat de lectura\" \/>\n\t<meta name=\"twitter:data1\" content=\"1 minut\" \/>\n<!-- \/ Yoast SEO plugin. -->","yoast_head_json":{"title":"Cadira Barbican de Molteni&C |","robots":{"index":"index","follow":"follow","max-snippet":"max-snippet:-1","max-image-preview":"max-image-preview:large","max-video-preview":"max-video-preview:-1"},"canonical":"https:\/\/www.corsobori.com\/ca\/tienda\/p\/cadira-barbican\/","og_locale":"ca_ES","og_type":"article","og_title":"Cadira Barbican de Molteni&C |","og_description":"La cadira Barbican Centre, dissenyada per Rodolfo Dordoni per a Molteni&amp;C, \u00e9s una pe\u00e7a polifac\u00e8tica que combina un seient integrat, tou i envoltant, disponible en poliuret\u00e0 r\u00edgid i amb opcions de folrat en t\u00e8xtil o pell. El seu disseny permet la incorporaci\u00f3 de tres tipus de bases de fusta o metall, adaptant-se a diversos entorns,...","og_url":"https:\/\/www.corsobori.com\/ca\/tienda\/p\/cadira-barbican\/","og_site_name":"corsobori.com","og_image":[{"width":1440,"height":1080,"url":"https:\/\/www.corsobori.com\/wp-content\/uploads\/2024\/12\/4_3_Barbican_01_NEW.jpg","type":"image\/jpeg"}],"twitter_card":"summary_large_image","twitter_misc":{"Temps estimat de lectura":"1 minut"},"schema":{"@context":"https:\/\/schema.org","@graph":[{"@type":"WebPage","@id":"https:\/\/www.corsobori.com\/ca\/tienda\/p\/cadira-barbican\/","url":"https:\/\/www.corsobori.com\/ca\/tienda\/p\/cadira-barbican\/","name":"Cadira Barbican de Molteni&C |","isPartOf":{"@id":"https:\/\/www.corsobori.com\/ca\/#website"},"primaryImageOfPage":{"@id":"https:\/\/www.corsobori.com\/ca\/tienda\/p\/cadira-barbican\/#primaryimage"},"image":{"@id":"https:\/\/www.corsobori.com\/ca\/tienda\/p\/cadira-barbican\/#primaryimage"},"thumbnailUrl":"https:\/\/www.corsobori.com\/wp-content\/uploads\/2024\/12\/4_3_Barbican_01_NEW.jpg","datePublished":"2024-12-18T15:18:32+00:00","breadcrumb":{"@id":"https:\/\/www.corsobori.com\/ca\/tienda\/p\/cadira-barbican\/#breadcrumb"},"inLanguage":"ca","potentialAction":[{"@type":"ReadAction","target":["https:\/\/www.corsobori.com\/ca\/tienda\/p\/cadira-barbican\/"]}]},{"@type":"ImageObject","inLanguage":"ca","@id":"https:\/\/www.corsobori.com\/ca\/tienda\/p\/cadira-barbican\/#primaryimage","url":"https:\/\/www.corsobori.com\/wp-content\/uploads\/2024\/12\/4_3_Barbican_01_NEW.jpg","contentUrl":"https:\/\/www.corsobori.com\/wp-content\/uploads\/2024\/12\/4_3_Barbican_01_NEW.jpg","width":1440,"height":1080},{"@type":"BreadcrumbList","@id":"https:\/\/www.corsobori.com\/ca\/tienda\/p\/cadira-barbican\/#breadcrumb","itemListElement":[{"@type":"ListItem","position":1,"name":"Portada","item":"https:\/\/www.corsobori.com\/ca\/inici\/"},{"@type":"ListItem","position":2,"name":"Botiga","item":"https:\/\/www.corsobori.com\/ca\/botiga\/"},{"@type":"ListItem","position":3,"name":"Cadira Barbican"}]},{"@type":"WebSite","@id":"https:\/\/www.corsobori.com\/ca\/#website","url":"https:\/\/www.corsobori.com\/ca\/","name":"Corsobori","description":"","publisher":{"@id":"https:\/\/www.corsobori.com\/ca\/#organization"},"potentialAction":[{"@type":"SearchAction","target":{"@type":"EntryPoint","urlTemplate":"https:\/\/www.corsobori.com\/ca\/?s={search_term_string}"},"query-input":{"@type":"PropertyValueSpecification","valueRequired":true,"valueName":"search_term_string"}}],"inLanguage":"ca"},{"@type":"Organization","@id":"https:\/\/www.corsobori.com\/ca\/#organization","name":"Corsobori","url":"https:\/\/www.corsobori.com\/ca\/","logo":{"@type":"ImageObject","inLanguage":"ca","@id":"https:\/\/www.corsobori.com\/ca\/#\/schema\/logo\/image\/","url":"https:\/\/www.corsobori.com\/wp-content\/uploads\/2024\/08\/logo-corsobori.png","contentUrl":"https:\/\/www.corsobori.com\/wp-content\/uploads\/2024\/08\/logo-corsobori.png","width":1210,"height":146,"caption":"Corsobori"},"image":{"@id":"https:\/\/www.corsobori.com\/ca\/#\/schema\/logo\/image\/"}}]}},"_links":{"self":[{"href":"https:\/\/www.corsobori.com\/ca\/wp-json\/wp\/v2\/product\/5812","targetHints":{"allow":["GET"]}}],"collection":[{"href":"https:\/\/www.corsobori.com\/ca\/wp-json\/wp\/v2\/product"}],"about":[{"href":"https:\/\/www.corsobori.com\/ca\/wp-json\/wp\/v2\/types\/product"}],"replies":[{"embeddable":true,"href":"https:\/\/www.corsobori.com\/ca\/wp-json\/wp\/v2\/comments?post=5812"}],"wp:featuredmedia":[{"embeddable":true,"href":"https:\/\/www.corsobori.com\/ca\/wp-json\/wp\/v2\/media\/3420"}],"wp:attachment":[{"href":"https:\/\/www.corsobori.com\/ca\/wp-json\/wp\/v2\/media?parent=5812"}],"wp:term":[{"taxonomy":"product_brand","embeddable":true,"href":"https:\/\/www.corsobori.com\/ca\/wp-json\/wp\/v2\/product_brand?post=5812"},{"taxonomy":"product_cat","embeddable":true,"href":"https:\/\/www.corsobori.com\/ca\/wp-json\/wp\/v2\/product_cat?post=5812"},{"taxonomy":"product_tag","embeddable":true,"href":"https:\/\/www.corsobori.com\/ca\/wp-json\/wp\/v2\/product_tag?post=5812"}],"curies":[{"name":"wp","href":"https:\/\/api.w.org\/{rel}","templated":true}]}}