{"id":5811,"date":"2024-12-18T16:18:33","date_gmt":"2024-12-18T15:18:33","guid":{"rendered":"https:\/\/www.corsobori.com\/tienda\/p\/cadira-chelsea\/"},"modified":"2024-12-18T16:18:33","modified_gmt":"2024-12-18T15:18:33","slug":"cadira-chelsea","status":"publish","type":"product","link":"https:\/\/www.corsobori.com\/ca\/tienda\/p\/cadira-chelsea\/","title":{"rendered":"Cadira Chelsea de Molteni&#038;C"},"content":{"rendered":"<p>Les cadires Chelsea, dissenyades per Rodolfo Dordoni, representen l?ess\u00e8ncia del disseny contemporani fusionada amb la tradici\u00f3 artesanal. Aquesta s\u00e8rie, ideal per a menjadors on s&#8217;aprecien la bona cuina i converses sofisticades, es compon d&#8217;un bastidor elegant que presenta tres tipus de respatller, incloent variants amb bra\u00e7os i sense. La qualitat dels materials, com ara la fusta, el t\u00e8xtil i la pell, es destaquen pel seu meticul\u00f3s tractament i detalls ben elaborats, convertint aquestes cadires en peces altament vers\u00e0tils. La col\u00b7laboraci\u00f3 entre Dordoni i Molteni&amp;C ha donat lloc a una col\u00b7lecci\u00f3 integral per al menjador i sistemes de nit, prioritzant la tecnologia avan\u00e7ada sense comprometre l&#8217;est\u00e8tica.   <\/p>\n","protected":false},"excerpt":{"rendered":"<p>Les cadires Chelsea, dissenyades per Rodolfo Dordoni, representen l?ess\u00e8ncia del disseny contemporani fusionada amb la tradici\u00f3 artesanal. Aquesta s\u00e8rie, ideal per a menjadors on s&#8217;aprecien la bona cuina i converses sofisticades, es compon d&#8217;un bastidor elegant que presenta tres tipus de respatller, incloent variants amb bra\u00e7os i sense. La qualitat dels materials, com ara la&#8230;<\/p>\n","protected":false},"featured_media":3426,"comment_status":"open","ping_status":"closed","template":"","meta":{"_acf_changed":false},"product_brand":[],"product_cat":[199,172],"product_tag":[],"class_list":{"0":"post-5811","1":"product","2":"type-product","3":"status-publish","4":"has-post-thumbnail","6":"product_cat-cadires","7":"product_cat-mobles-dinterior","9":"first","10":"instock","11":"sold-individually","12":"shipping-taxable","13":"purchasable","14":"product-type-simple"},"acf":[],"yoast_head":"<!-- This site is optimized with the Yoast SEO plugin v27.2 - https:\/\/yoast.com\/product\/yoast-seo-wordpress\/ -->\n<title>Cadira Chelsea de Molteni&amp;C | Corsobori<\/title>\n<meta name=\"robots\" content=\"index, follow, max-snippet:-1, max-image-preview:large, max-video-preview:-1\" \/>\n<link rel=\"canonical\" href=\"https:\/\/www.corsobori.com\/ca\/tienda\/p\/cadira-chelsea\/\" \/>\n<meta property=\"og:locale\" content=\"ca_ES\" \/>\n<meta property=\"og:type\" content=\"article\" \/>\n<meta property=\"og:title\" content=\"Cadira Chelsea de Molteni&amp;C | Corsobori\" \/>\n<meta property=\"og:description\" content=\"Les cadires Chelsea, dissenyades per Rodolfo Dordoni, representen l?ess\u00e8ncia del disseny contemporani fusionada amb la tradici\u00f3 artesanal. Aquesta s\u00e8rie, ideal per a menjadors on s&#8217;aprecien la bona cuina i converses sofisticades, es compon d&#8217;un bastidor elegant que presenta tres tipus de respatller, incloent variants amb bra\u00e7os i sense. La qualitat dels materials, com ara la...\" \/>\n<meta property=\"og:url\" content=\"https:\/\/www.corsobori.com\/ca\/tienda\/p\/cadira-chelsea\/\" \/>\n<meta property=\"og:site_name\" content=\"corsobori.com\" \/>\n<meta property=\"og:image\" content=\"https:\/\/www.corsobori.com\/wp-content\/uploads\/2024\/12\/5874dddf320c9.jpg\" \/>\n\t<meta property=\"og:image:width\" content=\"1440\" \/>\n\t<meta property=\"og:image:height\" content=\"1080\" \/>\n\t<meta property=\"og:image:type\" content=\"image\/jpeg\" \/>\n<meta name=\"twitter:card\" content=\"summary_large_image\" \/>\n<meta name=\"twitter:label1\" content=\"Temps estimat de lectura\" \/>\n\t<meta name=\"twitter:data1\" content=\"1 minut\" \/>\n<!-- \/ Yoast SEO plugin. -->","yoast_head_json":{"title":"Cadira Chelsea de Molteni&C | Corsobori","robots":{"index":"index","follow":"follow","max-snippet":"max-snippet:-1","max-image-preview":"max-image-preview:large","max-video-preview":"max-video-preview:-1"},"canonical":"https:\/\/www.corsobori.com\/ca\/tienda\/p\/cadira-chelsea\/","og_locale":"ca_ES","og_type":"article","og_title":"Cadira Chelsea de Molteni&C | Corsobori","og_description":"Les cadires Chelsea, dissenyades per Rodolfo Dordoni, representen l?ess\u00e8ncia del disseny contemporani fusionada amb la tradici\u00f3 artesanal. Aquesta s\u00e8rie, ideal per a menjadors on s&#8217;aprecien la bona cuina i converses sofisticades, es compon d&#8217;un bastidor elegant que presenta tres tipus de respatller, incloent variants amb bra\u00e7os i sense. La qualitat dels materials, com ara la...","og_url":"https:\/\/www.corsobori.com\/ca\/tienda\/p\/cadira-chelsea\/","og_site_name":"corsobori.com","og_image":[{"width":1440,"height":1080,"url":"https:\/\/www.corsobori.com\/wp-content\/uploads\/2024\/12\/5874dddf320c9.jpg","type":"image\/jpeg"}],"twitter_card":"summary_large_image","twitter_misc":{"Temps estimat de lectura":"1 minut"},"schema":{"@context":"https:\/\/schema.org","@graph":[{"@type":"WebPage","@id":"https:\/\/www.corsobori.com\/ca\/tienda\/p\/cadira-chelsea\/","url":"https:\/\/www.corsobori.com\/ca\/tienda\/p\/cadira-chelsea\/","name":"Cadira Chelsea de Molteni&C | Corsobori","isPartOf":{"@id":"https:\/\/www.corsobori.com\/ca\/#website"},"primaryImageOfPage":{"@id":"https:\/\/www.corsobori.com\/ca\/tienda\/p\/cadira-chelsea\/#primaryimage"},"image":{"@id":"https:\/\/www.corsobori.com\/ca\/tienda\/p\/cadira-chelsea\/#primaryimage"},"thumbnailUrl":"https:\/\/www.corsobori.com\/wp-content\/uploads\/2024\/12\/5874dddf320c9.jpg","datePublished":"2024-12-18T15:18:33+00:00","breadcrumb":{"@id":"https:\/\/www.corsobori.com\/ca\/tienda\/p\/cadira-chelsea\/#breadcrumb"},"inLanguage":"ca","potentialAction":[{"@type":"ReadAction","target":["https:\/\/www.corsobori.com\/ca\/tienda\/p\/cadira-chelsea\/"]}]},{"@type":"ImageObject","inLanguage":"ca","@id":"https:\/\/www.corsobori.com\/ca\/tienda\/p\/cadira-chelsea\/#primaryimage","url":"https:\/\/www.corsobori.com\/wp-content\/uploads\/2024\/12\/5874dddf320c9.jpg","contentUrl":"https:\/\/www.corsobori.com\/wp-content\/uploads\/2024\/12\/5874dddf320c9.jpg","width":1440,"height":1080},{"@type":"BreadcrumbList","@id":"https:\/\/www.corsobori.com\/ca\/tienda\/p\/cadira-chelsea\/#breadcrumb","itemListElement":[{"@type":"ListItem","position":1,"name":"Portada","item":"https:\/\/www.corsobori.com\/ca\/inici\/"},{"@type":"ListItem","position":2,"name":"Botiga","item":"https:\/\/www.corsobori.com\/ca\/botiga\/"},{"@type":"ListItem","position":3,"name":"Cadira Chelsea"}]},{"@type":"WebSite","@id":"https:\/\/www.corsobori.com\/ca\/#website","url":"https:\/\/www.corsobori.com\/ca\/","name":"Corsobori","description":"","publisher":{"@id":"https:\/\/www.corsobori.com\/ca\/#organization"},"potentialAction":[{"@type":"SearchAction","target":{"@type":"EntryPoint","urlTemplate":"https:\/\/www.corsobori.com\/ca\/?s={search_term_string}"},"query-input":{"@type":"PropertyValueSpecification","valueRequired":true,"valueName":"search_term_string"}}],"inLanguage":"ca"},{"@type":"Organization","@id":"https:\/\/www.corsobori.com\/ca\/#organization","name":"Corsobori","url":"https:\/\/www.corsobori.com\/ca\/","logo":{"@type":"ImageObject","inLanguage":"ca","@id":"https:\/\/www.corsobori.com\/ca\/#\/schema\/logo\/image\/","url":"https:\/\/www.corsobori.com\/wp-content\/uploads\/2024\/08\/logo-corsobori.png","contentUrl":"https:\/\/www.corsobori.com\/wp-content\/uploads\/2024\/08\/logo-corsobori.png","width":1210,"height":146,"caption":"Corsobori"},"image":{"@id":"https:\/\/www.corsobori.com\/ca\/#\/schema\/logo\/image\/"}}]}},"_links":{"self":[{"href":"https:\/\/www.corsobori.com\/ca\/wp-json\/wp\/v2\/product\/5811","targetHints":{"allow":["GET"]}}],"collection":[{"href":"https:\/\/www.corsobori.com\/ca\/wp-json\/wp\/v2\/product"}],"about":[{"href":"https:\/\/www.corsobori.com\/ca\/wp-json\/wp\/v2\/types\/product"}],"replies":[{"embeddable":true,"href":"https:\/\/www.corsobori.com\/ca\/wp-json\/wp\/v2\/comments?post=5811"}],"wp:featuredmedia":[{"embeddable":true,"href":"https:\/\/www.corsobori.com\/ca\/wp-json\/wp\/v2\/media\/3426"}],"wp:attachment":[{"href":"https:\/\/www.corsobori.com\/ca\/wp-json\/wp\/v2\/media?parent=5811"}],"wp:term":[{"taxonomy":"product_brand","embeddable":true,"href":"https:\/\/www.corsobori.com\/ca\/wp-json\/wp\/v2\/product_brand?post=5811"},{"taxonomy":"product_cat","embeddable":true,"href":"https:\/\/www.corsobori.com\/ca\/wp-json\/wp\/v2\/product_cat?post=5811"},{"taxonomy":"product_tag","embeddable":true,"href":"https:\/\/www.corsobori.com\/ca\/wp-json\/wp\/v2\/product_tag?post=5811"}],"curies":[{"name":"wp","href":"https:\/\/api.w.org\/{rel}","templated":true}]}}