{"id":5810,"date":"2024-12-18T16:18:33","date_gmt":"2024-12-18T15:18:33","guid":{"rendered":"https:\/\/www.corsobori.com\/tienda\/p\/cadira-devon\/"},"modified":"2024-12-18T16:18:33","modified_gmt":"2024-12-18T15:18:33","slug":"cadira-devon","status":"publish","type":"product","link":"https:\/\/www.corsobori.com\/ca\/tienda\/p\/cadira-devon\/","title":{"rendered":"Cadira Devon de Molteni&#038;C"},"content":{"rendered":"<p>El dissenyador milan\u00e8s Rodolfo Dordoni presenta la col\u00b7lecci\u00f3 Devon, composta per quatre cadires, dues butaques cabriolet, una banqueta bar amb suport lumbar i una altra sense. Cada pe\u00e7a reflecteix el mestratge artesanal i l&#8217;elaboraci\u00f3 acurada de mat\u00e8ries primeres d&#8217;alta qualitat. Els marcs estan fabricats amb fusta massissa d&#8217;eucaliptus i xapes de roure gris, negre, caf\u00e8 i clarejar. Els seients i respatllers estan entapissats en una selecci\u00f3 de teles o cuir de la l\u00ednia Molteni&amp;C. La col\u00b7laboraci\u00f3 de Dordoni amb Molteni&amp;C va m\u00e9s enll\u00e0 de la creaci\u00f3 de productes individuals, donant lloc a solucions elegants que integren tecnologia avan\u00e7ada amb un disseny discret i sofisticat, ideal per a menjadors i sistemes de nit.    <\/p>\n","protected":false},"excerpt":{"rendered":"<p>El dissenyador milan\u00e8s Rodolfo Dordoni presenta la col\u00b7lecci\u00f3 Devon, composta per quatre cadires, dues butaques cabriolet, una banqueta bar amb suport lumbar i una altra sense. Cada pe\u00e7a reflecteix el mestratge artesanal i l&#8217;elaboraci\u00f3 acurada de mat\u00e8ries primeres d&#8217;alta qualitat. Els marcs estan fabricats amb fusta massissa d&#8217;eucaliptus i xapes de roure gris, negre, caf\u00e8&#8230;<\/p>\n","protected":false},"featured_media":3438,"comment_status":"open","ping_status":"closed","template":"","meta":{"_acf_changed":false},"product_brand":[],"product_cat":[199,172],"product_tag":[],"class_list":{"0":"post-5810","1":"product","2":"type-product","3":"status-publish","4":"has-post-thumbnail","6":"product_cat-cadires","7":"product_cat-mobles-dinterior","9":"first","10":"instock","11":"sold-individually","12":"shipping-taxable","13":"purchasable","14":"product-type-simple"},"acf":[],"yoast_head":"<!-- This site is optimized with the Yoast SEO plugin v27.2 - https:\/\/yoast.com\/product\/yoast-seo-wordpress\/ -->\n<title>Cadira Devon de Molteni&amp;C |<\/title>\n<meta name=\"robots\" content=\"index, follow, max-snippet:-1, max-image-preview:large, max-video-preview:-1\" \/>\n<link rel=\"canonical\" href=\"https:\/\/www.corsobori.com\/ca\/tienda\/p\/cadira-devon\/\" \/>\n<meta property=\"og:locale\" content=\"ca_ES\" \/>\n<meta property=\"og:type\" content=\"article\" \/>\n<meta property=\"og:title\" content=\"Cadira Devon de Molteni&amp;C |\" \/>\n<meta property=\"og:description\" content=\"El dissenyador milan\u00e8s Rodolfo Dordoni presenta la col\u00b7lecci\u00f3 Devon, composta per quatre cadires, dues butaques cabriolet, una banqueta bar amb suport lumbar i una altra sense. Cada pe\u00e7a reflecteix el mestratge artesanal i l&#8217;elaboraci\u00f3 acurada de mat\u00e8ries primeres d&#8217;alta qualitat. Els marcs estan fabricats amb fusta massissa d&#8217;eucaliptus i xapes de roure gris, negre, caf\u00e8...\" \/>\n<meta property=\"og:url\" content=\"https:\/\/www.corsobori.com\/ca\/tienda\/p\/cadira-devon\/\" \/>\n<meta property=\"og:site_name\" content=\"corsobori.com\" \/>\n<meta property=\"og:image\" content=\"https:\/\/www.corsobori.com\/wp-content\/uploads\/2024\/12\/4_3_DEVON_NEW.jpg\" \/>\n\t<meta property=\"og:image:width\" content=\"1440\" \/>\n\t<meta property=\"og:image:height\" content=\"1080\" \/>\n\t<meta property=\"og:image:type\" content=\"image\/jpeg\" \/>\n<meta name=\"twitter:card\" content=\"summary_large_image\" \/>\n<meta name=\"twitter:label1\" content=\"Temps estimat de lectura\" \/>\n\t<meta name=\"twitter:data1\" content=\"1 minut\" \/>\n<!-- \/ Yoast SEO plugin. -->","yoast_head_json":{"title":"Cadira Devon de Molteni&C |","robots":{"index":"index","follow":"follow","max-snippet":"max-snippet:-1","max-image-preview":"max-image-preview:large","max-video-preview":"max-video-preview:-1"},"canonical":"https:\/\/www.corsobori.com\/ca\/tienda\/p\/cadira-devon\/","og_locale":"ca_ES","og_type":"article","og_title":"Cadira Devon de Molteni&C |","og_description":"El dissenyador milan\u00e8s Rodolfo Dordoni presenta la col\u00b7lecci\u00f3 Devon, composta per quatre cadires, dues butaques cabriolet, una banqueta bar amb suport lumbar i una altra sense. Cada pe\u00e7a reflecteix el mestratge artesanal i l&#8217;elaboraci\u00f3 acurada de mat\u00e8ries primeres d&#8217;alta qualitat. Els marcs estan fabricats amb fusta massissa d&#8217;eucaliptus i xapes de roure gris, negre, caf\u00e8...","og_url":"https:\/\/www.corsobori.com\/ca\/tienda\/p\/cadira-devon\/","og_site_name":"corsobori.com","og_image":[{"width":1440,"height":1080,"url":"https:\/\/www.corsobori.com\/wp-content\/uploads\/2024\/12\/4_3_DEVON_NEW.jpg","type":"image\/jpeg"}],"twitter_card":"summary_large_image","twitter_misc":{"Temps estimat de lectura":"1 minut"},"schema":{"@context":"https:\/\/schema.org","@graph":[{"@type":"WebPage","@id":"https:\/\/www.corsobori.com\/ca\/tienda\/p\/cadira-devon\/","url":"https:\/\/www.corsobori.com\/ca\/tienda\/p\/cadira-devon\/","name":"Cadira Devon de Molteni&C |","isPartOf":{"@id":"https:\/\/www.corsobori.com\/ca\/#website"},"primaryImageOfPage":{"@id":"https:\/\/www.corsobori.com\/ca\/tienda\/p\/cadira-devon\/#primaryimage"},"image":{"@id":"https:\/\/www.corsobori.com\/ca\/tienda\/p\/cadira-devon\/#primaryimage"},"thumbnailUrl":"https:\/\/www.corsobori.com\/wp-content\/uploads\/2024\/12\/4_3_DEVON_NEW.jpg","datePublished":"2024-12-18T15:18:33+00:00","breadcrumb":{"@id":"https:\/\/www.corsobori.com\/ca\/tienda\/p\/cadira-devon\/#breadcrumb"},"inLanguage":"ca","potentialAction":[{"@type":"ReadAction","target":["https:\/\/www.corsobori.com\/ca\/tienda\/p\/cadira-devon\/"]}]},{"@type":"ImageObject","inLanguage":"ca","@id":"https:\/\/www.corsobori.com\/ca\/tienda\/p\/cadira-devon\/#primaryimage","url":"https:\/\/www.corsobori.com\/wp-content\/uploads\/2024\/12\/4_3_DEVON_NEW.jpg","contentUrl":"https:\/\/www.corsobori.com\/wp-content\/uploads\/2024\/12\/4_3_DEVON_NEW.jpg","width":1440,"height":1080},{"@type":"BreadcrumbList","@id":"https:\/\/www.corsobori.com\/ca\/tienda\/p\/cadira-devon\/#breadcrumb","itemListElement":[{"@type":"ListItem","position":1,"name":"Portada","item":"https:\/\/www.corsobori.com\/ca\/inici\/"},{"@type":"ListItem","position":2,"name":"Botiga","item":"https:\/\/www.corsobori.com\/ca\/botiga\/"},{"@type":"ListItem","position":3,"name":"Cadira Devon"}]},{"@type":"WebSite","@id":"https:\/\/www.corsobori.com\/ca\/#website","url":"https:\/\/www.corsobori.com\/ca\/","name":"Corsobori","description":"","publisher":{"@id":"https:\/\/www.corsobori.com\/ca\/#organization"},"potentialAction":[{"@type":"SearchAction","target":{"@type":"EntryPoint","urlTemplate":"https:\/\/www.corsobori.com\/ca\/?s={search_term_string}"},"query-input":{"@type":"PropertyValueSpecification","valueRequired":true,"valueName":"search_term_string"}}],"inLanguage":"ca"},{"@type":"Organization","@id":"https:\/\/www.corsobori.com\/ca\/#organization","name":"Corsobori","url":"https:\/\/www.corsobori.com\/ca\/","logo":{"@type":"ImageObject","inLanguage":"ca","@id":"https:\/\/www.corsobori.com\/ca\/#\/schema\/logo\/image\/","url":"https:\/\/www.corsobori.com\/wp-content\/uploads\/2024\/08\/logo-corsobori.png","contentUrl":"https:\/\/www.corsobori.com\/wp-content\/uploads\/2024\/08\/logo-corsobori.png","width":1210,"height":146,"caption":"Corsobori"},"image":{"@id":"https:\/\/www.corsobori.com\/ca\/#\/schema\/logo\/image\/"}}]}},"_links":{"self":[{"href":"https:\/\/www.corsobori.com\/ca\/wp-json\/wp\/v2\/product\/5810","targetHints":{"allow":["GET"]}}],"collection":[{"href":"https:\/\/www.corsobori.com\/ca\/wp-json\/wp\/v2\/product"}],"about":[{"href":"https:\/\/www.corsobori.com\/ca\/wp-json\/wp\/v2\/types\/product"}],"replies":[{"embeddable":true,"href":"https:\/\/www.corsobori.com\/ca\/wp-json\/wp\/v2\/comments?post=5810"}],"wp:featuredmedia":[{"embeddable":true,"href":"https:\/\/www.corsobori.com\/ca\/wp-json\/wp\/v2\/media\/3438"}],"wp:attachment":[{"href":"https:\/\/www.corsobori.com\/ca\/wp-json\/wp\/v2\/media?parent=5810"}],"wp:term":[{"taxonomy":"product_brand","embeddable":true,"href":"https:\/\/www.corsobori.com\/ca\/wp-json\/wp\/v2\/product_brand?post=5810"},{"taxonomy":"product_cat","embeddable":true,"href":"https:\/\/www.corsobori.com\/ca\/wp-json\/wp\/v2\/product_cat?post=5810"},{"taxonomy":"product_tag","embeddable":true,"href":"https:\/\/www.corsobori.com\/ca\/wp-json\/wp\/v2\/product_tag?post=5810"}],"curies":[{"name":"wp","href":"https:\/\/api.w.org\/{rel}","templated":true}]}}