{"id":5806,"date":"2024-12-18T16:18:29","date_gmt":"2024-12-18T15:18:29","guid":{"rendered":"https:\/\/www.corsobori.com\/tienda\/p\/oficina-note\/"},"modified":"2024-12-18T16:18:29","modified_gmt":"2024-12-18T15:18:29","slug":"oficina-note","status":"publish","type":"product","link":"https:\/\/www.corsobori.com\/ca\/tienda\/p\/oficina-note\/","title":{"rendered":"Oficina Note de Molteni&#038;C"},"content":{"rendered":"<p>El projecte representa un moble contemporani i essencial de Molteni&amp;C, destacant el mestratge en la transformaci\u00f3 de la fusta. La seva superf\u00edcie d&#8217;escriptura asim\u00e8trica inclou safates excavades, amb una central folrada en cuir, mentre que la part del darrere presenta una corba que acull petits calaixos tamb\u00e9 revestits en cuir. Les potes, elaborades mitjan\u00e7ant t\u00e8cnica tridimensional, estan excavades per tres costats, aconseguint un equilibri entre essencialitat i eleg\u00e0ncia. Dissenyat per Matteo Nunziati, l&#8217;estudi del qual a Mil\u00e0 se centra en la interrelaci\u00f3 d&#8217;interiors i productes, aquest moble reflecteix la hist\u00f2ria del disseny itali\u00e0 i la filosofia de Molteni&amp;C, destacant-se com una pe\u00e7a moderna, lineal i rica en detalls d&#8217;alta ebenisteria.   <\/p>\n","protected":false},"excerpt":{"rendered":"<p>El projecte representa un moble contemporani i essencial de Molteni&amp;C, destacant el mestratge en la transformaci\u00f3 de la fusta. La seva superf\u00edcie d&#8217;escriptura asim\u00e8trica inclou safates excavades, amb una central folrada en cuir, mentre que la part del darrere presenta una corba que acull petits calaixos tamb\u00e9 revestits en cuir. Les potes, elaborades mitjan\u00e7ant t\u00e8cnica&#8230;<\/p>\n","protected":false},"featured_media":4378,"comment_status":"open","ping_status":"closed","template":"","meta":{"_acf_changed":false},"product_brand":[],"product_cat":[172,210],"product_tag":[],"class_list":{"0":"post-5806","1":"product","2":"type-product","3":"status-publish","4":"has-post-thumbnail","6":"product_cat-mobles-dinterior","7":"product_cat-oficina-a-casa","9":"first","10":"instock","11":"sold-individually","12":"shipping-taxable","13":"purchasable","14":"product-type-simple"},"acf":[],"yoast_head":"<!-- This site is optimized with the Yoast SEO plugin v27.2 - https:\/\/yoast.com\/product\/yoast-seo-wordpress\/ -->\n<title>Oficina Note de Molteni&amp;C | Corsobori<\/title>\n<meta name=\"robots\" content=\"index, follow, max-snippet:-1, max-image-preview:large, max-video-preview:-1\" \/>\n<link rel=\"canonical\" href=\"https:\/\/www.corsobori.com\/ca\/tienda\/p\/oficina-note\/\" \/>\n<meta property=\"og:locale\" content=\"ca_ES\" \/>\n<meta property=\"og:type\" content=\"article\" \/>\n<meta property=\"og:title\" content=\"Oficina Note de Molteni&amp;C | Corsobori\" \/>\n<meta property=\"og:description\" content=\"El projecte representa un moble contemporani i essencial de Molteni&amp;C, destacant el mestratge en la transformaci\u00f3 de la fusta. La seva superf\u00edcie d&#8217;escriptura asim\u00e8trica inclou safates excavades, amb una central folrada en cuir, mentre que la part del darrere presenta una corba que acull petits calaixos tamb\u00e9 revestits en cuir. Les potes, elaborades mitjan\u00e7ant t\u00e8cnica...\" \/>\n<meta property=\"og:url\" content=\"https:\/\/www.corsobori.com\/ca\/tienda\/p\/oficina-note\/\" \/>\n<meta property=\"og:site_name\" content=\"corsobori.com\" \/>\n<meta property=\"og:image\" content=\"https:\/\/www.corsobori.com\/wp-content\/uploads\/2024\/12\/4_3_note-f.jpg\" \/>\n\t<meta property=\"og:image:width\" content=\"1440\" \/>\n\t<meta property=\"og:image:height\" content=\"1080\" \/>\n\t<meta property=\"og:image:type\" content=\"image\/jpeg\" \/>\n<meta name=\"twitter:card\" content=\"summary_large_image\" \/>\n<meta name=\"twitter:label1\" content=\"Temps estimat de lectura\" \/>\n\t<meta name=\"twitter:data1\" content=\"1 minut\" \/>\n<!-- \/ Yoast SEO plugin. -->","yoast_head_json":{"title":"Oficina Note de Molteni&C | Corsobori","robots":{"index":"index","follow":"follow","max-snippet":"max-snippet:-1","max-image-preview":"max-image-preview:large","max-video-preview":"max-video-preview:-1"},"canonical":"https:\/\/www.corsobori.com\/ca\/tienda\/p\/oficina-note\/","og_locale":"ca_ES","og_type":"article","og_title":"Oficina Note de Molteni&C | Corsobori","og_description":"El projecte representa un moble contemporani i essencial de Molteni&amp;C, destacant el mestratge en la transformaci\u00f3 de la fusta. La seva superf\u00edcie d&#8217;escriptura asim\u00e8trica inclou safates excavades, amb una central folrada en cuir, mentre que la part del darrere presenta una corba que acull petits calaixos tamb\u00e9 revestits en cuir. Les potes, elaborades mitjan\u00e7ant t\u00e8cnica...","og_url":"https:\/\/www.corsobori.com\/ca\/tienda\/p\/oficina-note\/","og_site_name":"corsobori.com","og_image":[{"width":1440,"height":1080,"url":"https:\/\/www.corsobori.com\/wp-content\/uploads\/2024\/12\/4_3_note-f.jpg","type":"image\/jpeg"}],"twitter_card":"summary_large_image","twitter_misc":{"Temps estimat de lectura":"1 minut"},"schema":{"@context":"https:\/\/schema.org","@graph":[{"@type":"WebPage","@id":"https:\/\/www.corsobori.com\/ca\/tienda\/p\/oficina-note\/","url":"https:\/\/www.corsobori.com\/ca\/tienda\/p\/oficina-note\/","name":"Oficina Note de Molteni&C | Corsobori","isPartOf":{"@id":"https:\/\/www.corsobori.com\/ca\/#website"},"primaryImageOfPage":{"@id":"https:\/\/www.corsobori.com\/ca\/tienda\/p\/oficina-note\/#primaryimage"},"image":{"@id":"https:\/\/www.corsobori.com\/ca\/tienda\/p\/oficina-note\/#primaryimage"},"thumbnailUrl":"https:\/\/www.corsobori.com\/wp-content\/uploads\/2024\/12\/4_3_note-f.jpg","datePublished":"2024-12-18T15:18:29+00:00","breadcrumb":{"@id":"https:\/\/www.corsobori.com\/ca\/tienda\/p\/oficina-note\/#breadcrumb"},"inLanguage":"ca","potentialAction":[{"@type":"ReadAction","target":["https:\/\/www.corsobori.com\/ca\/tienda\/p\/oficina-note\/"]}]},{"@type":"ImageObject","inLanguage":"ca","@id":"https:\/\/www.corsobori.com\/ca\/tienda\/p\/oficina-note\/#primaryimage","url":"https:\/\/www.corsobori.com\/wp-content\/uploads\/2024\/12\/4_3_note-f.jpg","contentUrl":"https:\/\/www.corsobori.com\/wp-content\/uploads\/2024\/12\/4_3_note-f.jpg","width":1440,"height":1080},{"@type":"BreadcrumbList","@id":"https:\/\/www.corsobori.com\/ca\/tienda\/p\/oficina-note\/#breadcrumb","itemListElement":[{"@type":"ListItem","position":1,"name":"Portada","item":"https:\/\/www.corsobori.com\/ca\/inici\/"},{"@type":"ListItem","position":2,"name":"Botiga","item":"https:\/\/www.corsobori.com\/ca\/botiga\/"},{"@type":"ListItem","position":3,"name":"Oficina Note"}]},{"@type":"WebSite","@id":"https:\/\/www.corsobori.com\/ca\/#website","url":"https:\/\/www.corsobori.com\/ca\/","name":"Corsobori","description":"","publisher":{"@id":"https:\/\/www.corsobori.com\/ca\/#organization"},"potentialAction":[{"@type":"SearchAction","target":{"@type":"EntryPoint","urlTemplate":"https:\/\/www.corsobori.com\/ca\/?s={search_term_string}"},"query-input":{"@type":"PropertyValueSpecification","valueRequired":true,"valueName":"search_term_string"}}],"inLanguage":"ca"},{"@type":"Organization","@id":"https:\/\/www.corsobori.com\/ca\/#organization","name":"Corsobori","url":"https:\/\/www.corsobori.com\/ca\/","logo":{"@type":"ImageObject","inLanguage":"ca","@id":"https:\/\/www.corsobori.com\/ca\/#\/schema\/logo\/image\/","url":"https:\/\/www.corsobori.com\/wp-content\/uploads\/2024\/08\/logo-corsobori.png","contentUrl":"https:\/\/www.corsobori.com\/wp-content\/uploads\/2024\/08\/logo-corsobori.png","width":1210,"height":146,"caption":"Corsobori"},"image":{"@id":"https:\/\/www.corsobori.com\/ca\/#\/schema\/logo\/image\/"}}]}},"_links":{"self":[{"href":"https:\/\/www.corsobori.com\/ca\/wp-json\/wp\/v2\/product\/5806","targetHints":{"allow":["GET"]}}],"collection":[{"href":"https:\/\/www.corsobori.com\/ca\/wp-json\/wp\/v2\/product"}],"about":[{"href":"https:\/\/www.corsobori.com\/ca\/wp-json\/wp\/v2\/types\/product"}],"replies":[{"embeddable":true,"href":"https:\/\/www.corsobori.com\/ca\/wp-json\/wp\/v2\/comments?post=5806"}],"wp:featuredmedia":[{"embeddable":true,"href":"https:\/\/www.corsobori.com\/ca\/wp-json\/wp\/v2\/media\/4378"}],"wp:attachment":[{"href":"https:\/\/www.corsobori.com\/ca\/wp-json\/wp\/v2\/media?parent=5806"}],"wp:term":[{"taxonomy":"product_brand","embeddable":true,"href":"https:\/\/www.corsobori.com\/ca\/wp-json\/wp\/v2\/product_brand?post=5806"},{"taxonomy":"product_cat","embeddable":true,"href":"https:\/\/www.corsobori.com\/ca\/wp-json\/wp\/v2\/product_cat?post=5806"},{"taxonomy":"product_tag","embeddable":true,"href":"https:\/\/www.corsobori.com\/ca\/wp-json\/wp\/v2\/product_tag?post=5806"}],"curies":[{"name":"wp","href":"https:\/\/api.w.org\/{rel}","templated":true}]}}