{"id":5801,"date":"2024-12-18T16:18:00","date_gmt":"2024-12-18T15:18:00","guid":{"rendered":"https:\/\/www.corsobori.com\/tienda\/p\/columna-i-armari-superior-armari-superior-dframe\/"},"modified":"2024-12-18T16:18:00","modified_gmt":"2024-12-18T15:18:00","slug":"columna-i-armari-superior-armari-superior-dframe","status":"publish","type":"product","link":"https:\/\/www.corsobori.com\/ca\/tienda\/p\/columna-i-armari-superior-armari-superior-dframe\/","title":{"rendered":"Columna i Armari Superior Armari Superior D|Frame de Molteni&#038;C"},"content":{"rendered":"<p>L&#8217;armari superior D|Frame, llan\u00e7at el 2012, combina est\u00e8tica, funcionalitat i modularitat, optimitzant l&#8217;espai de manera excepcional. Disponible en amples de 600 a 2400 mm, amb una al\u00e7ada de 608 mm i una profunditat de 359 mm, ofereix una gran capacitat i acc\u00e9s simplificat gr\u00e0cies a la seva obertura manual o el\u00e8ctrica. La seva estructura innovadora compta amb un marc base d&#8217;alumini patentat i una base de vidre trempat d&#8217;alta resist\u00e8ncia o material melaminat de 30 mm de gruix. A m\u00e9s, est\u00e0 dissenyat amb predisposici\u00f3 per a campana. Aquest producte exemplifica la dedicaci\u00f3 de Molteni&amp;C a la investigaci\u00f3 i el desenvolupament, associant-se amb arquitectes prestigiosos per crear solucions \u00faniques a l&#8217;\u00e0mbit del mobiliari de luxe.    <\/p>\n","protected":false},"excerpt":{"rendered":"<p>L&#8217;armari superior D|Frame, llan\u00e7at el 2012, combina est\u00e8tica, funcionalitat i modularitat, optimitzant l&#8217;espai de manera excepcional. Disponible en amples de 600 a 2400 mm, amb una al\u00e7ada de 608 mm i una profunditat de 359 mm, ofereix una gran capacitat i acc\u00e9s simplificat gr\u00e0cies a la seva obertura manual o el\u00e8ctrica. La seva estructura innovadora&#8230;<\/p>\n","protected":false},"featured_media":0,"comment_status":"open","ping_status":"closed","template":"","meta":{"_acf_changed":false},"product_brand":[],"product_cat":[172],"product_tag":[],"class_list":{"0":"post-5801","1":"product","2":"type-product","3":"status-publish","5":"product_cat-mobles-dinterior","7":"first","8":"instock","9":"sold-individually","10":"shipping-taxable","11":"purchasable","12":"product-type-simple"},"acf":[],"yoast_head":"<!-- This site is optimized with the Yoast SEO plugin v27.2 - https:\/\/yoast.com\/product\/yoast-seo-wordpress\/ -->\n<title>Columna i Armari Superior Armari Superior D|Frame de Molteni&amp;C | Corsobori<\/title>\n<meta name=\"robots\" content=\"index, follow, max-snippet:-1, max-image-preview:large, max-video-preview:-1\" \/>\n<link rel=\"canonical\" href=\"https:\/\/www.corsobori.com\/ca\/tienda\/p\/columna-i-armari-superior-armari-superior-dframe\/\" \/>\n<meta property=\"og:locale\" content=\"ca_ES\" \/>\n<meta property=\"og:type\" content=\"article\" \/>\n<meta property=\"og:title\" content=\"Columna i Armari Superior Armari Superior D|Frame de Molteni&amp;C | Corsobori\" \/>\n<meta property=\"og:description\" content=\"L&#8217;armari superior D|Frame, llan\u00e7at el 2012, combina est\u00e8tica, funcionalitat i modularitat, optimitzant l&#8217;espai de manera excepcional. Disponible en amples de 600 a 2400 mm, amb una al\u00e7ada de 608 mm i una profunditat de 359 mm, ofereix una gran capacitat i acc\u00e9s simplificat gr\u00e0cies a la seva obertura manual o el\u00e8ctrica. La seva estructura innovadora...\" \/>\n<meta property=\"og:url\" content=\"https:\/\/www.corsobori.com\/ca\/tienda\/p\/columna-i-armari-superior-armari-superior-dframe\/\" \/>\n<meta property=\"og:site_name\" content=\"corsobori.com\" \/>\n<meta name=\"twitter:card\" content=\"summary_large_image\" \/>\n<meta name=\"twitter:label1\" content=\"Temps estimat de lectura\" \/>\n\t<meta name=\"twitter:data1\" content=\"1 minut\" \/>\n<!-- \/ Yoast SEO plugin. -->","yoast_head_json":{"title":"Columna i Armari Superior Armari Superior D|Frame de Molteni&C | Corsobori","robots":{"index":"index","follow":"follow","max-snippet":"max-snippet:-1","max-image-preview":"max-image-preview:large","max-video-preview":"max-video-preview:-1"},"canonical":"https:\/\/www.corsobori.com\/ca\/tienda\/p\/columna-i-armari-superior-armari-superior-dframe\/","og_locale":"ca_ES","og_type":"article","og_title":"Columna i Armari Superior Armari Superior D|Frame de Molteni&C | Corsobori","og_description":"L&#8217;armari superior D|Frame, llan\u00e7at el 2012, combina est\u00e8tica, funcionalitat i modularitat, optimitzant l&#8217;espai de manera excepcional. Disponible en amples de 600 a 2400 mm, amb una al\u00e7ada de 608 mm i una profunditat de 359 mm, ofereix una gran capacitat i acc\u00e9s simplificat gr\u00e0cies a la seva obertura manual o el\u00e8ctrica. La seva estructura innovadora...","og_url":"https:\/\/www.corsobori.com\/ca\/tienda\/p\/columna-i-armari-superior-armari-superior-dframe\/","og_site_name":"corsobori.com","twitter_card":"summary_large_image","twitter_misc":{"Temps estimat de lectura":"1 minut"},"schema":{"@context":"https:\/\/schema.org","@graph":[{"@type":"WebPage","@id":"https:\/\/www.corsobori.com\/ca\/tienda\/p\/columna-i-armari-superior-armari-superior-dframe\/","url":"https:\/\/www.corsobori.com\/ca\/tienda\/p\/columna-i-armari-superior-armari-superior-dframe\/","name":"Columna i Armari Superior Armari Superior D|Frame de Molteni&C | Corsobori","isPartOf":{"@id":"https:\/\/www.corsobori.com\/ca\/#website"},"datePublished":"2024-12-18T15:18:00+00:00","breadcrumb":{"@id":"https:\/\/www.corsobori.com\/ca\/tienda\/p\/columna-i-armari-superior-armari-superior-dframe\/#breadcrumb"},"inLanguage":"ca","potentialAction":[{"@type":"ReadAction","target":["https:\/\/www.corsobori.com\/ca\/tienda\/p\/columna-i-armari-superior-armari-superior-dframe\/"]}]},{"@type":"BreadcrumbList","@id":"https:\/\/www.corsobori.com\/ca\/tienda\/p\/columna-i-armari-superior-armari-superior-dframe\/#breadcrumb","itemListElement":[{"@type":"ListItem","position":1,"name":"Portada","item":"https:\/\/www.corsobori.com\/ca\/inici\/"},{"@type":"ListItem","position":2,"name":"Botiga","item":"https:\/\/www.corsobori.com\/ca\/botiga\/"},{"@type":"ListItem","position":3,"name":"Columna i Armari Superior Armari Superior D|Frame"}]},{"@type":"WebSite","@id":"https:\/\/www.corsobori.com\/ca\/#website","url":"https:\/\/www.corsobori.com\/ca\/","name":"Corsobori","description":"","publisher":{"@id":"https:\/\/www.corsobori.com\/ca\/#organization"},"potentialAction":[{"@type":"SearchAction","target":{"@type":"EntryPoint","urlTemplate":"https:\/\/www.corsobori.com\/ca\/?s={search_term_string}"},"query-input":{"@type":"PropertyValueSpecification","valueRequired":true,"valueName":"search_term_string"}}],"inLanguage":"ca"},{"@type":"Organization","@id":"https:\/\/www.corsobori.com\/ca\/#organization","name":"Corsobori","url":"https:\/\/www.corsobori.com\/ca\/","logo":{"@type":"ImageObject","inLanguage":"ca","@id":"https:\/\/www.corsobori.com\/ca\/#\/schema\/logo\/image\/","url":"https:\/\/www.corsobori.com\/wp-content\/uploads\/2024\/08\/logo-corsobori.png","contentUrl":"https:\/\/www.corsobori.com\/wp-content\/uploads\/2024\/08\/logo-corsobori.png","width":1210,"height":146,"caption":"Corsobori"},"image":{"@id":"https:\/\/www.corsobori.com\/ca\/#\/schema\/logo\/image\/"}}]}},"_links":{"self":[{"href":"https:\/\/www.corsobori.com\/ca\/wp-json\/wp\/v2\/product\/5801","targetHints":{"allow":["GET"]}}],"collection":[{"href":"https:\/\/www.corsobori.com\/ca\/wp-json\/wp\/v2\/product"}],"about":[{"href":"https:\/\/www.corsobori.com\/ca\/wp-json\/wp\/v2\/types\/product"}],"replies":[{"embeddable":true,"href":"https:\/\/www.corsobori.com\/ca\/wp-json\/wp\/v2\/comments?post=5801"}],"wp:attachment":[{"href":"https:\/\/www.corsobori.com\/ca\/wp-json\/wp\/v2\/media?parent=5801"}],"wp:term":[{"taxonomy":"product_brand","embeddable":true,"href":"https:\/\/www.corsobori.com\/ca\/wp-json\/wp\/v2\/product_brand?post=5801"},{"taxonomy":"product_cat","embeddable":true,"href":"https:\/\/www.corsobori.com\/ca\/wp-json\/wp\/v2\/product_cat?post=5801"},{"taxonomy":"product_tag","embeddable":true,"href":"https:\/\/www.corsobori.com\/ca\/wp-json\/wp\/v2\/product_tag?post=5801"}],"curies":[{"name":"wp","href":"https:\/\/api.w.org\/{rel}","templated":true}]}}