{"id":5793,"date":"2024-12-18T16:17:59","date_gmt":"2024-12-18T15:17:59","guid":{"rendered":"https:\/\/www.corsobori.com\/tienda\/p\/cuina-tivali-2-0\/"},"modified":"2024-12-18T16:17:59","modified_gmt":"2024-12-18T15:17:59","slug":"cuina-tivali-2-0","status":"publish","type":"product","link":"https:\/\/www.corsobori.com\/ca\/tienda\/p\/cuina-tivali-2-0\/","title":{"rendered":"Cuina Tival\u00ec 2.0 de Molteni&#038;C"},"content":{"rendered":"<p>Tival\u00ec, dissenyada per Dante Bonuccelli el 2004, \u00e9s una cuina innovadora que s&#8217;integra en espais redu\u00efts de 2,4 a 3 metres. Amb la recent evoluci\u00f3 Tival\u00ec 2.0, inclou un nou tirador ergon\u00f2mic de fusta, destacant l&#8217;alineaci\u00f3 amb columnes operatives. El seu disseny escenogr\u00e0fic transforma l&#8217;acte de cuinar en una experi\u00e8ncia teatral, ocultant-ne el contingut darrere de portes corredisses d&#8217;acordi\u00f3 que es retrauen de manera sofisticada. Aquestes portes, amb una estructura d\u02bbalumini lleuger, ofereixen diversos acabats i configuracions. La cuina es presenta en tres altures i dues amplades, permetent m\u00faltiples opcions internes, com ara l&#8217;armari alt Stripe. Tival\u00ec \u00e9s la perfecta fusi\u00f3 de tecnologia i disseny contemporani, reflectint la visi\u00f3 arquitect\u00f2nica i experimental de Bonuccelli.     <\/p>\n","protected":false},"excerpt":{"rendered":"<p>Tival\u00ec, dissenyada per Dante Bonuccelli el 2004, \u00e9s una cuina innovadora que s&#8217;integra en espais redu\u00efts de 2,4 a 3 metres. Amb la recent evoluci\u00f3 Tival\u00ec 2.0, inclou un nou tirador ergon\u00f2mic de fusta, destacant l&#8217;alineaci\u00f3 amb columnes operatives. El seu disseny escenogr\u00e0fic transforma l&#8217;acte de cuinar en una experi\u00e8ncia teatral, ocultant-ne el contingut darrere&#8230;<\/p>\n","protected":false},"featured_media":4050,"comment_status":"open","ping_status":"closed","template":"","meta":{"_acf_changed":false},"product_brand":[],"product_cat":[178],"product_tag":[],"class_list":{"0":"post-5793","1":"product","2":"type-product","3":"status-publish","4":"has-post-thumbnail","6":"product_cat-cuines-de-luxe","8":"first","9":"instock","10":"sold-individually","11":"shipping-taxable","12":"purchasable","13":"product-type-simple"},"acf":[],"yoast_head":"<!-- This site is optimized with the Yoast SEO plugin v27.2 - https:\/\/yoast.com\/product\/yoast-seo-wordpress\/ -->\n<title>Cuina Tival\u00ec 2.0 de Molteni&amp;C | Corsobori<\/title>\n<meta name=\"robots\" content=\"index, follow, max-snippet:-1, max-image-preview:large, max-video-preview:-1\" \/>\n<link rel=\"canonical\" href=\"https:\/\/www.corsobori.com\/ca\/tienda\/p\/cuina-tivali-2-0\/\" \/>\n<meta property=\"og:locale\" content=\"ca_ES\" \/>\n<meta property=\"og:type\" content=\"article\" \/>\n<meta property=\"og:title\" content=\"Cuina Tival\u00ec 2.0 de Molteni&amp;C | Corsobori\" \/>\n<meta property=\"og:description\" content=\"Tival\u00ec, dissenyada per Dante Bonuccelli el 2004, \u00e9s una cuina innovadora que s&#8217;integra en espais redu\u00efts de 2,4 a 3 metres. Amb la recent evoluci\u00f3 Tival\u00ec 2.0, inclou un nou tirador ergon\u00f2mic de fusta, destacant l&#8217;alineaci\u00f3 amb columnes operatives. El seu disseny escenogr\u00e0fic transforma l&#8217;acte de cuinar en una experi\u00e8ncia teatral, ocultant-ne el contingut darrere...\" \/>\n<meta property=\"og:url\" content=\"https:\/\/www.corsobori.com\/ca\/tienda\/p\/cuina-tivali-2-0\/\" \/>\n<meta property=\"og:site_name\" content=\"corsobori.com\" \/>\n<meta property=\"og:image\" content=\"https:\/\/www.corsobori.com\/wp-content\/uploads\/2024\/12\/4_5_t2.0.jpg\" \/>\n\t<meta property=\"og:image:width\" content=\"1440\" \/>\n\t<meta property=\"og:image:height\" content=\"1080\" \/>\n\t<meta property=\"og:image:type\" content=\"image\/jpeg\" \/>\n<meta name=\"twitter:card\" content=\"summary_large_image\" \/>\n<meta name=\"twitter:label1\" content=\"Temps estimat de lectura\" \/>\n\t<meta name=\"twitter:data1\" content=\"1 minut\" \/>\n<!-- \/ Yoast SEO plugin. -->","yoast_head_json":{"title":"Cuina Tival\u00ec 2.0 de Molteni&C | Corsobori","robots":{"index":"index","follow":"follow","max-snippet":"max-snippet:-1","max-image-preview":"max-image-preview:large","max-video-preview":"max-video-preview:-1"},"canonical":"https:\/\/www.corsobori.com\/ca\/tienda\/p\/cuina-tivali-2-0\/","og_locale":"ca_ES","og_type":"article","og_title":"Cuina Tival\u00ec 2.0 de Molteni&C | Corsobori","og_description":"Tival\u00ec, dissenyada per Dante Bonuccelli el 2004, \u00e9s una cuina innovadora que s&#8217;integra en espais redu\u00efts de 2,4 a 3 metres. Amb la recent evoluci\u00f3 Tival\u00ec 2.0, inclou un nou tirador ergon\u00f2mic de fusta, destacant l&#8217;alineaci\u00f3 amb columnes operatives. El seu disseny escenogr\u00e0fic transforma l&#8217;acte de cuinar en una experi\u00e8ncia teatral, ocultant-ne el contingut darrere...","og_url":"https:\/\/www.corsobori.com\/ca\/tienda\/p\/cuina-tivali-2-0\/","og_site_name":"corsobori.com","og_image":[{"width":1440,"height":1080,"url":"https:\/\/www.corsobori.com\/wp-content\/uploads\/2024\/12\/4_5_t2.0.jpg","type":"image\/jpeg"}],"twitter_card":"summary_large_image","twitter_misc":{"Temps estimat de lectura":"1 minut"},"schema":{"@context":"https:\/\/schema.org","@graph":[{"@type":"WebPage","@id":"https:\/\/www.corsobori.com\/ca\/tienda\/p\/cuina-tivali-2-0\/","url":"https:\/\/www.corsobori.com\/ca\/tienda\/p\/cuina-tivali-2-0\/","name":"Cuina Tival\u00ec 2.0 de Molteni&C | Corsobori","isPartOf":{"@id":"https:\/\/www.corsobori.com\/ca\/#website"},"primaryImageOfPage":{"@id":"https:\/\/www.corsobori.com\/ca\/tienda\/p\/cuina-tivali-2-0\/#primaryimage"},"image":{"@id":"https:\/\/www.corsobori.com\/ca\/tienda\/p\/cuina-tivali-2-0\/#primaryimage"},"thumbnailUrl":"https:\/\/www.corsobori.com\/wp-content\/uploads\/2024\/12\/4_5_t2.0.jpg","datePublished":"2024-12-18T15:17:59+00:00","breadcrumb":{"@id":"https:\/\/www.corsobori.com\/ca\/tienda\/p\/cuina-tivali-2-0\/#breadcrumb"},"inLanguage":"ca","potentialAction":[{"@type":"ReadAction","target":["https:\/\/www.corsobori.com\/ca\/tienda\/p\/cuina-tivali-2-0\/"]}]},{"@type":"ImageObject","inLanguage":"ca","@id":"https:\/\/www.corsobori.com\/ca\/tienda\/p\/cuina-tivali-2-0\/#primaryimage","url":"https:\/\/www.corsobori.com\/wp-content\/uploads\/2024\/12\/4_5_t2.0.jpg","contentUrl":"https:\/\/www.corsobori.com\/wp-content\/uploads\/2024\/12\/4_5_t2.0.jpg","width":1440,"height":1080},{"@type":"BreadcrumbList","@id":"https:\/\/www.corsobori.com\/ca\/tienda\/p\/cuina-tivali-2-0\/#breadcrumb","itemListElement":[{"@type":"ListItem","position":1,"name":"Portada","item":"https:\/\/www.corsobori.com\/ca\/inici\/"},{"@type":"ListItem","position":2,"name":"Botiga","item":"https:\/\/www.corsobori.com\/ca\/botiga\/"},{"@type":"ListItem","position":3,"name":"Cuina Tival\u00ec 2.0"}]},{"@type":"WebSite","@id":"https:\/\/www.corsobori.com\/ca\/#website","url":"https:\/\/www.corsobori.com\/ca\/","name":"Corsobori","description":"","publisher":{"@id":"https:\/\/www.corsobori.com\/ca\/#organization"},"potentialAction":[{"@type":"SearchAction","target":{"@type":"EntryPoint","urlTemplate":"https:\/\/www.corsobori.com\/ca\/?s={search_term_string}"},"query-input":{"@type":"PropertyValueSpecification","valueRequired":true,"valueName":"search_term_string"}}],"inLanguage":"ca"},{"@type":"Organization","@id":"https:\/\/www.corsobori.com\/ca\/#organization","name":"Corsobori","url":"https:\/\/www.corsobori.com\/ca\/","logo":{"@type":"ImageObject","inLanguage":"ca","@id":"https:\/\/www.corsobori.com\/ca\/#\/schema\/logo\/image\/","url":"https:\/\/www.corsobori.com\/wp-content\/uploads\/2024\/08\/logo-corsobori.png","contentUrl":"https:\/\/www.corsobori.com\/wp-content\/uploads\/2024\/08\/logo-corsobori.png","width":1210,"height":146,"caption":"Corsobori"},"image":{"@id":"https:\/\/www.corsobori.com\/ca\/#\/schema\/logo\/image\/"}}]}},"_links":{"self":[{"href":"https:\/\/www.corsobori.com\/ca\/wp-json\/wp\/v2\/product\/5793","targetHints":{"allow":["GET"]}}],"collection":[{"href":"https:\/\/www.corsobori.com\/ca\/wp-json\/wp\/v2\/product"}],"about":[{"href":"https:\/\/www.corsobori.com\/ca\/wp-json\/wp\/v2\/types\/product"}],"replies":[{"embeddable":true,"href":"https:\/\/www.corsobori.com\/ca\/wp-json\/wp\/v2\/comments?post=5793"}],"wp:featuredmedia":[{"embeddable":true,"href":"https:\/\/www.corsobori.com\/ca\/wp-json\/wp\/v2\/media\/4050"}],"wp:attachment":[{"href":"https:\/\/www.corsobori.com\/ca\/wp-json\/wp\/v2\/media?parent=5793"}],"wp:term":[{"taxonomy":"product_brand","embeddable":true,"href":"https:\/\/www.corsobori.com\/ca\/wp-json\/wp\/v2\/product_brand?post=5793"},{"taxonomy":"product_cat","embeddable":true,"href":"https:\/\/www.corsobori.com\/ca\/wp-json\/wp\/v2\/product_cat?post=5793"},{"taxonomy":"product_tag","embeddable":true,"href":"https:\/\/www.corsobori.com\/ca\/wp-json\/wp\/v2\/product_tag?post=5793"}],"curies":[{"name":"wp","href":"https:\/\/api.w.org\/{rel}","templated":true}]}}