{"id":5786,"date":"2024-12-18T16:17:55","date_gmt":"2024-12-18T15:17:55","guid":{"rendered":"https:\/\/www.corsobori.com\/tienda\/p\/llit-ribbon\/"},"modified":"2024-12-18T16:17:55","modified_gmt":"2024-12-18T15:17:55","slug":"llit-ribbon","status":"publish","type":"product","link":"https:\/\/www.corsobori.com\/ca\/tienda\/p\/llit-ribbon\/","title":{"rendered":"Llit Ribbon de Molteni&#038;C"},"content":{"rendered":"<p>Ribbon \u00e9s un llit t\u00e8xtil dissenyat per Vincent Van Duysen, que combina suavitat, modernitat i materials naturals. Aquest disseny marca l&#8217;entrada del reconegut dissenyador flamenc a Molteni&amp;C. La seva estructura destaca per un revestiment que s&#8217;adhereix mitjan\u00e7ant una cinta, amb detalls de pell que realcen tant la seva funcionalitat com la seva est\u00e8tica. La silueta acollidora i el cap\u00e7al alt, juntament amb un suau farcit, converteixen Ribbon en una opci\u00f3 contempor\u00e0nia ideal per a una clientela exigent. Vincent Van Duysen, arquitecte i dissenyador d&#8217;interiors, estableix una connexi\u00f3 profunda entre l&#8217;interiorisme i l&#8217;arquitectura, creant objectes de gran puresa i solidesa formal.    <\/p>\n","protected":false},"excerpt":{"rendered":"<p>Ribbon \u00e9s un llit t\u00e8xtil dissenyat per Vincent Van Duysen, que combina suavitat, modernitat i materials naturals. Aquest disseny marca l&#8217;entrada del reconegut dissenyador flamenc a Molteni&amp;C. La seva estructura destaca per un revestiment que s&#8217;adhereix mitjan\u00e7ant una cinta, amb detalls de pell que realcen tant la seva funcionalitat com la seva est\u00e8tica. La silueta&#8230;<\/p>\n","protected":false},"featured_media":3968,"comment_status":"open","ping_status":"closed","template":"","meta":{"_acf_changed":false},"product_brand":[],"product_cat":[208,172],"product_tag":[],"class_list":{"0":"post-5786","1":"product","2":"type-product","3":"status-publish","4":"has-post-thumbnail","6":"product_cat-llits","7":"product_cat-mobles-dinterior","9":"first","10":"instock","11":"sold-individually","12":"shipping-taxable","13":"purchasable","14":"product-type-simple"},"acf":[],"yoast_head":"<!-- This site is optimized with the Yoast SEO plugin v27.2 - https:\/\/yoast.com\/product\/yoast-seo-wordpress\/ -->\n<title>Llit Ribbon de Molteni&amp;C |<\/title>\n<meta name=\"robots\" content=\"index, follow, max-snippet:-1, max-image-preview:large, max-video-preview:-1\" \/>\n<link rel=\"canonical\" href=\"https:\/\/www.corsobori.com\/ca\/tienda\/p\/llit-ribbon\/\" \/>\n<meta property=\"og:locale\" content=\"ca_ES\" \/>\n<meta property=\"og:type\" content=\"article\" \/>\n<meta property=\"og:title\" content=\"Llit Ribbon de Molteni&amp;C |\" \/>\n<meta property=\"og:description\" content=\"Ribbon \u00e9s un llit t\u00e8xtil dissenyat per Vincent Van Duysen, que combina suavitat, modernitat i materials naturals. Aquest disseny marca l&#8217;entrada del reconegut dissenyador flamenc a Molteni&amp;C. La seva estructura destaca per un revestiment que s&#8217;adhereix mitjan\u00e7ant una cinta, amb detalls de pell que realcen tant la seva funcionalitat com la seva est\u00e8tica. La silueta...\" \/>\n<meta property=\"og:url\" content=\"https:\/\/www.corsobori.com\/ca\/tienda\/p\/llit-ribbon\/\" \/>\n<meta property=\"og:site_name\" content=\"corsobori.com\" \/>\n<meta property=\"og:image\" content=\"https:\/\/www.corsobori.com\/wp-content\/uploads\/2024\/12\/576b910530b9c.jpg\" \/>\n\t<meta property=\"og:image:width\" content=\"1440\" \/>\n\t<meta property=\"og:image:height\" content=\"1080\" \/>\n\t<meta property=\"og:image:type\" content=\"image\/jpeg\" \/>\n<meta name=\"twitter:card\" content=\"summary_large_image\" \/>\n<meta name=\"twitter:label1\" content=\"Temps estimat de lectura\" \/>\n\t<meta name=\"twitter:data1\" content=\"1 minut\" \/>\n<!-- \/ Yoast SEO plugin. -->","yoast_head_json":{"title":"Llit Ribbon de Molteni&C |","robots":{"index":"index","follow":"follow","max-snippet":"max-snippet:-1","max-image-preview":"max-image-preview:large","max-video-preview":"max-video-preview:-1"},"canonical":"https:\/\/www.corsobori.com\/ca\/tienda\/p\/llit-ribbon\/","og_locale":"ca_ES","og_type":"article","og_title":"Llit Ribbon de Molteni&C |","og_description":"Ribbon \u00e9s un llit t\u00e8xtil dissenyat per Vincent Van Duysen, que combina suavitat, modernitat i materials naturals. Aquest disseny marca l&#8217;entrada del reconegut dissenyador flamenc a Molteni&amp;C. La seva estructura destaca per un revestiment que s&#8217;adhereix mitjan\u00e7ant una cinta, amb detalls de pell que realcen tant la seva funcionalitat com la seva est\u00e8tica. La silueta...","og_url":"https:\/\/www.corsobori.com\/ca\/tienda\/p\/llit-ribbon\/","og_site_name":"corsobori.com","og_image":[{"width":1440,"height":1080,"url":"https:\/\/www.corsobori.com\/wp-content\/uploads\/2024\/12\/576b910530b9c.jpg","type":"image\/jpeg"}],"twitter_card":"summary_large_image","twitter_misc":{"Temps estimat de lectura":"1 minut"},"schema":{"@context":"https:\/\/schema.org","@graph":[{"@type":"WebPage","@id":"https:\/\/www.corsobori.com\/ca\/tienda\/p\/llit-ribbon\/","url":"https:\/\/www.corsobori.com\/ca\/tienda\/p\/llit-ribbon\/","name":"Llit Ribbon de Molteni&C |","isPartOf":{"@id":"https:\/\/www.corsobori.com\/ca\/#website"},"primaryImageOfPage":{"@id":"https:\/\/www.corsobori.com\/ca\/tienda\/p\/llit-ribbon\/#primaryimage"},"image":{"@id":"https:\/\/www.corsobori.com\/ca\/tienda\/p\/llit-ribbon\/#primaryimage"},"thumbnailUrl":"https:\/\/www.corsobori.com\/wp-content\/uploads\/2024\/12\/576b910530b9c.jpg","datePublished":"2024-12-18T15:17:55+00:00","breadcrumb":{"@id":"https:\/\/www.corsobori.com\/ca\/tienda\/p\/llit-ribbon\/#breadcrumb"},"inLanguage":"ca","potentialAction":[{"@type":"ReadAction","target":["https:\/\/www.corsobori.com\/ca\/tienda\/p\/llit-ribbon\/"]}]},{"@type":"ImageObject","inLanguage":"ca","@id":"https:\/\/www.corsobori.com\/ca\/tienda\/p\/llit-ribbon\/#primaryimage","url":"https:\/\/www.corsobori.com\/wp-content\/uploads\/2024\/12\/576b910530b9c.jpg","contentUrl":"https:\/\/www.corsobori.com\/wp-content\/uploads\/2024\/12\/576b910530b9c.jpg","width":1440,"height":1080},{"@type":"BreadcrumbList","@id":"https:\/\/www.corsobori.com\/ca\/tienda\/p\/llit-ribbon\/#breadcrumb","itemListElement":[{"@type":"ListItem","position":1,"name":"Portada","item":"https:\/\/www.corsobori.com\/ca\/inici\/"},{"@type":"ListItem","position":2,"name":"Botiga","item":"https:\/\/www.corsobori.com\/ca\/botiga\/"},{"@type":"ListItem","position":3,"name":"Llit Ribbon"}]},{"@type":"WebSite","@id":"https:\/\/www.corsobori.com\/ca\/#website","url":"https:\/\/www.corsobori.com\/ca\/","name":"Corsobori","description":"","publisher":{"@id":"https:\/\/www.corsobori.com\/ca\/#organization"},"potentialAction":[{"@type":"SearchAction","target":{"@type":"EntryPoint","urlTemplate":"https:\/\/www.corsobori.com\/ca\/?s={search_term_string}"},"query-input":{"@type":"PropertyValueSpecification","valueRequired":true,"valueName":"search_term_string"}}],"inLanguage":"ca"},{"@type":"Organization","@id":"https:\/\/www.corsobori.com\/ca\/#organization","name":"Corsobori","url":"https:\/\/www.corsobori.com\/ca\/","logo":{"@type":"ImageObject","inLanguage":"ca","@id":"https:\/\/www.corsobori.com\/ca\/#\/schema\/logo\/image\/","url":"https:\/\/www.corsobori.com\/wp-content\/uploads\/2024\/08\/logo-corsobori.png","contentUrl":"https:\/\/www.corsobori.com\/wp-content\/uploads\/2024\/08\/logo-corsobori.png","width":1210,"height":146,"caption":"Corsobori"},"image":{"@id":"https:\/\/www.corsobori.com\/ca\/#\/schema\/logo\/image\/"}}]}},"_links":{"self":[{"href":"https:\/\/www.corsobori.com\/ca\/wp-json\/wp\/v2\/product\/5786","targetHints":{"allow":["GET"]}}],"collection":[{"href":"https:\/\/www.corsobori.com\/ca\/wp-json\/wp\/v2\/product"}],"about":[{"href":"https:\/\/www.corsobori.com\/ca\/wp-json\/wp\/v2\/types\/product"}],"replies":[{"embeddable":true,"href":"https:\/\/www.corsobori.com\/ca\/wp-json\/wp\/v2\/comments?post=5786"}],"wp:featuredmedia":[{"embeddable":true,"href":"https:\/\/www.corsobori.com\/ca\/wp-json\/wp\/v2\/media\/3968"}],"wp:attachment":[{"href":"https:\/\/www.corsobori.com\/ca\/wp-json\/wp\/v2\/media?parent=5786"}],"wp:term":[{"taxonomy":"product_brand","embeddable":true,"href":"https:\/\/www.corsobori.com\/ca\/wp-json\/wp\/v2\/product_brand?post=5786"},{"taxonomy":"product_cat","embeddable":true,"href":"https:\/\/www.corsobori.com\/ca\/wp-json\/wp\/v2\/product_cat?post=5786"},{"taxonomy":"product_tag","embeddable":true,"href":"https:\/\/www.corsobori.com\/ca\/wp-json\/wp\/v2\/product_tag?post=5786"}],"curies":[{"name":"wp","href":"https:\/\/api.w.org\/{rel}","templated":true}]}}