{"id":5783,"date":"2024-12-18T16:17:58","date_gmt":"2024-12-18T15:17:58","guid":{"rendered":"https:\/\/www.corsobori.com\/tienda\/p\/cuina-intersection\/"},"modified":"2024-12-18T16:17:58","modified_gmt":"2024-12-18T15:17:58","slug":"cuina-intersection","status":"publish","type":"product","link":"https:\/\/www.corsobori.com\/ca\/tienda\/p\/cuina-intersection\/","title":{"rendered":"Cuina Intersection de Molteni&#038;C"},"content":{"rendered":"<p>La cuina Intersection, dissenyada per Vincent van Duysen, s&#8217;inspira en el concepte de l&#8217;objecte monol\u00edtic, fent servir pedra natural per crear una pe\u00e7a \u00fanica, escult\u00f2rica i arquitect\u00f2nica. Aquest disseny es distingeix per la selecci\u00f3 acurada de materials i la implementaci\u00f3 de tecnologies innovadores, garantint funcionalitat i lleugeresa. Les portes dels armaris s&#8217;obren sense esfor\u00e7, mentre que les l\u00e0mines de pedra, lleugeres i resistents, s&#8217;integren en una estructura d&#8217;alumini alveolar per a m\u00e9s estabilitat. La cuina tamb\u00e9 presenta inlais geom\u00e8trics i superf\u00edcies que juguen amb llum i ombra, aportant eleg\u00e0ncia. Aquesta creaci\u00f3 reflecteix la relaci\u00f3 profunda entre interiorisme i arquitectura que caracteritza l&#8217;obra de Van Duysen, que ha redefinit el concepte de monomat\u00e8ria en aplicar-lo no nom\u00e9s a taulells, sin\u00f3 tamb\u00e9 a portes i panells laterals.    <\/p>\n","protected":false},"excerpt":{"rendered":"<p>La cuina Intersection, dissenyada per Vincent van Duysen, s&#8217;inspira en el concepte de l&#8217;objecte monol\u00edtic, fent servir pedra natural per crear una pe\u00e7a \u00fanica, escult\u00f2rica i arquitect\u00f2nica. Aquest disseny es distingeix per la selecci\u00f3 acurada de materials i la implementaci\u00f3 de tecnologies innovadores, garantint funcionalitat i lleugeresa. Les portes dels armaris s&#8217;obren sense esfor\u00e7, mentre&#8230;<\/p>\n","protected":false},"featured_media":4016,"comment_status":"open","ping_status":"closed","template":"","meta":{"_acf_changed":false},"product_brand":[],"product_cat":[178],"product_tag":[],"class_list":{"0":"post-5783","1":"product","2":"type-product","3":"status-publish","4":"has-post-thumbnail","6":"product_cat-cuines-de-luxe","8":"first","9":"instock","10":"sold-individually","11":"shipping-taxable","12":"purchasable","13":"product-type-simple"},"acf":[],"yoast_head":"<!-- This site is optimized with the Yoast SEO plugin v27.2 - https:\/\/yoast.com\/product\/yoast-seo-wordpress\/ -->\n<title>Cuina Intersection de Molteni&amp;C | Corsobori<\/title>\n<meta name=\"robots\" content=\"index, follow, max-snippet:-1, max-image-preview:large, max-video-preview:-1\" \/>\n<link rel=\"canonical\" href=\"https:\/\/www.corsobori.com\/ca\/tienda\/p\/cuina-intersection\/\" \/>\n<meta property=\"og:locale\" content=\"ca_ES\" \/>\n<meta property=\"og:type\" content=\"article\" \/>\n<meta property=\"og:title\" content=\"Cuina Intersection de Molteni&amp;C | Corsobori\" \/>\n<meta property=\"og:description\" content=\"La cuina Intersection, dissenyada per Vincent van Duysen, s&#8217;inspira en el concepte de l&#8217;objecte monol\u00edtic, fent servir pedra natural per crear una pe\u00e7a \u00fanica, escult\u00f2rica i arquitect\u00f2nica. Aquest disseny es distingeix per la selecci\u00f3 acurada de materials i la implementaci\u00f3 de tecnologies innovadores, garantint funcionalitat i lleugeresa. Les portes dels armaris s&#8217;obren sense esfor\u00e7, mentre...\" \/>\n<meta property=\"og:url\" content=\"https:\/\/www.corsobori.com\/ca\/tienda\/p\/cuina-intersection\/\" \/>\n<meta property=\"og:site_name\" content=\"corsobori.com\" \/>\n<meta property=\"og:image\" content=\"https:\/\/www.corsobori.com\/wp-content\/uploads\/2024\/12\/4_5_intersection.jpg\" \/>\n\t<meta property=\"og:image:width\" content=\"1440\" \/>\n\t<meta property=\"og:image:height\" content=\"1080\" \/>\n\t<meta property=\"og:image:type\" content=\"image\/jpeg\" \/>\n<meta name=\"twitter:card\" content=\"summary_large_image\" \/>\n<meta name=\"twitter:label1\" content=\"Temps estimat de lectura\" \/>\n\t<meta name=\"twitter:data1\" content=\"1 minut\" \/>\n<!-- \/ Yoast SEO plugin. -->","yoast_head_json":{"title":"Cuina Intersection de Molteni&C | Corsobori","robots":{"index":"index","follow":"follow","max-snippet":"max-snippet:-1","max-image-preview":"max-image-preview:large","max-video-preview":"max-video-preview:-1"},"canonical":"https:\/\/www.corsobori.com\/ca\/tienda\/p\/cuina-intersection\/","og_locale":"ca_ES","og_type":"article","og_title":"Cuina Intersection de Molteni&C | Corsobori","og_description":"La cuina Intersection, dissenyada per Vincent van Duysen, s&#8217;inspira en el concepte de l&#8217;objecte monol\u00edtic, fent servir pedra natural per crear una pe\u00e7a \u00fanica, escult\u00f2rica i arquitect\u00f2nica. Aquest disseny es distingeix per la selecci\u00f3 acurada de materials i la implementaci\u00f3 de tecnologies innovadores, garantint funcionalitat i lleugeresa. Les portes dels armaris s&#8217;obren sense esfor\u00e7, mentre...","og_url":"https:\/\/www.corsobori.com\/ca\/tienda\/p\/cuina-intersection\/","og_site_name":"corsobori.com","og_image":[{"width":1440,"height":1080,"url":"https:\/\/www.corsobori.com\/wp-content\/uploads\/2024\/12\/4_5_intersection.jpg","type":"image\/jpeg"}],"twitter_card":"summary_large_image","twitter_misc":{"Temps estimat de lectura":"1 minut"},"schema":{"@context":"https:\/\/schema.org","@graph":[{"@type":"WebPage","@id":"https:\/\/www.corsobori.com\/ca\/tienda\/p\/cuina-intersection\/","url":"https:\/\/www.corsobori.com\/ca\/tienda\/p\/cuina-intersection\/","name":"Cuina Intersection de Molteni&C | Corsobori","isPartOf":{"@id":"https:\/\/www.corsobori.com\/ca\/#website"},"primaryImageOfPage":{"@id":"https:\/\/www.corsobori.com\/ca\/tienda\/p\/cuina-intersection\/#primaryimage"},"image":{"@id":"https:\/\/www.corsobori.com\/ca\/tienda\/p\/cuina-intersection\/#primaryimage"},"thumbnailUrl":"https:\/\/www.corsobori.com\/wp-content\/uploads\/2024\/12\/4_5_intersection.jpg","datePublished":"2024-12-18T15:17:58+00:00","breadcrumb":{"@id":"https:\/\/www.corsobori.com\/ca\/tienda\/p\/cuina-intersection\/#breadcrumb"},"inLanguage":"ca","potentialAction":[{"@type":"ReadAction","target":["https:\/\/www.corsobori.com\/ca\/tienda\/p\/cuina-intersection\/"]}]},{"@type":"ImageObject","inLanguage":"ca","@id":"https:\/\/www.corsobori.com\/ca\/tienda\/p\/cuina-intersection\/#primaryimage","url":"https:\/\/www.corsobori.com\/wp-content\/uploads\/2024\/12\/4_5_intersection.jpg","contentUrl":"https:\/\/www.corsobori.com\/wp-content\/uploads\/2024\/12\/4_5_intersection.jpg","width":1440,"height":1080},{"@type":"BreadcrumbList","@id":"https:\/\/www.corsobori.com\/ca\/tienda\/p\/cuina-intersection\/#breadcrumb","itemListElement":[{"@type":"ListItem","position":1,"name":"Portada","item":"https:\/\/www.corsobori.com\/ca\/inici\/"},{"@type":"ListItem","position":2,"name":"Botiga","item":"https:\/\/www.corsobori.com\/ca\/botiga\/"},{"@type":"ListItem","position":3,"name":"Cuina Intersection"}]},{"@type":"WebSite","@id":"https:\/\/www.corsobori.com\/ca\/#website","url":"https:\/\/www.corsobori.com\/ca\/","name":"Corsobori","description":"","publisher":{"@id":"https:\/\/www.corsobori.com\/ca\/#organization"},"potentialAction":[{"@type":"SearchAction","target":{"@type":"EntryPoint","urlTemplate":"https:\/\/www.corsobori.com\/ca\/?s={search_term_string}"},"query-input":{"@type":"PropertyValueSpecification","valueRequired":true,"valueName":"search_term_string"}}],"inLanguage":"ca"},{"@type":"Organization","@id":"https:\/\/www.corsobori.com\/ca\/#organization","name":"Corsobori","url":"https:\/\/www.corsobori.com\/ca\/","logo":{"@type":"ImageObject","inLanguage":"ca","@id":"https:\/\/www.corsobori.com\/ca\/#\/schema\/logo\/image\/","url":"https:\/\/www.corsobori.com\/wp-content\/uploads\/2024\/08\/logo-corsobori.png","contentUrl":"https:\/\/www.corsobori.com\/wp-content\/uploads\/2024\/08\/logo-corsobori.png","width":1210,"height":146,"caption":"Corsobori"},"image":{"@id":"https:\/\/www.corsobori.com\/ca\/#\/schema\/logo\/image\/"}}]}},"_links":{"self":[{"href":"https:\/\/www.corsobori.com\/ca\/wp-json\/wp\/v2\/product\/5783","targetHints":{"allow":["GET"]}}],"collection":[{"href":"https:\/\/www.corsobori.com\/ca\/wp-json\/wp\/v2\/product"}],"about":[{"href":"https:\/\/www.corsobori.com\/ca\/wp-json\/wp\/v2\/types\/product"}],"replies":[{"embeddable":true,"href":"https:\/\/www.corsobori.com\/ca\/wp-json\/wp\/v2\/comments?post=5783"}],"wp:featuredmedia":[{"embeddable":true,"href":"https:\/\/www.corsobori.com\/ca\/wp-json\/wp\/v2\/media\/4016"}],"wp:attachment":[{"href":"https:\/\/www.corsobori.com\/ca\/wp-json\/wp\/v2\/media?parent=5783"}],"wp:term":[{"taxonomy":"product_brand","embeddable":true,"href":"https:\/\/www.corsobori.com\/ca\/wp-json\/wp\/v2\/product_brand?post=5783"},{"taxonomy":"product_cat","embeddable":true,"href":"https:\/\/www.corsobori.com\/ca\/wp-json\/wp\/v2\/product_cat?post=5783"},{"taxonomy":"product_tag","embeddable":true,"href":"https:\/\/www.corsobori.com\/ca\/wp-json\/wp\/v2\/product_tag?post=5783"}],"curies":[{"name":"wp","href":"https:\/\/api.w.org\/{rel}","templated":true}]}}