{"id":5782,"date":"2024-12-18T16:17:54","date_gmt":"2024-12-18T15:17:54","guid":{"rendered":"https:\/\/www.corsobori.com\/tienda\/p\/llit-anton\/"},"modified":"2024-12-18T16:17:54","modified_gmt":"2024-12-18T15:17:54","slug":"llit-anton","status":"publish","type":"product","link":"https:\/\/www.corsobori.com\/ca\/tienda\/p\/llit-anton\/","title":{"rendered":"Llit Anton de Molteni&#038;C"},"content":{"rendered":"<p>Anton \u00e9s una pe\u00e7a elegant que es combina a la perfecci\u00f3 amb bancs d&#8217;estructura i revestiment id\u00e8ntics, reflectint l&#8217;atenci\u00f3 al detall en el seu disseny. Creat per Vincent Van Duysen, arquitecte i dissenyador belga, la seva obra es caracteritza per una relaci\u00f3 intr\u00ednseca entre l&#8217;interiorisme i l&#8217;arquitectura. Des del 1990, Van Duysen ha centrat l&#8217;estudi en la creaci\u00f3 de mobles que aborden la percepci\u00f3 de l&#8217;espai interior amb una visi\u00f3 arquitect\u00f2nica. Els seus dissenys destaquen per la seva puresa, essencialitat i solidesa, mantenint sempre un car\u00e0cter concret. Els productes de la col\u00b7lecci\u00f3 s\u00f3n un testimoni del luxe i la sofisticaci\u00f3, ideals per a aquells que aprecien l&#8217;est\u00e8tica contempor\u00e0nia i la funcionalitat en el disseny d&#8217;interiors.    <\/p>\n","protected":false},"excerpt":{"rendered":"<p>Anton \u00e9s una pe\u00e7a elegant que es combina a la perfecci\u00f3 amb bancs d&#8217;estructura i revestiment id\u00e8ntics, reflectint l&#8217;atenci\u00f3 al detall en el seu disseny. Creat per Vincent Van Duysen, arquitecte i dissenyador belga, la seva obra es caracteritza per una relaci\u00f3 intr\u00ednseca entre l&#8217;interiorisme i l&#8217;arquitectura. Des del 1990, Van Duysen ha centrat l&#8217;estudi&#8230;<\/p>\n","protected":false},"featured_media":3924,"comment_status":"open","ping_status":"closed","template":"","meta":{"_acf_changed":false},"product_brand":[],"product_cat":[208,172],"product_tag":[],"class_list":{"0":"post-5782","1":"product","2":"type-product","3":"status-publish","4":"has-post-thumbnail","6":"product_cat-llits","7":"product_cat-mobles-dinterior","9":"first","10":"instock","11":"sold-individually","12":"shipping-taxable","13":"purchasable","14":"product-type-simple"},"acf":[],"yoast_head":"<!-- This site is optimized with the Yoast SEO plugin v27.2 - https:\/\/yoast.com\/product\/yoast-seo-wordpress\/ -->\n<title>Llit Anton de Molteni&amp;C | Corsobori<\/title>\n<meta name=\"robots\" content=\"index, follow, max-snippet:-1, max-image-preview:large, max-video-preview:-1\" \/>\n<link rel=\"canonical\" href=\"https:\/\/www.corsobori.com\/ca\/tienda\/p\/llit-anton\/\" \/>\n<meta property=\"og:locale\" content=\"ca_ES\" \/>\n<meta property=\"og:type\" content=\"article\" \/>\n<meta property=\"og:title\" content=\"Llit Anton de Molteni&amp;C | Corsobori\" \/>\n<meta property=\"og:description\" content=\"Anton \u00e9s una pe\u00e7a elegant que es combina a la perfecci\u00f3 amb bancs d&#8217;estructura i revestiment id\u00e8ntics, reflectint l&#8217;atenci\u00f3 al detall en el seu disseny. Creat per Vincent Van Duysen, arquitecte i dissenyador belga, la seva obra es caracteritza per una relaci\u00f3 intr\u00ednseca entre l&#8217;interiorisme i l&#8217;arquitectura. Des del 1990, Van Duysen ha centrat l&#8217;estudi...\" \/>\n<meta property=\"og:url\" content=\"https:\/\/www.corsobori.com\/ca\/tienda\/p\/llit-anton\/\" \/>\n<meta property=\"og:site_name\" content=\"corsobori.com\" \/>\n<meta property=\"og:image\" content=\"https:\/\/www.corsobori.com\/wp-content\/uploads\/2024\/12\/5a04869f4859d.jpg\" \/>\n\t<meta property=\"og:image:width\" content=\"1440\" \/>\n\t<meta property=\"og:image:height\" content=\"1080\" \/>\n\t<meta property=\"og:image:type\" content=\"image\/jpeg\" \/>\n<meta name=\"twitter:card\" content=\"summary_large_image\" \/>\n<meta name=\"twitter:label1\" content=\"Temps estimat de lectura\" \/>\n\t<meta name=\"twitter:data1\" content=\"1 minut\" \/>\n<!-- \/ Yoast SEO plugin. -->","yoast_head_json":{"title":"Llit Anton de Molteni&C | Corsobori","robots":{"index":"index","follow":"follow","max-snippet":"max-snippet:-1","max-image-preview":"max-image-preview:large","max-video-preview":"max-video-preview:-1"},"canonical":"https:\/\/www.corsobori.com\/ca\/tienda\/p\/llit-anton\/","og_locale":"ca_ES","og_type":"article","og_title":"Llit Anton de Molteni&C | Corsobori","og_description":"Anton \u00e9s una pe\u00e7a elegant que es combina a la perfecci\u00f3 amb bancs d&#8217;estructura i revestiment id\u00e8ntics, reflectint l&#8217;atenci\u00f3 al detall en el seu disseny. Creat per Vincent Van Duysen, arquitecte i dissenyador belga, la seva obra es caracteritza per una relaci\u00f3 intr\u00ednseca entre l&#8217;interiorisme i l&#8217;arquitectura. Des del 1990, Van Duysen ha centrat l&#8217;estudi...","og_url":"https:\/\/www.corsobori.com\/ca\/tienda\/p\/llit-anton\/","og_site_name":"corsobori.com","og_image":[{"width":1440,"height":1080,"url":"https:\/\/www.corsobori.com\/wp-content\/uploads\/2024\/12\/5a04869f4859d.jpg","type":"image\/jpeg"}],"twitter_card":"summary_large_image","twitter_misc":{"Temps estimat de lectura":"1 minut"},"schema":{"@context":"https:\/\/schema.org","@graph":[{"@type":"WebPage","@id":"https:\/\/www.corsobori.com\/ca\/tienda\/p\/llit-anton\/","url":"https:\/\/www.corsobori.com\/ca\/tienda\/p\/llit-anton\/","name":"Llit Anton de Molteni&C | Corsobori","isPartOf":{"@id":"https:\/\/www.corsobori.com\/ca\/#website"},"primaryImageOfPage":{"@id":"https:\/\/www.corsobori.com\/ca\/tienda\/p\/llit-anton\/#primaryimage"},"image":{"@id":"https:\/\/www.corsobori.com\/ca\/tienda\/p\/llit-anton\/#primaryimage"},"thumbnailUrl":"https:\/\/www.corsobori.com\/wp-content\/uploads\/2024\/12\/5a04869f4859d.jpg","datePublished":"2024-12-18T15:17:54+00:00","breadcrumb":{"@id":"https:\/\/www.corsobori.com\/ca\/tienda\/p\/llit-anton\/#breadcrumb"},"inLanguage":"ca","potentialAction":[{"@type":"ReadAction","target":["https:\/\/www.corsobori.com\/ca\/tienda\/p\/llit-anton\/"]}]},{"@type":"ImageObject","inLanguage":"ca","@id":"https:\/\/www.corsobori.com\/ca\/tienda\/p\/llit-anton\/#primaryimage","url":"https:\/\/www.corsobori.com\/wp-content\/uploads\/2024\/12\/5a04869f4859d.jpg","contentUrl":"https:\/\/www.corsobori.com\/wp-content\/uploads\/2024\/12\/5a04869f4859d.jpg","width":1440,"height":1080},{"@type":"BreadcrumbList","@id":"https:\/\/www.corsobori.com\/ca\/tienda\/p\/llit-anton\/#breadcrumb","itemListElement":[{"@type":"ListItem","position":1,"name":"Portada","item":"https:\/\/www.corsobori.com\/ca\/inici\/"},{"@type":"ListItem","position":2,"name":"Botiga","item":"https:\/\/www.corsobori.com\/ca\/botiga\/"},{"@type":"ListItem","position":3,"name":"Llit Anton"}]},{"@type":"WebSite","@id":"https:\/\/www.corsobori.com\/ca\/#website","url":"https:\/\/www.corsobori.com\/ca\/","name":"Corsobori","description":"","publisher":{"@id":"https:\/\/www.corsobori.com\/ca\/#organization"},"potentialAction":[{"@type":"SearchAction","target":{"@type":"EntryPoint","urlTemplate":"https:\/\/www.corsobori.com\/ca\/?s={search_term_string}"},"query-input":{"@type":"PropertyValueSpecification","valueRequired":true,"valueName":"search_term_string"}}],"inLanguage":"ca"},{"@type":"Organization","@id":"https:\/\/www.corsobori.com\/ca\/#organization","name":"Corsobori","url":"https:\/\/www.corsobori.com\/ca\/","logo":{"@type":"ImageObject","inLanguage":"ca","@id":"https:\/\/www.corsobori.com\/ca\/#\/schema\/logo\/image\/","url":"https:\/\/www.corsobori.com\/wp-content\/uploads\/2024\/08\/logo-corsobori.png","contentUrl":"https:\/\/www.corsobori.com\/wp-content\/uploads\/2024\/08\/logo-corsobori.png","width":1210,"height":146,"caption":"Corsobori"},"image":{"@id":"https:\/\/www.corsobori.com\/ca\/#\/schema\/logo\/image\/"}}]}},"_links":{"self":[{"href":"https:\/\/www.corsobori.com\/ca\/wp-json\/wp\/v2\/product\/5782","targetHints":{"allow":["GET"]}}],"collection":[{"href":"https:\/\/www.corsobori.com\/ca\/wp-json\/wp\/v2\/product"}],"about":[{"href":"https:\/\/www.corsobori.com\/ca\/wp-json\/wp\/v2\/types\/product"}],"replies":[{"embeddable":true,"href":"https:\/\/www.corsobori.com\/ca\/wp-json\/wp\/v2\/comments?post=5782"}],"wp:featuredmedia":[{"embeddable":true,"href":"https:\/\/www.corsobori.com\/ca\/wp-json\/wp\/v2\/media\/3924"}],"wp:attachment":[{"href":"https:\/\/www.corsobori.com\/ca\/wp-json\/wp\/v2\/media?parent=5782"}],"wp:term":[{"taxonomy":"product_brand","embeddable":true,"href":"https:\/\/www.corsobori.com\/ca\/wp-json\/wp\/v2\/product_brand?post=5782"},{"taxonomy":"product_cat","embeddable":true,"href":"https:\/\/www.corsobori.com\/ca\/wp-json\/wp\/v2\/product_cat?post=5782"},{"taxonomy":"product_tag","embeddable":true,"href":"https:\/\/www.corsobori.com\/ca\/wp-json\/wp\/v2\/product_tag?post=5782"}],"curies":[{"name":"wp","href":"https:\/\/api.w.org\/{rel}","templated":true}]}}