{"id":5781,"date":"2024-12-18T16:17:56","date_gmt":"2024-12-18T15:17:56","guid":{"rendered":"https:\/\/www.corsobori.com\/tienda\/p\/cuina-helios\/"},"modified":"2024-12-18T16:17:56","modified_gmt":"2024-12-18T15:17:56","slug":"cuina-helios","status":"publish","type":"product","link":"https:\/\/www.corsobori.com\/ca\/tienda\/p\/cuina-helios\/","title":{"rendered":"Cuina Helios de Molteni&#038;C"},"content":{"rendered":"<p>La cuina exterior Helios fusiona l&#8217;artesania italiana amb tecnologia innovadora i \u00e9s ideal per al seu \u00fas a l&#8217;aire lliure. El disseny de l\u00ednies netes i monol\u00edtiques es complementa amb les col\u00b7leccions Landmark i Timeout, oferint una \u00e0mplia gamma d&#8217;acabats que enriqueixen els materials utilitzats. Les textures evoquen pedra natural, cer\u00e0mica, fusta de teca o acabats en acer, permetent una personalitzaci\u00f3 extensa per adaptar-se a diferents estils i ambients. La paleta de colors s\u02bbinspira en tons naturals i cl\u00e0ssics en blancs i grisos. Creat per Vincent Van Duysen, reconegut arquitecte i dissenyador belga, Helios reflecteix la seva profunda entesa de la relaci\u00f3 entre interiorisme i arquitectura, oferint objectes de gran puresa i essencialitat sense sacrificar la solidesa formal.    <\/p>\n","protected":false},"excerpt":{"rendered":"<p>La cuina exterior Helios fusiona l&#8217;artesania italiana amb tecnologia innovadora i \u00e9s ideal per al seu \u00fas a l&#8217;aire lliure. El disseny de l\u00ednies netes i monol\u00edtiques es complementa amb les col\u00b7leccions Landmark i Timeout, oferint una \u00e0mplia gamma d&#8217;acabats que enriqueixen els materials utilitzats. Les textures evoquen pedra natural, cer\u00e0mica, fusta de teca o&#8230;<\/p>\n","protected":false},"featured_media":3978,"comment_status":"open","ping_status":"closed","template":"","meta":{"_acf_changed":false},"product_brand":[],"product_cat":[209,178,169],"product_tag":[],"class_list":{"0":"post-5781","1":"product","2":"type-product","3":"status-publish","4":"has-post-thumbnail","6":"product_cat-cuines-dexterior","7":"product_cat-cuines-de-luxe","8":"product_cat-mobles-exterior","10":"first","11":"instock","12":"sold-individually","13":"shipping-taxable","14":"purchasable","15":"product-type-simple"},"acf":[],"yoast_head":"<!-- This site is optimized with the Yoast SEO plugin v27.2 - https:\/\/yoast.com\/product\/yoast-seo-wordpress\/ -->\n<title>Cuina Helios de Molteni&amp;C | Corsobori<\/title>\n<meta name=\"robots\" content=\"index, follow, max-snippet:-1, max-image-preview:large, max-video-preview:-1\" \/>\n<link rel=\"canonical\" href=\"https:\/\/www.corsobori.com\/ca\/tienda\/p\/cuina-helios\/\" \/>\n<meta property=\"og:locale\" content=\"ca_ES\" \/>\n<meta property=\"og:type\" content=\"article\" \/>\n<meta property=\"og:title\" content=\"Cuina Helios de Molteni&amp;C | Corsobori\" \/>\n<meta property=\"og:description\" content=\"La cuina exterior Helios fusiona l&#8217;artesania italiana amb tecnologia innovadora i \u00e9s ideal per al seu \u00fas a l&#8217;aire lliure. El disseny de l\u00ednies netes i monol\u00edtiques es complementa amb les col\u00b7leccions Landmark i Timeout, oferint una \u00e0mplia gamma d&#8217;acabats que enriqueixen els materials utilitzats. Les textures evoquen pedra natural, cer\u00e0mica, fusta de teca o...\" \/>\n<meta property=\"og:url\" content=\"https:\/\/www.corsobori.com\/ca\/tienda\/p\/cuina-helios\/\" \/>\n<meta property=\"og:site_name\" content=\"corsobori.com\" \/>\n<meta property=\"og:image\" content=\"https:\/\/www.corsobori.com\/wp-content\/uploads\/2024\/12\/4_3_cucina_02.jpg\" \/>\n\t<meta property=\"og:image:width\" content=\"1440\" \/>\n\t<meta property=\"og:image:height\" content=\"1080\" \/>\n\t<meta property=\"og:image:type\" content=\"image\/jpeg\" \/>\n<meta name=\"twitter:card\" content=\"summary_large_image\" \/>\n<meta name=\"twitter:label1\" content=\"Temps estimat de lectura\" \/>\n\t<meta name=\"twitter:data1\" content=\"1 minut\" \/>\n<!-- \/ Yoast SEO plugin. -->","yoast_head_json":{"title":"Cuina Helios de Molteni&C | Corsobori","robots":{"index":"index","follow":"follow","max-snippet":"max-snippet:-1","max-image-preview":"max-image-preview:large","max-video-preview":"max-video-preview:-1"},"canonical":"https:\/\/www.corsobori.com\/ca\/tienda\/p\/cuina-helios\/","og_locale":"ca_ES","og_type":"article","og_title":"Cuina Helios de Molteni&C | Corsobori","og_description":"La cuina exterior Helios fusiona l&#8217;artesania italiana amb tecnologia innovadora i \u00e9s ideal per al seu \u00fas a l&#8217;aire lliure. El disseny de l\u00ednies netes i monol\u00edtiques es complementa amb les col\u00b7leccions Landmark i Timeout, oferint una \u00e0mplia gamma d&#8217;acabats que enriqueixen els materials utilitzats. Les textures evoquen pedra natural, cer\u00e0mica, fusta de teca o...","og_url":"https:\/\/www.corsobori.com\/ca\/tienda\/p\/cuina-helios\/","og_site_name":"corsobori.com","og_image":[{"width":1440,"height":1080,"url":"https:\/\/www.corsobori.com\/wp-content\/uploads\/2024\/12\/4_3_cucina_02.jpg","type":"image\/jpeg"}],"twitter_card":"summary_large_image","twitter_misc":{"Temps estimat de lectura":"1 minut"},"schema":{"@context":"https:\/\/schema.org","@graph":[{"@type":"WebPage","@id":"https:\/\/www.corsobori.com\/ca\/tienda\/p\/cuina-helios\/","url":"https:\/\/www.corsobori.com\/ca\/tienda\/p\/cuina-helios\/","name":"Cuina Helios de Molteni&C | Corsobori","isPartOf":{"@id":"https:\/\/www.corsobori.com\/ca\/#website"},"primaryImageOfPage":{"@id":"https:\/\/www.corsobori.com\/ca\/tienda\/p\/cuina-helios\/#primaryimage"},"image":{"@id":"https:\/\/www.corsobori.com\/ca\/tienda\/p\/cuina-helios\/#primaryimage"},"thumbnailUrl":"https:\/\/www.corsobori.com\/wp-content\/uploads\/2024\/12\/4_3_cucina_02.jpg","datePublished":"2024-12-18T15:17:56+00:00","breadcrumb":{"@id":"https:\/\/www.corsobori.com\/ca\/tienda\/p\/cuina-helios\/#breadcrumb"},"inLanguage":"ca","potentialAction":[{"@type":"ReadAction","target":["https:\/\/www.corsobori.com\/ca\/tienda\/p\/cuina-helios\/"]}]},{"@type":"ImageObject","inLanguage":"ca","@id":"https:\/\/www.corsobori.com\/ca\/tienda\/p\/cuina-helios\/#primaryimage","url":"https:\/\/www.corsobori.com\/wp-content\/uploads\/2024\/12\/4_3_cucina_02.jpg","contentUrl":"https:\/\/www.corsobori.com\/wp-content\/uploads\/2024\/12\/4_3_cucina_02.jpg","width":1440,"height":1080},{"@type":"BreadcrumbList","@id":"https:\/\/www.corsobori.com\/ca\/tienda\/p\/cuina-helios\/#breadcrumb","itemListElement":[{"@type":"ListItem","position":1,"name":"Portada","item":"https:\/\/www.corsobori.com\/ca\/inici\/"},{"@type":"ListItem","position":2,"name":"Botiga","item":"https:\/\/www.corsobori.com\/ca\/botiga\/"},{"@type":"ListItem","position":3,"name":"Cuina Helios"}]},{"@type":"WebSite","@id":"https:\/\/www.corsobori.com\/ca\/#website","url":"https:\/\/www.corsobori.com\/ca\/","name":"Corsobori","description":"","publisher":{"@id":"https:\/\/www.corsobori.com\/ca\/#organization"},"potentialAction":[{"@type":"SearchAction","target":{"@type":"EntryPoint","urlTemplate":"https:\/\/www.corsobori.com\/ca\/?s={search_term_string}"},"query-input":{"@type":"PropertyValueSpecification","valueRequired":true,"valueName":"search_term_string"}}],"inLanguage":"ca"},{"@type":"Organization","@id":"https:\/\/www.corsobori.com\/ca\/#organization","name":"Corsobori","url":"https:\/\/www.corsobori.com\/ca\/","logo":{"@type":"ImageObject","inLanguage":"ca","@id":"https:\/\/www.corsobori.com\/ca\/#\/schema\/logo\/image\/","url":"https:\/\/www.corsobori.com\/wp-content\/uploads\/2024\/08\/logo-corsobori.png","contentUrl":"https:\/\/www.corsobori.com\/wp-content\/uploads\/2024\/08\/logo-corsobori.png","width":1210,"height":146,"caption":"Corsobori"},"image":{"@id":"https:\/\/www.corsobori.com\/ca\/#\/schema\/logo\/image\/"}}]}},"_links":{"self":[{"href":"https:\/\/www.corsobori.com\/ca\/wp-json\/wp\/v2\/product\/5781","targetHints":{"allow":["GET"]}}],"collection":[{"href":"https:\/\/www.corsobori.com\/ca\/wp-json\/wp\/v2\/product"}],"about":[{"href":"https:\/\/www.corsobori.com\/ca\/wp-json\/wp\/v2\/types\/product"}],"replies":[{"embeddable":true,"href":"https:\/\/www.corsobori.com\/ca\/wp-json\/wp\/v2\/comments?post=5781"}],"wp:featuredmedia":[{"embeddable":true,"href":"https:\/\/www.corsobori.com\/ca\/wp-json\/wp\/v2\/media\/3978"}],"wp:attachment":[{"href":"https:\/\/www.corsobori.com\/ca\/wp-json\/wp\/v2\/media?parent=5781"}],"wp:term":[{"taxonomy":"product_brand","embeddable":true,"href":"https:\/\/www.corsobori.com\/ca\/wp-json\/wp\/v2\/product_brand?post=5781"},{"taxonomy":"product_cat","embeddable":true,"href":"https:\/\/www.corsobori.com\/ca\/wp-json\/wp\/v2\/product_cat?post=5781"},{"taxonomy":"product_tag","embeddable":true,"href":"https:\/\/www.corsobori.com\/ca\/wp-json\/wp\/v2\/product_tag?post=5781"}],"curies":[{"name":"wp","href":"https:\/\/api.w.org\/{rel}","templated":true}]}}