{"id":5780,"date":"2024-12-18T16:17:54","date_gmt":"2024-12-18T15:17:54","guid":{"rendered":"https:\/\/www.corsobori.com\/tienda\/p\/llit-blau\/"},"modified":"2024-12-18T16:17:54","modified_gmt":"2024-12-18T15:17:54","slug":"llit-blau","status":"publish","type":"product","link":"https:\/\/www.corsobori.com\/ca\/tienda\/p\/llit-blau\/","title":{"rendered":"Llit Blau de Molteni&#038;C"},"content":{"rendered":"<p>Blau reinventa la imatge del dormitori, oferint una nova forma de dormir que combina la capacitat estil\u00edstica de Nicola Gallizia i la innovaci\u00f3 de Molteni&amp;C. Aquest projecte destaca pels detalls meticulosament cures i l\u00ednies delicades, creant una est\u00e8tica contempor\u00e0nia amb un atractiu emocional. Confeccionat amb cuir regenerat o pell, el disseny s&#8217;enriqueix amb una eleg\u00e0ncia subtil. Nicola Gallizia, arquitecte milan\u00e8s amb una traject\u00f2ria de renom a Molteni&amp;C, aporta la seva experi\u00e8ncia com a director art\u00edstic i assessor en el desenvolupament de productes, assegurant la qualitat i distinci\u00f3 que caracteritzen la marca. Blau promet transformar lespai del dormitori en una experi\u00e8ncia de luxe refinada i moderna.    <\/p>\n","protected":false},"excerpt":{"rendered":"<p>Blau reinventa la imatge del dormitori, oferint una nova forma de dormir que combina la capacitat estil\u00edstica de Nicola Gallizia i la innovaci\u00f3 de Molteni&amp;C. Aquest projecte destaca pels detalls meticulosament cures i l\u00ednies delicades, creant una est\u00e8tica contempor\u00e0nia amb un atractiu emocional. Confeccionat amb cuir regenerat o pell, el disseny s&#8217;enriqueix amb una eleg\u00e0ncia&#8230;<\/p>\n","protected":false},"featured_media":3932,"comment_status":"open","ping_status":"closed","template":"","meta":{"_acf_changed":false},"product_brand":[],"product_cat":[208,172],"product_tag":[],"class_list":{"0":"post-5780","1":"product","2":"type-product","3":"status-publish","4":"has-post-thumbnail","6":"product_cat-llits","7":"product_cat-mobles-dinterior","9":"first","10":"instock","11":"sold-individually","12":"shipping-taxable","13":"purchasable","14":"product-type-simple"},"acf":[],"yoast_head":"<!-- This site is optimized with the Yoast SEO plugin v27.2 - https:\/\/yoast.com\/product\/yoast-seo-wordpress\/ -->\n<title>Llit Blau de Molteni&amp;C |<\/title>\n<meta name=\"robots\" content=\"index, follow, max-snippet:-1, max-image-preview:large, max-video-preview:-1\" \/>\n<link rel=\"canonical\" href=\"https:\/\/www.corsobori.com\/ca\/tienda\/p\/llit-blau\/\" \/>\n<meta property=\"og:locale\" content=\"ca_ES\" \/>\n<meta property=\"og:type\" content=\"article\" \/>\n<meta property=\"og:title\" content=\"Llit Blau de Molteni&amp;C |\" \/>\n<meta property=\"og:description\" content=\"Blau reinventa la imatge del dormitori, oferint una nova forma de dormir que combina la capacitat estil\u00edstica de Nicola Gallizia i la innovaci\u00f3 de Molteni&amp;C. Aquest projecte destaca pels detalls meticulosament cures i l\u00ednies delicades, creant una est\u00e8tica contempor\u00e0nia amb un atractiu emocional. Confeccionat amb cuir regenerat o pell, el disseny s&#8217;enriqueix amb una eleg\u00e0ncia...\" \/>\n<meta property=\"og:url\" content=\"https:\/\/www.corsobori.com\/ca\/tienda\/p\/llit-blau\/\" \/>\n<meta property=\"og:site_name\" content=\"corsobori.com\" \/>\n<meta property=\"og:image\" content=\"https:\/\/www.corsobori.com\/wp-content\/uploads\/2024\/12\/Azul-1440x1080-1.jpg\" \/>\n\t<meta property=\"og:image:width\" content=\"1440\" \/>\n\t<meta property=\"og:image:height\" content=\"1080\" \/>\n\t<meta property=\"og:image:type\" content=\"image\/jpeg\" \/>\n<meta name=\"twitter:card\" content=\"summary_large_image\" \/>\n<meta name=\"twitter:label1\" content=\"Temps estimat de lectura\" \/>\n\t<meta name=\"twitter:data1\" content=\"1 minut\" \/>\n<!-- \/ Yoast SEO plugin. -->","yoast_head_json":{"title":"Llit Blau de Molteni&C |","robots":{"index":"index","follow":"follow","max-snippet":"max-snippet:-1","max-image-preview":"max-image-preview:large","max-video-preview":"max-video-preview:-1"},"canonical":"https:\/\/www.corsobori.com\/ca\/tienda\/p\/llit-blau\/","og_locale":"ca_ES","og_type":"article","og_title":"Llit Blau de Molteni&C |","og_description":"Blau reinventa la imatge del dormitori, oferint una nova forma de dormir que combina la capacitat estil\u00edstica de Nicola Gallizia i la innovaci\u00f3 de Molteni&amp;C. Aquest projecte destaca pels detalls meticulosament cures i l\u00ednies delicades, creant una est\u00e8tica contempor\u00e0nia amb un atractiu emocional. Confeccionat amb cuir regenerat o pell, el disseny s&#8217;enriqueix amb una eleg\u00e0ncia...","og_url":"https:\/\/www.corsobori.com\/ca\/tienda\/p\/llit-blau\/","og_site_name":"corsobori.com","og_image":[{"width":1440,"height":1080,"url":"https:\/\/www.corsobori.com\/wp-content\/uploads\/2024\/12\/Azul-1440x1080-1.jpg","type":"image\/jpeg"}],"twitter_card":"summary_large_image","twitter_misc":{"Temps estimat de lectura":"1 minut"},"schema":{"@context":"https:\/\/schema.org","@graph":[{"@type":"WebPage","@id":"https:\/\/www.corsobori.com\/ca\/tienda\/p\/llit-blau\/","url":"https:\/\/www.corsobori.com\/ca\/tienda\/p\/llit-blau\/","name":"Llit Blau de Molteni&C |","isPartOf":{"@id":"https:\/\/www.corsobori.com\/ca\/#website"},"primaryImageOfPage":{"@id":"https:\/\/www.corsobori.com\/ca\/tienda\/p\/llit-blau\/#primaryimage"},"image":{"@id":"https:\/\/www.corsobori.com\/ca\/tienda\/p\/llit-blau\/#primaryimage"},"thumbnailUrl":"https:\/\/www.corsobori.com\/wp-content\/uploads\/2024\/12\/Azul-1440x1080-1.jpg","datePublished":"2024-12-18T15:17:54+00:00","breadcrumb":{"@id":"https:\/\/www.corsobori.com\/ca\/tienda\/p\/llit-blau\/#breadcrumb"},"inLanguage":"ca","potentialAction":[{"@type":"ReadAction","target":["https:\/\/www.corsobori.com\/ca\/tienda\/p\/llit-blau\/"]}]},{"@type":"ImageObject","inLanguage":"ca","@id":"https:\/\/www.corsobori.com\/ca\/tienda\/p\/llit-blau\/#primaryimage","url":"https:\/\/www.corsobori.com\/wp-content\/uploads\/2024\/12\/Azul-1440x1080-1.jpg","contentUrl":"https:\/\/www.corsobori.com\/wp-content\/uploads\/2024\/12\/Azul-1440x1080-1.jpg","width":1440,"height":1080},{"@type":"BreadcrumbList","@id":"https:\/\/www.corsobori.com\/ca\/tienda\/p\/llit-blau\/#breadcrumb","itemListElement":[{"@type":"ListItem","position":1,"name":"Portada","item":"https:\/\/www.corsobori.com\/ca\/inici\/"},{"@type":"ListItem","position":2,"name":"Botiga","item":"https:\/\/www.corsobori.com\/ca\/botiga\/"},{"@type":"ListItem","position":3,"name":"Llit Blau"}]},{"@type":"WebSite","@id":"https:\/\/www.corsobori.com\/ca\/#website","url":"https:\/\/www.corsobori.com\/ca\/","name":"Corsobori","description":"","publisher":{"@id":"https:\/\/www.corsobori.com\/ca\/#organization"},"potentialAction":[{"@type":"SearchAction","target":{"@type":"EntryPoint","urlTemplate":"https:\/\/www.corsobori.com\/ca\/?s={search_term_string}"},"query-input":{"@type":"PropertyValueSpecification","valueRequired":true,"valueName":"search_term_string"}}],"inLanguage":"ca"},{"@type":"Organization","@id":"https:\/\/www.corsobori.com\/ca\/#organization","name":"Corsobori","url":"https:\/\/www.corsobori.com\/ca\/","logo":{"@type":"ImageObject","inLanguage":"ca","@id":"https:\/\/www.corsobori.com\/ca\/#\/schema\/logo\/image\/","url":"https:\/\/www.corsobori.com\/wp-content\/uploads\/2024\/08\/logo-corsobori.png","contentUrl":"https:\/\/www.corsobori.com\/wp-content\/uploads\/2024\/08\/logo-corsobori.png","width":1210,"height":146,"caption":"Corsobori"},"image":{"@id":"https:\/\/www.corsobori.com\/ca\/#\/schema\/logo\/image\/"}}]}},"_links":{"self":[{"href":"https:\/\/www.corsobori.com\/ca\/wp-json\/wp\/v2\/product\/5780","targetHints":{"allow":["GET"]}}],"collection":[{"href":"https:\/\/www.corsobori.com\/ca\/wp-json\/wp\/v2\/product"}],"about":[{"href":"https:\/\/www.corsobori.com\/ca\/wp-json\/wp\/v2\/types\/product"}],"replies":[{"embeddable":true,"href":"https:\/\/www.corsobori.com\/ca\/wp-json\/wp\/v2\/comments?post=5780"}],"wp:featuredmedia":[{"embeddable":true,"href":"https:\/\/www.corsobori.com\/ca\/wp-json\/wp\/v2\/media\/3932"}],"wp:attachment":[{"href":"https:\/\/www.corsobori.com\/ca\/wp-json\/wp\/v2\/media?parent=5780"}],"wp:term":[{"taxonomy":"product_brand","embeddable":true,"href":"https:\/\/www.corsobori.com\/ca\/wp-json\/wp\/v2\/product_brand?post=5780"},{"taxonomy":"product_cat","embeddable":true,"href":"https:\/\/www.corsobori.com\/ca\/wp-json\/wp\/v2\/product_cat?post=5780"},{"taxonomy":"product_tag","embeddable":true,"href":"https:\/\/www.corsobori.com\/ca\/wp-json\/wp\/v2\/product_tag?post=5780"}],"curies":[{"name":"wp","href":"https:\/\/api.w.org\/{rel}","templated":true}]}}