{"id":5778,"date":"2024-12-18T16:17:55","date_gmt":"2024-12-18T15:17:55","guid":{"rendered":"https:\/\/www.corsobori.com\/tienda\/p\/llit-ovidi\/"},"modified":"2024-12-18T16:17:55","modified_gmt":"2024-12-18T15:17:55","slug":"llit-ovidi","status":"publish","type":"product","link":"https:\/\/www.corsobori.com\/ca\/tienda\/p\/llit-ovidi\/","title":{"rendered":"Llit Ovidi de Molteni&#038;C"},"content":{"rendered":"<p>El llit Ovidi de Vincent Van Duysen s\u00b4erigeix \u200b\u200bcom l\u00b4eix central del dormitori, fusionant eleg\u00e0ncia i confort sense escatimar en detalls. El seu destacat cap\u00e7al, disponible en cuir o tela, se subratlla amb un marc de metall fumat de cantons arrodonits. La part davantera, revestida en cuir amb opcions de tons sobre to o contrastats, presenta costures en forma de diamant que afegeixen sofisticaci\u00f3. Ovidi s&#8217;ofereix en tres dimensions (160, 180 cm i mida King), assegurant adaptabilitat a qualsevol espai. Aquest disseny contemporani, que reflecteix una atenci\u00f3 meticulosa als detalls, \u00e9s un complement excepcional per a interiors de luxe, consolidant-se com una obra mestra en l&#8217;\u00e0mbit del mobiliari.    <\/p>\n","protected":false},"excerpt":{"rendered":"<p>El llit Ovidi de Vincent Van Duysen s\u00b4erigeix \u200b\u200bcom l\u00b4eix central del dormitori, fusionant eleg\u00e0ncia i confort sense escatimar en detalls. El seu destacat cap\u00e7al, disponible en cuir o tela, se subratlla amb un marc de metall fumat de cantons arrodonits. La part davantera, revestida en cuir amb opcions de tons sobre to o contrastats,&#8230;<\/p>\n","protected":false},"featured_media":3960,"comment_status":"open","ping_status":"closed","template":"","meta":{"_acf_changed":false},"product_brand":[],"product_cat":[208,172],"product_tag":[],"class_list":{"0":"post-5778","1":"product","2":"type-product","3":"status-publish","4":"has-post-thumbnail","6":"product_cat-llits","7":"product_cat-mobles-dinterior","9":"first","10":"instock","11":"sold-individually","12":"shipping-taxable","13":"purchasable","14":"product-type-simple"},"acf":[],"yoast_head":"<!-- This site is optimized with the Yoast SEO plugin v27.2 - https:\/\/yoast.com\/product\/yoast-seo-wordpress\/ -->\n<title>Llit Ovidi de Molteni&amp;C | Corsobori<\/title>\n<meta name=\"robots\" content=\"index, follow, max-snippet:-1, max-image-preview:large, max-video-preview:-1\" \/>\n<link rel=\"canonical\" href=\"https:\/\/www.corsobori.com\/ca\/tienda\/p\/llit-ovidi\/\" \/>\n<meta property=\"og:locale\" content=\"ca_ES\" \/>\n<meta property=\"og:type\" content=\"article\" \/>\n<meta property=\"og:title\" content=\"Llit Ovidi de Molteni&amp;C | Corsobori\" \/>\n<meta property=\"og:description\" content=\"El llit Ovidi de Vincent Van Duysen s\u00b4erigeix \u200b\u200bcom l\u00b4eix central del dormitori, fusionant eleg\u00e0ncia i confort sense escatimar en detalls. El seu destacat cap\u00e7al, disponible en cuir o tela, se subratlla amb un marc de metall fumat de cantons arrodonits. La part davantera, revestida en cuir amb opcions de tons sobre to o contrastats,...\" \/>\n<meta property=\"og:url\" content=\"https:\/\/www.corsobori.com\/ca\/tienda\/p\/llit-ovidi\/\" \/>\n<meta property=\"og:site_name\" content=\"corsobori.com\" \/>\n<meta property=\"og:image\" content=\"https:\/\/www.corsobori.com\/wp-content\/uploads\/2024\/12\/4_3_Ovidio.jpg\" \/>\n\t<meta property=\"og:image:width\" content=\"1440\" \/>\n\t<meta property=\"og:image:height\" content=\"1080\" \/>\n\t<meta property=\"og:image:type\" content=\"image\/jpeg\" \/>\n<meta name=\"twitter:card\" content=\"summary_large_image\" \/>\n<meta name=\"twitter:label1\" content=\"Temps estimat de lectura\" \/>\n\t<meta name=\"twitter:data1\" content=\"1 minut\" \/>\n<!-- \/ Yoast SEO plugin. -->","yoast_head_json":{"title":"Llit Ovidi de Molteni&C | Corsobori","robots":{"index":"index","follow":"follow","max-snippet":"max-snippet:-1","max-image-preview":"max-image-preview:large","max-video-preview":"max-video-preview:-1"},"canonical":"https:\/\/www.corsobori.com\/ca\/tienda\/p\/llit-ovidi\/","og_locale":"ca_ES","og_type":"article","og_title":"Llit Ovidi de Molteni&C | Corsobori","og_description":"El llit Ovidi de Vincent Van Duysen s\u00b4erigeix \u200b\u200bcom l\u00b4eix central del dormitori, fusionant eleg\u00e0ncia i confort sense escatimar en detalls. El seu destacat cap\u00e7al, disponible en cuir o tela, se subratlla amb un marc de metall fumat de cantons arrodonits. La part davantera, revestida en cuir amb opcions de tons sobre to o contrastats,...","og_url":"https:\/\/www.corsobori.com\/ca\/tienda\/p\/llit-ovidi\/","og_site_name":"corsobori.com","og_image":[{"width":1440,"height":1080,"url":"https:\/\/www.corsobori.com\/wp-content\/uploads\/2024\/12\/4_3_Ovidio.jpg","type":"image\/jpeg"}],"twitter_card":"summary_large_image","twitter_misc":{"Temps estimat de lectura":"1 minut"},"schema":{"@context":"https:\/\/schema.org","@graph":[{"@type":"WebPage","@id":"https:\/\/www.corsobori.com\/ca\/tienda\/p\/llit-ovidi\/","url":"https:\/\/www.corsobori.com\/ca\/tienda\/p\/llit-ovidi\/","name":"Llit Ovidi de Molteni&C | Corsobori","isPartOf":{"@id":"https:\/\/www.corsobori.com\/ca\/#website"},"primaryImageOfPage":{"@id":"https:\/\/www.corsobori.com\/ca\/tienda\/p\/llit-ovidi\/#primaryimage"},"image":{"@id":"https:\/\/www.corsobori.com\/ca\/tienda\/p\/llit-ovidi\/#primaryimage"},"thumbnailUrl":"https:\/\/www.corsobori.com\/wp-content\/uploads\/2024\/12\/4_3_Ovidio.jpg","datePublished":"2024-12-18T15:17:55+00:00","breadcrumb":{"@id":"https:\/\/www.corsobori.com\/ca\/tienda\/p\/llit-ovidi\/#breadcrumb"},"inLanguage":"ca","potentialAction":[{"@type":"ReadAction","target":["https:\/\/www.corsobori.com\/ca\/tienda\/p\/llit-ovidi\/"]}]},{"@type":"ImageObject","inLanguage":"ca","@id":"https:\/\/www.corsobori.com\/ca\/tienda\/p\/llit-ovidi\/#primaryimage","url":"https:\/\/www.corsobori.com\/wp-content\/uploads\/2024\/12\/4_3_Ovidio.jpg","contentUrl":"https:\/\/www.corsobori.com\/wp-content\/uploads\/2024\/12\/4_3_Ovidio.jpg","width":1440,"height":1080},{"@type":"BreadcrumbList","@id":"https:\/\/www.corsobori.com\/ca\/tienda\/p\/llit-ovidi\/#breadcrumb","itemListElement":[{"@type":"ListItem","position":1,"name":"Portada","item":"https:\/\/www.corsobori.com\/ca\/inici\/"},{"@type":"ListItem","position":2,"name":"Botiga","item":"https:\/\/www.corsobori.com\/ca\/botiga\/"},{"@type":"ListItem","position":3,"name":"Llit Ovidi"}]},{"@type":"WebSite","@id":"https:\/\/www.corsobori.com\/ca\/#website","url":"https:\/\/www.corsobori.com\/ca\/","name":"Corsobori","description":"","publisher":{"@id":"https:\/\/www.corsobori.com\/ca\/#organization"},"potentialAction":[{"@type":"SearchAction","target":{"@type":"EntryPoint","urlTemplate":"https:\/\/www.corsobori.com\/ca\/?s={search_term_string}"},"query-input":{"@type":"PropertyValueSpecification","valueRequired":true,"valueName":"search_term_string"}}],"inLanguage":"ca"},{"@type":"Organization","@id":"https:\/\/www.corsobori.com\/ca\/#organization","name":"Corsobori","url":"https:\/\/www.corsobori.com\/ca\/","logo":{"@type":"ImageObject","inLanguage":"ca","@id":"https:\/\/www.corsobori.com\/ca\/#\/schema\/logo\/image\/","url":"https:\/\/www.corsobori.com\/wp-content\/uploads\/2024\/08\/logo-corsobori.png","contentUrl":"https:\/\/www.corsobori.com\/wp-content\/uploads\/2024\/08\/logo-corsobori.png","width":1210,"height":146,"caption":"Corsobori"},"image":{"@id":"https:\/\/www.corsobori.com\/ca\/#\/schema\/logo\/image\/"}}]}},"_links":{"self":[{"href":"https:\/\/www.corsobori.com\/ca\/wp-json\/wp\/v2\/product\/5778","targetHints":{"allow":["GET"]}}],"collection":[{"href":"https:\/\/www.corsobori.com\/ca\/wp-json\/wp\/v2\/product"}],"about":[{"href":"https:\/\/www.corsobori.com\/ca\/wp-json\/wp\/v2\/types\/product"}],"replies":[{"embeddable":true,"href":"https:\/\/www.corsobori.com\/ca\/wp-json\/wp\/v2\/comments?post=5778"}],"wp:featuredmedia":[{"embeddable":true,"href":"https:\/\/www.corsobori.com\/ca\/wp-json\/wp\/v2\/media\/3960"}],"wp:attachment":[{"href":"https:\/\/www.corsobori.com\/ca\/wp-json\/wp\/v2\/media?parent=5778"}],"wp:term":[{"taxonomy":"product_brand","embeddable":true,"href":"https:\/\/www.corsobori.com\/ca\/wp-json\/wp\/v2\/product_brand?post=5778"},{"taxonomy":"product_cat","embeddable":true,"href":"https:\/\/www.corsobori.com\/ca\/wp-json\/wp\/v2\/product_cat?post=5778"},{"taxonomy":"product_tag","embeddable":true,"href":"https:\/\/www.corsobori.com\/ca\/wp-json\/wp\/v2\/product_tag?post=5778"}],"curies":[{"name":"wp","href":"https:\/\/api.w.org\/{rel}","templated":true}]}}