{"id":5772,"date":"2024-12-18T16:17:52","date_gmt":"2024-12-18T15:17:52","guid":{"rendered":"https:\/\/www.corsobori.com\/tienda\/p\/butaca-yoell\/"},"modified":"2024-12-18T16:17:52","modified_gmt":"2024-12-18T15:17:52","slug":"butaca-yoell","status":"publish","type":"product","link":"https:\/\/www.corsobori.com\/ca\/tienda\/p\/butaca-yoell\/","title":{"rendered":"Butaca Yoell de Molteni&#038;C"},"content":{"rendered":"<p>Vincent van Duysen presenta Yoell, una butaca moderna de relax inspirada en arquetips dels anys 50 i en la tradici\u00f3 de l&#8217;hamaca llatinoamericana. Amb una elegant estructura en fusta massissa tenyida (Eucaliptus, Roure Sunrise i Roure negre), aquesta pe\u00e7a redefineix el concepte cl\u00e0ssic, oferint un sistema integrat de seient i respatller anat\u00f2micament modelat en poliuret\u00e0. Dissenyada per a espais exteriors i interiors en climes tropicals, Yoell combina confort excepcional amb revestiments de t\u00e8xtil, pell o cuir regenerat de la gamma Molteni&amp;C. Van Duysen, reconegut arquitecte i interiorista, fusiona disseny i espai per crear objectes de gran puresa i robustesa formal, reflectint la seva extensa experi\u00e8ncia al sector.   <\/p>\n","protected":false},"excerpt":{"rendered":"<p>Vincent van Duysen presenta Yoell, una butaca moderna de relax inspirada en arquetips dels anys 50 i en la tradici\u00f3 de l&#8217;hamaca llatinoamericana. Amb una elegant estructura en fusta massissa tenyida (Eucaliptus, Roure Sunrise i Roure negre), aquesta pe\u00e7a redefineix el concepte cl\u00e0ssic, oferint un sistema integrat de seient i respatller anat\u00f2micament modelat en poliuret\u00e0&#8230;.<\/p>\n","protected":false},"featured_media":4324,"comment_status":"open","ping_status":"closed","template":"","meta":{"_acf_changed":false},"product_brand":[],"product_cat":[206,172],"product_tag":[],"class_list":{"0":"post-5772","1":"product","2":"type-product","3":"status-publish","4":"has-post-thumbnail","6":"product_cat-butaques","7":"product_cat-mobles-dinterior","9":"first","10":"instock","11":"sold-individually","12":"shipping-taxable","13":"purchasable","14":"product-type-simple"},"acf":[],"yoast_head":"<!-- This site is optimized with the Yoast SEO plugin v27.2 - https:\/\/yoast.com\/product\/yoast-seo-wordpress\/ -->\n<title>Butaca Yoell de Molteni&amp;C | Corsobori<\/title>\n<meta name=\"robots\" content=\"index, follow, max-snippet:-1, max-image-preview:large, max-video-preview:-1\" \/>\n<link rel=\"canonical\" href=\"https:\/\/www.corsobori.com\/ca\/tienda\/p\/butaca-yoell\/\" \/>\n<meta property=\"og:locale\" content=\"ca_ES\" \/>\n<meta property=\"og:type\" content=\"article\" \/>\n<meta property=\"og:title\" content=\"Butaca Yoell de Molteni&amp;C | Corsobori\" \/>\n<meta property=\"og:description\" content=\"Vincent van Duysen presenta Yoell, una butaca moderna de relax inspirada en arquetips dels anys 50 i en la tradici\u00f3 de l&#8217;hamaca llatinoamericana. Amb una elegant estructura en fusta massissa tenyida (Eucaliptus, Roure Sunrise i Roure negre), aquesta pe\u00e7a redefineix el concepte cl\u00e0ssic, oferint un sistema integrat de seient i respatller anat\u00f2micament modelat en poliuret\u00e0....\" \/>\n<meta property=\"og:url\" content=\"https:\/\/www.corsobori.com\/ca\/tienda\/p\/butaca-yoell\/\" \/>\n<meta property=\"og:site_name\" content=\"corsobori.com\" \/>\n<meta property=\"og:image\" content=\"https:\/\/www.corsobori.com\/wp-content\/uploads\/2024\/12\/4_3_yoell_01.jpg\" \/>\n\t<meta property=\"og:image:width\" content=\"1440\" \/>\n\t<meta property=\"og:image:height\" content=\"1080\" \/>\n\t<meta property=\"og:image:type\" content=\"image\/jpeg\" \/>\n<meta name=\"twitter:card\" content=\"summary_large_image\" \/>\n<meta name=\"twitter:label1\" content=\"Temps estimat de lectura\" \/>\n\t<meta name=\"twitter:data1\" content=\"1 minut\" \/>\n<!-- \/ Yoast SEO plugin. -->","yoast_head_json":{"title":"Butaca Yoell de Molteni&C | Corsobori","robots":{"index":"index","follow":"follow","max-snippet":"max-snippet:-1","max-image-preview":"max-image-preview:large","max-video-preview":"max-video-preview:-1"},"canonical":"https:\/\/www.corsobori.com\/ca\/tienda\/p\/butaca-yoell\/","og_locale":"ca_ES","og_type":"article","og_title":"Butaca Yoell de Molteni&C | Corsobori","og_description":"Vincent van Duysen presenta Yoell, una butaca moderna de relax inspirada en arquetips dels anys 50 i en la tradici\u00f3 de l&#8217;hamaca llatinoamericana. Amb una elegant estructura en fusta massissa tenyida (Eucaliptus, Roure Sunrise i Roure negre), aquesta pe\u00e7a redefineix el concepte cl\u00e0ssic, oferint un sistema integrat de seient i respatller anat\u00f2micament modelat en poliuret\u00e0....","og_url":"https:\/\/www.corsobori.com\/ca\/tienda\/p\/butaca-yoell\/","og_site_name":"corsobori.com","og_image":[{"width":1440,"height":1080,"url":"https:\/\/www.corsobori.com\/wp-content\/uploads\/2024\/12\/4_3_yoell_01.jpg","type":"image\/jpeg"}],"twitter_card":"summary_large_image","twitter_misc":{"Temps estimat de lectura":"1 minut"},"schema":{"@context":"https:\/\/schema.org","@graph":[{"@type":"WebPage","@id":"https:\/\/www.corsobori.com\/ca\/tienda\/p\/butaca-yoell\/","url":"https:\/\/www.corsobori.com\/ca\/tienda\/p\/butaca-yoell\/","name":"Butaca Yoell de Molteni&C | Corsobori","isPartOf":{"@id":"https:\/\/www.corsobori.com\/ca\/#website"},"primaryImageOfPage":{"@id":"https:\/\/www.corsobori.com\/ca\/tienda\/p\/butaca-yoell\/#primaryimage"},"image":{"@id":"https:\/\/www.corsobori.com\/ca\/tienda\/p\/butaca-yoell\/#primaryimage"},"thumbnailUrl":"https:\/\/www.corsobori.com\/wp-content\/uploads\/2024\/12\/4_3_yoell_01.jpg","datePublished":"2024-12-18T15:17:52+00:00","breadcrumb":{"@id":"https:\/\/www.corsobori.com\/ca\/tienda\/p\/butaca-yoell\/#breadcrumb"},"inLanguage":"ca","potentialAction":[{"@type":"ReadAction","target":["https:\/\/www.corsobori.com\/ca\/tienda\/p\/butaca-yoell\/"]}]},{"@type":"ImageObject","inLanguage":"ca","@id":"https:\/\/www.corsobori.com\/ca\/tienda\/p\/butaca-yoell\/#primaryimage","url":"https:\/\/www.corsobori.com\/wp-content\/uploads\/2024\/12\/4_3_yoell_01.jpg","contentUrl":"https:\/\/www.corsobori.com\/wp-content\/uploads\/2024\/12\/4_3_yoell_01.jpg","width":1440,"height":1080},{"@type":"BreadcrumbList","@id":"https:\/\/www.corsobori.com\/ca\/tienda\/p\/butaca-yoell\/#breadcrumb","itemListElement":[{"@type":"ListItem","position":1,"name":"Portada","item":"https:\/\/www.corsobori.com\/ca\/inici\/"},{"@type":"ListItem","position":2,"name":"Botiga","item":"https:\/\/www.corsobori.com\/ca\/botiga\/"},{"@type":"ListItem","position":3,"name":"Butaca Yoell"}]},{"@type":"WebSite","@id":"https:\/\/www.corsobori.com\/ca\/#website","url":"https:\/\/www.corsobori.com\/ca\/","name":"Corsobori","description":"","publisher":{"@id":"https:\/\/www.corsobori.com\/ca\/#organization"},"potentialAction":[{"@type":"SearchAction","target":{"@type":"EntryPoint","urlTemplate":"https:\/\/www.corsobori.com\/ca\/?s={search_term_string}"},"query-input":{"@type":"PropertyValueSpecification","valueRequired":true,"valueName":"search_term_string"}}],"inLanguage":"ca"},{"@type":"Organization","@id":"https:\/\/www.corsobori.com\/ca\/#organization","name":"Corsobori","url":"https:\/\/www.corsobori.com\/ca\/","logo":{"@type":"ImageObject","inLanguage":"ca","@id":"https:\/\/www.corsobori.com\/ca\/#\/schema\/logo\/image\/","url":"https:\/\/www.corsobori.com\/wp-content\/uploads\/2024\/08\/logo-corsobori.png","contentUrl":"https:\/\/www.corsobori.com\/wp-content\/uploads\/2024\/08\/logo-corsobori.png","width":1210,"height":146,"caption":"Corsobori"},"image":{"@id":"https:\/\/www.corsobori.com\/ca\/#\/schema\/logo\/image\/"}}]}},"_links":{"self":[{"href":"https:\/\/www.corsobori.com\/ca\/wp-json\/wp\/v2\/product\/5772","targetHints":{"allow":["GET"]}}],"collection":[{"href":"https:\/\/www.corsobori.com\/ca\/wp-json\/wp\/v2\/product"}],"about":[{"href":"https:\/\/www.corsobori.com\/ca\/wp-json\/wp\/v2\/types\/product"}],"replies":[{"embeddable":true,"href":"https:\/\/www.corsobori.com\/ca\/wp-json\/wp\/v2\/comments?post=5772"}],"wp:featuredmedia":[{"embeddable":true,"href":"https:\/\/www.corsobori.com\/ca\/wp-json\/wp\/v2\/media\/4324"}],"wp:attachment":[{"href":"https:\/\/www.corsobori.com\/ca\/wp-json\/wp\/v2\/media?parent=5772"}],"wp:term":[{"taxonomy":"product_brand","embeddable":true,"href":"https:\/\/www.corsobori.com\/ca\/wp-json\/wp\/v2\/product_brand?post=5772"},{"taxonomy":"product_cat","embeddable":true,"href":"https:\/\/www.corsobori.com\/ca\/wp-json\/wp\/v2\/product_cat?post=5772"},{"taxonomy":"product_tag","embeddable":true,"href":"https:\/\/www.corsobori.com\/ca\/wp-json\/wp\/v2\/product_tag?post=5772"}],"curies":[{"name":"wp","href":"https:\/\/api.w.org\/{rel}","templated":true}]}}