{"id":5770,"date":"2024-12-18T16:17:51","date_gmt":"2024-12-18T15:17:51","guid":{"rendered":"https:\/\/www.corsobori.com\/tienda\/p\/butaca-lucio\/"},"modified":"2024-12-18T16:17:51","modified_gmt":"2024-12-18T15:17:51","slug":"butaca-lucio","status":"publish","type":"product","link":"https:\/\/www.corsobori.com\/ca\/tienda\/p\/butaca-lucio\/","title":{"rendered":"Butaca Lucio de Molteni&#038;C"},"content":{"rendered":"<p>La butaca Lucio, dissenyada per Vincent Van Duysen, encarna la necessitat de relaxaci\u00f3 a la vida contempor\u00e0nia, fusionant est\u00e8tica i funcionalitat. Aquest disseny destaca per la seva elegant silueta, accentuada amb costures exclusives i una \u00e0mplia gamma de teixits i pells seleccionats per Marta Ferri. La s\u00e8rie Lucio adverteix un comprom\u00eds amb la sostenibilitat utilitzant Polimex\u00ae, un material ecol\u00f2gic que combina un 50% de material reciclat i \u00e9s 100% reciclable, contribuint aix\u00ed a la reducci\u00f3 d&#8217;emissions de CO2. Amb una rica her\u00e8ncia d&#8217;artesania italiana, la butaca Lucio no nom\u00e9s millora el confort ergon\u00f2mic, sin\u00f3 que tamb\u00e9 reflecteix la connexi\u00f3 profunda entre l&#8217;interiorisme i l&#8217;arquitectura, caracter\u00edstica del treball de Van Duysen.   <\/p>\n","protected":false},"excerpt":{"rendered":"<p>La butaca Lucio, dissenyada per Vincent Van Duysen, encarna la necessitat de relaxaci\u00f3 a la vida contempor\u00e0nia, fusionant est\u00e8tica i funcionalitat. Aquest disseny destaca per la seva elegant silueta, accentuada amb costures exclusives i una \u00e0mplia gamma de teixits i pells seleccionats per Marta Ferri. La s\u00e8rie Lucio adverteix un comprom\u00eds amb la sostenibilitat utilitzant&#8230;<\/p>\n","protected":false},"featured_media":4274,"comment_status":"open","ping_status":"closed","template":"","meta":{"_acf_changed":false},"product_brand":[],"product_cat":[206,172],"product_tag":[],"class_list":{"0":"post-5770","1":"product","2":"type-product","3":"status-publish","4":"has-post-thumbnail","6":"product_cat-butaques","7":"product_cat-mobles-dinterior","9":"first","10":"instock","11":"sold-individually","12":"shipping-taxable","13":"purchasable","14":"product-type-simple"},"acf":[],"yoast_head":"<!-- This site is optimized with the Yoast SEO plugin v27.2 - https:\/\/yoast.com\/product\/yoast-seo-wordpress\/ -->\n<title>Butaca Lucio de Molteni&amp;C | Corsobori<\/title>\n<meta name=\"robots\" content=\"index, follow, max-snippet:-1, max-image-preview:large, max-video-preview:-1\" \/>\n<link rel=\"canonical\" href=\"https:\/\/www.corsobori.com\/ca\/tienda\/p\/butaca-lucio\/\" \/>\n<meta property=\"og:locale\" content=\"ca_ES\" \/>\n<meta property=\"og:type\" content=\"article\" \/>\n<meta property=\"og:title\" content=\"Butaca Lucio de Molteni&amp;C | Corsobori\" \/>\n<meta property=\"og:description\" content=\"La butaca Lucio, dissenyada per Vincent Van Duysen, encarna la necessitat de relaxaci\u00f3 a la vida contempor\u00e0nia, fusionant est\u00e8tica i funcionalitat. Aquest disseny destaca per la seva elegant silueta, accentuada amb costures exclusives i una \u00e0mplia gamma de teixits i pells seleccionats per Marta Ferri. La s\u00e8rie Lucio adverteix un comprom\u00eds amb la sostenibilitat utilitzant...\" \/>\n<meta property=\"og:url\" content=\"https:\/\/www.corsobori.com\/ca\/tienda\/p\/butaca-lucio\/\" \/>\n<meta property=\"og:site_name\" content=\"corsobori.com\" \/>\n<meta property=\"og:image\" content=\"https:\/\/www.corsobori.com\/wp-content\/uploads\/2024\/12\/4_3_LucioArmchair_02.jpg\" \/>\n\t<meta property=\"og:image:width\" content=\"1440\" \/>\n\t<meta property=\"og:image:height\" content=\"1080\" \/>\n\t<meta property=\"og:image:type\" content=\"image\/jpeg\" \/>\n<meta name=\"twitter:card\" content=\"summary_large_image\" \/>\n<meta name=\"twitter:label1\" content=\"Temps estimat de lectura\" \/>\n\t<meta name=\"twitter:data1\" content=\"1 minut\" \/>\n<!-- \/ Yoast SEO plugin. -->","yoast_head_json":{"title":"Butaca Lucio de Molteni&C | Corsobori","robots":{"index":"index","follow":"follow","max-snippet":"max-snippet:-1","max-image-preview":"max-image-preview:large","max-video-preview":"max-video-preview:-1"},"canonical":"https:\/\/www.corsobori.com\/ca\/tienda\/p\/butaca-lucio\/","og_locale":"ca_ES","og_type":"article","og_title":"Butaca Lucio de Molteni&C | Corsobori","og_description":"La butaca Lucio, dissenyada per Vincent Van Duysen, encarna la necessitat de relaxaci\u00f3 a la vida contempor\u00e0nia, fusionant est\u00e8tica i funcionalitat. Aquest disseny destaca per la seva elegant silueta, accentuada amb costures exclusives i una \u00e0mplia gamma de teixits i pells seleccionats per Marta Ferri. La s\u00e8rie Lucio adverteix un comprom\u00eds amb la sostenibilitat utilitzant...","og_url":"https:\/\/www.corsobori.com\/ca\/tienda\/p\/butaca-lucio\/","og_site_name":"corsobori.com","og_image":[{"width":1440,"height":1080,"url":"https:\/\/www.corsobori.com\/wp-content\/uploads\/2024\/12\/4_3_LucioArmchair_02.jpg","type":"image\/jpeg"}],"twitter_card":"summary_large_image","twitter_misc":{"Temps estimat de lectura":"1 minut"},"schema":{"@context":"https:\/\/schema.org","@graph":[{"@type":"WebPage","@id":"https:\/\/www.corsobori.com\/ca\/tienda\/p\/butaca-lucio\/","url":"https:\/\/www.corsobori.com\/ca\/tienda\/p\/butaca-lucio\/","name":"Butaca Lucio de Molteni&C | Corsobori","isPartOf":{"@id":"https:\/\/www.corsobori.com\/ca\/#website"},"primaryImageOfPage":{"@id":"https:\/\/www.corsobori.com\/ca\/tienda\/p\/butaca-lucio\/#primaryimage"},"image":{"@id":"https:\/\/www.corsobori.com\/ca\/tienda\/p\/butaca-lucio\/#primaryimage"},"thumbnailUrl":"https:\/\/www.corsobori.com\/wp-content\/uploads\/2024\/12\/4_3_LucioArmchair_02.jpg","datePublished":"2024-12-18T15:17:51+00:00","breadcrumb":{"@id":"https:\/\/www.corsobori.com\/ca\/tienda\/p\/butaca-lucio\/#breadcrumb"},"inLanguage":"ca","potentialAction":[{"@type":"ReadAction","target":["https:\/\/www.corsobori.com\/ca\/tienda\/p\/butaca-lucio\/"]}]},{"@type":"ImageObject","inLanguage":"ca","@id":"https:\/\/www.corsobori.com\/ca\/tienda\/p\/butaca-lucio\/#primaryimage","url":"https:\/\/www.corsobori.com\/wp-content\/uploads\/2024\/12\/4_3_LucioArmchair_02.jpg","contentUrl":"https:\/\/www.corsobori.com\/wp-content\/uploads\/2024\/12\/4_3_LucioArmchair_02.jpg","width":1440,"height":1080},{"@type":"BreadcrumbList","@id":"https:\/\/www.corsobori.com\/ca\/tienda\/p\/butaca-lucio\/#breadcrumb","itemListElement":[{"@type":"ListItem","position":1,"name":"Portada","item":"https:\/\/www.corsobori.com\/ca\/inici\/"},{"@type":"ListItem","position":2,"name":"Botiga","item":"https:\/\/www.corsobori.com\/ca\/botiga\/"},{"@type":"ListItem","position":3,"name":"Butaca Lucio"}]},{"@type":"WebSite","@id":"https:\/\/www.corsobori.com\/ca\/#website","url":"https:\/\/www.corsobori.com\/ca\/","name":"Corsobori","description":"","publisher":{"@id":"https:\/\/www.corsobori.com\/ca\/#organization"},"potentialAction":[{"@type":"SearchAction","target":{"@type":"EntryPoint","urlTemplate":"https:\/\/www.corsobori.com\/ca\/?s={search_term_string}"},"query-input":{"@type":"PropertyValueSpecification","valueRequired":true,"valueName":"search_term_string"}}],"inLanguage":"ca"},{"@type":"Organization","@id":"https:\/\/www.corsobori.com\/ca\/#organization","name":"Corsobori","url":"https:\/\/www.corsobori.com\/ca\/","logo":{"@type":"ImageObject","inLanguage":"ca","@id":"https:\/\/www.corsobori.com\/ca\/#\/schema\/logo\/image\/","url":"https:\/\/www.corsobori.com\/wp-content\/uploads\/2024\/08\/logo-corsobori.png","contentUrl":"https:\/\/www.corsobori.com\/wp-content\/uploads\/2024\/08\/logo-corsobori.png","width":1210,"height":146,"caption":"Corsobori"},"image":{"@id":"https:\/\/www.corsobori.com\/ca\/#\/schema\/logo\/image\/"}}]}},"_links":{"self":[{"href":"https:\/\/www.corsobori.com\/ca\/wp-json\/wp\/v2\/product\/5770","targetHints":{"allow":["GET"]}}],"collection":[{"href":"https:\/\/www.corsobori.com\/ca\/wp-json\/wp\/v2\/product"}],"about":[{"href":"https:\/\/www.corsobori.com\/ca\/wp-json\/wp\/v2\/types\/product"}],"replies":[{"embeddable":true,"href":"https:\/\/www.corsobori.com\/ca\/wp-json\/wp\/v2\/comments?post=5770"}],"wp:featuredmedia":[{"embeddable":true,"href":"https:\/\/www.corsobori.com\/ca\/wp-json\/wp\/v2\/media\/4274"}],"wp:attachment":[{"href":"https:\/\/www.corsobori.com\/ca\/wp-json\/wp\/v2\/media?parent=5770"}],"wp:term":[{"taxonomy":"product_brand","embeddable":true,"href":"https:\/\/www.corsobori.com\/ca\/wp-json\/wp\/v2\/product_brand?post=5770"},{"taxonomy":"product_cat","embeddable":true,"href":"https:\/\/www.corsobori.com\/ca\/wp-json\/wp\/v2\/product_cat?post=5770"},{"taxonomy":"product_tag","embeddable":true,"href":"https:\/\/www.corsobori.com\/ca\/wp-json\/wp\/v2\/product_tag?post=5770"}],"curies":[{"name":"wp","href":"https:\/\/api.w.org\/{rel}","templated":true}]}}