{"id":5755,"date":"2024-12-18T16:18:10","date_gmt":"2024-12-18T15:18:10","guid":{"rendered":"https:\/\/www.corsobori.com\/tienda\/p\/contenidor-de-nit-teorema\/"},"modified":"2024-12-18T16:18:10","modified_gmt":"2024-12-18T15:18:10","slug":"contenidor-de-nit-teorema","status":"publish","type":"product","link":"https:\/\/www.corsobori.com\/ca\/tienda\/p\/contenidor-de-nit-teorema\/","title":{"rendered":"Contenidor de nit Teorema de Molteni&#038;C"},"content":{"rendered":"<p>El projecte Teorema de Ron Gilad presenta una innovadora interpretaci\u00f3 del mobiliari, transformant la calaixera en un moble multifuncional que combina contenci\u00f3 i elements oberts de vidre. Aquest disseny, que juga amb l&#8217;alineaci\u00f3 dels calaixos, ofereix versatilitat en permetre configuracions alineades o desalineades. Realitzat en noguera americana, es presenta com un element individual o en composicions modulades, perfectes per a espais com a salons o tauletes. Gilad, nascut el 1972 a Tel Aviv i amb experi\u00e8ncia a Nova York, busca la fusi\u00f3 entre all\u00f2 abstracte i funcional, aconseguint un equilibri entre la seva visi\u00f3 art\u00edstica i les demandes del disseny contemporani. Aquest enfocament culmina en peces que destaquen pel seu enginy i est\u00e8tica refinada, alineant-se amb els est\u00e0ndards del luxe.    <\/p>\n","protected":false},"excerpt":{"rendered":"<p>El projecte Teorema de Ron Gilad presenta una innovadora interpretaci\u00f3 del mobiliari, transformant la calaixera en un moble multifuncional que combina contenci\u00f3 i elements oberts de vidre. Aquest disseny, que juga amb l&#8217;alineaci\u00f3 dels calaixos, ofereix versatilitat en permetre configuracions alineades o desalineades. Realitzat en noguera americana, es presenta com un element individual o en&#8230;<\/p>\n","protected":false},"featured_media":4478,"comment_status":"open","ping_status":"closed","template":"","meta":{"_acf_changed":false},"product_brand":[],"product_cat":[192,174,172],"product_tag":[],"class_list":{"0":"post-5755","1":"product","2":"type-product","3":"status-publish","4":"has-post-thumbnail","6":"product_cat-contenidors","7":"product_cat-contenidors-de-nit","8":"product_cat-mobles-dinterior","10":"first","11":"instock","12":"sold-individually","13":"shipping-taxable","14":"purchasable","15":"product-type-simple"},"acf":[],"yoast_head":"<!-- This site is optimized with the Yoast SEO plugin v27.2 - https:\/\/yoast.com\/product\/yoast-seo-wordpress\/ -->\n<title>Contenidor de nit Teorema de Molteni&amp;C | Corsobori<\/title>\n<meta name=\"robots\" content=\"index, follow, max-snippet:-1, max-image-preview:large, max-video-preview:-1\" \/>\n<link rel=\"canonical\" href=\"https:\/\/www.corsobori.com\/ca\/tienda\/p\/contenidor-de-nit-teorema\/\" \/>\n<meta property=\"og:locale\" content=\"ca_ES\" \/>\n<meta property=\"og:type\" content=\"article\" \/>\n<meta property=\"og:title\" content=\"Contenidor de nit Teorema de Molteni&amp;C | Corsobori\" \/>\n<meta property=\"og:description\" content=\"El projecte Teorema de Ron Gilad presenta una innovadora interpretaci\u00f3 del mobiliari, transformant la calaixera en un moble multifuncional que combina contenci\u00f3 i elements oberts de vidre. Aquest disseny, que juga amb l&#8217;alineaci\u00f3 dels calaixos, ofereix versatilitat en permetre configuracions alineades o desalineades. Realitzat en noguera americana, es presenta com un element individual o en...\" \/>\n<meta property=\"og:url\" content=\"https:\/\/www.corsobori.com\/ca\/tienda\/p\/contenidor-de-nit-teorema\/\" \/>\n<meta property=\"og:site_name\" content=\"corsobori.com\" \/>\n<meta property=\"og:image\" content=\"https:\/\/www.corsobori.com\/wp-content\/uploads\/2024\/12\/4_3-Teorema.jpg\" \/>\n\t<meta property=\"og:image:width\" content=\"1440\" \/>\n\t<meta property=\"og:image:height\" content=\"1080\" \/>\n\t<meta property=\"og:image:type\" content=\"image\/jpeg\" \/>\n<meta name=\"twitter:card\" content=\"summary_large_image\" \/>\n<meta name=\"twitter:label1\" content=\"Temps estimat de lectura\" \/>\n\t<meta name=\"twitter:data1\" content=\"1 minut\" \/>\n<!-- \/ Yoast SEO plugin. -->","yoast_head_json":{"title":"Contenidor de nit Teorema de Molteni&C | Corsobori","robots":{"index":"index","follow":"follow","max-snippet":"max-snippet:-1","max-image-preview":"max-image-preview:large","max-video-preview":"max-video-preview:-1"},"canonical":"https:\/\/www.corsobori.com\/ca\/tienda\/p\/contenidor-de-nit-teorema\/","og_locale":"ca_ES","og_type":"article","og_title":"Contenidor de nit Teorema de Molteni&C | Corsobori","og_description":"El projecte Teorema de Ron Gilad presenta una innovadora interpretaci\u00f3 del mobiliari, transformant la calaixera en un moble multifuncional que combina contenci\u00f3 i elements oberts de vidre. Aquest disseny, que juga amb l&#8217;alineaci\u00f3 dels calaixos, ofereix versatilitat en permetre configuracions alineades o desalineades. Realitzat en noguera americana, es presenta com un element individual o en...","og_url":"https:\/\/www.corsobori.com\/ca\/tienda\/p\/contenidor-de-nit-teorema\/","og_site_name":"corsobori.com","og_image":[{"width":1440,"height":1080,"url":"https:\/\/www.corsobori.com\/wp-content\/uploads\/2024\/12\/4_3-Teorema.jpg","type":"image\/jpeg"}],"twitter_card":"summary_large_image","twitter_misc":{"Temps estimat de lectura":"1 minut"},"schema":{"@context":"https:\/\/schema.org","@graph":[{"@type":"WebPage","@id":"https:\/\/www.corsobori.com\/ca\/tienda\/p\/contenidor-de-nit-teorema\/","url":"https:\/\/www.corsobori.com\/ca\/tienda\/p\/contenidor-de-nit-teorema\/","name":"Contenidor de nit Teorema de Molteni&C | Corsobori","isPartOf":{"@id":"https:\/\/www.corsobori.com\/ca\/#website"},"primaryImageOfPage":{"@id":"https:\/\/www.corsobori.com\/ca\/tienda\/p\/contenidor-de-nit-teorema\/#primaryimage"},"image":{"@id":"https:\/\/www.corsobori.com\/ca\/tienda\/p\/contenidor-de-nit-teorema\/#primaryimage"},"thumbnailUrl":"https:\/\/www.corsobori.com\/wp-content\/uploads\/2024\/12\/4_3-Teorema.jpg","datePublished":"2024-12-18T15:18:10+00:00","breadcrumb":{"@id":"https:\/\/www.corsobori.com\/ca\/tienda\/p\/contenidor-de-nit-teorema\/#breadcrumb"},"inLanguage":"ca","potentialAction":[{"@type":"ReadAction","target":["https:\/\/www.corsobori.com\/ca\/tienda\/p\/contenidor-de-nit-teorema\/"]}]},{"@type":"ImageObject","inLanguage":"ca","@id":"https:\/\/www.corsobori.com\/ca\/tienda\/p\/contenidor-de-nit-teorema\/#primaryimage","url":"https:\/\/www.corsobori.com\/wp-content\/uploads\/2024\/12\/4_3-Teorema.jpg","contentUrl":"https:\/\/www.corsobori.com\/wp-content\/uploads\/2024\/12\/4_3-Teorema.jpg","width":1440,"height":1080},{"@type":"BreadcrumbList","@id":"https:\/\/www.corsobori.com\/ca\/tienda\/p\/contenidor-de-nit-teorema\/#breadcrumb","itemListElement":[{"@type":"ListItem","position":1,"name":"Portada","item":"https:\/\/www.corsobori.com\/ca\/inici\/"},{"@type":"ListItem","position":2,"name":"Botiga","item":"https:\/\/www.corsobori.com\/ca\/botiga\/"},{"@type":"ListItem","position":3,"name":"Contenidor de nit Teorema"}]},{"@type":"WebSite","@id":"https:\/\/www.corsobori.com\/ca\/#website","url":"https:\/\/www.corsobori.com\/ca\/","name":"Corsobori","description":"","publisher":{"@id":"https:\/\/www.corsobori.com\/ca\/#organization"},"potentialAction":[{"@type":"SearchAction","target":{"@type":"EntryPoint","urlTemplate":"https:\/\/www.corsobori.com\/ca\/?s={search_term_string}"},"query-input":{"@type":"PropertyValueSpecification","valueRequired":true,"valueName":"search_term_string"}}],"inLanguage":"ca"},{"@type":"Organization","@id":"https:\/\/www.corsobori.com\/ca\/#organization","name":"Corsobori","url":"https:\/\/www.corsobori.com\/ca\/","logo":{"@type":"ImageObject","inLanguage":"ca","@id":"https:\/\/www.corsobori.com\/ca\/#\/schema\/logo\/image\/","url":"https:\/\/www.corsobori.com\/wp-content\/uploads\/2024\/08\/logo-corsobori.png","contentUrl":"https:\/\/www.corsobori.com\/wp-content\/uploads\/2024\/08\/logo-corsobori.png","width":1210,"height":146,"caption":"Corsobori"},"image":{"@id":"https:\/\/www.corsobori.com\/ca\/#\/schema\/logo\/image\/"}}]}},"_links":{"self":[{"href":"https:\/\/www.corsobori.com\/ca\/wp-json\/wp\/v2\/product\/5755","targetHints":{"allow":["GET"]}}],"collection":[{"href":"https:\/\/www.corsobori.com\/ca\/wp-json\/wp\/v2\/product"}],"about":[{"href":"https:\/\/www.corsobori.com\/ca\/wp-json\/wp\/v2\/types\/product"}],"replies":[{"embeddable":true,"href":"https:\/\/www.corsobori.com\/ca\/wp-json\/wp\/v2\/comments?post=5755"}],"wp:featuredmedia":[{"embeddable":true,"href":"https:\/\/www.corsobori.com\/ca\/wp-json\/wp\/v2\/media\/4478"}],"wp:attachment":[{"href":"https:\/\/www.corsobori.com\/ca\/wp-json\/wp\/v2\/media?parent=5755"}],"wp:term":[{"taxonomy":"product_brand","embeddable":true,"href":"https:\/\/www.corsobori.com\/ca\/wp-json\/wp\/v2\/product_brand?post=5755"},{"taxonomy":"product_cat","embeddable":true,"href":"https:\/\/www.corsobori.com\/ca\/wp-json\/wp\/v2\/product_cat?post=5755"},{"taxonomy":"product_tag","embeddable":true,"href":"https:\/\/www.corsobori.com\/ca\/wp-json\/wp\/v2\/product_tag?post=5755"}],"curies":[{"name":"wp","href":"https:\/\/api.w.org\/{rel}","templated":true}]}}