{"id":5754,"date":"2024-12-18T16:18:07","date_gmt":"2024-12-18T15:18:07","guid":{"rendered":"https:\/\/www.corsobori.com\/tienda\/p\/contenidor-de-nit-5050\/"},"modified":"2024-12-18T16:18:07","modified_gmt":"2024-12-18T15:18:07","slug":"contenidor-de-nit-5050","status":"publish","type":"product","link":"https:\/\/www.corsobori.com\/ca\/tienda\/p\/contenidor-de-nit-5050\/","title":{"rendered":"Contenidor de nit 5050 de Molteni&#038;C"},"content":{"rendered":"<p>La col\u00b7lecci\u00f3 5050, dissenyada per Rodolfo Dordoni, destaca per la seva rica varietat de materials i un disseny meticul\u00f3s que combina superf\u00edcies en laca brillant i mat amb elements de fusta i safates d&#8217;Eco Skin. Aquest enfocament crea una atractiva alternan\u00e7a crom\u00e0tica i un joc din\u00e0mic entre les parts obertes i tancades, resultant en un disseny geom\u00e8tric sofisticat. Les tauletes i calaixeres presenten un perfil arrodonit que afegeix un toc d&#8217;eleg\u00e0ncia. La col\u00b7laboraci\u00f3 amb Molteni&amp;C transcendeix la mera producci\u00f3, donant lloc a una col\u00b7lecci\u00f3 integral que abasta tamb\u00e9 el menjador, destacant-se per la seva avan\u00e7ada tecnologia oculta als productes, garantint una est\u00e8tica neta i refinada.   <\/p>\n","protected":false},"excerpt":{"rendered":"<p>La col\u00b7lecci\u00f3 5050, dissenyada per Rodolfo Dordoni, destaca per la seva rica varietat de materials i un disseny meticul\u00f3s que combina superf\u00edcies en laca brillant i mat amb elements de fusta i safates d&#8217;Eco Skin. Aquest enfocament crea una atractiva alternan\u00e7a crom\u00e0tica i un joc din\u00e0mic entre les parts obertes i tancades, resultant en un&#8230;<\/p>\n","protected":false},"featured_media":4486,"comment_status":"open","ping_status":"closed","template":"","meta":{"_acf_changed":false},"product_brand":[],"product_cat":[174,172],"product_tag":[],"class_list":{"0":"post-5754","1":"product","2":"type-product","3":"status-publish","4":"has-post-thumbnail","6":"product_cat-contenidors-de-nit","7":"product_cat-mobles-dinterior","9":"first","10":"instock","11":"sold-individually","12":"shipping-taxable","13":"purchasable","14":"product-type-simple"},"acf":[],"yoast_head":"<!-- This site is optimized with the Yoast SEO plugin v27.2 - https:\/\/yoast.com\/product\/yoast-seo-wordpress\/ -->\n<title>Contenidor de nit 5050 de Molteni&amp;C | Corsobori<\/title>\n<meta name=\"robots\" content=\"index, follow, max-snippet:-1, max-image-preview:large, max-video-preview:-1\" \/>\n<link rel=\"canonical\" href=\"https:\/\/www.corsobori.com\/ca\/tienda\/p\/contenidor-de-nit-5050\/\" \/>\n<meta property=\"og:locale\" content=\"ca_ES\" \/>\n<meta property=\"og:type\" content=\"article\" \/>\n<meta property=\"og:title\" content=\"Contenidor de nit 5050 de Molteni&amp;C | Corsobori\" \/>\n<meta property=\"og:description\" content=\"La col\u00b7lecci\u00f3 5050, dissenyada per Rodolfo Dordoni, destaca per la seva rica varietat de materials i un disseny meticul\u00f3s que combina superf\u00edcies en laca brillant i mat amb elements de fusta i safates d&#8217;Eco Skin. Aquest enfocament crea una atractiva alternan\u00e7a crom\u00e0tica i un joc din\u00e0mic entre les parts obertes i tancades, resultant en un...\" \/>\n<meta property=\"og:url\" content=\"https:\/\/www.corsobori.com\/ca\/tienda\/p\/contenidor-de-nit-5050\/\" \/>\n<meta property=\"og:site_name\" content=\"corsobori.com\" \/>\n<meta property=\"og:image\" content=\"https:\/\/www.corsobori.com\/wp-content\/uploads\/2024\/12\/590c35e78d181.jpg\" \/>\n\t<meta property=\"og:image:width\" content=\"1440\" \/>\n\t<meta property=\"og:image:height\" content=\"1080\" \/>\n\t<meta property=\"og:image:type\" content=\"image\/jpeg\" \/>\n<meta name=\"twitter:card\" content=\"summary_large_image\" \/>\n<meta name=\"twitter:label1\" content=\"Temps estimat de lectura\" \/>\n\t<meta name=\"twitter:data1\" content=\"1 minut\" \/>\n<!-- \/ Yoast SEO plugin. -->","yoast_head_json":{"title":"Contenidor de nit 5050 de Molteni&C | Corsobori","robots":{"index":"index","follow":"follow","max-snippet":"max-snippet:-1","max-image-preview":"max-image-preview:large","max-video-preview":"max-video-preview:-1"},"canonical":"https:\/\/www.corsobori.com\/ca\/tienda\/p\/contenidor-de-nit-5050\/","og_locale":"ca_ES","og_type":"article","og_title":"Contenidor de nit 5050 de Molteni&C | Corsobori","og_description":"La col\u00b7lecci\u00f3 5050, dissenyada per Rodolfo Dordoni, destaca per la seva rica varietat de materials i un disseny meticul\u00f3s que combina superf\u00edcies en laca brillant i mat amb elements de fusta i safates d&#8217;Eco Skin. Aquest enfocament crea una atractiva alternan\u00e7a crom\u00e0tica i un joc din\u00e0mic entre les parts obertes i tancades, resultant en un...","og_url":"https:\/\/www.corsobori.com\/ca\/tienda\/p\/contenidor-de-nit-5050\/","og_site_name":"corsobori.com","og_image":[{"width":1440,"height":1080,"url":"https:\/\/www.corsobori.com\/wp-content\/uploads\/2024\/12\/590c35e78d181.jpg","type":"image\/jpeg"}],"twitter_card":"summary_large_image","twitter_misc":{"Temps estimat de lectura":"1 minut"},"schema":{"@context":"https:\/\/schema.org","@graph":[{"@type":"WebPage","@id":"https:\/\/www.corsobori.com\/ca\/tienda\/p\/contenidor-de-nit-5050\/","url":"https:\/\/www.corsobori.com\/ca\/tienda\/p\/contenidor-de-nit-5050\/","name":"Contenidor de nit 5050 de Molteni&C | Corsobori","isPartOf":{"@id":"https:\/\/www.corsobori.com\/ca\/#website"},"primaryImageOfPage":{"@id":"https:\/\/www.corsobori.com\/ca\/tienda\/p\/contenidor-de-nit-5050\/#primaryimage"},"image":{"@id":"https:\/\/www.corsobori.com\/ca\/tienda\/p\/contenidor-de-nit-5050\/#primaryimage"},"thumbnailUrl":"https:\/\/www.corsobori.com\/wp-content\/uploads\/2024\/12\/590c35e78d181.jpg","datePublished":"2024-12-18T15:18:07+00:00","breadcrumb":{"@id":"https:\/\/www.corsobori.com\/ca\/tienda\/p\/contenidor-de-nit-5050\/#breadcrumb"},"inLanguage":"ca","potentialAction":[{"@type":"ReadAction","target":["https:\/\/www.corsobori.com\/ca\/tienda\/p\/contenidor-de-nit-5050\/"]}]},{"@type":"ImageObject","inLanguage":"ca","@id":"https:\/\/www.corsobori.com\/ca\/tienda\/p\/contenidor-de-nit-5050\/#primaryimage","url":"https:\/\/www.corsobori.com\/wp-content\/uploads\/2024\/12\/590c35e78d181.jpg","contentUrl":"https:\/\/www.corsobori.com\/wp-content\/uploads\/2024\/12\/590c35e78d181.jpg","width":1440,"height":1080},{"@type":"BreadcrumbList","@id":"https:\/\/www.corsobori.com\/ca\/tienda\/p\/contenidor-de-nit-5050\/#breadcrumb","itemListElement":[{"@type":"ListItem","position":1,"name":"Portada","item":"https:\/\/www.corsobori.com\/ca\/inici\/"},{"@type":"ListItem","position":2,"name":"Botiga","item":"https:\/\/www.corsobori.com\/ca\/botiga\/"},{"@type":"ListItem","position":3,"name":"Contenidor de nit 5050"}]},{"@type":"WebSite","@id":"https:\/\/www.corsobori.com\/ca\/#website","url":"https:\/\/www.corsobori.com\/ca\/","name":"Corsobori","description":"","publisher":{"@id":"https:\/\/www.corsobori.com\/ca\/#organization"},"potentialAction":[{"@type":"SearchAction","target":{"@type":"EntryPoint","urlTemplate":"https:\/\/www.corsobori.com\/ca\/?s={search_term_string}"},"query-input":{"@type":"PropertyValueSpecification","valueRequired":true,"valueName":"search_term_string"}}],"inLanguage":"ca"},{"@type":"Organization","@id":"https:\/\/www.corsobori.com\/ca\/#organization","name":"Corsobori","url":"https:\/\/www.corsobori.com\/ca\/","logo":{"@type":"ImageObject","inLanguage":"ca","@id":"https:\/\/www.corsobori.com\/ca\/#\/schema\/logo\/image\/","url":"https:\/\/www.corsobori.com\/wp-content\/uploads\/2024\/08\/logo-corsobori.png","contentUrl":"https:\/\/www.corsobori.com\/wp-content\/uploads\/2024\/08\/logo-corsobori.png","width":1210,"height":146,"caption":"Corsobori"},"image":{"@id":"https:\/\/www.corsobori.com\/ca\/#\/schema\/logo\/image\/"}}]}},"_links":{"self":[{"href":"https:\/\/www.corsobori.com\/ca\/wp-json\/wp\/v2\/product\/5754","targetHints":{"allow":["GET"]}}],"collection":[{"href":"https:\/\/www.corsobori.com\/ca\/wp-json\/wp\/v2\/product"}],"about":[{"href":"https:\/\/www.corsobori.com\/ca\/wp-json\/wp\/v2\/types\/product"}],"replies":[{"embeddable":true,"href":"https:\/\/www.corsobori.com\/ca\/wp-json\/wp\/v2\/comments?post=5754"}],"wp:featuredmedia":[{"embeddable":true,"href":"https:\/\/www.corsobori.com\/ca\/wp-json\/wp\/v2\/media\/4486"}],"wp:attachment":[{"href":"https:\/\/www.corsobori.com\/ca\/wp-json\/wp\/v2\/media?parent=5754"}],"wp:term":[{"taxonomy":"product_brand","embeddable":true,"href":"https:\/\/www.corsobori.com\/ca\/wp-json\/wp\/v2\/product_brand?post=5754"},{"taxonomy":"product_cat","embeddable":true,"href":"https:\/\/www.corsobori.com\/ca\/wp-json\/wp\/v2\/product_cat?post=5754"},{"taxonomy":"product_tag","embeddable":true,"href":"https:\/\/www.corsobori.com\/ca\/wp-json\/wp\/v2\/product_tag?post=5754"}],"curies":[{"name":"wp","href":"https:\/\/api.w.org\/{rel}","templated":true}]}}