{"id":5748,"date":"2024-12-18T16:18:07","date_gmt":"2024-12-18T15:18:07","guid":{"rendered":"https:\/\/www.corsobori.com\/tienda\/p\/contenidor-de-nit-909\/"},"modified":"2024-12-18T16:18:07","modified_gmt":"2024-12-18T15:18:07","slug":"contenidor-de-nit-909","status":"publish","type":"product","link":"https:\/\/www.corsobori.com\/ca\/tienda\/p\/contenidor-de-nit-909\/","title":{"rendered":"Contenidor de nit 909 de Molteni&#038;C"},"content":{"rendered":"<p>La s\u00e8rie 909 \u00e9s una elegant col\u00b7lecci\u00f3 de calaixeres modulars que combina tradici\u00f3 i modernitat, permetent el seu \u00fas individual o combinat. Aquest sistema flexible inclou calaixos amb obertura a pressi\u00f3 o tirador, complementats amb m\u00f2duls oberts en alumini brillant o peltre, amb vidre acidificat de plat\u00ed protegit. Destaca una versi\u00f3 amb il\u00b7luminaci\u00f3 independent i una estructura d&#8217;alumini que sost\u00e9 les calaixeres. Els acabats exteriors estan meticulosament lacats mat o en porus obert, disponibles en diversos colors. Luca Meda, un referent en el disseny itali\u00e0 des dels anys 70, ha deixat una empremta significativa en la hist\u00f2ria del Grup Molteni, fusionant art, creativitat i2400 innovaci\u00f3 industrial a les seves obres ic\u00f2niques.    <\/p>\n","protected":false},"excerpt":{"rendered":"<p>La s\u00e8rie 909 \u00e9s una elegant col\u00b7lecci\u00f3 de calaixeres modulars que combina tradici\u00f3 i modernitat, permetent el seu \u00fas individual o combinat. Aquest sistema flexible inclou calaixos amb obertura a pressi\u00f3 o tirador, complementats amb m\u00f2duls oberts en alumini brillant o peltre, amb vidre acidificat de plat\u00ed protegit. Destaca una versi\u00f3 amb il\u00b7luminaci\u00f3 independent i&#8230;<\/p>\n","protected":false},"featured_media":4520,"comment_status":"open","ping_status":"closed","template":"","meta":{"_acf_changed":false},"product_brand":[],"product_cat":[174,172],"product_tag":[],"class_list":{"0":"post-5748","1":"product","2":"type-product","3":"status-publish","4":"has-post-thumbnail","6":"product_cat-contenidors-de-nit","7":"product_cat-mobles-dinterior","9":"first","10":"instock","11":"sold-individually","12":"shipping-taxable","13":"purchasable","14":"product-type-simple"},"acf":[],"yoast_head":"<!-- This site is optimized with the Yoast SEO plugin v27.2 - https:\/\/yoast.com\/product\/yoast-seo-wordpress\/ -->\n<title>Contenidor de nit 909 de Molteni&amp;C | Corsobori<\/title>\n<meta name=\"robots\" content=\"index, follow, max-snippet:-1, max-image-preview:large, max-video-preview:-1\" \/>\n<link rel=\"canonical\" href=\"https:\/\/www.corsobori.com\/ca\/tienda\/p\/contenidor-de-nit-909\/\" \/>\n<meta property=\"og:locale\" content=\"ca_ES\" \/>\n<meta property=\"og:type\" content=\"article\" \/>\n<meta property=\"og:title\" content=\"Contenidor de nit 909 de Molteni&amp;C | Corsobori\" \/>\n<meta property=\"og:description\" content=\"La s\u00e8rie 909 \u00e9s una elegant col\u00b7lecci\u00f3 de calaixeres modulars que combina tradici\u00f3 i modernitat, permetent el seu \u00fas individual o combinat. Aquest sistema flexible inclou calaixos amb obertura a pressi\u00f3 o tirador, complementats amb m\u00f2duls oberts en alumini brillant o peltre, amb vidre acidificat de plat\u00ed protegit. Destaca una versi\u00f3 amb il\u00b7luminaci\u00f3 independent i...\" \/>\n<meta property=\"og:url\" content=\"https:\/\/www.corsobori.com\/ca\/tienda\/p\/contenidor-de-nit-909\/\" \/>\n<meta property=\"og:site_name\" content=\"corsobori.com\" \/>\n<meta property=\"og:image\" content=\"https:\/\/www.corsobori.com\/wp-content\/uploads\/2024\/12\/4_3_909_NEW.jpg\" \/>\n\t<meta property=\"og:image:width\" content=\"1440\" \/>\n\t<meta property=\"og:image:height\" content=\"1080\" \/>\n\t<meta property=\"og:image:type\" content=\"image\/jpeg\" \/>\n<meta name=\"twitter:card\" content=\"summary_large_image\" \/>\n<meta name=\"twitter:label1\" content=\"Temps estimat de lectura\" \/>\n\t<meta name=\"twitter:data1\" content=\"1 minut\" \/>\n<!-- \/ Yoast SEO plugin. -->","yoast_head_json":{"title":"Contenidor de nit 909 de Molteni&C | Corsobori","robots":{"index":"index","follow":"follow","max-snippet":"max-snippet:-1","max-image-preview":"max-image-preview:large","max-video-preview":"max-video-preview:-1"},"canonical":"https:\/\/www.corsobori.com\/ca\/tienda\/p\/contenidor-de-nit-909\/","og_locale":"ca_ES","og_type":"article","og_title":"Contenidor de nit 909 de Molteni&C | Corsobori","og_description":"La s\u00e8rie 909 \u00e9s una elegant col\u00b7lecci\u00f3 de calaixeres modulars que combina tradici\u00f3 i modernitat, permetent el seu \u00fas individual o combinat. Aquest sistema flexible inclou calaixos amb obertura a pressi\u00f3 o tirador, complementats amb m\u00f2duls oberts en alumini brillant o peltre, amb vidre acidificat de plat\u00ed protegit. Destaca una versi\u00f3 amb il\u00b7luminaci\u00f3 independent i...","og_url":"https:\/\/www.corsobori.com\/ca\/tienda\/p\/contenidor-de-nit-909\/","og_site_name":"corsobori.com","og_image":[{"width":1440,"height":1080,"url":"https:\/\/www.corsobori.com\/wp-content\/uploads\/2024\/12\/4_3_909_NEW.jpg","type":"image\/jpeg"}],"twitter_card":"summary_large_image","twitter_misc":{"Temps estimat de lectura":"1 minut"},"schema":{"@context":"https:\/\/schema.org","@graph":[{"@type":"WebPage","@id":"https:\/\/www.corsobori.com\/ca\/tienda\/p\/contenidor-de-nit-909\/","url":"https:\/\/www.corsobori.com\/ca\/tienda\/p\/contenidor-de-nit-909\/","name":"Contenidor de nit 909 de Molteni&C | Corsobori","isPartOf":{"@id":"https:\/\/www.corsobori.com\/ca\/#website"},"primaryImageOfPage":{"@id":"https:\/\/www.corsobori.com\/ca\/tienda\/p\/contenidor-de-nit-909\/#primaryimage"},"image":{"@id":"https:\/\/www.corsobori.com\/ca\/tienda\/p\/contenidor-de-nit-909\/#primaryimage"},"thumbnailUrl":"https:\/\/www.corsobori.com\/wp-content\/uploads\/2024\/12\/4_3_909_NEW.jpg","datePublished":"2024-12-18T15:18:07+00:00","breadcrumb":{"@id":"https:\/\/www.corsobori.com\/ca\/tienda\/p\/contenidor-de-nit-909\/#breadcrumb"},"inLanguage":"ca","potentialAction":[{"@type":"ReadAction","target":["https:\/\/www.corsobori.com\/ca\/tienda\/p\/contenidor-de-nit-909\/"]}]},{"@type":"ImageObject","inLanguage":"ca","@id":"https:\/\/www.corsobori.com\/ca\/tienda\/p\/contenidor-de-nit-909\/#primaryimage","url":"https:\/\/www.corsobori.com\/wp-content\/uploads\/2024\/12\/4_3_909_NEW.jpg","contentUrl":"https:\/\/www.corsobori.com\/wp-content\/uploads\/2024\/12\/4_3_909_NEW.jpg","width":1440,"height":1080},{"@type":"BreadcrumbList","@id":"https:\/\/www.corsobori.com\/ca\/tienda\/p\/contenidor-de-nit-909\/#breadcrumb","itemListElement":[{"@type":"ListItem","position":1,"name":"Portada","item":"https:\/\/www.corsobori.com\/ca\/inici\/"},{"@type":"ListItem","position":2,"name":"Botiga","item":"https:\/\/www.corsobori.com\/ca\/botiga\/"},{"@type":"ListItem","position":3,"name":"Contenidor de nit 909"}]},{"@type":"WebSite","@id":"https:\/\/www.corsobori.com\/ca\/#website","url":"https:\/\/www.corsobori.com\/ca\/","name":"Corsobori","description":"","publisher":{"@id":"https:\/\/www.corsobori.com\/ca\/#organization"},"potentialAction":[{"@type":"SearchAction","target":{"@type":"EntryPoint","urlTemplate":"https:\/\/www.corsobori.com\/ca\/?s={search_term_string}"},"query-input":{"@type":"PropertyValueSpecification","valueRequired":true,"valueName":"search_term_string"}}],"inLanguage":"ca"},{"@type":"Organization","@id":"https:\/\/www.corsobori.com\/ca\/#organization","name":"Corsobori","url":"https:\/\/www.corsobori.com\/ca\/","logo":{"@type":"ImageObject","inLanguage":"ca","@id":"https:\/\/www.corsobori.com\/ca\/#\/schema\/logo\/image\/","url":"https:\/\/www.corsobori.com\/wp-content\/uploads\/2024\/08\/logo-corsobori.png","contentUrl":"https:\/\/www.corsobori.com\/wp-content\/uploads\/2024\/08\/logo-corsobori.png","width":1210,"height":146,"caption":"Corsobori"},"image":{"@id":"https:\/\/www.corsobori.com\/ca\/#\/schema\/logo\/image\/"}}]}},"_links":{"self":[{"href":"https:\/\/www.corsobori.com\/ca\/wp-json\/wp\/v2\/product\/5748","targetHints":{"allow":["GET"]}}],"collection":[{"href":"https:\/\/www.corsobori.com\/ca\/wp-json\/wp\/v2\/product"}],"about":[{"href":"https:\/\/www.corsobori.com\/ca\/wp-json\/wp\/v2\/types\/product"}],"replies":[{"embeddable":true,"href":"https:\/\/www.corsobori.com\/ca\/wp-json\/wp\/v2\/comments?post=5748"}],"wp:featuredmedia":[{"embeddable":true,"href":"https:\/\/www.corsobori.com\/ca\/wp-json\/wp\/v2\/media\/4520"}],"wp:attachment":[{"href":"https:\/\/www.corsobori.com\/ca\/wp-json\/wp\/v2\/media?parent=5748"}],"wp:term":[{"taxonomy":"product_brand","embeddable":true,"href":"https:\/\/www.corsobori.com\/ca\/wp-json\/wp\/v2\/product_brand?post=5748"},{"taxonomy":"product_cat","embeddable":true,"href":"https:\/\/www.corsobori.com\/ca\/wp-json\/wp\/v2\/product_cat?post=5748"},{"taxonomy":"product_tag","embeddable":true,"href":"https:\/\/www.corsobori.com\/ca\/wp-json\/wp\/v2\/product_tag?post=5748"}],"curies":[{"name":"wp","href":"https:\/\/api.w.org\/{rel}","templated":true}]}}