{"id":5744,"date":"2024-12-18T16:18:06","date_gmt":"2024-12-18T15:18:06","guid":{"rendered":"https:\/\/www.corsobori.com\/tienda\/p\/contenidor-505-up-sideboard\/"},"modified":"2024-12-18T16:18:06","modified_gmt":"2024-12-18T15:18:06","slug":"contenidor-505-up-sideboard","status":"publish","type":"product","link":"https:\/\/www.corsobori.com\/ca\/tienda\/p\/contenidor-505-up-sideboard\/","title":{"rendered":"Contenidor 505 UP Sideboard de Molteni&#038;C"},"content":{"rendered":"<p>El 505 UP Sideboard \u00e9s l&#8217;evoluci\u00f3 de l&#8217;ic\u00f2nic sistema 505 i ofereix un disseny simplificat que respon a les necessitats contempor\u00e0nies de l&#8217;habitar. Destaca per la seva versatilitat i funcionalitat i s&#8217;adapta a espais multifuncionals. La nova base en fusi\u00f3 d&#8217;alumini aporta lleugeresa i redefineix les mesures can\u00f2niques. Aquesta col\u00b7lecci\u00f3 inclou un moble bar i opcions d&#8217;emmagatzematge personal, combinant est\u00e8tica i tecnologia amb detalls com ara safates i posteriors de mirall bronze, aix\u00ed com prestatges a Ecopiel. Dissenyat per Nicola Gallizia, que compta amb una extensa traject\u00f2ria al sector, el 505 UP Sideboard representa un elegant equilibri entre innovaci\u00f3 i estil atemporal.    <\/p>\n","protected":false},"excerpt":{"rendered":"<p>El 505 UP Sideboard \u00e9s l&#8217;evoluci\u00f3 de l&#8217;ic\u00f2nic sistema 505 i ofereix un disseny simplificat que respon a les necessitats contempor\u00e0nies de l&#8217;habitar. Destaca per la seva versatilitat i funcionalitat i s&#8217;adapta a espais multifuncionals. La nova base en fusi\u00f3 d&#8217;alumini aporta lleugeresa i redefineix les mesures can\u00f2niques. Aquesta col\u00b7lecci\u00f3 inclou un moble bar i&#8230;<\/p>\n","protected":false},"featured_media":4540,"comment_status":"open","ping_status":"closed","template":"","meta":{"_acf_changed":false},"product_brand":[],"product_cat":[192,172],"product_tag":[],"class_list":{"0":"post-5744","1":"product","2":"type-product","3":"status-publish","4":"has-post-thumbnail","6":"product_cat-contenidors","7":"product_cat-mobles-dinterior","9":"first","10":"instock","11":"sold-individually","12":"shipping-taxable","13":"purchasable","14":"product-type-simple"},"acf":[],"yoast_head":"<!-- This site is optimized with the Yoast SEO plugin v27.2 - https:\/\/yoast.com\/product\/yoast-seo-wordpress\/ -->\n<title>Contenidor 505 UP Sideboard de Molteni&amp;C | Corsobori<\/title>\n<meta name=\"robots\" content=\"index, follow, max-snippet:-1, max-image-preview:large, max-video-preview:-1\" \/>\n<link rel=\"canonical\" href=\"https:\/\/www.corsobori.com\/ca\/tienda\/p\/contenidor-505-up-sideboard\/\" \/>\n<meta property=\"og:locale\" content=\"ca_ES\" \/>\n<meta property=\"og:type\" content=\"article\" \/>\n<meta property=\"og:title\" content=\"Contenidor 505 UP Sideboard de Molteni&amp;C | Corsobori\" \/>\n<meta property=\"og:description\" content=\"El 505 UP Sideboard \u00e9s l&#8217;evoluci\u00f3 de l&#8217;ic\u00f2nic sistema 505 i ofereix un disseny simplificat que respon a les necessitats contempor\u00e0nies de l&#8217;habitar. Destaca per la seva versatilitat i funcionalitat i s&#8217;adapta a espais multifuncionals. La nova base en fusi\u00f3 d&#8217;alumini aporta lleugeresa i redefineix les mesures can\u00f2niques. Aquesta col\u00b7lecci\u00f3 inclou un moble bar i...\" \/>\n<meta property=\"og:url\" content=\"https:\/\/www.corsobori.com\/ca\/tienda\/p\/contenidor-505-up-sideboard\/\" \/>\n<meta property=\"og:site_name\" content=\"corsobori.com\" \/>\n<meta property=\"og:image\" content=\"https:\/\/www.corsobori.com\/wp-content\/uploads\/2024\/12\/505-up-sideboard-1.jpg\" \/>\n\t<meta property=\"og:image:width\" content=\"1440\" \/>\n\t<meta property=\"og:image:height\" content=\"1080\" \/>\n\t<meta property=\"og:image:type\" content=\"image\/jpeg\" \/>\n<meta name=\"twitter:card\" content=\"summary_large_image\" \/>\n<meta name=\"twitter:label1\" content=\"Temps estimat de lectura\" \/>\n\t<meta name=\"twitter:data1\" content=\"1 minut\" \/>\n<!-- \/ Yoast SEO plugin. -->","yoast_head_json":{"title":"Contenidor 505 UP Sideboard de Molteni&C | Corsobori","robots":{"index":"index","follow":"follow","max-snippet":"max-snippet:-1","max-image-preview":"max-image-preview:large","max-video-preview":"max-video-preview:-1"},"canonical":"https:\/\/www.corsobori.com\/ca\/tienda\/p\/contenidor-505-up-sideboard\/","og_locale":"ca_ES","og_type":"article","og_title":"Contenidor 505 UP Sideboard de Molteni&C | Corsobori","og_description":"El 505 UP Sideboard \u00e9s l&#8217;evoluci\u00f3 de l&#8217;ic\u00f2nic sistema 505 i ofereix un disseny simplificat que respon a les necessitats contempor\u00e0nies de l&#8217;habitar. Destaca per la seva versatilitat i funcionalitat i s&#8217;adapta a espais multifuncionals. La nova base en fusi\u00f3 d&#8217;alumini aporta lleugeresa i redefineix les mesures can\u00f2niques. Aquesta col\u00b7lecci\u00f3 inclou un moble bar i...","og_url":"https:\/\/www.corsobori.com\/ca\/tienda\/p\/contenidor-505-up-sideboard\/","og_site_name":"corsobori.com","og_image":[{"width":1440,"height":1080,"url":"https:\/\/www.corsobori.com\/wp-content\/uploads\/2024\/12\/505-up-sideboard-1.jpg","type":"image\/jpeg"}],"twitter_card":"summary_large_image","twitter_misc":{"Temps estimat de lectura":"1 minut"},"schema":{"@context":"https:\/\/schema.org","@graph":[{"@type":"WebPage","@id":"https:\/\/www.corsobori.com\/ca\/tienda\/p\/contenidor-505-up-sideboard\/","url":"https:\/\/www.corsobori.com\/ca\/tienda\/p\/contenidor-505-up-sideboard\/","name":"Contenidor 505 UP Sideboard de Molteni&C | Corsobori","isPartOf":{"@id":"https:\/\/www.corsobori.com\/ca\/#website"},"primaryImageOfPage":{"@id":"https:\/\/www.corsobori.com\/ca\/tienda\/p\/contenidor-505-up-sideboard\/#primaryimage"},"image":{"@id":"https:\/\/www.corsobori.com\/ca\/tienda\/p\/contenidor-505-up-sideboard\/#primaryimage"},"thumbnailUrl":"https:\/\/www.corsobori.com\/wp-content\/uploads\/2024\/12\/505-up-sideboard-1.jpg","datePublished":"2024-12-18T15:18:06+00:00","breadcrumb":{"@id":"https:\/\/www.corsobori.com\/ca\/tienda\/p\/contenidor-505-up-sideboard\/#breadcrumb"},"inLanguage":"ca","potentialAction":[{"@type":"ReadAction","target":["https:\/\/www.corsobori.com\/ca\/tienda\/p\/contenidor-505-up-sideboard\/"]}]},{"@type":"ImageObject","inLanguage":"ca","@id":"https:\/\/www.corsobori.com\/ca\/tienda\/p\/contenidor-505-up-sideboard\/#primaryimage","url":"https:\/\/www.corsobori.com\/wp-content\/uploads\/2024\/12\/505-up-sideboard-1.jpg","contentUrl":"https:\/\/www.corsobori.com\/wp-content\/uploads\/2024\/12\/505-up-sideboard-1.jpg","width":1440,"height":1080},{"@type":"BreadcrumbList","@id":"https:\/\/www.corsobori.com\/ca\/tienda\/p\/contenidor-505-up-sideboard\/#breadcrumb","itemListElement":[{"@type":"ListItem","position":1,"name":"Portada","item":"https:\/\/www.corsobori.com\/ca\/inici\/"},{"@type":"ListItem","position":2,"name":"Botiga","item":"https:\/\/www.corsobori.com\/ca\/botiga\/"},{"@type":"ListItem","position":3,"name":"Contenidor 505 UP Sideboard"}]},{"@type":"WebSite","@id":"https:\/\/www.corsobori.com\/ca\/#website","url":"https:\/\/www.corsobori.com\/ca\/","name":"Corsobori","description":"","publisher":{"@id":"https:\/\/www.corsobori.com\/ca\/#organization"},"potentialAction":[{"@type":"SearchAction","target":{"@type":"EntryPoint","urlTemplate":"https:\/\/www.corsobori.com\/ca\/?s={search_term_string}"},"query-input":{"@type":"PropertyValueSpecification","valueRequired":true,"valueName":"search_term_string"}}],"inLanguage":"ca"},{"@type":"Organization","@id":"https:\/\/www.corsobori.com\/ca\/#organization","name":"Corsobori","url":"https:\/\/www.corsobori.com\/ca\/","logo":{"@type":"ImageObject","inLanguage":"ca","@id":"https:\/\/www.corsobori.com\/ca\/#\/schema\/logo\/image\/","url":"https:\/\/www.corsobori.com\/wp-content\/uploads\/2024\/08\/logo-corsobori.png","contentUrl":"https:\/\/www.corsobori.com\/wp-content\/uploads\/2024\/08\/logo-corsobori.png","width":1210,"height":146,"caption":"Corsobori"},"image":{"@id":"https:\/\/www.corsobori.com\/ca\/#\/schema\/logo\/image\/"}}]}},"_links":{"self":[{"href":"https:\/\/www.corsobori.com\/ca\/wp-json\/wp\/v2\/product\/5744","targetHints":{"allow":["GET"]}}],"collection":[{"href":"https:\/\/www.corsobori.com\/ca\/wp-json\/wp\/v2\/product"}],"about":[{"href":"https:\/\/www.corsobori.com\/ca\/wp-json\/wp\/v2\/types\/product"}],"replies":[{"embeddable":true,"href":"https:\/\/www.corsobori.com\/ca\/wp-json\/wp\/v2\/comments?post=5744"}],"wp:featuredmedia":[{"embeddable":true,"href":"https:\/\/www.corsobori.com\/ca\/wp-json\/wp\/v2\/media\/4540"}],"wp:attachment":[{"href":"https:\/\/www.corsobori.com\/ca\/wp-json\/wp\/v2\/media?parent=5744"}],"wp:term":[{"taxonomy":"product_brand","embeddable":true,"href":"https:\/\/www.corsobori.com\/ca\/wp-json\/wp\/v2\/product_brand?post=5744"},{"taxonomy":"product_cat","embeddable":true,"href":"https:\/\/www.corsobori.com\/ca\/wp-json\/wp\/v2\/product_cat?post=5744"},{"taxonomy":"product_tag","embeddable":true,"href":"https:\/\/www.corsobori.com\/ca\/wp-json\/wp\/v2\/product_tag?post=5744"}],"curies":[{"name":"wp","href":"https:\/\/api.w.org\/{rel}","templated":true}]}}