{"id":5732,"date":"2024-12-18T16:17:32","date_gmt":"2024-12-18T15:17:32","guid":{"rendered":"https:\/\/www.corsobori.com\/tienda\/p\/catifa-exterior-hedera\/"},"modified":"2024-12-18T16:17:32","modified_gmt":"2024-12-18T15:17:32","slug":"catifa-exterior-hedera","status":"publish","type":"product","link":"https:\/\/www.corsobori.com\/ca\/tienda\/p\/catifa-exterior-hedera\/","title":{"rendered":"Catifa Exterior Hedera de Molteni&#038;C"},"content":{"rendered":"<p>La catifa Hedera, dissenyada per Vincent Van Duysen, destaca per la seva elegant combinaci\u00f3 de fines ratlles beix i verd oliva, creant un moviment l\u00fadic i harmoni\u00f3s. Disponibles en tres mides rectangulars, el seu disseny clapejat, delicat per\u00f2 ferm, s&#8217;integra perfectament amb materials com la fusta i el ferro brunyit. Van Duysen, arquitecte belga amb una s\u00f2lida traject\u00f2ria en interiorisme, fusiona aquests camps per generar objectes de gran puresa i ess\u00e8ncia, mantenint un car\u00e0cter concret. Aquesta proposta de catifa cerca ressaltar els matisos naturals dels tons mediterranis, oferint una experi\u00e8ncia sensorial que complementa l&#8217;entorn exterior.   <\/p>\n","protected":false},"excerpt":{"rendered":"<p>La catifa Hedera, dissenyada per Vincent Van Duysen, destaca per la seva elegant combinaci\u00f3 de fines ratlles beix i verd oliva, creant un moviment l\u00fadic i harmoni\u00f3s. Disponibles en tres mides rectangulars, el seu disseny clapejat, delicat per\u00f2 ferm, s&#8217;integra perfectament amb materials com la fusta i el ferro brunyit. Van Duysen, arquitecte belga amb&#8230;<\/p>\n","protected":false},"featured_media":4816,"comment_status":"open","ping_status":"closed","template":"","meta":{"_acf_changed":false},"product_brand":[],"product_cat":[200,169],"product_tag":[],"class_list":{"0":"post-5732","1":"product","2":"type-product","3":"status-publish","4":"has-post-thumbnail","6":"product_cat-catifes-dexterior","7":"product_cat-mobles-exterior","9":"first","10":"instock","11":"sold-individually","12":"shipping-taxable","13":"purchasable","14":"product-type-simple"},"acf":[],"yoast_head":"<!-- This site is optimized with the Yoast SEO plugin v27.2 - https:\/\/yoast.com\/product\/yoast-seo-wordpress\/ -->\n<title>Catifa Exterior Hedera de Molteni&amp;C |<\/title>\n<meta name=\"robots\" content=\"index, follow, max-snippet:-1, max-image-preview:large, max-video-preview:-1\" \/>\n<link rel=\"canonical\" href=\"https:\/\/www.corsobori.com\/ca\/tienda\/p\/catifa-exterior-hedera\/\" \/>\n<meta property=\"og:locale\" content=\"ca_ES\" \/>\n<meta property=\"og:type\" content=\"article\" \/>\n<meta property=\"og:title\" content=\"Catifa Exterior Hedera de Molteni&amp;C |\" \/>\n<meta property=\"og:description\" content=\"La catifa Hedera, dissenyada per Vincent Van Duysen, destaca per la seva elegant combinaci\u00f3 de fines ratlles beix i verd oliva, creant un moviment l\u00fadic i harmoni\u00f3s. Disponibles en tres mides rectangulars, el seu disseny clapejat, delicat per\u00f2 ferm, s&#8217;integra perfectament amb materials com la fusta i el ferro brunyit. Van Duysen, arquitecte belga amb...\" \/>\n<meta property=\"og:url\" content=\"https:\/\/www.corsobori.com\/ca\/tienda\/p\/catifa-exterior-hedera\/\" \/>\n<meta property=\"og:site_name\" content=\"corsobori.com\" \/>\n<meta property=\"og:image\" content=\"https:\/\/www.corsobori.com\/wp-content\/uploads\/2024\/12\/4_3_Hedrajpg.jpg\" \/>\n\t<meta property=\"og:image:width\" content=\"1440\" \/>\n\t<meta property=\"og:image:height\" content=\"1080\" \/>\n\t<meta property=\"og:image:type\" content=\"image\/jpeg\" \/>\n<meta name=\"twitter:card\" content=\"summary_large_image\" \/>\n<meta name=\"twitter:label1\" content=\"Temps estimat de lectura\" \/>\n\t<meta name=\"twitter:data1\" content=\"1 minut\" \/>\n<!-- \/ Yoast SEO plugin. -->","yoast_head_json":{"title":"Catifa Exterior Hedera de Molteni&C |","robots":{"index":"index","follow":"follow","max-snippet":"max-snippet:-1","max-image-preview":"max-image-preview:large","max-video-preview":"max-video-preview:-1"},"canonical":"https:\/\/www.corsobori.com\/ca\/tienda\/p\/catifa-exterior-hedera\/","og_locale":"ca_ES","og_type":"article","og_title":"Catifa Exterior Hedera de Molteni&C |","og_description":"La catifa Hedera, dissenyada per Vincent Van Duysen, destaca per la seva elegant combinaci\u00f3 de fines ratlles beix i verd oliva, creant un moviment l\u00fadic i harmoni\u00f3s. Disponibles en tres mides rectangulars, el seu disseny clapejat, delicat per\u00f2 ferm, s&#8217;integra perfectament amb materials com la fusta i el ferro brunyit. Van Duysen, arquitecte belga amb...","og_url":"https:\/\/www.corsobori.com\/ca\/tienda\/p\/catifa-exterior-hedera\/","og_site_name":"corsobori.com","og_image":[{"width":1440,"height":1080,"url":"https:\/\/www.corsobori.com\/wp-content\/uploads\/2024\/12\/4_3_Hedrajpg.jpg","type":"image\/jpeg"}],"twitter_card":"summary_large_image","twitter_misc":{"Temps estimat de lectura":"1 minut"},"schema":{"@context":"https:\/\/schema.org","@graph":[{"@type":"WebPage","@id":"https:\/\/www.corsobori.com\/ca\/tienda\/p\/catifa-exterior-hedera\/","url":"https:\/\/www.corsobori.com\/ca\/tienda\/p\/catifa-exterior-hedera\/","name":"Catifa Exterior Hedera de Molteni&C |","isPartOf":{"@id":"https:\/\/www.corsobori.com\/ca\/#website"},"primaryImageOfPage":{"@id":"https:\/\/www.corsobori.com\/ca\/tienda\/p\/catifa-exterior-hedera\/#primaryimage"},"image":{"@id":"https:\/\/www.corsobori.com\/ca\/tienda\/p\/catifa-exterior-hedera\/#primaryimage"},"thumbnailUrl":"https:\/\/www.corsobori.com\/wp-content\/uploads\/2024\/12\/4_3_Hedrajpg.jpg","datePublished":"2024-12-18T15:17:32+00:00","breadcrumb":{"@id":"https:\/\/www.corsobori.com\/ca\/tienda\/p\/catifa-exterior-hedera\/#breadcrumb"},"inLanguage":"ca","potentialAction":[{"@type":"ReadAction","target":["https:\/\/www.corsobori.com\/ca\/tienda\/p\/catifa-exterior-hedera\/"]}]},{"@type":"ImageObject","inLanguage":"ca","@id":"https:\/\/www.corsobori.com\/ca\/tienda\/p\/catifa-exterior-hedera\/#primaryimage","url":"https:\/\/www.corsobori.com\/wp-content\/uploads\/2024\/12\/4_3_Hedrajpg.jpg","contentUrl":"https:\/\/www.corsobori.com\/wp-content\/uploads\/2024\/12\/4_3_Hedrajpg.jpg","width":1440,"height":1080},{"@type":"BreadcrumbList","@id":"https:\/\/www.corsobori.com\/ca\/tienda\/p\/catifa-exterior-hedera\/#breadcrumb","itemListElement":[{"@type":"ListItem","position":1,"name":"Portada","item":"https:\/\/www.corsobori.com\/ca\/inici\/"},{"@type":"ListItem","position":2,"name":"Botiga","item":"https:\/\/www.corsobori.com\/ca\/botiga\/"},{"@type":"ListItem","position":3,"name":"Catifa Exterior Hedera"}]},{"@type":"WebSite","@id":"https:\/\/www.corsobori.com\/ca\/#website","url":"https:\/\/www.corsobori.com\/ca\/","name":"Corsobori","description":"","publisher":{"@id":"https:\/\/www.corsobori.com\/ca\/#organization"},"potentialAction":[{"@type":"SearchAction","target":{"@type":"EntryPoint","urlTemplate":"https:\/\/www.corsobori.com\/ca\/?s={search_term_string}"},"query-input":{"@type":"PropertyValueSpecification","valueRequired":true,"valueName":"search_term_string"}}],"inLanguage":"ca"},{"@type":"Organization","@id":"https:\/\/www.corsobori.com\/ca\/#organization","name":"Corsobori","url":"https:\/\/www.corsobori.com\/ca\/","logo":{"@type":"ImageObject","inLanguage":"ca","@id":"https:\/\/www.corsobori.com\/ca\/#\/schema\/logo\/image\/","url":"https:\/\/www.corsobori.com\/wp-content\/uploads\/2024\/08\/logo-corsobori.png","contentUrl":"https:\/\/www.corsobori.com\/wp-content\/uploads\/2024\/08\/logo-corsobori.png","width":1210,"height":146,"caption":"Corsobori"},"image":{"@id":"https:\/\/www.corsobori.com\/ca\/#\/schema\/logo\/image\/"}}]}},"_links":{"self":[{"href":"https:\/\/www.corsobori.com\/ca\/wp-json\/wp\/v2\/product\/5732","targetHints":{"allow":["GET"]}}],"collection":[{"href":"https:\/\/www.corsobori.com\/ca\/wp-json\/wp\/v2\/product"}],"about":[{"href":"https:\/\/www.corsobori.com\/ca\/wp-json\/wp\/v2\/types\/product"}],"replies":[{"embeddable":true,"href":"https:\/\/www.corsobori.com\/ca\/wp-json\/wp\/v2\/comments?post=5732"}],"wp:featuredmedia":[{"embeddable":true,"href":"https:\/\/www.corsobori.com\/ca\/wp-json\/wp\/v2\/media\/4816"}],"wp:attachment":[{"href":"https:\/\/www.corsobori.com\/ca\/wp-json\/wp\/v2\/media?parent=5732"}],"wp:term":[{"taxonomy":"product_brand","embeddable":true,"href":"https:\/\/www.corsobori.com\/ca\/wp-json\/wp\/v2\/product_brand?post=5732"},{"taxonomy":"product_cat","embeddable":true,"href":"https:\/\/www.corsobori.com\/ca\/wp-json\/wp\/v2\/product_cat?post=5732"},{"taxonomy":"product_tag","embeddable":true,"href":"https:\/\/www.corsobori.com\/ca\/wp-json\/wp\/v2\/product_tag?post=5732"}],"curies":[{"name":"wp","href":"https:\/\/api.w.org\/{rel}","templated":true}]}}