{"id":5728,"date":"2024-12-18T16:17:34","date_gmt":"2024-12-18T15:17:34","guid":{"rendered":"https:\/\/www.corsobori.com\/tienda\/p\/catifa-exterior-palma\/"},"modified":"2024-12-18T16:17:34","modified_gmt":"2024-12-18T15:17:34","slug":"catifa-exterior-palma","status":"publish","type":"product","link":"https:\/\/www.corsobori.com\/ca\/tienda\/p\/catifa-exterior-palma\/","title":{"rendered":"Catifa Exterior Palma de Molteni&#038;C"},"content":{"rendered":"<p>Palma, dissenyada per Nicola Gallizia, \u00e9s una catifa de PET 100% reciclada i reciclable que evoca l&#8217;experi\u00e8ncia de caminar sobre la sorra. El seu disseny reflecteix les ombres de les fulles de palmera, fusionant est\u00e8tica i geometria natural. Aquesta pe\u00e7a \u00e9s ideal per a interiors i exteriors, destacant un comprom\u00eds amb la sostenibilitat i la natura. Nicola Gallizia, arquitecte de formaci\u00f3, ha treballat des del 1990 en el desenvolupament de productes i la imatge de marques de luxe, com Molteni&amp;C, on ha dirigit projectes innovadors. Palma es presenta com una opci\u00f3 refinada que combina eleg\u00e0ncia i responsabilitat ambiental, adequada per a ambients contemporanis i sofisticats.    <\/p>\n","protected":false},"excerpt":{"rendered":"<p>Palma, dissenyada per Nicola Gallizia, \u00e9s una catifa de PET 100% reciclada i reciclable que evoca l&#8217;experi\u00e8ncia de caminar sobre la sorra. El seu disseny reflecteix les ombres de les fulles de palmera, fusionant est\u00e8tica i geometria natural. Aquesta pe\u00e7a \u00e9s ideal per a interiors i exteriors, destacant un comprom\u00eds amb la sostenibilitat i la&#8230;<\/p>\n","protected":false},"featured_media":4834,"comment_status":"open","ping_status":"closed","template":"","meta":{"_acf_changed":false},"product_brand":[],"product_cat":[200,169],"product_tag":[],"class_list":{"0":"post-5728","1":"product","2":"type-product","3":"status-publish","4":"has-post-thumbnail","6":"product_cat-catifes-dexterior","7":"product_cat-mobles-exterior","9":"first","10":"instock","11":"sold-individually","12":"shipping-taxable","13":"purchasable","14":"product-type-simple"},"acf":[],"yoast_head":"<!-- This site is optimized with the Yoast SEO plugin v27.2 - https:\/\/yoast.com\/product\/yoast-seo-wordpress\/ -->\n<title>Catifa Exterior Palma de Molteni&amp;C | Corsobori<\/title>\n<meta name=\"robots\" content=\"index, follow, max-snippet:-1, max-image-preview:large, max-video-preview:-1\" \/>\n<link rel=\"canonical\" href=\"https:\/\/www.corsobori.com\/ca\/tienda\/p\/catifa-exterior-palma\/\" \/>\n<meta property=\"og:locale\" content=\"ca_ES\" \/>\n<meta property=\"og:type\" content=\"article\" \/>\n<meta property=\"og:title\" content=\"Catifa Exterior Palma de Molteni&amp;C | Corsobori\" \/>\n<meta property=\"og:description\" content=\"Palma, dissenyada per Nicola Gallizia, \u00e9s una catifa de PET 100% reciclada i reciclable que evoca l&#8217;experi\u00e8ncia de caminar sobre la sorra. El seu disseny reflecteix les ombres de les fulles de palmera, fusionant est\u00e8tica i geometria natural. Aquesta pe\u00e7a \u00e9s ideal per a interiors i exteriors, destacant un comprom\u00eds amb la sostenibilitat i la...\" \/>\n<meta property=\"og:url\" content=\"https:\/\/www.corsobori.com\/ca\/tienda\/p\/catifa-exterior-palma\/\" \/>\n<meta property=\"og:site_name\" content=\"corsobori.com\" \/>\n<meta property=\"og:image\" content=\"https:\/\/www.corsobori.com\/wp-content\/uploads\/2024\/12\/4_3_Palma.jpg\" \/>\n\t<meta property=\"og:image:width\" content=\"1440\" \/>\n\t<meta property=\"og:image:height\" content=\"1080\" \/>\n\t<meta property=\"og:image:type\" content=\"image\/jpeg\" \/>\n<meta name=\"twitter:card\" content=\"summary_large_image\" \/>\n<meta name=\"twitter:label1\" content=\"Temps estimat de lectura\" \/>\n\t<meta name=\"twitter:data1\" content=\"1 minut\" \/>\n<!-- \/ Yoast SEO plugin. -->","yoast_head_json":{"title":"Catifa Exterior Palma de Molteni&C | Corsobori","robots":{"index":"index","follow":"follow","max-snippet":"max-snippet:-1","max-image-preview":"max-image-preview:large","max-video-preview":"max-video-preview:-1"},"canonical":"https:\/\/www.corsobori.com\/ca\/tienda\/p\/catifa-exterior-palma\/","og_locale":"ca_ES","og_type":"article","og_title":"Catifa Exterior Palma de Molteni&C | Corsobori","og_description":"Palma, dissenyada per Nicola Gallizia, \u00e9s una catifa de PET 100% reciclada i reciclable que evoca l&#8217;experi\u00e8ncia de caminar sobre la sorra. El seu disseny reflecteix les ombres de les fulles de palmera, fusionant est\u00e8tica i geometria natural. Aquesta pe\u00e7a \u00e9s ideal per a interiors i exteriors, destacant un comprom\u00eds amb la sostenibilitat i la...","og_url":"https:\/\/www.corsobori.com\/ca\/tienda\/p\/catifa-exterior-palma\/","og_site_name":"corsobori.com","og_image":[{"width":1440,"height":1080,"url":"https:\/\/www.corsobori.com\/wp-content\/uploads\/2024\/12\/4_3_Palma.jpg","type":"image\/jpeg"}],"twitter_card":"summary_large_image","twitter_misc":{"Temps estimat de lectura":"1 minut"},"schema":{"@context":"https:\/\/schema.org","@graph":[{"@type":"WebPage","@id":"https:\/\/www.corsobori.com\/ca\/tienda\/p\/catifa-exterior-palma\/","url":"https:\/\/www.corsobori.com\/ca\/tienda\/p\/catifa-exterior-palma\/","name":"Catifa Exterior Palma de Molteni&C | Corsobori","isPartOf":{"@id":"https:\/\/www.corsobori.com\/ca\/#website"},"primaryImageOfPage":{"@id":"https:\/\/www.corsobori.com\/ca\/tienda\/p\/catifa-exterior-palma\/#primaryimage"},"image":{"@id":"https:\/\/www.corsobori.com\/ca\/tienda\/p\/catifa-exterior-palma\/#primaryimage"},"thumbnailUrl":"https:\/\/www.corsobori.com\/wp-content\/uploads\/2024\/12\/4_3_Palma.jpg","datePublished":"2024-12-18T15:17:34+00:00","breadcrumb":{"@id":"https:\/\/www.corsobori.com\/ca\/tienda\/p\/catifa-exterior-palma\/#breadcrumb"},"inLanguage":"ca","potentialAction":[{"@type":"ReadAction","target":["https:\/\/www.corsobori.com\/ca\/tienda\/p\/catifa-exterior-palma\/"]}]},{"@type":"ImageObject","inLanguage":"ca","@id":"https:\/\/www.corsobori.com\/ca\/tienda\/p\/catifa-exterior-palma\/#primaryimage","url":"https:\/\/www.corsobori.com\/wp-content\/uploads\/2024\/12\/4_3_Palma.jpg","contentUrl":"https:\/\/www.corsobori.com\/wp-content\/uploads\/2024\/12\/4_3_Palma.jpg","width":1440,"height":1080},{"@type":"BreadcrumbList","@id":"https:\/\/www.corsobori.com\/ca\/tienda\/p\/catifa-exterior-palma\/#breadcrumb","itemListElement":[{"@type":"ListItem","position":1,"name":"Portada","item":"https:\/\/www.corsobori.com\/ca\/inici\/"},{"@type":"ListItem","position":2,"name":"Botiga","item":"https:\/\/www.corsobori.com\/ca\/botiga\/"},{"@type":"ListItem","position":3,"name":"Catifa Exterior Palma"}]},{"@type":"WebSite","@id":"https:\/\/www.corsobori.com\/ca\/#website","url":"https:\/\/www.corsobori.com\/ca\/","name":"Corsobori","description":"","publisher":{"@id":"https:\/\/www.corsobori.com\/ca\/#organization"},"potentialAction":[{"@type":"SearchAction","target":{"@type":"EntryPoint","urlTemplate":"https:\/\/www.corsobori.com\/ca\/?s={search_term_string}"},"query-input":{"@type":"PropertyValueSpecification","valueRequired":true,"valueName":"search_term_string"}}],"inLanguage":"ca"},{"@type":"Organization","@id":"https:\/\/www.corsobori.com\/ca\/#organization","name":"Corsobori","url":"https:\/\/www.corsobori.com\/ca\/","logo":{"@type":"ImageObject","inLanguage":"ca","@id":"https:\/\/www.corsobori.com\/ca\/#\/schema\/logo\/image\/","url":"https:\/\/www.corsobori.com\/wp-content\/uploads\/2024\/08\/logo-corsobori.png","contentUrl":"https:\/\/www.corsobori.com\/wp-content\/uploads\/2024\/08\/logo-corsobori.png","width":1210,"height":146,"caption":"Corsobori"},"image":{"@id":"https:\/\/www.corsobori.com\/ca\/#\/schema\/logo\/image\/"}}]}},"_links":{"self":[{"href":"https:\/\/www.corsobori.com\/ca\/wp-json\/wp\/v2\/product\/5728","targetHints":{"allow":["GET"]}}],"collection":[{"href":"https:\/\/www.corsobori.com\/ca\/wp-json\/wp\/v2\/product"}],"about":[{"href":"https:\/\/www.corsobori.com\/ca\/wp-json\/wp\/v2\/types\/product"}],"replies":[{"embeddable":true,"href":"https:\/\/www.corsobori.com\/ca\/wp-json\/wp\/v2\/comments?post=5728"}],"wp:featuredmedia":[{"embeddable":true,"href":"https:\/\/www.corsobori.com\/ca\/wp-json\/wp\/v2\/media\/4834"}],"wp:attachment":[{"href":"https:\/\/www.corsobori.com\/ca\/wp-json\/wp\/v2\/media?parent=5728"}],"wp:term":[{"taxonomy":"product_brand","embeddable":true,"href":"https:\/\/www.corsobori.com\/ca\/wp-json\/wp\/v2\/product_brand?post=5728"},{"taxonomy":"product_cat","embeddable":true,"href":"https:\/\/www.corsobori.com\/ca\/wp-json\/wp\/v2\/product_cat?post=5728"},{"taxonomy":"product_tag","embeddable":true,"href":"https:\/\/www.corsobori.com\/ca\/wp-json\/wp\/v2\/product_tag?post=5728"}],"curies":[{"name":"wp","href":"https:\/\/api.w.org\/{rel}","templated":true}]}}