{"id":5726,"date":"2024-12-18T16:17:34","date_gmt":"2024-12-18T15:17:34","guid":{"rendered":"https:\/\/www.corsobori.com\/tienda\/p\/catifa-hem-by-gtdesign\/"},"modified":"2024-12-18T16:17:34","modified_gmt":"2024-12-18T15:17:34","slug":"catifa-hem-by-gtdesign","status":"publish","type":"product","link":"https:\/\/www.corsobori.com\/ca\/tienda\/p\/catifa-hem-by-gtdesign\/","title":{"rendered":"Catifa Hem By GTDesign de Molteni&#038;C"},"content":{"rendered":"<p>La col\u00b7lecci\u00f3 de catifes Hem i Loop&amp;Cut, fruit de la col\u00b7laboraci\u00f3 entre Molteni&amp;C i la dissenyadora Patricia Urquiola, celebra la fusi\u00f3 de la creativitat occidental i el mestratge artesanal asi\u00e0tic. Aquestes catifes, elaborades amb materials naturals, ofereixen una harmonia \u00fanica, convertint-se en illes on els usuaris es poden reunir i evadir la rutina di\u00e0ria. Patricia Urquiola, nascuda a Oviedo i formada a Mil\u00e0, ha sabut integrar la seva influ\u00e8ncia espanyola i la seva formaci\u00f3 en el disseny itali\u00e0 a cadascun dels seus projectes. La taula Diamond, un altre dels seus dissenys per a Molteni&amp;C, va ser reconeguda amb el Red Dot Award el 2005, reflectint el seu comprom\u00eds amb la innovaci\u00f3 i l&#8217;estil al m\u00f3n del moble de luxe.   <\/p>\n","protected":false},"excerpt":{"rendered":"<p>La col\u00b7lecci\u00f3 de catifes Hem i Loop&amp;Cut, fruit de la col\u00b7laboraci\u00f3 entre Molteni&amp;C i la dissenyadora Patricia Urquiola, celebra la fusi\u00f3 de la creativitat occidental i el mestratge artesanal asi\u00e0tic. Aquestes catifes, elaborades amb materials naturals, ofereixen una harmonia \u00fanica, convertint-se en illes on els usuaris es poden reunir i evadir la rutina di\u00e0ria. Patricia&#8230;<\/p>\n","protected":false},"featured_media":4692,"comment_status":"open","ping_status":"closed","template":"","meta":{"_acf_changed":false},"product_brand":[],"product_cat":[188,172],"product_tag":[],"class_list":{"0":"post-5726","1":"product","2":"type-product","3":"status-publish","4":"has-post-thumbnail","6":"product_cat-catifes","7":"product_cat-mobles-dinterior","9":"first","10":"instock","11":"sold-individually","12":"shipping-taxable","13":"purchasable","14":"product-type-simple"},"acf":[],"yoast_head":"<!-- This site is optimized with the Yoast SEO plugin v27.2 - https:\/\/yoast.com\/product\/yoast-seo-wordpress\/ -->\n<title>Catifa Hem By GTDesign de Molteni&amp;C | Corsobori<\/title>\n<meta name=\"robots\" content=\"index, follow, max-snippet:-1, max-image-preview:large, max-video-preview:-1\" \/>\n<link rel=\"canonical\" href=\"https:\/\/www.corsobori.com\/ca\/tienda\/p\/catifa-hem-by-gtdesign\/\" \/>\n<meta property=\"og:locale\" content=\"ca_ES\" \/>\n<meta property=\"og:type\" content=\"article\" \/>\n<meta property=\"og:title\" content=\"Catifa Hem By GTDesign de Molteni&amp;C | Corsobori\" \/>\n<meta property=\"og:description\" content=\"La col\u00b7lecci\u00f3 de catifes Hem i Loop&amp;Cut, fruit de la col\u00b7laboraci\u00f3 entre Molteni&amp;C i la dissenyadora Patricia Urquiola, celebra la fusi\u00f3 de la creativitat occidental i el mestratge artesanal asi\u00e0tic. Aquestes catifes, elaborades amb materials naturals, ofereixen una harmonia \u00fanica, convertint-se en illes on els usuaris es poden reunir i evadir la rutina di\u00e0ria. Patricia...\" \/>\n<meta property=\"og:url\" content=\"https:\/\/www.corsobori.com\/ca\/tienda\/p\/catifa-hem-by-gtdesign\/\" \/>\n<meta property=\"og:site_name\" content=\"corsobori.com\" \/>\n<meta property=\"og:image\" content=\"https:\/\/www.corsobori.com\/wp-content\/uploads\/2024\/12\/576ce021bbec0.jpg\" \/>\n\t<meta property=\"og:image:width\" content=\"1440\" \/>\n\t<meta property=\"og:image:height\" content=\"1080\" \/>\n\t<meta property=\"og:image:type\" content=\"image\/jpeg\" \/>\n<meta name=\"twitter:card\" content=\"summary_large_image\" \/>\n<meta name=\"twitter:label1\" content=\"Temps estimat de lectura\" \/>\n\t<meta name=\"twitter:data1\" content=\"1 minut\" \/>\n<!-- \/ Yoast SEO plugin. -->","yoast_head_json":{"title":"Catifa Hem By GTDesign de Molteni&C | Corsobori","robots":{"index":"index","follow":"follow","max-snippet":"max-snippet:-1","max-image-preview":"max-image-preview:large","max-video-preview":"max-video-preview:-1"},"canonical":"https:\/\/www.corsobori.com\/ca\/tienda\/p\/catifa-hem-by-gtdesign\/","og_locale":"ca_ES","og_type":"article","og_title":"Catifa Hem By GTDesign de Molteni&C | Corsobori","og_description":"La col\u00b7lecci\u00f3 de catifes Hem i Loop&amp;Cut, fruit de la col\u00b7laboraci\u00f3 entre Molteni&amp;C i la dissenyadora Patricia Urquiola, celebra la fusi\u00f3 de la creativitat occidental i el mestratge artesanal asi\u00e0tic. Aquestes catifes, elaborades amb materials naturals, ofereixen una harmonia \u00fanica, convertint-se en illes on els usuaris es poden reunir i evadir la rutina di\u00e0ria. Patricia...","og_url":"https:\/\/www.corsobori.com\/ca\/tienda\/p\/catifa-hem-by-gtdesign\/","og_site_name":"corsobori.com","og_image":[{"width":1440,"height":1080,"url":"https:\/\/www.corsobori.com\/wp-content\/uploads\/2024\/12\/576ce021bbec0.jpg","type":"image\/jpeg"}],"twitter_card":"summary_large_image","twitter_misc":{"Temps estimat de lectura":"1 minut"},"schema":{"@context":"https:\/\/schema.org","@graph":[{"@type":"WebPage","@id":"https:\/\/www.corsobori.com\/ca\/tienda\/p\/catifa-hem-by-gtdesign\/","url":"https:\/\/www.corsobori.com\/ca\/tienda\/p\/catifa-hem-by-gtdesign\/","name":"Catifa Hem By GTDesign de Molteni&C | Corsobori","isPartOf":{"@id":"https:\/\/www.corsobori.com\/ca\/#website"},"primaryImageOfPage":{"@id":"https:\/\/www.corsobori.com\/ca\/tienda\/p\/catifa-hem-by-gtdesign\/#primaryimage"},"image":{"@id":"https:\/\/www.corsobori.com\/ca\/tienda\/p\/catifa-hem-by-gtdesign\/#primaryimage"},"thumbnailUrl":"https:\/\/www.corsobori.com\/wp-content\/uploads\/2024\/12\/576ce021bbec0.jpg","datePublished":"2024-12-18T15:17:34+00:00","breadcrumb":{"@id":"https:\/\/www.corsobori.com\/ca\/tienda\/p\/catifa-hem-by-gtdesign\/#breadcrumb"},"inLanguage":"ca","potentialAction":[{"@type":"ReadAction","target":["https:\/\/www.corsobori.com\/ca\/tienda\/p\/catifa-hem-by-gtdesign\/"]}]},{"@type":"ImageObject","inLanguage":"ca","@id":"https:\/\/www.corsobori.com\/ca\/tienda\/p\/catifa-hem-by-gtdesign\/#primaryimage","url":"https:\/\/www.corsobori.com\/wp-content\/uploads\/2024\/12\/576ce021bbec0.jpg","contentUrl":"https:\/\/www.corsobori.com\/wp-content\/uploads\/2024\/12\/576ce021bbec0.jpg","width":1440,"height":1080},{"@type":"BreadcrumbList","@id":"https:\/\/www.corsobori.com\/ca\/tienda\/p\/catifa-hem-by-gtdesign\/#breadcrumb","itemListElement":[{"@type":"ListItem","position":1,"name":"Portada","item":"https:\/\/www.corsobori.com\/ca\/inici\/"},{"@type":"ListItem","position":2,"name":"Botiga","item":"https:\/\/www.corsobori.com\/ca\/botiga\/"},{"@type":"ListItem","position":3,"name":"Catifa Hem By GTDesign"}]},{"@type":"WebSite","@id":"https:\/\/www.corsobori.com\/ca\/#website","url":"https:\/\/www.corsobori.com\/ca\/","name":"Corsobori","description":"","publisher":{"@id":"https:\/\/www.corsobori.com\/ca\/#organization"},"potentialAction":[{"@type":"SearchAction","target":{"@type":"EntryPoint","urlTemplate":"https:\/\/www.corsobori.com\/ca\/?s={search_term_string}"},"query-input":{"@type":"PropertyValueSpecification","valueRequired":true,"valueName":"search_term_string"}}],"inLanguage":"ca"},{"@type":"Organization","@id":"https:\/\/www.corsobori.com\/ca\/#organization","name":"Corsobori","url":"https:\/\/www.corsobori.com\/ca\/","logo":{"@type":"ImageObject","inLanguage":"ca","@id":"https:\/\/www.corsobori.com\/ca\/#\/schema\/logo\/image\/","url":"https:\/\/www.corsobori.com\/wp-content\/uploads\/2024\/08\/logo-corsobori.png","contentUrl":"https:\/\/www.corsobori.com\/wp-content\/uploads\/2024\/08\/logo-corsobori.png","width":1210,"height":146,"caption":"Corsobori"},"image":{"@id":"https:\/\/www.corsobori.com\/ca\/#\/schema\/logo\/image\/"}}]}},"_links":{"self":[{"href":"https:\/\/www.corsobori.com\/ca\/wp-json\/wp\/v2\/product\/5726","targetHints":{"allow":["GET"]}}],"collection":[{"href":"https:\/\/www.corsobori.com\/ca\/wp-json\/wp\/v2\/product"}],"about":[{"href":"https:\/\/www.corsobori.com\/ca\/wp-json\/wp\/v2\/types\/product"}],"replies":[{"embeddable":true,"href":"https:\/\/www.corsobori.com\/ca\/wp-json\/wp\/v2\/comments?post=5726"}],"wp:featuredmedia":[{"embeddable":true,"href":"https:\/\/www.corsobori.com\/ca\/wp-json\/wp\/v2\/media\/4692"}],"wp:attachment":[{"href":"https:\/\/www.corsobori.com\/ca\/wp-json\/wp\/v2\/media?parent=5726"}],"wp:term":[{"taxonomy":"product_brand","embeddable":true,"href":"https:\/\/www.corsobori.com\/ca\/wp-json\/wp\/v2\/product_brand?post=5726"},{"taxonomy":"product_cat","embeddable":true,"href":"https:\/\/www.corsobori.com\/ca\/wp-json\/wp\/v2\/product_cat?post=5726"},{"taxonomy":"product_tag","embeddable":true,"href":"https:\/\/www.corsobori.com\/ca\/wp-json\/wp\/v2\/product_tag?post=5726"}],"curies":[{"name":"wp","href":"https:\/\/api.w.org\/{rel}","templated":true}]}}