{"id":5723,"date":"2024-12-18T16:17:35","date_gmt":"2024-12-18T15:17:35","guid":{"rendered":"https:\/\/www.corsobori.com\/tienda\/p\/catifa-random-by-altai\/"},"modified":"2024-12-18T16:17:35","modified_gmt":"2024-12-18T15:17:35","slug":"catifa-random-by-altai","status":"publish","type":"product","link":"https:\/\/www.corsobori.com\/ca\/tienda\/p\/catifa-random-by-altai\/","title":{"rendered":"Catifa Random By Altai de Molteni&#038;C"},"content":{"rendered":"<p>Random \u00e9s una catifa dissenyada per Patricia Urquiola, que s&#8217;inspira en la individualitat i l&#8217;aspecte &#8220;gastat&#8221; de les catifes antigues. Aquesta pe\u00e7a destaca per la seva originalitat, real\u00e7ant la trama de la catifa mitjan\u00e7ant una innovadora t\u00e8cnica d&#8217;elaboraci\u00f3 a m\u00e0 que ressalta l&#8217;estructura del teixit. Urquiola, nascuda a Oviedo i amb formaci\u00f3 a la Universitat Polit\u00e8cnica de Mil\u00e0, combina el rigor de la seva educaci\u00f3 italiana amb el car\u00e0cter exc\u00e8ntric de les seves arrels espanyoles. Ha treballat en diversos projectes per a Molteni&amp;C, on la taula Diamond va rebre el prestigi\u00f3s Red Dot Award el 2005. Random representa una fusi\u00f3 \u00fanica de tradici\u00f3 i modernitat, ideal per al sector del mobiliari de luxe.    <\/p>\n","protected":false},"excerpt":{"rendered":"<p>Random \u00e9s una catifa dissenyada per Patricia Urquiola, que s&#8217;inspira en la individualitat i l&#8217;aspecte &#8220;gastat&#8221; de les catifes antigues. Aquesta pe\u00e7a destaca per la seva originalitat, real\u00e7ant la trama de la catifa mitjan\u00e7ant una innovadora t\u00e8cnica d&#8217;elaboraci\u00f3 a m\u00e0 que ressalta l&#8217;estructura del teixit. Urquiola, nascuda a Oviedo i amb formaci\u00f3 a la Universitat&#8230;<\/p>\n","protected":false},"featured_media":4710,"comment_status":"open","ping_status":"closed","template":"","meta":{"_acf_changed":false},"product_brand":[],"product_cat":[188,172],"product_tag":[],"class_list":{"0":"post-5723","1":"product","2":"type-product","3":"status-publish","4":"has-post-thumbnail","6":"product_cat-catifes","7":"product_cat-mobles-dinterior","9":"first","10":"instock","11":"sold-individually","12":"shipping-taxable","13":"purchasable","14":"product-type-simple"},"acf":[],"yoast_head":"<!-- This site is optimized with the Yoast SEO plugin v27.2 - https:\/\/yoast.com\/product\/yoast-seo-wordpress\/ -->\n<title>Catifa Random By Altai de Molteni&amp;C | Corsobori<\/title>\n<meta name=\"robots\" content=\"index, follow, max-snippet:-1, max-image-preview:large, max-video-preview:-1\" \/>\n<link rel=\"canonical\" href=\"https:\/\/www.corsobori.com\/ca\/tienda\/p\/catifa-random-by-altai\/\" \/>\n<meta property=\"og:locale\" content=\"ca_ES\" \/>\n<meta property=\"og:type\" content=\"article\" \/>\n<meta property=\"og:title\" content=\"Catifa Random By Altai de Molteni&amp;C | Corsobori\" \/>\n<meta property=\"og:description\" content=\"Random \u00e9s una catifa dissenyada per Patricia Urquiola, que s&#8217;inspira en la individualitat i l&#8217;aspecte &#8220;gastat&#8221; de les catifes antigues. Aquesta pe\u00e7a destaca per la seva originalitat, real\u00e7ant la trama de la catifa mitjan\u00e7ant una innovadora t\u00e8cnica d&#8217;elaboraci\u00f3 a m\u00e0 que ressalta l&#8217;estructura del teixit. Urquiola, nascuda a Oviedo i amb formaci\u00f3 a la Universitat...\" \/>\n<meta property=\"og:url\" content=\"https:\/\/www.corsobori.com\/ca\/tienda\/p\/catifa-random-by-altai\/\" \/>\n<meta property=\"og:site_name\" content=\"corsobori.com\" \/>\n<meta property=\"og:image\" content=\"https:\/\/www.corsobori.com\/wp-content\/uploads\/2024\/12\/5742de9d4d3e5.jpg\" \/>\n\t<meta property=\"og:image:width\" content=\"1440\" \/>\n\t<meta property=\"og:image:height\" content=\"1080\" \/>\n\t<meta property=\"og:image:type\" content=\"image\/jpeg\" \/>\n<meta name=\"twitter:card\" content=\"summary_large_image\" \/>\n<meta name=\"twitter:label1\" content=\"Temps estimat de lectura\" \/>\n\t<meta name=\"twitter:data1\" content=\"1 minut\" \/>\n<!-- \/ Yoast SEO plugin. -->","yoast_head_json":{"title":"Catifa Random By Altai de Molteni&C | Corsobori","robots":{"index":"index","follow":"follow","max-snippet":"max-snippet:-1","max-image-preview":"max-image-preview:large","max-video-preview":"max-video-preview:-1"},"canonical":"https:\/\/www.corsobori.com\/ca\/tienda\/p\/catifa-random-by-altai\/","og_locale":"ca_ES","og_type":"article","og_title":"Catifa Random By Altai de Molteni&C | Corsobori","og_description":"Random \u00e9s una catifa dissenyada per Patricia Urquiola, que s&#8217;inspira en la individualitat i l&#8217;aspecte &#8220;gastat&#8221; de les catifes antigues. Aquesta pe\u00e7a destaca per la seva originalitat, real\u00e7ant la trama de la catifa mitjan\u00e7ant una innovadora t\u00e8cnica d&#8217;elaboraci\u00f3 a m\u00e0 que ressalta l&#8217;estructura del teixit. Urquiola, nascuda a Oviedo i amb formaci\u00f3 a la Universitat...","og_url":"https:\/\/www.corsobori.com\/ca\/tienda\/p\/catifa-random-by-altai\/","og_site_name":"corsobori.com","og_image":[{"width":1440,"height":1080,"url":"https:\/\/www.corsobori.com\/wp-content\/uploads\/2024\/12\/5742de9d4d3e5.jpg","type":"image\/jpeg"}],"twitter_card":"summary_large_image","twitter_misc":{"Temps estimat de lectura":"1 minut"},"schema":{"@context":"https:\/\/schema.org","@graph":[{"@type":"WebPage","@id":"https:\/\/www.corsobori.com\/ca\/tienda\/p\/catifa-random-by-altai\/","url":"https:\/\/www.corsobori.com\/ca\/tienda\/p\/catifa-random-by-altai\/","name":"Catifa Random By Altai de Molteni&C | Corsobori","isPartOf":{"@id":"https:\/\/www.corsobori.com\/ca\/#website"},"primaryImageOfPage":{"@id":"https:\/\/www.corsobori.com\/ca\/tienda\/p\/catifa-random-by-altai\/#primaryimage"},"image":{"@id":"https:\/\/www.corsobori.com\/ca\/tienda\/p\/catifa-random-by-altai\/#primaryimage"},"thumbnailUrl":"https:\/\/www.corsobori.com\/wp-content\/uploads\/2024\/12\/5742de9d4d3e5.jpg","datePublished":"2024-12-18T15:17:35+00:00","breadcrumb":{"@id":"https:\/\/www.corsobori.com\/ca\/tienda\/p\/catifa-random-by-altai\/#breadcrumb"},"inLanguage":"ca","potentialAction":[{"@type":"ReadAction","target":["https:\/\/www.corsobori.com\/ca\/tienda\/p\/catifa-random-by-altai\/"]}]},{"@type":"ImageObject","inLanguage":"ca","@id":"https:\/\/www.corsobori.com\/ca\/tienda\/p\/catifa-random-by-altai\/#primaryimage","url":"https:\/\/www.corsobori.com\/wp-content\/uploads\/2024\/12\/5742de9d4d3e5.jpg","contentUrl":"https:\/\/www.corsobori.com\/wp-content\/uploads\/2024\/12\/5742de9d4d3e5.jpg","width":1440,"height":1080},{"@type":"BreadcrumbList","@id":"https:\/\/www.corsobori.com\/ca\/tienda\/p\/catifa-random-by-altai\/#breadcrumb","itemListElement":[{"@type":"ListItem","position":1,"name":"Portada","item":"https:\/\/www.corsobori.com\/ca\/inici\/"},{"@type":"ListItem","position":2,"name":"Botiga","item":"https:\/\/www.corsobori.com\/ca\/botiga\/"},{"@type":"ListItem","position":3,"name":"Catifa Random By Altai"}]},{"@type":"WebSite","@id":"https:\/\/www.corsobori.com\/ca\/#website","url":"https:\/\/www.corsobori.com\/ca\/","name":"Corsobori","description":"","publisher":{"@id":"https:\/\/www.corsobori.com\/ca\/#organization"},"potentialAction":[{"@type":"SearchAction","target":{"@type":"EntryPoint","urlTemplate":"https:\/\/www.corsobori.com\/ca\/?s={search_term_string}"},"query-input":{"@type":"PropertyValueSpecification","valueRequired":true,"valueName":"search_term_string"}}],"inLanguage":"ca"},{"@type":"Organization","@id":"https:\/\/www.corsobori.com\/ca\/#organization","name":"Corsobori","url":"https:\/\/www.corsobori.com\/ca\/","logo":{"@type":"ImageObject","inLanguage":"ca","@id":"https:\/\/www.corsobori.com\/ca\/#\/schema\/logo\/image\/","url":"https:\/\/www.corsobori.com\/wp-content\/uploads\/2024\/08\/logo-corsobori.png","contentUrl":"https:\/\/www.corsobori.com\/wp-content\/uploads\/2024\/08\/logo-corsobori.png","width":1210,"height":146,"caption":"Corsobori"},"image":{"@id":"https:\/\/www.corsobori.com\/ca\/#\/schema\/logo\/image\/"}}]}},"_links":{"self":[{"href":"https:\/\/www.corsobori.com\/ca\/wp-json\/wp\/v2\/product\/5723","targetHints":{"allow":["GET"]}}],"collection":[{"href":"https:\/\/www.corsobori.com\/ca\/wp-json\/wp\/v2\/product"}],"about":[{"href":"https:\/\/www.corsobori.com\/ca\/wp-json\/wp\/v2\/types\/product"}],"replies":[{"embeddable":true,"href":"https:\/\/www.corsobori.com\/ca\/wp-json\/wp\/v2\/comments?post=5723"}],"wp:featuredmedia":[{"embeddable":true,"href":"https:\/\/www.corsobori.com\/ca\/wp-json\/wp\/v2\/media\/4710"}],"wp:attachment":[{"href":"https:\/\/www.corsobori.com\/ca\/wp-json\/wp\/v2\/media?parent=5723"}],"wp:term":[{"taxonomy":"product_brand","embeddable":true,"href":"https:\/\/www.corsobori.com\/ca\/wp-json\/wp\/v2\/product_brand?post=5723"},{"taxonomy":"product_cat","embeddable":true,"href":"https:\/\/www.corsobori.com\/ca\/wp-json\/wp\/v2\/product_cat?post=5723"},{"taxonomy":"product_tag","embeddable":true,"href":"https:\/\/www.corsobori.com\/ca\/wp-json\/wp\/v2\/product_tag?post=5723"}],"curies":[{"name":"wp","href":"https:\/\/api.w.org\/{rel}","templated":true}]}}