{"id":5717,"date":"2024-12-18T16:17:35","date_gmt":"2024-12-18T15:17:35","guid":{"rendered":"https:\/\/www.corsobori.com\/tienda\/p\/catifa-stripe\/"},"modified":"2024-12-18T16:17:35","modified_gmt":"2024-12-18T15:17:35","slug":"catifa-stripe","status":"publish","type":"product","link":"https:\/\/www.corsobori.com\/ca\/tienda\/p\/catifa-stripe\/","title":{"rendered":"Catifa Stripe de Molteni&#038;C"},"content":{"rendered":"<p>La bellesa sofisticada de les superf\u00edcies suaus s&#8217;aconsegueix mitjan\u00e7ant un contrast delicat entre el disseny essencial i el detall decoratiu. Amb ratlles fines i alternades de llana i seda, els dissenys geom\u00e8trics es presenten en matisos de colors to sobre to, reflectint la llum amb eleg\u00e0ncia. Vincent Van Duysen, arquitecte belga nascut el 1962, estableix una connexi\u00f3 profunda entre interiorisme i arquitectura, creant mobles i complements que s&#8217;integren perfectament a l&#8217;espai. Des del seu estudi a Anvers, les seves obres destaquen per la seva puresa i solidesa formal, redefinint l&#8217;ess\u00e8ncia del disseny contemporani en un equilibri harmoni\u00f3s entre rigor i forma. Aquests productes emanen una riquesa material que ressona amb el luxe i la sofisticaci\u00f3.    <\/p>\n","protected":false},"excerpt":{"rendered":"<p>La bellesa sofisticada de les superf\u00edcies suaus s&#8217;aconsegueix mitjan\u00e7ant un contrast delicat entre el disseny essencial i el detall decoratiu. Amb ratlles fines i alternades de llana i seda, els dissenys geom\u00e8trics es presenten en matisos de colors to sobre to, reflectint la llum amb eleg\u00e0ncia. Vincent Van Duysen, arquitecte belga nascut el 1962, estableix&#8230;<\/p>\n","protected":false},"featured_media":4720,"comment_status":"open","ping_status":"closed","template":"","meta":{"_acf_changed":false},"product_brand":[],"product_cat":[188,172],"product_tag":[],"class_list":{"0":"post-5717","1":"product","2":"type-product","3":"status-publish","4":"has-post-thumbnail","6":"product_cat-catifes","7":"product_cat-mobles-dinterior","9":"first","10":"instock","11":"sold-individually","12":"shipping-taxable","13":"purchasable","14":"product-type-simple"},"acf":[],"yoast_head":"<!-- This site is optimized with the Yoast SEO plugin v27.2 - https:\/\/yoast.com\/product\/yoast-seo-wordpress\/ -->\n<title>Catifa Stripe de Molteni&amp;C |<\/title>\n<meta name=\"robots\" content=\"index, follow, max-snippet:-1, max-image-preview:large, max-video-preview:-1\" \/>\n<link rel=\"canonical\" href=\"https:\/\/www.corsobori.com\/ca\/tienda\/p\/catifa-stripe\/\" \/>\n<meta property=\"og:locale\" content=\"ca_ES\" \/>\n<meta property=\"og:type\" content=\"article\" \/>\n<meta property=\"og:title\" content=\"Catifa Stripe de Molteni&amp;C |\" \/>\n<meta property=\"og:description\" content=\"La bellesa sofisticada de les superf\u00edcies suaus s&#8217;aconsegueix mitjan\u00e7ant un contrast delicat entre el disseny essencial i el detall decoratiu. Amb ratlles fines i alternades de llana i seda, els dissenys geom\u00e8trics es presenten en matisos de colors to sobre to, reflectint la llum amb eleg\u00e0ncia. Vincent Van Duysen, arquitecte belga nascut el 1962, estableix...\" \/>\n<meta property=\"og:url\" content=\"https:\/\/www.corsobori.com\/ca\/tienda\/p\/catifa-stripe\/\" \/>\n<meta property=\"og:site_name\" content=\"corsobori.com\" \/>\n<meta property=\"og:image\" content=\"https:\/\/www.corsobori.com\/wp-content\/uploads\/2024\/12\/43_stripe.jpg\" \/>\n\t<meta property=\"og:image:width\" content=\"1440\" \/>\n\t<meta property=\"og:image:height\" content=\"1080\" \/>\n\t<meta property=\"og:image:type\" content=\"image\/jpeg\" \/>\n<meta name=\"twitter:card\" content=\"summary_large_image\" \/>\n<meta name=\"twitter:label1\" content=\"Temps estimat de lectura\" \/>\n\t<meta name=\"twitter:data1\" content=\"1 minut\" \/>\n<!-- \/ Yoast SEO plugin. -->","yoast_head_json":{"title":"Catifa Stripe de Molteni&C |","robots":{"index":"index","follow":"follow","max-snippet":"max-snippet:-1","max-image-preview":"max-image-preview:large","max-video-preview":"max-video-preview:-1"},"canonical":"https:\/\/www.corsobori.com\/ca\/tienda\/p\/catifa-stripe\/","og_locale":"ca_ES","og_type":"article","og_title":"Catifa Stripe de Molteni&C |","og_description":"La bellesa sofisticada de les superf\u00edcies suaus s&#8217;aconsegueix mitjan\u00e7ant un contrast delicat entre el disseny essencial i el detall decoratiu. Amb ratlles fines i alternades de llana i seda, els dissenys geom\u00e8trics es presenten en matisos de colors to sobre to, reflectint la llum amb eleg\u00e0ncia. Vincent Van Duysen, arquitecte belga nascut el 1962, estableix...","og_url":"https:\/\/www.corsobori.com\/ca\/tienda\/p\/catifa-stripe\/","og_site_name":"corsobori.com","og_image":[{"width":1440,"height":1080,"url":"https:\/\/www.corsobori.com\/wp-content\/uploads\/2024\/12\/43_stripe.jpg","type":"image\/jpeg"}],"twitter_card":"summary_large_image","twitter_misc":{"Temps estimat de lectura":"1 minut"},"schema":{"@context":"https:\/\/schema.org","@graph":[{"@type":"WebPage","@id":"https:\/\/www.corsobori.com\/ca\/tienda\/p\/catifa-stripe\/","url":"https:\/\/www.corsobori.com\/ca\/tienda\/p\/catifa-stripe\/","name":"Catifa Stripe de Molteni&C |","isPartOf":{"@id":"https:\/\/www.corsobori.com\/ca\/#website"},"primaryImageOfPage":{"@id":"https:\/\/www.corsobori.com\/ca\/tienda\/p\/catifa-stripe\/#primaryimage"},"image":{"@id":"https:\/\/www.corsobori.com\/ca\/tienda\/p\/catifa-stripe\/#primaryimage"},"thumbnailUrl":"https:\/\/www.corsobori.com\/wp-content\/uploads\/2024\/12\/43_stripe.jpg","datePublished":"2024-12-18T15:17:35+00:00","breadcrumb":{"@id":"https:\/\/www.corsobori.com\/ca\/tienda\/p\/catifa-stripe\/#breadcrumb"},"inLanguage":"ca","potentialAction":[{"@type":"ReadAction","target":["https:\/\/www.corsobori.com\/ca\/tienda\/p\/catifa-stripe\/"]}]},{"@type":"ImageObject","inLanguage":"ca","@id":"https:\/\/www.corsobori.com\/ca\/tienda\/p\/catifa-stripe\/#primaryimage","url":"https:\/\/www.corsobori.com\/wp-content\/uploads\/2024\/12\/43_stripe.jpg","contentUrl":"https:\/\/www.corsobori.com\/wp-content\/uploads\/2024\/12\/43_stripe.jpg","width":1440,"height":1080},{"@type":"BreadcrumbList","@id":"https:\/\/www.corsobori.com\/ca\/tienda\/p\/catifa-stripe\/#breadcrumb","itemListElement":[{"@type":"ListItem","position":1,"name":"Portada","item":"https:\/\/www.corsobori.com\/ca\/inici\/"},{"@type":"ListItem","position":2,"name":"Botiga","item":"https:\/\/www.corsobori.com\/ca\/botiga\/"},{"@type":"ListItem","position":3,"name":"Catifa Stripe"}]},{"@type":"WebSite","@id":"https:\/\/www.corsobori.com\/ca\/#website","url":"https:\/\/www.corsobori.com\/ca\/","name":"Corsobori","description":"","publisher":{"@id":"https:\/\/www.corsobori.com\/ca\/#organization"},"potentialAction":[{"@type":"SearchAction","target":{"@type":"EntryPoint","urlTemplate":"https:\/\/www.corsobori.com\/ca\/?s={search_term_string}"},"query-input":{"@type":"PropertyValueSpecification","valueRequired":true,"valueName":"search_term_string"}}],"inLanguage":"ca"},{"@type":"Organization","@id":"https:\/\/www.corsobori.com\/ca\/#organization","name":"Corsobori","url":"https:\/\/www.corsobori.com\/ca\/","logo":{"@type":"ImageObject","inLanguage":"ca","@id":"https:\/\/www.corsobori.com\/ca\/#\/schema\/logo\/image\/","url":"https:\/\/www.corsobori.com\/wp-content\/uploads\/2024\/08\/logo-corsobori.png","contentUrl":"https:\/\/www.corsobori.com\/wp-content\/uploads\/2024\/08\/logo-corsobori.png","width":1210,"height":146,"caption":"Corsobori"},"image":{"@id":"https:\/\/www.corsobori.com\/ca\/#\/schema\/logo\/image\/"}}]}},"_links":{"self":[{"href":"https:\/\/www.corsobori.com\/ca\/wp-json\/wp\/v2\/product\/5717","targetHints":{"allow":["GET"]}}],"collection":[{"href":"https:\/\/www.corsobori.com\/ca\/wp-json\/wp\/v2\/product"}],"about":[{"href":"https:\/\/www.corsobori.com\/ca\/wp-json\/wp\/v2\/types\/product"}],"replies":[{"embeddable":true,"href":"https:\/\/www.corsobori.com\/ca\/wp-json\/wp\/v2\/comments?post=5717"}],"wp:featuredmedia":[{"embeddable":true,"href":"https:\/\/www.corsobori.com\/ca\/wp-json\/wp\/v2\/media\/4720"}],"wp:attachment":[{"href":"https:\/\/www.corsobori.com\/ca\/wp-json\/wp\/v2\/media?parent=5717"}],"wp:term":[{"taxonomy":"product_brand","embeddable":true,"href":"https:\/\/www.corsobori.com\/ca\/wp-json\/wp\/v2\/product_brand?post=5717"},{"taxonomy":"product_cat","embeddable":true,"href":"https:\/\/www.corsobori.com\/ca\/wp-json\/wp\/v2\/product_cat?post=5717"},{"taxonomy":"product_tag","embeddable":true,"href":"https:\/\/www.corsobori.com\/ca\/wp-json\/wp\/v2\/product_tag?post=5717"}],"curies":[{"name":"wp","href":"https:\/\/api.w.org\/{rel}","templated":true}]}}